{"id":123473,"date":"2023-10-20T11:55:10","date_gmt":"2023-10-20T09:55:10","guid":{"rendered":"https:\/\/www.gruppoliturgico.com\/prodotto\/voile-de-calice-7\/"},"modified":"2023-10-20T11:55:10","modified_gmt":"2023-10-20T09:55:10","slug":"voile-de-calice-7","status":"publish","type":"product","link":"https:\/\/www.gruppoliturgico.com\/fr\/produit\/voile-de-calice-7\/","title":{"rendered":"Voile de calice"},"content":{"rendered":"<html><body><p>Voile de calice en tissu lampasso.<br>\nIl est orn\u00e9 de fines bordures sur les c\u00f4t\u00e9s et d\u2019une croix brod\u00e9e d\u2019or au centre.<br>\nDisponible dans les coloris liturgiques<br>\nAssorti \u00e0 la chasuble romaine art 3943<\/p>\n<\/body><\/html>","protected":false},"excerpt":{"rendered":"<p>Voile de calice en tissu lampasso.<br \/>\nIl est orn\u00e9 de fines bordures sur les c\u00f4t\u00e9s et d&rsquo;une croix brod\u00e9e d&rsquo;or au centre.<br \/>\nDisponible dans les coloris liturgiques<br \/>\nAssorti \u00e0 la chasuble romaine art 3943<\/p>\n","protected":false},"featured_media":123468,"template":"","meta":[],"product_cat":[12284],"product_tag":[],"yoast_head":"<!-- This site is optimized with the Yoast SEO plugin v20.4 - https:\/\/yoast.com\/wordpress\/plugins\/seo\/ -->\n<title>Voile de calice - accessoires chasubles romaines et Laboratorio Gruppo Liturgico<\/title>\n<meta name=\"description\" content=\"Voile de calice en tissu lampasso. Il est orn\u00e9 de fines bordures sur les c\u00f4t\u00e9s et d&#039;une croix brod\u00e9e d&#039;or au centre. Disponible dans les coloris liturgiques Assorti \u00e0 la chasuble romaine art 3943\" \/>\n<meta name=\"robots\" content=\"index, follow, max-snippet:-1, max-image-preview:large, max-video-preview:-1\" \/>\n<link rel=\"canonical\" href=\"https:\/\/www.gruppoliturgico.com\/fr\/produit\/voile-de-calice-7\/\" \/>\n<meta property=\"og:locale\" content=\"fr_FR\" \/>\n<meta property=\"og:type\" content=\"article\" \/>\n<meta property=\"og:title\" content=\"Voile de calice - accessoires chasubles romaines et Laboratorio Gruppo Liturgico\" \/>\n<meta property=\"og:description\" content=\"Voile de calice en tissu lampasso. Il est orn\u00e9 de fines bordures sur les c\u00f4t\u00e9s et d&#039;une croix brod\u00e9e d&#039;or au centre. Disponible dans les coloris liturgiques Assorti \u00e0 la chasuble romaine art 3943\" \/>\n<meta property=\"og:url\" content=\"https:\/\/www.gruppoliturgico.com\/fr\/produit\/voile-de-calice-7\/\" \/>\n<meta property=\"og:site_name\" content=\"Laboratorio Gruppo Liturgico\" \/>\n<meta name=\"twitter:card\" content=\"summary_large_image\" \/>\n<script type=\"application\/ld+json\" class=\"yoast-schema-graph\">{\"@context\":\"https:\/\/schema.org\",\"@graph\":[{\"@type\":\"WebPage\",\"@id\":\"https:\/\/www.gruppoliturgico.com\/fr\/produit\/voile-de-calice-7\/\",\"url\":\"https:\/\/www.gruppoliturgico.com\/fr\/produit\/voile-de-calice-7\/\",\"name\":\"Voile de calice - accessoires chasubles romaines et Laboratorio Gruppo Liturgico\",\"isPartOf\":{\"@id\":\"https:\/\/www.gruppoliturgico.com\/es\/#website\"},\"datePublished\":\"2023-10-20T09:55:10+00:00\",\"dateModified\":\"2023-10-20T09:55:10+00:00\",\"description\":\"Voile de calice en tissu lampasso. Il est orn\u00e9 de fines bordures sur les c\u00f4t\u00e9s et d'une croix brod\u00e9e d'or au centre. Disponible dans les coloris liturgiques Assorti \u00e0 la chasuble romaine art 3943\",\"breadcrumb\":{\"@id\":\"https:\/\/www.gruppoliturgico.com\/fr\/produit\/voile-de-calice-7\/#breadcrumb\"},\"inLanguage\":\"fr-FR\",\"potentialAction\":[{\"@type\":\"ReadAction\",\"target\":[\"https:\/\/www.gruppoliturgico.com\/fr\/produit\/voile-de-calice-7\/\"]}]},{\"@type\":\"BreadcrumbList\",\"@id\":\"https:\/\/www.gruppoliturgico.com\/fr\/produit\/voile-de-calice-7\/#breadcrumb\",\"itemListElement\":[{\"@type\":\"ListItem\",\"position\":1,\"name\":\"Home\",\"item\":\"https:\/\/www.gruppoliturgico.com\/fr\/\"},{\"@type\":\"ListItem\",\"position\":2,\"name\":\"Boutique\",\"item\":\"https:\/\/www.gruppoliturgico.com\/fr\/boutique\/\"},{\"@type\":\"ListItem\",\"position\":3,\"name\":\"Voile de calice\"}]},{\"@type\":\"WebSite\",\"@id\":\"https:\/\/www.gruppoliturgico.com\/es\/#website\",\"url\":\"https:\/\/www.gruppoliturgico.com\/es\/\",\"name\":\"Laboratorio Gruppo Liturgico\",\"description\":\"Articoli Religiosi online\",\"publisher\":{\"@id\":\"https:\/\/www.gruppoliturgico.com\/es\/#organization\"},\"potentialAction\":[{\"@type\":\"SearchAction\",\"target\":{\"@type\":\"EntryPoint\",\"urlTemplate\":\"https:\/\/www.gruppoliturgico.com\/es\/?s={search_term_string}\"},\"query-input\":\"required name=search_term_string\"}],\"inLanguage\":\"fr-FR\"},{\"@type\":\"Organization\",\"@id\":\"https:\/\/www.gruppoliturgico.com\/es\/#organization\",\"name\":\"Laboratorio Gruppo Liturgico\",\"url\":\"https:\/\/www.gruppoliturgico.com\/es\/\",\"logo\":{\"@type\":\"ImageObject\",\"inLanguage\":\"fr-FR\",\"@id\":\"https:\/\/www.gruppoliturgico.com\/es\/#\/schema\/logo\/image\/\",\"url\":\"https:\/\/www.gruppoliturgico.com\/wp-content\/uploads\/2022\/02\/logo-laboratoriogruppoliturgico.png\",\"contentUrl\":\"https:\/\/www.gruppoliturgico.com\/wp-content\/uploads\/2022\/02\/logo-laboratoriogruppoliturgico.png\",\"width\":400,\"height\":114,\"caption\":\"Laboratorio Gruppo Liturgico\"},\"image\":{\"@id\":\"https:\/\/www.gruppoliturgico.com\/es\/#\/schema\/logo\/image\/\"}}]}<\/script>\n<!-- \/ Yoast SEO plugin. -->","yoast_head_json":{"title":"Voile de calice - accessoires chasubles romaines et Laboratorio Gruppo Liturgico","description":"Voile de calice en tissu lampasso. Il est orn\u00e9 de fines bordures sur les c\u00f4t\u00e9s et d'une croix brod\u00e9e d'or au centre. Disponible dans les coloris liturgiques Assorti \u00e0 la chasuble romaine art 3943","robots":{"index":"index","follow":"follow","max-snippet":"max-snippet:-1","max-image-preview":"max-image-preview:large","max-video-preview":"max-video-preview:-1"},"canonical":"https:\/\/www.gruppoliturgico.com\/fr\/produit\/voile-de-calice-7\/","og_locale":"fr_FR","og_type":"article","og_title":"Voile de calice - accessoires chasubles romaines et Laboratorio Gruppo Liturgico","og_description":"Voile de calice en tissu lampasso. Il est orn\u00e9 de fines bordures sur les c\u00f4t\u00e9s et d'une croix brod\u00e9e d'or au centre. Disponible dans les coloris liturgiques Assorti \u00e0 la chasuble romaine art 3943","og_url":"https:\/\/www.gruppoliturgico.com\/fr\/produit\/voile-de-calice-7\/","og_site_name":"Laboratorio Gruppo Liturgico","twitter_card":"summary_large_image","schema":{"@context":"https:\/\/schema.org","@graph":[{"@type":"WebPage","@id":"https:\/\/www.gruppoliturgico.com\/fr\/produit\/voile-de-calice-7\/","url":"https:\/\/www.gruppoliturgico.com\/fr\/produit\/voile-de-calice-7\/","name":"Voile de calice - accessoires chasubles romaines et Laboratorio Gruppo Liturgico","isPartOf":{"@id":"https:\/\/www.gruppoliturgico.com\/es\/#website"},"datePublished":"2023-10-20T09:55:10+00:00","dateModified":"2023-10-20T09:55:10+00:00","description":"Voile de calice en tissu lampasso. Il est orn\u00e9 de fines bordures sur les c\u00f4t\u00e9s et d'une croix brod\u00e9e d'or au centre. Disponible dans les coloris liturgiques Assorti \u00e0 la chasuble romaine art 3943","breadcrumb":{"@id":"https:\/\/www.gruppoliturgico.com\/fr\/produit\/voile-de-calice-7\/#breadcrumb"},"inLanguage":"fr-FR","potentialAction":[{"@type":"ReadAction","target":["https:\/\/www.gruppoliturgico.com\/fr\/produit\/voile-de-calice-7\/"]}]},{"@type":"BreadcrumbList","@id":"https:\/\/www.gruppoliturgico.com\/fr\/produit\/voile-de-calice-7\/#breadcrumb","itemListElement":[{"@type":"ListItem","position":1,"name":"Home","item":"https:\/\/www.gruppoliturgico.com\/fr\/"},{"@type":"ListItem","position":2,"name":"Boutique","item":"https:\/\/www.gruppoliturgico.com\/fr\/boutique\/"},{"@type":"ListItem","position":3,"name":"Voile de calice"}]},{"@type":"WebSite","@id":"https:\/\/www.gruppoliturgico.com\/es\/#website","url":"https:\/\/www.gruppoliturgico.com\/es\/","name":"Laboratorio Gruppo Liturgico","description":"Articoli Religiosi online","publisher":{"@id":"https:\/\/www.gruppoliturgico.com\/es\/#organization"},"potentialAction":[{"@type":"SearchAction","target":{"@type":"EntryPoint","urlTemplate":"https:\/\/www.gruppoliturgico.com\/es\/?s={search_term_string}"},"query-input":"required name=search_term_string"}],"inLanguage":"fr-FR"},{"@type":"Organization","@id":"https:\/\/www.gruppoliturgico.com\/es\/#organization","name":"Laboratorio Gruppo Liturgico","url":"https:\/\/www.gruppoliturgico.com\/es\/","logo":{"@type":"ImageObject","inLanguage":"fr-FR","@id":"https:\/\/www.gruppoliturgico.com\/es\/#\/schema\/logo\/image\/","url":"https:\/\/www.gruppoliturgico.com\/wp-content\/uploads\/2022\/02\/logo-laboratoriogruppoliturgico.png","contentUrl":"https:\/\/www.gruppoliturgico.com\/wp-content\/uploads\/2022\/02\/logo-laboratoriogruppoliturgico.png","width":400,"height":114,"caption":"Laboratorio Gruppo Liturgico"},"image":{"@id":"https:\/\/www.gruppoliturgico.com\/es\/#\/schema\/logo\/image\/"}}]}},"_links":{"self":[{"href":"https:\/\/www.gruppoliturgico.com\/fr\/wp-json\/wp\/v2\/product\/123473"}],"collection":[{"href":"https:\/\/www.gruppoliturgico.com\/fr\/wp-json\/wp\/v2\/product"}],"about":[{"href":"https:\/\/www.gruppoliturgico.com\/fr\/wp-json\/wp\/v2\/types\/product"}],"wp:featuredmedia":[{"embeddable":true,"href":"https:\/\/www.gruppoliturgico.com\/fr\/wp-json\/wp\/v2\/media\/123468"}],"wp:attachment":[{"href":"https:\/\/www.gruppoliturgico.com\/fr\/wp-json\/wp\/v2\/media?parent=123473"}],"wp:term":[{"taxonomy":"product_cat","embeddable":true,"href":"https:\/\/www.gruppoliturgico.com\/fr\/wp-json\/wp\/v2\/product_cat?post=123473"},{"taxonomy":"product_tag","embeddable":true,"href":"https:\/\/www.gruppoliturgico.com\/fr\/wp-json\/wp\/v2\/product_tag?post=123473"}],"curies":[{"name":"wp","href":"https:\/\/api.w.org\/{rel}","templated":true}]}}