{"id":123185,"date":"2023-10-06T16:56:45","date_gmt":"2023-10-06T14:56:45","guid":{"rendered":"https:\/\/www.gruppoliturgico.com\/prodotto\/123185\/"},"modified":"2023-10-06T17:04:27","modified_gmt":"2023-10-06T15:04:27","slug":"123185","status":"publish","type":"product","link":"https:\/\/www.gruppoliturgico.com\/fr\/produit\/123185\/","title":{"rendered":"Calice et pat\u00e8ne"},"content":{"rendered":"<html><body><p>Calice grandiose enti\u00e8rement \u00e9maill\u00e9 au feu.<br>\nDe style moderne, il pr\u00e9sente sur toute sa surface les symboles d\u2019une croix, de pains et de poissons, d\u2019\u00e9pis de bl\u00e9 et de grappes de raisin.<br>\nLa grande coupe en m\u00e9tal dor\u00e9 a un diam\u00e8tre de pas moins de 14 cm.<br>\nHauteur totale : 14 cm.<br>\nLe calice est accompagn\u00e9 de sa coupe-pat\u00e8ne en m\u00e9tal argent\u00e9.<br>\nUn petit chef-d\u2019\u0153uvre artisanal.<\/p>\n<\/body><\/html>","protected":false},"excerpt":{"rendered":"<p>Calice grandiose enti\u00e8rement \u00e9maill\u00e9 au feu.<br \/>\nDe style moderne, il pr\u00e9sente sur toute sa surface les symboles d&rsquo;une croix, de pains et de poissons, d&rsquo;\u00e9pis de bl\u00e9 et de grappes de raisin.<br \/>\nLa grande coupe en m\u00e9tal dor\u00e9 a un diam\u00e8tre de pas moins de 14 cm.<br \/>\nHauteur totale : 14 cm.<br \/>\nLe calice est accompagn\u00e9 de sa coupe-pat\u00e8ne en m\u00e9tal argent\u00e9.<br \/>\nUn petit chef-d&rsquo;\u0153uvre artisanal.<\/p>\n","protected":false},"featured_media":123176,"template":"","meta":[],"product_cat":[12028],"product_tag":[],"yoast_head":"<!-- This site is optimized with the Yoast SEO plugin v20.4 - https:\/\/yoast.com\/wordpress\/plugins\/seo\/ -->\n<title>Calice et pat\u00e8ne - collection calices et Laboratorio Gruppo Liturgico<\/title>\n<meta name=\"description\" content=\"Calice grandiose enti\u00e8rement \u00e9maill\u00e9 au feu. De style moderne, il pr\u00e9sente sur toute sa surface les symboles d&#039;une croix, de pains et de poissons, d&#039;\u00e9pis de bl\u00e9 et de grappes de raisin.  La grande coupe en m\u00e9tal dor\u00e9 a un diam\u00e8tre de pas moins de 14 cm. Hauteur totale : 14 cm. Le calice est accompagn\u00e9 de sa coupe-pat\u00e8ne en m\u00e9tal argent\u00e9. Un petit chef-d&#039;\u0153uvre artisanal.\" \/>\n<meta name=\"robots\" content=\"index, follow, max-snippet:-1, max-image-preview:large, max-video-preview:-1\" \/>\n<link rel=\"canonical\" href=\"https:\/\/www.gruppoliturgico.com\/fr\/produit\/123185\/\" \/>\n<meta property=\"og:locale\" content=\"fr_FR\" \/>\n<meta property=\"og:type\" content=\"article\" \/>\n<meta property=\"og:title\" content=\"Calice et pat\u00e8ne - collection calices et Laboratorio Gruppo Liturgico\" \/>\n<meta property=\"og:description\" content=\"Calice grandiose enti\u00e8rement \u00e9maill\u00e9 au feu. De style moderne, il pr\u00e9sente sur toute sa surface les symboles d&#039;une croix, de pains et de poissons, d&#039;\u00e9pis de bl\u00e9 et de grappes de raisin.  La grande coupe en m\u00e9tal dor\u00e9 a un diam\u00e8tre de pas moins de 14 cm. Hauteur totale : 14 cm. Le calice est accompagn\u00e9 de sa coupe-pat\u00e8ne en m\u00e9tal argent\u00e9. Un petit chef-d&#039;\u0153uvre artisanal.\" \/>\n<meta property=\"og:url\" content=\"https:\/\/www.gruppoliturgico.com\/fr\/produit\/123185\/\" \/>\n<meta property=\"og:site_name\" content=\"Laboratorio Gruppo Liturgico\" \/>\n<meta property=\"article:modified_time\" content=\"2023-10-06T15:04:27+00:00\" \/>\n<meta name=\"twitter:card\" content=\"summary_large_image\" \/>\n<script type=\"application\/ld+json\" class=\"yoast-schema-graph\">{\"@context\":\"https:\/\/schema.org\",\"@graph\":[{\"@type\":\"WebPage\",\"@id\":\"https:\/\/www.gruppoliturgico.com\/fr\/produit\/123185\/\",\"url\":\"https:\/\/www.gruppoliturgico.com\/fr\/produit\/123185\/\",\"name\":\"Calice et pat\u00e8ne - collection calices et Laboratorio Gruppo Liturgico\",\"isPartOf\":{\"@id\":\"https:\/\/www.gruppoliturgico.com\/es\/#website\"},\"datePublished\":\"2023-10-06T14:56:45+00:00\",\"dateModified\":\"2023-10-06T15:04:27+00:00\",\"description\":\"Calice grandiose enti\u00e8rement \u00e9maill\u00e9 au feu. De style moderne, il pr\u00e9sente sur toute sa surface les symboles d'une croix, de pains et de poissons, d'\u00e9pis de bl\u00e9 et de grappes de raisin. La grande coupe en m\u00e9tal dor\u00e9 a un diam\u00e8tre de pas moins de 14 cm. Hauteur totale : 14 cm. Le calice est accompagn\u00e9 de sa coupe-pat\u00e8ne en m\u00e9tal argent\u00e9. Un petit chef-d'\u0153uvre artisanal.\",\"breadcrumb\":{\"@id\":\"https:\/\/www.gruppoliturgico.com\/fr\/produit\/123185\/#breadcrumb\"},\"inLanguage\":\"fr-FR\",\"potentialAction\":[{\"@type\":\"ReadAction\",\"target\":[\"https:\/\/www.gruppoliturgico.com\/fr\/produit\/123185\/\"]}]},{\"@type\":\"BreadcrumbList\",\"@id\":\"https:\/\/www.gruppoliturgico.com\/fr\/produit\/123185\/#breadcrumb\",\"itemListElement\":[{\"@type\":\"ListItem\",\"position\":1,\"name\":\"Home\",\"item\":\"https:\/\/www.gruppoliturgico.com\/fr\/\"},{\"@type\":\"ListItem\",\"position\":2,\"name\":\"Boutique\",\"item\":\"https:\/\/www.gruppoliturgico.com\/fr\/boutique\/\"},{\"@type\":\"ListItem\",\"position\":3,\"name\":\"Calice et pat\u00e8ne\"}]},{\"@type\":\"WebSite\",\"@id\":\"https:\/\/www.gruppoliturgico.com\/es\/#website\",\"url\":\"https:\/\/www.gruppoliturgico.com\/es\/\",\"name\":\"Laboratorio Gruppo Liturgico\",\"description\":\"Articoli Religiosi online\",\"publisher\":{\"@id\":\"https:\/\/www.gruppoliturgico.com\/es\/#organization\"},\"potentialAction\":[{\"@type\":\"SearchAction\",\"target\":{\"@type\":\"EntryPoint\",\"urlTemplate\":\"https:\/\/www.gruppoliturgico.com\/es\/?s={search_term_string}\"},\"query-input\":\"required name=search_term_string\"}],\"inLanguage\":\"fr-FR\"},{\"@type\":\"Organization\",\"@id\":\"https:\/\/www.gruppoliturgico.com\/es\/#organization\",\"name\":\"Laboratorio Gruppo Liturgico\",\"url\":\"https:\/\/www.gruppoliturgico.com\/es\/\",\"logo\":{\"@type\":\"ImageObject\",\"inLanguage\":\"fr-FR\",\"@id\":\"https:\/\/www.gruppoliturgico.com\/es\/#\/schema\/logo\/image\/\",\"url\":\"https:\/\/www.gruppoliturgico.com\/wp-content\/uploads\/2022\/02\/logo-laboratoriogruppoliturgico.png\",\"contentUrl\":\"https:\/\/www.gruppoliturgico.com\/wp-content\/uploads\/2022\/02\/logo-laboratoriogruppoliturgico.png\",\"width\":400,\"height\":114,\"caption\":\"Laboratorio Gruppo Liturgico\"},\"image\":{\"@id\":\"https:\/\/www.gruppoliturgico.com\/es\/#\/schema\/logo\/image\/\"}}]}<\/script>\n<!-- \/ Yoast SEO plugin. -->","yoast_head_json":{"title":"Calice et pat\u00e8ne - collection calices et Laboratorio Gruppo Liturgico","description":"Calice grandiose enti\u00e8rement \u00e9maill\u00e9 au feu. De style moderne, il pr\u00e9sente sur toute sa surface les symboles d'une croix, de pains et de poissons, d'\u00e9pis de bl\u00e9 et de grappes de raisin.  La grande coupe en m\u00e9tal dor\u00e9 a un diam\u00e8tre de pas moins de 14 cm. Hauteur totale : 14 cm. Le calice est accompagn\u00e9 de sa coupe-pat\u00e8ne en m\u00e9tal argent\u00e9. Un petit chef-d'\u0153uvre artisanal.","robots":{"index":"index","follow":"follow","max-snippet":"max-snippet:-1","max-image-preview":"max-image-preview:large","max-video-preview":"max-video-preview:-1"},"canonical":"https:\/\/www.gruppoliturgico.com\/fr\/produit\/123185\/","og_locale":"fr_FR","og_type":"article","og_title":"Calice et pat\u00e8ne - collection calices et Laboratorio Gruppo Liturgico","og_description":"Calice grandiose enti\u00e8rement \u00e9maill\u00e9 au feu. De style moderne, il pr\u00e9sente sur toute sa surface les symboles d'une croix, de pains et de poissons, d'\u00e9pis de bl\u00e9 et de grappes de raisin.  La grande coupe en m\u00e9tal dor\u00e9 a un diam\u00e8tre de pas moins de 14 cm. Hauteur totale : 14 cm. Le calice est accompagn\u00e9 de sa coupe-pat\u00e8ne en m\u00e9tal argent\u00e9. Un petit chef-d'\u0153uvre artisanal.","og_url":"https:\/\/www.gruppoliturgico.com\/fr\/produit\/123185\/","og_site_name":"Laboratorio Gruppo Liturgico","article_modified_time":"2023-10-06T15:04:27+00:00","twitter_card":"summary_large_image","schema":{"@context":"https:\/\/schema.org","@graph":[{"@type":"WebPage","@id":"https:\/\/www.gruppoliturgico.com\/fr\/produit\/123185\/","url":"https:\/\/www.gruppoliturgico.com\/fr\/produit\/123185\/","name":"Calice et pat\u00e8ne - collection calices et Laboratorio Gruppo Liturgico","isPartOf":{"@id":"https:\/\/www.gruppoliturgico.com\/es\/#website"},"datePublished":"2023-10-06T14:56:45+00:00","dateModified":"2023-10-06T15:04:27+00:00","description":"Calice grandiose enti\u00e8rement \u00e9maill\u00e9 au feu. De style moderne, il pr\u00e9sente sur toute sa surface les symboles d'une croix, de pains et de poissons, d'\u00e9pis de bl\u00e9 et de grappes de raisin. La grande coupe en m\u00e9tal dor\u00e9 a un diam\u00e8tre de pas moins de 14 cm. Hauteur totale : 14 cm. Le calice est accompagn\u00e9 de sa coupe-pat\u00e8ne en m\u00e9tal argent\u00e9. Un petit chef-d'\u0153uvre artisanal.","breadcrumb":{"@id":"https:\/\/www.gruppoliturgico.com\/fr\/produit\/123185\/#breadcrumb"},"inLanguage":"fr-FR","potentialAction":[{"@type":"ReadAction","target":["https:\/\/www.gruppoliturgico.com\/fr\/produit\/123185\/"]}]},{"@type":"BreadcrumbList","@id":"https:\/\/www.gruppoliturgico.com\/fr\/produit\/123185\/#breadcrumb","itemListElement":[{"@type":"ListItem","position":1,"name":"Home","item":"https:\/\/www.gruppoliturgico.com\/fr\/"},{"@type":"ListItem","position":2,"name":"Boutique","item":"https:\/\/www.gruppoliturgico.com\/fr\/boutique\/"},{"@type":"ListItem","position":3,"name":"Calice et pat\u00e8ne"}]},{"@type":"WebSite","@id":"https:\/\/www.gruppoliturgico.com\/es\/#website","url":"https:\/\/www.gruppoliturgico.com\/es\/","name":"Laboratorio Gruppo Liturgico","description":"Articoli Religiosi online","publisher":{"@id":"https:\/\/www.gruppoliturgico.com\/es\/#organization"},"potentialAction":[{"@type":"SearchAction","target":{"@type":"EntryPoint","urlTemplate":"https:\/\/www.gruppoliturgico.com\/es\/?s={search_term_string}"},"query-input":"required name=search_term_string"}],"inLanguage":"fr-FR"},{"@type":"Organization","@id":"https:\/\/www.gruppoliturgico.com\/es\/#organization","name":"Laboratorio Gruppo Liturgico","url":"https:\/\/www.gruppoliturgico.com\/es\/","logo":{"@type":"ImageObject","inLanguage":"fr-FR","@id":"https:\/\/www.gruppoliturgico.com\/es\/#\/schema\/logo\/image\/","url":"https:\/\/www.gruppoliturgico.com\/wp-content\/uploads\/2022\/02\/logo-laboratoriogruppoliturgico.png","contentUrl":"https:\/\/www.gruppoliturgico.com\/wp-content\/uploads\/2022\/02\/logo-laboratoriogruppoliturgico.png","width":400,"height":114,"caption":"Laboratorio Gruppo Liturgico"},"image":{"@id":"https:\/\/www.gruppoliturgico.com\/es\/#\/schema\/logo\/image\/"}}]}},"_links":{"self":[{"href":"https:\/\/www.gruppoliturgico.com\/fr\/wp-json\/wp\/v2\/product\/123185"}],"collection":[{"href":"https:\/\/www.gruppoliturgico.com\/fr\/wp-json\/wp\/v2\/product"}],"about":[{"href":"https:\/\/www.gruppoliturgico.com\/fr\/wp-json\/wp\/v2\/types\/product"}],"wp:featuredmedia":[{"embeddable":true,"href":"https:\/\/www.gruppoliturgico.com\/fr\/wp-json\/wp\/v2\/media\/123176"}],"wp:attachment":[{"href":"https:\/\/www.gruppoliturgico.com\/fr\/wp-json\/wp\/v2\/media?parent=123185"}],"wp:term":[{"taxonomy":"product_cat","embeddable":true,"href":"https:\/\/www.gruppoliturgico.com\/fr\/wp-json\/wp\/v2\/product_cat?post=123185"},{"taxonomy":"product_tag","embeddable":true,"href":"https:\/\/www.gruppoliturgico.com\/fr\/wp-json\/wp\/v2\/product_tag?post=123185"}],"curies":[{"name":"wp","href":"https:\/\/api.w.org\/{rel}","templated":true}]}}