{"id":122847,"date":"2023-09-11T16:10:59","date_gmt":"2023-09-11T14:10:59","guid":{"rendered":"https:\/\/www.gruppoliturgico.com\/prodotto\/service-de-burettes-3\/"},"modified":"2023-09-11T16:10:59","modified_gmt":"2023-09-11T14:10:59","slug":"service-de-burettes-3","status":"publish","type":"product","link":"https:\/\/www.gruppoliturgico.com\/fr\/produit\/service-de-burettes-3\/","title":{"rendered":"Service de burettes"},"content":{"rendered":"<html><body><p>Service de burettes en laiton dor\u00e9 avec croix en fonte.<br>\nAvec sa forme caract\u00e9ristique de bateau, il comporte deux burettes en verre souffl\u00e9 solidement fix\u00e9es dans des logements appropri\u00e9s.<br>\nDimensions cm 19 x 15<\/p>\n<\/body><\/html>","protected":false},"excerpt":{"rendered":"<p>Service de burettes en laiton dor\u00e9 avec croix en fonte.<br \/>\nAvec sa forme caract\u00e9ristique de bateau, il comporte deux burettes en verre souffl\u00e9 solidement fix\u00e9es dans des logements appropri\u00e9s.<br \/>\nDimensions cm 19 x 15<\/p>\n","protected":false},"featured_media":131846,"template":"","meta":[],"product_cat":[11636],"product_tag":[],"yoast_head":"<!-- This site is optimized with the Yoast SEO plugin v20.4 - https:\/\/yoast.com\/wordpress\/plugins\/seo\/ -->\n<title>Service de burettes - services de burettes et Laboratorio Gruppo Liturgico<\/title>\n<meta name=\"description\" content=\"Service de burettes en laiton dor\u00e9 avec croix en fonte. Avec sa forme caract\u00e9ristique de bateau, il comporte deux burettes en verre souffl\u00e9 solidement fix\u00e9es dans des logements appropri\u00e9s. Dimensions cm 19 x 15\" \/>\n<meta name=\"robots\" content=\"index, follow, max-snippet:-1, max-image-preview:large, max-video-preview:-1\" \/>\n<link rel=\"canonical\" href=\"https:\/\/www.gruppoliturgico.com\/fr\/produit\/service-de-burettes-3\/\" \/>\n<meta property=\"og:locale\" content=\"fr_FR\" \/>\n<meta property=\"og:type\" content=\"article\" \/>\n<meta property=\"og:title\" content=\"Service de burettes - services de burettes et Laboratorio Gruppo Liturgico\" \/>\n<meta property=\"og:description\" content=\"Service de burettes en laiton dor\u00e9 avec croix en fonte. Avec sa forme caract\u00e9ristique de bateau, il comporte deux burettes en verre souffl\u00e9 solidement fix\u00e9es dans des logements appropri\u00e9s. Dimensions cm 19 x 15\" \/>\n<meta property=\"og:url\" content=\"https:\/\/www.gruppoliturgico.com\/fr\/produit\/service-de-burettes-3\/\" \/>\n<meta property=\"og:site_name\" content=\"Laboratorio Gruppo Liturgico\" \/>\n<meta property=\"og:image\" content=\"https:\/\/www.gruppoliturgico.com\/wp-content\/uploads\/2023\/09\/3980-2.jpg\" \/>\n\t<meta property=\"og:image:width\" content=\"2000\" \/>\n\t<meta property=\"og:image:height\" content=\"1368\" \/>\n\t<meta property=\"og:image:type\" content=\"image\/jpeg\" \/>\n<meta name=\"twitter:card\" content=\"summary_large_image\" \/>\n<script type=\"application\/ld+json\" class=\"yoast-schema-graph\">{\"@context\":\"https:\/\/schema.org\",\"@graph\":[{\"@type\":\"WebPage\",\"@id\":\"https:\/\/www.gruppoliturgico.com\/fr\/produit\/service-de-burettes-3\/\",\"url\":\"https:\/\/www.gruppoliturgico.com\/fr\/produit\/service-de-burettes-3\/\",\"name\":\"Service de burettes - services de burettes et Laboratorio Gruppo Liturgico\",\"isPartOf\":{\"@id\":\"https:\/\/www.gruppoliturgico.com\/es\/#website\"},\"datePublished\":\"2023-09-11T14:10:59+00:00\",\"dateModified\":\"2023-09-11T14:10:59+00:00\",\"description\":\"Service de burettes en laiton dor\u00e9 avec croix en fonte. Avec sa forme caract\u00e9ristique de bateau, il comporte deux burettes en verre souffl\u00e9 solidement fix\u00e9es dans des logements appropri\u00e9s. Dimensions cm 19 x 15\",\"breadcrumb\":{\"@id\":\"https:\/\/www.gruppoliturgico.com\/fr\/produit\/service-de-burettes-3\/#breadcrumb\"},\"inLanguage\":\"fr-FR\",\"potentialAction\":[{\"@type\":\"ReadAction\",\"target\":[\"https:\/\/www.gruppoliturgico.com\/fr\/produit\/service-de-burettes-3\/\"]}]},{\"@type\":\"BreadcrumbList\",\"@id\":\"https:\/\/www.gruppoliturgico.com\/fr\/produit\/service-de-burettes-3\/#breadcrumb\",\"itemListElement\":[{\"@type\":\"ListItem\",\"position\":1,\"name\":\"Home\",\"item\":\"https:\/\/www.gruppoliturgico.com\/fr\/\"},{\"@type\":\"ListItem\",\"position\":2,\"name\":\"Boutique\",\"item\":\"https:\/\/www.gruppoliturgico.com\/fr\/boutique\/\"},{\"@type\":\"ListItem\",\"position\":3,\"name\":\"Service de burettes\"}]},{\"@type\":\"WebSite\",\"@id\":\"https:\/\/www.gruppoliturgico.com\/es\/#website\",\"url\":\"https:\/\/www.gruppoliturgico.com\/es\/\",\"name\":\"Laboratorio Gruppo Liturgico\",\"description\":\"Articoli Religiosi online\",\"publisher\":{\"@id\":\"https:\/\/www.gruppoliturgico.com\/es\/#organization\"},\"potentialAction\":[{\"@type\":\"SearchAction\",\"target\":{\"@type\":\"EntryPoint\",\"urlTemplate\":\"https:\/\/www.gruppoliturgico.com\/es\/?s={search_term_string}\"},\"query-input\":\"required name=search_term_string\"}],\"inLanguage\":\"fr-FR\"},{\"@type\":\"Organization\",\"@id\":\"https:\/\/www.gruppoliturgico.com\/es\/#organization\",\"name\":\"Laboratorio Gruppo Liturgico\",\"url\":\"https:\/\/www.gruppoliturgico.com\/es\/\",\"logo\":{\"@type\":\"ImageObject\",\"inLanguage\":\"fr-FR\",\"@id\":\"https:\/\/www.gruppoliturgico.com\/es\/#\/schema\/logo\/image\/\",\"url\":\"https:\/\/www.gruppoliturgico.com\/wp-content\/uploads\/2022\/02\/logo-laboratoriogruppoliturgico.png\",\"contentUrl\":\"https:\/\/www.gruppoliturgico.com\/wp-content\/uploads\/2022\/02\/logo-laboratoriogruppoliturgico.png\",\"width\":400,\"height\":114,\"caption\":\"Laboratorio Gruppo Liturgico\"},\"image\":{\"@id\":\"https:\/\/www.gruppoliturgico.com\/es\/#\/schema\/logo\/image\/\"}}]}<\/script>\n<!-- \/ Yoast SEO plugin. -->","yoast_head_json":{"title":"Service de burettes - services de burettes et Laboratorio Gruppo Liturgico","description":"Service de burettes en laiton dor\u00e9 avec croix en fonte. Avec sa forme caract\u00e9ristique de bateau, il comporte deux burettes en verre souffl\u00e9 solidement fix\u00e9es dans des logements appropri\u00e9s. Dimensions cm 19 x 15","robots":{"index":"index","follow":"follow","max-snippet":"max-snippet:-1","max-image-preview":"max-image-preview:large","max-video-preview":"max-video-preview:-1"},"canonical":"https:\/\/www.gruppoliturgico.com\/fr\/produit\/service-de-burettes-3\/","og_locale":"fr_FR","og_type":"article","og_title":"Service de burettes - services de burettes et Laboratorio Gruppo Liturgico","og_description":"Service de burettes en laiton dor\u00e9 avec croix en fonte. Avec sa forme caract\u00e9ristique de bateau, il comporte deux burettes en verre souffl\u00e9 solidement fix\u00e9es dans des logements appropri\u00e9s. Dimensions cm 19 x 15","og_url":"https:\/\/www.gruppoliturgico.com\/fr\/produit\/service-de-burettes-3\/","og_site_name":"Laboratorio Gruppo Liturgico","og_image":[{"width":2000,"height":1368,"url":"https:\/\/www.gruppoliturgico.com\/wp-content\/uploads\/2023\/09\/3980-2.jpg","type":"image\/jpeg"}],"twitter_card":"summary_large_image","schema":{"@context":"https:\/\/schema.org","@graph":[{"@type":"WebPage","@id":"https:\/\/www.gruppoliturgico.com\/fr\/produit\/service-de-burettes-3\/","url":"https:\/\/www.gruppoliturgico.com\/fr\/produit\/service-de-burettes-3\/","name":"Service de burettes - services de burettes et Laboratorio Gruppo Liturgico","isPartOf":{"@id":"https:\/\/www.gruppoliturgico.com\/es\/#website"},"datePublished":"2023-09-11T14:10:59+00:00","dateModified":"2023-09-11T14:10:59+00:00","description":"Service de burettes en laiton dor\u00e9 avec croix en fonte. Avec sa forme caract\u00e9ristique de bateau, il comporte deux burettes en verre souffl\u00e9 solidement fix\u00e9es dans des logements appropri\u00e9s. Dimensions cm 19 x 15","breadcrumb":{"@id":"https:\/\/www.gruppoliturgico.com\/fr\/produit\/service-de-burettes-3\/#breadcrumb"},"inLanguage":"fr-FR","potentialAction":[{"@type":"ReadAction","target":["https:\/\/www.gruppoliturgico.com\/fr\/produit\/service-de-burettes-3\/"]}]},{"@type":"BreadcrumbList","@id":"https:\/\/www.gruppoliturgico.com\/fr\/produit\/service-de-burettes-3\/#breadcrumb","itemListElement":[{"@type":"ListItem","position":1,"name":"Home","item":"https:\/\/www.gruppoliturgico.com\/fr\/"},{"@type":"ListItem","position":2,"name":"Boutique","item":"https:\/\/www.gruppoliturgico.com\/fr\/boutique\/"},{"@type":"ListItem","position":3,"name":"Service de burettes"}]},{"@type":"WebSite","@id":"https:\/\/www.gruppoliturgico.com\/es\/#website","url":"https:\/\/www.gruppoliturgico.com\/es\/","name":"Laboratorio Gruppo Liturgico","description":"Articoli Religiosi online","publisher":{"@id":"https:\/\/www.gruppoliturgico.com\/es\/#organization"},"potentialAction":[{"@type":"SearchAction","target":{"@type":"EntryPoint","urlTemplate":"https:\/\/www.gruppoliturgico.com\/es\/?s={search_term_string}"},"query-input":"required name=search_term_string"}],"inLanguage":"fr-FR"},{"@type":"Organization","@id":"https:\/\/www.gruppoliturgico.com\/es\/#organization","name":"Laboratorio Gruppo Liturgico","url":"https:\/\/www.gruppoliturgico.com\/es\/","logo":{"@type":"ImageObject","inLanguage":"fr-FR","@id":"https:\/\/www.gruppoliturgico.com\/es\/#\/schema\/logo\/image\/","url":"https:\/\/www.gruppoliturgico.com\/wp-content\/uploads\/2022\/02\/logo-laboratoriogruppoliturgico.png","contentUrl":"https:\/\/www.gruppoliturgico.com\/wp-content\/uploads\/2022\/02\/logo-laboratoriogruppoliturgico.png","width":400,"height":114,"caption":"Laboratorio Gruppo Liturgico"},"image":{"@id":"https:\/\/www.gruppoliturgico.com\/es\/#\/schema\/logo\/image\/"}}]}},"_links":{"self":[{"href":"https:\/\/www.gruppoliturgico.com\/fr\/wp-json\/wp\/v2\/product\/122847"}],"collection":[{"href":"https:\/\/www.gruppoliturgico.com\/fr\/wp-json\/wp\/v2\/product"}],"about":[{"href":"https:\/\/www.gruppoliturgico.com\/fr\/wp-json\/wp\/v2\/types\/product"}],"wp:featuredmedia":[{"embeddable":true,"href":"https:\/\/www.gruppoliturgico.com\/fr\/wp-json\/wp\/v2\/media\/131846"}],"wp:attachment":[{"href":"https:\/\/www.gruppoliturgico.com\/fr\/wp-json\/wp\/v2\/media?parent=122847"}],"wp:term":[{"taxonomy":"product_cat","embeddable":true,"href":"https:\/\/www.gruppoliturgico.com\/fr\/wp-json\/wp\/v2\/product_cat?post=122847"},{"taxonomy":"product_tag","embeddable":true,"href":"https:\/\/www.gruppoliturgico.com\/fr\/wp-json\/wp\/v2\/product_tag?post=122847"}],"curies":[{"name":"wp","href":"https:\/\/api.w.org\/{rel}","templated":true}]}}