{"id":122466,"date":"2023-07-21T09:27:45","date_gmt":"2023-07-21T07:27:45","guid":{"rendered":"https:\/\/www.gruppoliturgico.com\/prodotto\/chasuble-163\/"},"modified":"2024-11-07T15:20:36","modified_gmt":"2024-11-07T14:20:36","slug":"chasuble-163","status":"publish","type":"product","link":"https:\/\/www.gruppoliturgico.com\/fr\/produit\/chasuble-163\/","title":{"rendered":"Chasuble"},"content":{"rendered":"<html><body><p>Chasuble de prestige en laine, soie et autres fibres naturelles, l\u00e9g\u00e8re et extr\u00eamement douce.<br>\nElle pr\u00e9sente une broderie \u00e9labor\u00e9e sur les deux galons, devant et derri\u00e8re, et sur le col.<br>\nPierres ornementales appliqu\u00e9es \u00e0 la main.<br>\nLa chasuble a une coupe large, mesurant 130 cm de long et 145 cm de large.<br>\nLe galons mesure 13 cm de large.<br>\nProfil\u00e9e avec des garnitures dor\u00e9es.<br>\nDisponible dans les coloris Liturgiques.<\/p>\n<\/body><\/html>","protected":false},"excerpt":{"rendered":"<p>Chasuble de prestige en laine, soie et autres fibres naturelles, l\u00e9g\u00e8re et extr\u00eamement douce.<br \/>\nElle pr\u00e9sente une broderie \u00e9labor\u00e9e sur les deux galons, devant et derri\u00e8re, et sur le col.<br \/>\nPierres ornementales appliqu\u00e9es \u00e0 la main.<br \/>\nLa chasuble a une coupe large, mesurant 130 cm de long et 145 cm de large.<br \/>\nLe galons mesure 13 cm de large.<br \/>\nProfil\u00e9e avec des garnitures dor\u00e9es.<br \/>\nDisponible dans les coloris Liturgiques.<\/p>\n","protected":false},"featured_media":128802,"template":"","meta":[],"product_cat":[12244,12256],"product_tag":[],"yoast_head":"<!-- This site is optimized with the Yoast SEO plugin v20.4 - https:\/\/yoast.com\/wordpress\/plugins\/seo\/ -->\n<title>Chasuble - solennelles, broderie au m\u00e9tier et Laboratorio Gruppo Liturgico<\/title>\n<meta name=\"description\" content=\"Chasuble de prestige en laine, soie et autres fibres naturelles, l\u00e9g\u00e8re et extr\u00eamement douce. Elle pr\u00e9sente une broderie \u00e9labor\u00e9e sur les deux galons, devant et derri\u00e8re, et sur le col. Pierres ornementales appliqu\u00e9es \u00e0 la main. La chasuble a une coupe large, mesurant 130 cm de long et 145 cm de large. Le galons mesure 13 cm de large. Profil\u00e9e avec des garnitures dor\u00e9es. Disponible dans les coloris Liturgiques.\" \/>\n<meta name=\"robots\" content=\"index, follow, max-snippet:-1, max-image-preview:large, max-video-preview:-1\" \/>\n<link rel=\"canonical\" href=\"https:\/\/www.gruppoliturgico.com\/fr\/produit\/chasuble-163\/\" \/>\n<meta property=\"og:locale\" content=\"fr_FR\" \/>\n<meta property=\"og:type\" content=\"article\" \/>\n<meta property=\"og:title\" content=\"Chasuble - solennelles, broderie au m\u00e9tier et Laboratorio Gruppo Liturgico\" \/>\n<meta property=\"og:description\" content=\"Chasuble de prestige en laine, soie et autres fibres naturelles, l\u00e9g\u00e8re et extr\u00eamement douce. Elle pr\u00e9sente une broderie \u00e9labor\u00e9e sur les deux galons, devant et derri\u00e8re, et sur le col. Pierres ornementales appliqu\u00e9es \u00e0 la main. La chasuble a une coupe large, mesurant 130 cm de long et 145 cm de large. Le galons mesure 13 cm de large. Profil\u00e9e avec des garnitures dor\u00e9es. Disponible dans les coloris Liturgiques.\" \/>\n<meta property=\"og:url\" content=\"https:\/\/www.gruppoliturgico.com\/fr\/produit\/chasuble-163\/\" \/>\n<meta property=\"og:site_name\" content=\"Laboratorio Gruppo Liturgico\" \/>\n<meta property=\"article:modified_time\" content=\"2024-11-07T14:20:36+00:00\" \/>\n<meta property=\"og:image\" content=\"https:\/\/www.gruppoliturgico.com\/wp-content\/uploads\/2023\/07\/3974-.jpg\" \/>\n\t<meta property=\"og:image:width\" content=\"1223\" \/>\n\t<meta property=\"og:image:height\" content=\"2000\" \/>\n\t<meta property=\"og:image:type\" content=\"image\/jpeg\" \/>\n<meta name=\"twitter:card\" content=\"summary_large_image\" \/>\n<script type=\"application\/ld+json\" class=\"yoast-schema-graph\">{\"@context\":\"https:\/\/schema.org\",\"@graph\":[{\"@type\":\"WebPage\",\"@id\":\"https:\/\/www.gruppoliturgico.com\/fr\/produit\/chasuble-163\/\",\"url\":\"https:\/\/www.gruppoliturgico.com\/fr\/produit\/chasuble-163\/\",\"name\":\"Chasuble - solennelles, broderie au m\u00e9tier et Laboratorio Gruppo Liturgico\",\"isPartOf\":{\"@id\":\"https:\/\/www.gruppoliturgico.com\/es\/#website\"},\"datePublished\":\"2023-07-21T07:27:45+00:00\",\"dateModified\":\"2024-11-07T14:20:36+00:00\",\"description\":\"Chasuble de prestige en laine, soie et autres fibres naturelles, l\u00e9g\u00e8re et extr\u00eamement douce. Elle pr\u00e9sente une broderie \u00e9labor\u00e9e sur les deux galons, devant et derri\u00e8re, et sur le col. Pierres ornementales appliqu\u00e9es \u00e0 la main. La chasuble a une coupe large, mesurant 130 cm de long et 145 cm de large. Le galons mesure 13 cm de large. Profil\u00e9e avec des garnitures dor\u00e9es. Disponible dans les coloris Liturgiques.\",\"breadcrumb\":{\"@id\":\"https:\/\/www.gruppoliturgico.com\/fr\/produit\/chasuble-163\/#breadcrumb\"},\"inLanguage\":\"fr-FR\",\"potentialAction\":[{\"@type\":\"ReadAction\",\"target\":[\"https:\/\/www.gruppoliturgico.com\/fr\/produit\/chasuble-163\/\"]}]},{\"@type\":\"BreadcrumbList\",\"@id\":\"https:\/\/www.gruppoliturgico.com\/fr\/produit\/chasuble-163\/#breadcrumb\",\"itemListElement\":[{\"@type\":\"ListItem\",\"position\":1,\"name\":\"Home\",\"item\":\"https:\/\/www.gruppoliturgico.com\/fr\/\"},{\"@type\":\"ListItem\",\"position\":2,\"name\":\"Boutique\",\"item\":\"https:\/\/www.gruppoliturgico.com\/fr\/boutique\/\"},{\"@type\":\"ListItem\",\"position\":3,\"name\":\"Chasuble\"}]},{\"@type\":\"WebSite\",\"@id\":\"https:\/\/www.gruppoliturgico.com\/es\/#website\",\"url\":\"https:\/\/www.gruppoliturgico.com\/es\/\",\"name\":\"Laboratorio Gruppo Liturgico\",\"description\":\"Articoli Religiosi online\",\"publisher\":{\"@id\":\"https:\/\/www.gruppoliturgico.com\/es\/#organization\"},\"potentialAction\":[{\"@type\":\"SearchAction\",\"target\":{\"@type\":\"EntryPoint\",\"urlTemplate\":\"https:\/\/www.gruppoliturgico.com\/es\/?s={search_term_string}\"},\"query-input\":\"required name=search_term_string\"}],\"inLanguage\":\"fr-FR\"},{\"@type\":\"Organization\",\"@id\":\"https:\/\/www.gruppoliturgico.com\/es\/#organization\",\"name\":\"Laboratorio Gruppo Liturgico\",\"url\":\"https:\/\/www.gruppoliturgico.com\/es\/\",\"logo\":{\"@type\":\"ImageObject\",\"inLanguage\":\"fr-FR\",\"@id\":\"https:\/\/www.gruppoliturgico.com\/es\/#\/schema\/logo\/image\/\",\"url\":\"https:\/\/www.gruppoliturgico.com\/wp-content\/uploads\/2022\/02\/logo-laboratoriogruppoliturgico.png\",\"contentUrl\":\"https:\/\/www.gruppoliturgico.com\/wp-content\/uploads\/2022\/02\/logo-laboratoriogruppoliturgico.png\",\"width\":400,\"height\":114,\"caption\":\"Laboratorio Gruppo Liturgico\"},\"image\":{\"@id\":\"https:\/\/www.gruppoliturgico.com\/es\/#\/schema\/logo\/image\/\"}}]}<\/script>\n<!-- \/ Yoast SEO plugin. -->","yoast_head_json":{"title":"Chasuble - solennelles, broderie au m\u00e9tier et Laboratorio Gruppo Liturgico","description":"Chasuble de prestige en laine, soie et autres fibres naturelles, l\u00e9g\u00e8re et extr\u00eamement douce. Elle pr\u00e9sente une broderie \u00e9labor\u00e9e sur les deux galons, devant et derri\u00e8re, et sur le col. Pierres ornementales appliqu\u00e9es \u00e0 la main. La chasuble a une coupe large, mesurant 130 cm de long et 145 cm de large. Le galons mesure 13 cm de large. Profil\u00e9e avec des garnitures dor\u00e9es. Disponible dans les coloris Liturgiques.","robots":{"index":"index","follow":"follow","max-snippet":"max-snippet:-1","max-image-preview":"max-image-preview:large","max-video-preview":"max-video-preview:-1"},"canonical":"https:\/\/www.gruppoliturgico.com\/fr\/produit\/chasuble-163\/","og_locale":"fr_FR","og_type":"article","og_title":"Chasuble - solennelles, broderie au m\u00e9tier et Laboratorio Gruppo Liturgico","og_description":"Chasuble de prestige en laine, soie et autres fibres naturelles, l\u00e9g\u00e8re et extr\u00eamement douce. Elle pr\u00e9sente une broderie \u00e9labor\u00e9e sur les deux galons, devant et derri\u00e8re, et sur le col. Pierres ornementales appliqu\u00e9es \u00e0 la main. La chasuble a une coupe large, mesurant 130 cm de long et 145 cm de large. Le galons mesure 13 cm de large. Profil\u00e9e avec des garnitures dor\u00e9es. Disponible dans les coloris Liturgiques.","og_url":"https:\/\/www.gruppoliturgico.com\/fr\/produit\/chasuble-163\/","og_site_name":"Laboratorio Gruppo Liturgico","article_modified_time":"2024-11-07T14:20:36+00:00","og_image":[{"width":1223,"height":2000,"url":"https:\/\/www.gruppoliturgico.com\/wp-content\/uploads\/2023\/07\/3974-.jpg","type":"image\/jpeg"}],"twitter_card":"summary_large_image","schema":{"@context":"https:\/\/schema.org","@graph":[{"@type":"WebPage","@id":"https:\/\/www.gruppoliturgico.com\/fr\/produit\/chasuble-163\/","url":"https:\/\/www.gruppoliturgico.com\/fr\/produit\/chasuble-163\/","name":"Chasuble - solennelles, broderie au m\u00e9tier et Laboratorio Gruppo Liturgico","isPartOf":{"@id":"https:\/\/www.gruppoliturgico.com\/es\/#website"},"datePublished":"2023-07-21T07:27:45+00:00","dateModified":"2024-11-07T14:20:36+00:00","description":"Chasuble de prestige en laine, soie et autres fibres naturelles, l\u00e9g\u00e8re et extr\u00eamement douce. Elle pr\u00e9sente une broderie \u00e9labor\u00e9e sur les deux galons, devant et derri\u00e8re, et sur le col. Pierres ornementales appliqu\u00e9es \u00e0 la main. La chasuble a une coupe large, mesurant 130 cm de long et 145 cm de large. Le galons mesure 13 cm de large. Profil\u00e9e avec des garnitures dor\u00e9es. Disponible dans les coloris Liturgiques.","breadcrumb":{"@id":"https:\/\/www.gruppoliturgico.com\/fr\/produit\/chasuble-163\/#breadcrumb"},"inLanguage":"fr-FR","potentialAction":[{"@type":"ReadAction","target":["https:\/\/www.gruppoliturgico.com\/fr\/produit\/chasuble-163\/"]}]},{"@type":"BreadcrumbList","@id":"https:\/\/www.gruppoliturgico.com\/fr\/produit\/chasuble-163\/#breadcrumb","itemListElement":[{"@type":"ListItem","position":1,"name":"Home","item":"https:\/\/www.gruppoliturgico.com\/fr\/"},{"@type":"ListItem","position":2,"name":"Boutique","item":"https:\/\/www.gruppoliturgico.com\/fr\/boutique\/"},{"@type":"ListItem","position":3,"name":"Chasuble"}]},{"@type":"WebSite","@id":"https:\/\/www.gruppoliturgico.com\/es\/#website","url":"https:\/\/www.gruppoliturgico.com\/es\/","name":"Laboratorio Gruppo Liturgico","description":"Articoli Religiosi online","publisher":{"@id":"https:\/\/www.gruppoliturgico.com\/es\/#organization"},"potentialAction":[{"@type":"SearchAction","target":{"@type":"EntryPoint","urlTemplate":"https:\/\/www.gruppoliturgico.com\/es\/?s={search_term_string}"},"query-input":"required name=search_term_string"}],"inLanguage":"fr-FR"},{"@type":"Organization","@id":"https:\/\/www.gruppoliturgico.com\/es\/#organization","name":"Laboratorio Gruppo Liturgico","url":"https:\/\/www.gruppoliturgico.com\/es\/","logo":{"@type":"ImageObject","inLanguage":"fr-FR","@id":"https:\/\/www.gruppoliturgico.com\/es\/#\/schema\/logo\/image\/","url":"https:\/\/www.gruppoliturgico.com\/wp-content\/uploads\/2022\/02\/logo-laboratoriogruppoliturgico.png","contentUrl":"https:\/\/www.gruppoliturgico.com\/wp-content\/uploads\/2022\/02\/logo-laboratoriogruppoliturgico.png","width":400,"height":114,"caption":"Laboratorio Gruppo Liturgico"},"image":{"@id":"https:\/\/www.gruppoliturgico.com\/es\/#\/schema\/logo\/image\/"}}]}},"_links":{"self":[{"href":"https:\/\/www.gruppoliturgico.com\/fr\/wp-json\/wp\/v2\/product\/122466"}],"collection":[{"href":"https:\/\/www.gruppoliturgico.com\/fr\/wp-json\/wp\/v2\/product"}],"about":[{"href":"https:\/\/www.gruppoliturgico.com\/fr\/wp-json\/wp\/v2\/types\/product"}],"wp:featuredmedia":[{"embeddable":true,"href":"https:\/\/www.gruppoliturgico.com\/fr\/wp-json\/wp\/v2\/media\/128802"}],"wp:attachment":[{"href":"https:\/\/www.gruppoliturgico.com\/fr\/wp-json\/wp\/v2\/media?parent=122466"}],"wp:term":[{"taxonomy":"product_cat","embeddable":true,"href":"https:\/\/www.gruppoliturgico.com\/fr\/wp-json\/wp\/v2\/product_cat?post=122466"},{"taxonomy":"product_tag","embeddable":true,"href":"https:\/\/www.gruppoliturgico.com\/fr\/wp-json\/wp\/v2\/product_tag?post=122466"}],"curies":[{"name":"wp","href":"https:\/\/api.w.org\/{rel}","templated":true}]}}