{"id":122442,"date":"2023-07-21T08:58:55","date_gmt":"2023-07-21T06:58:55","guid":{"rendered":"https:\/\/www.gruppoliturgico.com\/prodotto\/chasuble-145\/"},"modified":"2023-07-21T08:58:55","modified_gmt":"2023-07-21T06:58:55","slug":"chasuble-145","status":"publish","type":"product","link":"https:\/\/www.gruppoliturgico.com\/fr\/produit\/chasuble-145\/","title":{"rendered":"Chasuble"},"content":{"rendered":"<html><body><p>Chasuble de prestige en laine, soie et autres fibres naturelles. L\u00e9g\u00e8re et extr\u00eamement douce.<br>\nElle pr\u00e9sente des broderies \u00e9labor\u00e9es sur les deux galons, devant et derri\u00e8re, sur le col et sur l\u2019\u00e9tole relative.<br>\nToutes les finitions sont r\u00e9alis\u00e9es \u00e0 la main.<br>\nPierres de couleur sur les croix.<br>\nLa chasuble est enti\u00e8rement garnie de passementeries en or, a une coupe large, mesurant 130 cm de long et 145 cm de large.<br>\nLe galon brod\u00e9e mesure 18 cm de large.<\/p>\n<\/body><\/html>","protected":false},"excerpt":{"rendered":"<p>Chasuble de prestige en laine, soie et autres fibres naturelles. L\u00e9g\u00e8re et extr\u00eamement douce.<br \/>\nElle pr\u00e9sente des broderies \u00e9labor\u00e9es sur les deux galons, devant et derri\u00e8re, sur le col et sur l&rsquo;\u00e9tole relative.<br \/>\nToutes les finitions sont r\u00e9alis\u00e9es \u00e0 la main.<br \/>\nPierres de couleur sur les croix.<br \/>\nLa chasuble est enti\u00e8rement garnie de passementeries en or, a une coupe large, mesurant 130 cm de long et 145 cm de large.<br \/>\nLe galon brod\u00e9e mesure 18 cm de large.<\/p>\n","protected":false},"featured_media":128826,"template":"","meta":[],"product_cat":[12244],"product_tag":[],"yoast_head":"<!-- This site is optimized with the Yoast SEO plugin v20.4 - https:\/\/yoast.com\/wordpress\/plugins\/seo\/ -->\n<title>Chasuble - solennelles et Laboratorio Gruppo Liturgico<\/title>\n<meta name=\"description\" content=\"Chasuble de prestige en laine, soie et autres fibres naturelles. L\u00e9g\u00e8re et extr\u00eamement douce.  Elle pr\u00e9sente des broderies \u00e9labor\u00e9es sur les deux galons, devant et derri\u00e8re, sur le col et sur l&#039;\u00e9tole relative.  Toutes les finitions sont r\u00e9alis\u00e9es \u00e0 la main.  Pierres de couleur sur les croix.  La chasuble est enti\u00e8rement garnie de passementeries en or, a une coupe large, mesurant 130 cm de long et 145 cm de large.  Le galon brod\u00e9e mesure 18 cm de large.\" \/>\n<meta name=\"robots\" content=\"index, follow, max-snippet:-1, max-image-preview:large, max-video-preview:-1\" \/>\n<link rel=\"canonical\" href=\"https:\/\/www.gruppoliturgico.com\/fr\/produit\/chasuble-145\/\" \/>\n<meta property=\"og:locale\" content=\"fr_FR\" \/>\n<meta property=\"og:type\" content=\"article\" \/>\n<meta property=\"og:title\" content=\"Chasuble - solennelles et Laboratorio Gruppo Liturgico\" \/>\n<meta property=\"og:description\" content=\"Chasuble de prestige en laine, soie et autres fibres naturelles. L\u00e9g\u00e8re et extr\u00eamement douce.  Elle pr\u00e9sente des broderies \u00e9labor\u00e9es sur les deux galons, devant et derri\u00e8re, sur le col et sur l&#039;\u00e9tole relative.  Toutes les finitions sont r\u00e9alis\u00e9es \u00e0 la main.  Pierres de couleur sur les croix.  La chasuble est enti\u00e8rement garnie de passementeries en or, a une coupe large, mesurant 130 cm de long et 145 cm de large.  Le galon brod\u00e9e mesure 18 cm de large.\" \/>\n<meta property=\"og:url\" content=\"https:\/\/www.gruppoliturgico.com\/fr\/produit\/chasuble-145\/\" \/>\n<meta property=\"og:site_name\" content=\"Laboratorio Gruppo Liturgico\" \/>\n<meta name=\"twitter:card\" content=\"summary_large_image\" \/>\n<script type=\"application\/ld+json\" class=\"yoast-schema-graph\">{\"@context\":\"https:\/\/schema.org\",\"@graph\":[{\"@type\":\"WebPage\",\"@id\":\"https:\/\/www.gruppoliturgico.com\/fr\/produit\/chasuble-145\/\",\"url\":\"https:\/\/www.gruppoliturgico.com\/fr\/produit\/chasuble-145\/\",\"name\":\"Chasuble - solennelles et Laboratorio Gruppo Liturgico\",\"isPartOf\":{\"@id\":\"https:\/\/www.gruppoliturgico.com\/es\/#website\"},\"datePublished\":\"2023-07-21T06:58:55+00:00\",\"dateModified\":\"2023-07-21T06:58:55+00:00\",\"description\":\"Chasuble de prestige en laine, soie et autres fibres naturelles. L\u00e9g\u00e8re et extr\u00eamement douce. Elle pr\u00e9sente des broderies \u00e9labor\u00e9es sur les deux galons, devant et derri\u00e8re, sur le col et sur l'\u00e9tole relative. Toutes les finitions sont r\u00e9alis\u00e9es \u00e0 la main. Pierres de couleur sur les croix. La chasuble est enti\u00e8rement garnie de passementeries en or, a une coupe large, mesurant 130 cm de long et 145 cm de large. Le galon brod\u00e9e mesure 18 cm de large.\",\"breadcrumb\":{\"@id\":\"https:\/\/www.gruppoliturgico.com\/fr\/produit\/chasuble-145\/#breadcrumb\"},\"inLanguage\":\"fr-FR\",\"potentialAction\":[{\"@type\":\"ReadAction\",\"target\":[\"https:\/\/www.gruppoliturgico.com\/fr\/produit\/chasuble-145\/\"]}]},{\"@type\":\"BreadcrumbList\",\"@id\":\"https:\/\/www.gruppoliturgico.com\/fr\/produit\/chasuble-145\/#breadcrumb\",\"itemListElement\":[{\"@type\":\"ListItem\",\"position\":1,\"name\":\"Home\",\"item\":\"https:\/\/www.gruppoliturgico.com\/fr\/\"},{\"@type\":\"ListItem\",\"position\":2,\"name\":\"Boutique\",\"item\":\"https:\/\/www.gruppoliturgico.com\/fr\/boutique\/\"},{\"@type\":\"ListItem\",\"position\":3,\"name\":\"Chasuble\"}]},{\"@type\":\"WebSite\",\"@id\":\"https:\/\/www.gruppoliturgico.com\/es\/#website\",\"url\":\"https:\/\/www.gruppoliturgico.com\/es\/\",\"name\":\"Laboratorio Gruppo Liturgico\",\"description\":\"Articoli Religiosi online\",\"publisher\":{\"@id\":\"https:\/\/www.gruppoliturgico.com\/es\/#organization\"},\"potentialAction\":[{\"@type\":\"SearchAction\",\"target\":{\"@type\":\"EntryPoint\",\"urlTemplate\":\"https:\/\/www.gruppoliturgico.com\/es\/?s={search_term_string}\"},\"query-input\":\"required name=search_term_string\"}],\"inLanguage\":\"fr-FR\"},{\"@type\":\"Organization\",\"@id\":\"https:\/\/www.gruppoliturgico.com\/es\/#organization\",\"name\":\"Laboratorio Gruppo Liturgico\",\"url\":\"https:\/\/www.gruppoliturgico.com\/es\/\",\"logo\":{\"@type\":\"ImageObject\",\"inLanguage\":\"fr-FR\",\"@id\":\"https:\/\/www.gruppoliturgico.com\/es\/#\/schema\/logo\/image\/\",\"url\":\"https:\/\/www.gruppoliturgico.com\/wp-content\/uploads\/2022\/02\/logo-laboratoriogruppoliturgico.png\",\"contentUrl\":\"https:\/\/www.gruppoliturgico.com\/wp-content\/uploads\/2022\/02\/logo-laboratoriogruppoliturgico.png\",\"width\":400,\"height\":114,\"caption\":\"Laboratorio Gruppo Liturgico\"},\"image\":{\"@id\":\"https:\/\/www.gruppoliturgico.com\/es\/#\/schema\/logo\/image\/\"}}]}<\/script>\n<!-- \/ Yoast SEO plugin. -->","yoast_head_json":{"title":"Chasuble - solennelles et Laboratorio Gruppo Liturgico","description":"Chasuble de prestige en laine, soie et autres fibres naturelles. L\u00e9g\u00e8re et extr\u00eamement douce.  Elle pr\u00e9sente des broderies \u00e9labor\u00e9es sur les deux galons, devant et derri\u00e8re, sur le col et sur l'\u00e9tole relative.  Toutes les finitions sont r\u00e9alis\u00e9es \u00e0 la main.  Pierres de couleur sur les croix.  La chasuble est enti\u00e8rement garnie de passementeries en or, a une coupe large, mesurant 130 cm de long et 145 cm de large.  Le galon brod\u00e9e mesure 18 cm de large.","robots":{"index":"index","follow":"follow","max-snippet":"max-snippet:-1","max-image-preview":"max-image-preview:large","max-video-preview":"max-video-preview:-1"},"canonical":"https:\/\/www.gruppoliturgico.com\/fr\/produit\/chasuble-145\/","og_locale":"fr_FR","og_type":"article","og_title":"Chasuble - solennelles et Laboratorio Gruppo Liturgico","og_description":"Chasuble de prestige en laine, soie et autres fibres naturelles. L\u00e9g\u00e8re et extr\u00eamement douce.  Elle pr\u00e9sente des broderies \u00e9labor\u00e9es sur les deux galons, devant et derri\u00e8re, sur le col et sur l'\u00e9tole relative.  Toutes les finitions sont r\u00e9alis\u00e9es \u00e0 la main.  Pierres de couleur sur les croix.  La chasuble est enti\u00e8rement garnie de passementeries en or, a une coupe large, mesurant 130 cm de long et 145 cm de large.  Le galon brod\u00e9e mesure 18 cm de large.","og_url":"https:\/\/www.gruppoliturgico.com\/fr\/produit\/chasuble-145\/","og_site_name":"Laboratorio Gruppo Liturgico","twitter_card":"summary_large_image","schema":{"@context":"https:\/\/schema.org","@graph":[{"@type":"WebPage","@id":"https:\/\/www.gruppoliturgico.com\/fr\/produit\/chasuble-145\/","url":"https:\/\/www.gruppoliturgico.com\/fr\/produit\/chasuble-145\/","name":"Chasuble - solennelles et Laboratorio Gruppo Liturgico","isPartOf":{"@id":"https:\/\/www.gruppoliturgico.com\/es\/#website"},"datePublished":"2023-07-21T06:58:55+00:00","dateModified":"2023-07-21T06:58:55+00:00","description":"Chasuble de prestige en laine, soie et autres fibres naturelles. L\u00e9g\u00e8re et extr\u00eamement douce. Elle pr\u00e9sente des broderies \u00e9labor\u00e9es sur les deux galons, devant et derri\u00e8re, sur le col et sur l'\u00e9tole relative. Toutes les finitions sont r\u00e9alis\u00e9es \u00e0 la main. Pierres de couleur sur les croix. La chasuble est enti\u00e8rement garnie de passementeries en or, a une coupe large, mesurant 130 cm de long et 145 cm de large. Le galon brod\u00e9e mesure 18 cm de large.","breadcrumb":{"@id":"https:\/\/www.gruppoliturgico.com\/fr\/produit\/chasuble-145\/#breadcrumb"},"inLanguage":"fr-FR","potentialAction":[{"@type":"ReadAction","target":["https:\/\/www.gruppoliturgico.com\/fr\/produit\/chasuble-145\/"]}]},{"@type":"BreadcrumbList","@id":"https:\/\/www.gruppoliturgico.com\/fr\/produit\/chasuble-145\/#breadcrumb","itemListElement":[{"@type":"ListItem","position":1,"name":"Home","item":"https:\/\/www.gruppoliturgico.com\/fr\/"},{"@type":"ListItem","position":2,"name":"Boutique","item":"https:\/\/www.gruppoliturgico.com\/fr\/boutique\/"},{"@type":"ListItem","position":3,"name":"Chasuble"}]},{"@type":"WebSite","@id":"https:\/\/www.gruppoliturgico.com\/es\/#website","url":"https:\/\/www.gruppoliturgico.com\/es\/","name":"Laboratorio Gruppo Liturgico","description":"Articoli Religiosi online","publisher":{"@id":"https:\/\/www.gruppoliturgico.com\/es\/#organization"},"potentialAction":[{"@type":"SearchAction","target":{"@type":"EntryPoint","urlTemplate":"https:\/\/www.gruppoliturgico.com\/es\/?s={search_term_string}"},"query-input":"required name=search_term_string"}],"inLanguage":"fr-FR"},{"@type":"Organization","@id":"https:\/\/www.gruppoliturgico.com\/es\/#organization","name":"Laboratorio Gruppo Liturgico","url":"https:\/\/www.gruppoliturgico.com\/es\/","logo":{"@type":"ImageObject","inLanguage":"fr-FR","@id":"https:\/\/www.gruppoliturgico.com\/es\/#\/schema\/logo\/image\/","url":"https:\/\/www.gruppoliturgico.com\/wp-content\/uploads\/2022\/02\/logo-laboratoriogruppoliturgico.png","contentUrl":"https:\/\/www.gruppoliturgico.com\/wp-content\/uploads\/2022\/02\/logo-laboratoriogruppoliturgico.png","width":400,"height":114,"caption":"Laboratorio Gruppo Liturgico"},"image":{"@id":"https:\/\/www.gruppoliturgico.com\/es\/#\/schema\/logo\/image\/"}}]}},"_links":{"self":[{"href":"https:\/\/www.gruppoliturgico.com\/fr\/wp-json\/wp\/v2\/product\/122442"}],"collection":[{"href":"https:\/\/www.gruppoliturgico.com\/fr\/wp-json\/wp\/v2\/product"}],"about":[{"href":"https:\/\/www.gruppoliturgico.com\/fr\/wp-json\/wp\/v2\/types\/product"}],"wp:featuredmedia":[{"embeddable":true,"href":"https:\/\/www.gruppoliturgico.com\/fr\/wp-json\/wp\/v2\/media\/128826"}],"wp:attachment":[{"href":"https:\/\/www.gruppoliturgico.com\/fr\/wp-json\/wp\/v2\/media?parent=122442"}],"wp:term":[{"taxonomy":"product_cat","embeddable":true,"href":"https:\/\/www.gruppoliturgico.com\/fr\/wp-json\/wp\/v2\/product_cat?post=122442"},{"taxonomy":"product_tag","embeddable":true,"href":"https:\/\/www.gruppoliturgico.com\/fr\/wp-json\/wp\/v2\/product_tag?post=122442"}],"curies":[{"name":"wp","href":"https:\/\/api.w.org\/{rel}","templated":true}]}}