{"id":121982,"date":"2023-05-11T16:18:49","date_gmt":"2023-05-11T14:18:49","guid":{"rendered":"https:\/\/www.gruppoliturgico.com\/prodotto\/etole-de-diacre-double-face-2\/"},"modified":"2023-10-09T11:05:47","modified_gmt":"2023-10-09T09:05:47","slug":"etole-de-diacre-double-face-2","status":"publish","type":"product","link":"https:\/\/www.gruppoliturgico.com\/fr\/produit\/etole-de-diacre-double-face-2\/","title":{"rendered":"\u00e9tol double face"},"content":{"rendered":"<html><body><p>\u00e9tole double face en tissu polyester.<br>\nBroderie d\u2019une croix, d\u2019une grappe de raisin et d\u2019\u00e9pis de bl\u00e9 sur les deux faces.<br>\nLes couleurs sont accoupl\u00e9s avec blanc\/rouge et vert\/violet.<\/p>\n<\/body><\/html>","protected":false},"excerpt":{"rendered":"<p>\u00e9tole double face en tissu polyester.<br \/>\nBroderie d&rsquo;une croix, d&rsquo;une grappe de raisin et d&rsquo;\u00e9pis de bl\u00e9 sur les deux faces.<br \/>\nLes couleurs sont accoupl\u00e9s avec blanc\/rouge et vert\/violet.<\/p>\n","protected":false},"featured_media":121971,"template":"","meta":[],"product_cat":[12308],"product_tag":[],"yoast_head":"<!-- This site is optimized with the Yoast SEO plugin v20.4 - https:\/\/yoast.com\/wordpress\/plugins\/seo\/ -->\n<title>\u00e9tol double face - \u00e9toles double face et Laboratorio Gruppo Liturgico<\/title>\n<meta name=\"description\" content=\"\u00e9tole double face en tissu polyester.  Broderie d&#039;une croix, d&#039;une grappe de raisin et d&#039;\u00e9pis de bl\u00e9 sur les deux faces. Les couleurs sont accoupl\u00e9s avec blanc\/rouge et vert\/violet.\" \/>\n<meta name=\"robots\" content=\"index, follow, max-snippet:-1, max-image-preview:large, max-video-preview:-1\" \/>\n<link rel=\"canonical\" href=\"https:\/\/www.gruppoliturgico.com\/fr\/produit\/etole-de-diacre-double-face-2\/\" \/>\n<meta property=\"og:locale\" content=\"fr_FR\" \/>\n<meta property=\"og:type\" content=\"article\" \/>\n<meta property=\"og:title\" content=\"\u00e9tol double face - \u00e9toles double face et Laboratorio Gruppo Liturgico\" \/>\n<meta property=\"og:description\" content=\"\u00e9tole double face en tissu polyester.  Broderie d&#039;une croix, d&#039;une grappe de raisin et d&#039;\u00e9pis de bl\u00e9 sur les deux faces. Les couleurs sont accoupl\u00e9s avec blanc\/rouge et vert\/violet.\" \/>\n<meta property=\"og:url\" content=\"https:\/\/www.gruppoliturgico.com\/fr\/produit\/etole-de-diacre-double-face-2\/\" \/>\n<meta property=\"og:site_name\" content=\"Laboratorio Gruppo Liturgico\" \/>\n<meta property=\"article:modified_time\" content=\"2023-10-09T09:05:47+00:00\" \/>\n<meta property=\"og:image\" content=\"https:\/\/www.gruppoliturgico.com\/wp-content\/uploads\/2023\/05\/3962-vv-6.jpg\" \/>\n\t<meta property=\"og:image:width\" content=\"1224\" \/>\n\t<meta property=\"og:image:height\" content=\"2000\" \/>\n\t<meta property=\"og:image:type\" content=\"image\/jpeg\" \/>\n<meta name=\"twitter:card\" content=\"summary_large_image\" \/>\n<script type=\"application\/ld+json\" class=\"yoast-schema-graph\">{\"@context\":\"https:\/\/schema.org\",\"@graph\":[{\"@type\":\"WebPage\",\"@id\":\"https:\/\/www.gruppoliturgico.com\/fr\/produit\/etole-de-diacre-double-face-2\/\",\"url\":\"https:\/\/www.gruppoliturgico.com\/fr\/produit\/etole-de-diacre-double-face-2\/\",\"name\":\"\u00e9tol double face - \u00e9toles double face et Laboratorio Gruppo Liturgico\",\"isPartOf\":{\"@id\":\"https:\/\/www.gruppoliturgico.com\/es\/#website\"},\"datePublished\":\"2023-05-11T14:18:49+00:00\",\"dateModified\":\"2023-10-09T09:05:47+00:00\",\"description\":\"\u00e9tole double face en tissu polyester. Broderie d'une croix, d'une grappe de raisin et d'\u00e9pis de bl\u00e9 sur les deux faces. Les couleurs sont accoupl\u00e9s avec blanc\/rouge et vert\/violet.\",\"breadcrumb\":{\"@id\":\"https:\/\/www.gruppoliturgico.com\/fr\/produit\/etole-de-diacre-double-face-2\/#breadcrumb\"},\"inLanguage\":\"fr-FR\",\"potentialAction\":[{\"@type\":\"ReadAction\",\"target\":[\"https:\/\/www.gruppoliturgico.com\/fr\/produit\/etole-de-diacre-double-face-2\/\"]}]},{\"@type\":\"BreadcrumbList\",\"@id\":\"https:\/\/www.gruppoliturgico.com\/fr\/produit\/etole-de-diacre-double-face-2\/#breadcrumb\",\"itemListElement\":[{\"@type\":\"ListItem\",\"position\":1,\"name\":\"Home\",\"item\":\"https:\/\/www.gruppoliturgico.com\/fr\/\"},{\"@type\":\"ListItem\",\"position\":2,\"name\":\"Boutique\",\"item\":\"https:\/\/www.gruppoliturgico.com\/fr\/boutique\/\"},{\"@type\":\"ListItem\",\"position\":3,\"name\":\"\u00e9tol double face\"}]},{\"@type\":\"WebSite\",\"@id\":\"https:\/\/www.gruppoliturgico.com\/es\/#website\",\"url\":\"https:\/\/www.gruppoliturgico.com\/es\/\",\"name\":\"Laboratorio Gruppo Liturgico\",\"description\":\"Articoli Religiosi online\",\"publisher\":{\"@id\":\"https:\/\/www.gruppoliturgico.com\/es\/#organization\"},\"potentialAction\":[{\"@type\":\"SearchAction\",\"target\":{\"@type\":\"EntryPoint\",\"urlTemplate\":\"https:\/\/www.gruppoliturgico.com\/es\/?s={search_term_string}\"},\"query-input\":\"required name=search_term_string\"}],\"inLanguage\":\"fr-FR\"},{\"@type\":\"Organization\",\"@id\":\"https:\/\/www.gruppoliturgico.com\/es\/#organization\",\"name\":\"Laboratorio Gruppo Liturgico\",\"url\":\"https:\/\/www.gruppoliturgico.com\/es\/\",\"logo\":{\"@type\":\"ImageObject\",\"inLanguage\":\"fr-FR\",\"@id\":\"https:\/\/www.gruppoliturgico.com\/es\/#\/schema\/logo\/image\/\",\"url\":\"https:\/\/www.gruppoliturgico.com\/wp-content\/uploads\/2022\/02\/logo-laboratoriogruppoliturgico.png\",\"contentUrl\":\"https:\/\/www.gruppoliturgico.com\/wp-content\/uploads\/2022\/02\/logo-laboratoriogruppoliturgico.png\",\"width\":400,\"height\":114,\"caption\":\"Laboratorio Gruppo Liturgico\"},\"image\":{\"@id\":\"https:\/\/www.gruppoliturgico.com\/es\/#\/schema\/logo\/image\/\"}}]}<\/script>\n<!-- \/ Yoast SEO plugin. -->","yoast_head_json":{"title":"\u00e9tol double face - \u00e9toles double face et Laboratorio Gruppo Liturgico","description":"\u00e9tole double face en tissu polyester.  Broderie d'une croix, d'une grappe de raisin et d'\u00e9pis de bl\u00e9 sur les deux faces. Les couleurs sont accoupl\u00e9s avec blanc\/rouge et vert\/violet.","robots":{"index":"index","follow":"follow","max-snippet":"max-snippet:-1","max-image-preview":"max-image-preview:large","max-video-preview":"max-video-preview:-1"},"canonical":"https:\/\/www.gruppoliturgico.com\/fr\/produit\/etole-de-diacre-double-face-2\/","og_locale":"fr_FR","og_type":"article","og_title":"\u00e9tol double face - \u00e9toles double face et Laboratorio Gruppo Liturgico","og_description":"\u00e9tole double face en tissu polyester.  Broderie d'une croix, d'une grappe de raisin et d'\u00e9pis de bl\u00e9 sur les deux faces. Les couleurs sont accoupl\u00e9s avec blanc\/rouge et vert\/violet.","og_url":"https:\/\/www.gruppoliturgico.com\/fr\/produit\/etole-de-diacre-double-face-2\/","og_site_name":"Laboratorio Gruppo Liturgico","article_modified_time":"2023-10-09T09:05:47+00:00","og_image":[{"width":1224,"height":2000,"url":"https:\/\/www.gruppoliturgico.com\/wp-content\/uploads\/2023\/05\/3962-vv-6.jpg","type":"image\/jpeg"}],"twitter_card":"summary_large_image","schema":{"@context":"https:\/\/schema.org","@graph":[{"@type":"WebPage","@id":"https:\/\/www.gruppoliturgico.com\/fr\/produit\/etole-de-diacre-double-face-2\/","url":"https:\/\/www.gruppoliturgico.com\/fr\/produit\/etole-de-diacre-double-face-2\/","name":"\u00e9tol double face - \u00e9toles double face et Laboratorio Gruppo Liturgico","isPartOf":{"@id":"https:\/\/www.gruppoliturgico.com\/es\/#website"},"datePublished":"2023-05-11T14:18:49+00:00","dateModified":"2023-10-09T09:05:47+00:00","description":"\u00e9tole double face en tissu polyester. Broderie d'une croix, d'une grappe de raisin et d'\u00e9pis de bl\u00e9 sur les deux faces. Les couleurs sont accoupl\u00e9s avec blanc\/rouge et vert\/violet.","breadcrumb":{"@id":"https:\/\/www.gruppoliturgico.com\/fr\/produit\/etole-de-diacre-double-face-2\/#breadcrumb"},"inLanguage":"fr-FR","potentialAction":[{"@type":"ReadAction","target":["https:\/\/www.gruppoliturgico.com\/fr\/produit\/etole-de-diacre-double-face-2\/"]}]},{"@type":"BreadcrumbList","@id":"https:\/\/www.gruppoliturgico.com\/fr\/produit\/etole-de-diacre-double-face-2\/#breadcrumb","itemListElement":[{"@type":"ListItem","position":1,"name":"Home","item":"https:\/\/www.gruppoliturgico.com\/fr\/"},{"@type":"ListItem","position":2,"name":"Boutique","item":"https:\/\/www.gruppoliturgico.com\/fr\/boutique\/"},{"@type":"ListItem","position":3,"name":"\u00e9tol double face"}]},{"@type":"WebSite","@id":"https:\/\/www.gruppoliturgico.com\/es\/#website","url":"https:\/\/www.gruppoliturgico.com\/es\/","name":"Laboratorio Gruppo Liturgico","description":"Articoli Religiosi online","publisher":{"@id":"https:\/\/www.gruppoliturgico.com\/es\/#organization"},"potentialAction":[{"@type":"SearchAction","target":{"@type":"EntryPoint","urlTemplate":"https:\/\/www.gruppoliturgico.com\/es\/?s={search_term_string}"},"query-input":"required name=search_term_string"}],"inLanguage":"fr-FR"},{"@type":"Organization","@id":"https:\/\/www.gruppoliturgico.com\/es\/#organization","name":"Laboratorio Gruppo Liturgico","url":"https:\/\/www.gruppoliturgico.com\/es\/","logo":{"@type":"ImageObject","inLanguage":"fr-FR","@id":"https:\/\/www.gruppoliturgico.com\/es\/#\/schema\/logo\/image\/","url":"https:\/\/www.gruppoliturgico.com\/wp-content\/uploads\/2022\/02\/logo-laboratoriogruppoliturgico.png","contentUrl":"https:\/\/www.gruppoliturgico.com\/wp-content\/uploads\/2022\/02\/logo-laboratoriogruppoliturgico.png","width":400,"height":114,"caption":"Laboratorio Gruppo Liturgico"},"image":{"@id":"https:\/\/www.gruppoliturgico.com\/es\/#\/schema\/logo\/image\/"}}]}},"_links":{"self":[{"href":"https:\/\/www.gruppoliturgico.com\/fr\/wp-json\/wp\/v2\/product\/121982"}],"collection":[{"href":"https:\/\/www.gruppoliturgico.com\/fr\/wp-json\/wp\/v2\/product"}],"about":[{"href":"https:\/\/www.gruppoliturgico.com\/fr\/wp-json\/wp\/v2\/types\/product"}],"wp:featuredmedia":[{"embeddable":true,"href":"https:\/\/www.gruppoliturgico.com\/fr\/wp-json\/wp\/v2\/media\/121971"}],"wp:attachment":[{"href":"https:\/\/www.gruppoliturgico.com\/fr\/wp-json\/wp\/v2\/media?parent=121982"}],"wp:term":[{"taxonomy":"product_cat","embeddable":true,"href":"https:\/\/www.gruppoliturgico.com\/fr\/wp-json\/wp\/v2\/product_cat?post=121982"},{"taxonomy":"product_tag","embeddable":true,"href":"https:\/\/www.gruppoliturgico.com\/fr\/wp-json\/wp\/v2\/product_tag?post=121982"}],"curies":[{"name":"wp","href":"https:\/\/api.w.org\/{rel}","templated":true}]}}