{"id":121503,"date":"2023-04-11T15:43:39","date_gmt":"2023-04-11T13:43:39","guid":{"rendered":"https:\/\/www.gruppoliturgico.com\/prodotto\/porte-statue-de-procession\/"},"modified":"2023-04-11T15:43:39","modified_gmt":"2023-04-11T13:43:39","slug":"porte-statue-de-procession","status":"publish","type":"product","link":"https:\/\/www.gruppoliturgico.com\/fr\/produit\/porte-statue-de-procession\/","title":{"rendered":"Porte statue de procession"},"content":{"rendered":"<html><body><p>majestueuse porte statue de procession en bois sculpt\u00e9.<br>\nStyle baroque.<br>\nToutes les dorures sont r\u00e9alis\u00e9es \u00e0 la feuille d\u2019or.<br>\nBarres de procession amovibles.<br>\nDimensions : largeur 115 cm<br>\nhauteur 55 cm<br>\nprofondeur 85 cm<\/p>\n<\/body><\/html>","protected":false},"excerpt":{"rendered":"<p>majestueuse porte statue de procession en bois sculpt\u00e9.<br \/>\nStyle baroque.<br \/>\nToutes les dorures sont r\u00e9alis\u00e9es \u00e0 la feuille d&rsquo;or.<br \/>\nBarres de procession amovibles.<br \/>\nDimensions : largeur 115 cm<br \/>\nhauteur 55 cm<br \/>\nprofondeur 85 cm<\/p>\n","protected":false},"featured_media":121491,"template":"","meta":[],"product_cat":[15297],"product_tag":[],"yoast_head":"<!-- This site is optimized with the Yoast SEO plugin v20.4 - https:\/\/yoast.com\/wordpress\/plugins\/seo\/ -->\n<title>Porte statue de procession - Porte statue de procession et Laboratorio Gruppo Liturgico<\/title>\n<meta name=\"description\" content=\"majestueuse porte statue de procession en bois sculpt\u00e9.  Style baroque.  Toutes les dorures sont r\u00e9alis\u00e9es \u00e0 la feuille d&#039;or.  Barres de procession amovibles.  Dimensions : largeur 115 cm  hauteur 55 cm  profondeur 85 cm\" \/>\n<meta name=\"robots\" content=\"index, follow, max-snippet:-1, max-image-preview:large, max-video-preview:-1\" \/>\n<link rel=\"canonical\" href=\"https:\/\/www.gruppoliturgico.com\/fr\/produit\/porte-statue-de-procession\/\" \/>\n<meta property=\"og:locale\" content=\"fr_FR\" \/>\n<meta property=\"og:type\" content=\"article\" \/>\n<meta property=\"og:title\" content=\"Porte statue de procession - Porte statue de procession et Laboratorio Gruppo Liturgico\" \/>\n<meta property=\"og:description\" content=\"majestueuse porte statue de procession en bois sculpt\u00e9.  Style baroque.  Toutes les dorures sont r\u00e9alis\u00e9es \u00e0 la feuille d&#039;or.  Barres de procession amovibles.  Dimensions : largeur 115 cm  hauteur 55 cm  profondeur 85 cm\" \/>\n<meta property=\"og:url\" content=\"https:\/\/www.gruppoliturgico.com\/fr\/produit\/porte-statue-de-procession\/\" \/>\n<meta property=\"og:site_name\" content=\"Laboratorio Gruppo Liturgico\" \/>\n<meta name=\"twitter:card\" content=\"summary_large_image\" \/>\n<script type=\"application\/ld+json\" class=\"yoast-schema-graph\">{\"@context\":\"https:\/\/schema.org\",\"@graph\":[{\"@type\":\"WebPage\",\"@id\":\"https:\/\/www.gruppoliturgico.com\/fr\/produit\/porte-statue-de-procession\/\",\"url\":\"https:\/\/www.gruppoliturgico.com\/fr\/produit\/porte-statue-de-procession\/\",\"name\":\"Porte statue de procession - Porte statue de procession et Laboratorio Gruppo Liturgico\",\"isPartOf\":{\"@id\":\"https:\/\/www.gruppoliturgico.com\/es\/#website\"},\"datePublished\":\"2023-04-11T13:43:39+00:00\",\"dateModified\":\"2023-04-11T13:43:39+00:00\",\"description\":\"majestueuse porte statue de procession en bois sculpt\u00e9. Style baroque. Toutes les dorures sont r\u00e9alis\u00e9es \u00e0 la feuille d'or. Barres de procession amovibles. Dimensions : largeur 115 cm hauteur 55 cm profondeur 85 cm\",\"breadcrumb\":{\"@id\":\"https:\/\/www.gruppoliturgico.com\/fr\/produit\/porte-statue-de-procession\/#breadcrumb\"},\"inLanguage\":\"fr-FR\",\"potentialAction\":[{\"@type\":\"ReadAction\",\"target\":[\"https:\/\/www.gruppoliturgico.com\/fr\/produit\/porte-statue-de-procession\/\"]}]},{\"@type\":\"BreadcrumbList\",\"@id\":\"https:\/\/www.gruppoliturgico.com\/fr\/produit\/porte-statue-de-procession\/#breadcrumb\",\"itemListElement\":[{\"@type\":\"ListItem\",\"position\":1,\"name\":\"Home\",\"item\":\"https:\/\/www.gruppoliturgico.com\/fr\/\"},{\"@type\":\"ListItem\",\"position\":2,\"name\":\"Boutique\",\"item\":\"https:\/\/www.gruppoliturgico.com\/fr\/boutique\/\"},{\"@type\":\"ListItem\",\"position\":3,\"name\":\"Porte statue de procession\"}]},{\"@type\":\"WebSite\",\"@id\":\"https:\/\/www.gruppoliturgico.com\/es\/#website\",\"url\":\"https:\/\/www.gruppoliturgico.com\/es\/\",\"name\":\"Laboratorio Gruppo Liturgico\",\"description\":\"Articoli Religiosi online\",\"publisher\":{\"@id\":\"https:\/\/www.gruppoliturgico.com\/es\/#organization\"},\"potentialAction\":[{\"@type\":\"SearchAction\",\"target\":{\"@type\":\"EntryPoint\",\"urlTemplate\":\"https:\/\/www.gruppoliturgico.com\/es\/?s={search_term_string}\"},\"query-input\":\"required name=search_term_string\"}],\"inLanguage\":\"fr-FR\"},{\"@type\":\"Organization\",\"@id\":\"https:\/\/www.gruppoliturgico.com\/es\/#organization\",\"name\":\"Laboratorio Gruppo Liturgico\",\"url\":\"https:\/\/www.gruppoliturgico.com\/es\/\",\"logo\":{\"@type\":\"ImageObject\",\"inLanguage\":\"fr-FR\",\"@id\":\"https:\/\/www.gruppoliturgico.com\/es\/#\/schema\/logo\/image\/\",\"url\":\"https:\/\/www.gruppoliturgico.com\/wp-content\/uploads\/2022\/02\/logo-laboratoriogruppoliturgico.png\",\"contentUrl\":\"https:\/\/www.gruppoliturgico.com\/wp-content\/uploads\/2022\/02\/logo-laboratoriogruppoliturgico.png\",\"width\":400,\"height\":114,\"caption\":\"Laboratorio Gruppo Liturgico\"},\"image\":{\"@id\":\"https:\/\/www.gruppoliturgico.com\/es\/#\/schema\/logo\/image\/\"}}]}<\/script>\n<!-- \/ Yoast SEO plugin. -->","yoast_head_json":{"title":"Porte statue de procession - Porte statue de procession et Laboratorio Gruppo Liturgico","description":"majestueuse porte statue de procession en bois sculpt\u00e9.  Style baroque.  Toutes les dorures sont r\u00e9alis\u00e9es \u00e0 la feuille d'or.  Barres de procession amovibles.  Dimensions : largeur 115 cm  hauteur 55 cm  profondeur 85 cm","robots":{"index":"index","follow":"follow","max-snippet":"max-snippet:-1","max-image-preview":"max-image-preview:large","max-video-preview":"max-video-preview:-1"},"canonical":"https:\/\/www.gruppoliturgico.com\/fr\/produit\/porte-statue-de-procession\/","og_locale":"fr_FR","og_type":"article","og_title":"Porte statue de procession - Porte statue de procession et Laboratorio Gruppo Liturgico","og_description":"majestueuse porte statue de procession en bois sculpt\u00e9.  Style baroque.  Toutes les dorures sont r\u00e9alis\u00e9es \u00e0 la feuille d'or.  Barres de procession amovibles.  Dimensions : largeur 115 cm  hauteur 55 cm  profondeur 85 cm","og_url":"https:\/\/www.gruppoliturgico.com\/fr\/produit\/porte-statue-de-procession\/","og_site_name":"Laboratorio Gruppo Liturgico","twitter_card":"summary_large_image","schema":{"@context":"https:\/\/schema.org","@graph":[{"@type":"WebPage","@id":"https:\/\/www.gruppoliturgico.com\/fr\/produit\/porte-statue-de-procession\/","url":"https:\/\/www.gruppoliturgico.com\/fr\/produit\/porte-statue-de-procession\/","name":"Porte statue de procession - Porte statue de procession et Laboratorio Gruppo Liturgico","isPartOf":{"@id":"https:\/\/www.gruppoliturgico.com\/es\/#website"},"datePublished":"2023-04-11T13:43:39+00:00","dateModified":"2023-04-11T13:43:39+00:00","description":"majestueuse porte statue de procession en bois sculpt\u00e9. Style baroque. Toutes les dorures sont r\u00e9alis\u00e9es \u00e0 la feuille d'or. Barres de procession amovibles. Dimensions : largeur 115 cm hauteur 55 cm profondeur 85 cm","breadcrumb":{"@id":"https:\/\/www.gruppoliturgico.com\/fr\/produit\/porte-statue-de-procession\/#breadcrumb"},"inLanguage":"fr-FR","potentialAction":[{"@type":"ReadAction","target":["https:\/\/www.gruppoliturgico.com\/fr\/produit\/porte-statue-de-procession\/"]}]},{"@type":"BreadcrumbList","@id":"https:\/\/www.gruppoliturgico.com\/fr\/produit\/porte-statue-de-procession\/#breadcrumb","itemListElement":[{"@type":"ListItem","position":1,"name":"Home","item":"https:\/\/www.gruppoliturgico.com\/fr\/"},{"@type":"ListItem","position":2,"name":"Boutique","item":"https:\/\/www.gruppoliturgico.com\/fr\/boutique\/"},{"@type":"ListItem","position":3,"name":"Porte statue de procession"}]},{"@type":"WebSite","@id":"https:\/\/www.gruppoliturgico.com\/es\/#website","url":"https:\/\/www.gruppoliturgico.com\/es\/","name":"Laboratorio Gruppo Liturgico","description":"Articoli Religiosi online","publisher":{"@id":"https:\/\/www.gruppoliturgico.com\/es\/#organization"},"potentialAction":[{"@type":"SearchAction","target":{"@type":"EntryPoint","urlTemplate":"https:\/\/www.gruppoliturgico.com\/es\/?s={search_term_string}"},"query-input":"required name=search_term_string"}],"inLanguage":"fr-FR"},{"@type":"Organization","@id":"https:\/\/www.gruppoliturgico.com\/es\/#organization","name":"Laboratorio Gruppo Liturgico","url":"https:\/\/www.gruppoliturgico.com\/es\/","logo":{"@type":"ImageObject","inLanguage":"fr-FR","@id":"https:\/\/www.gruppoliturgico.com\/es\/#\/schema\/logo\/image\/","url":"https:\/\/www.gruppoliturgico.com\/wp-content\/uploads\/2022\/02\/logo-laboratoriogruppoliturgico.png","contentUrl":"https:\/\/www.gruppoliturgico.com\/wp-content\/uploads\/2022\/02\/logo-laboratoriogruppoliturgico.png","width":400,"height":114,"caption":"Laboratorio Gruppo Liturgico"},"image":{"@id":"https:\/\/www.gruppoliturgico.com\/es\/#\/schema\/logo\/image\/"}}]}},"_links":{"self":[{"href":"https:\/\/www.gruppoliturgico.com\/fr\/wp-json\/wp\/v2\/product\/121503"}],"collection":[{"href":"https:\/\/www.gruppoliturgico.com\/fr\/wp-json\/wp\/v2\/product"}],"about":[{"href":"https:\/\/www.gruppoliturgico.com\/fr\/wp-json\/wp\/v2\/types\/product"}],"wp:featuredmedia":[{"embeddable":true,"href":"https:\/\/www.gruppoliturgico.com\/fr\/wp-json\/wp\/v2\/media\/121491"}],"wp:attachment":[{"href":"https:\/\/www.gruppoliturgico.com\/fr\/wp-json\/wp\/v2\/media?parent=121503"}],"wp:term":[{"taxonomy":"product_cat","embeddable":true,"href":"https:\/\/www.gruppoliturgico.com\/fr\/wp-json\/wp\/v2\/product_cat?post=121503"},{"taxonomy":"product_tag","embeddable":true,"href":"https:\/\/www.gruppoliturgico.com\/fr\/wp-json\/wp\/v2\/product_tag?post=121503"}],"curies":[{"name":"wp","href":"https:\/\/api.w.org\/{rel}","templated":true}]}}