{"id":121476,"date":"2023-04-11T11:35:00","date_gmt":"2023-04-11T09:35:00","guid":{"rendered":"https:\/\/www.gruppoliturgico.com\/prodotto\/sacre-coeur-de-marie\/"},"modified":"2023-04-11T17:27:29","modified_gmt":"2023-04-11T15:27:29","slug":"sacre-coeur-de-marie","status":"publish","type":"product","link":"https:\/\/www.gruppoliturgico.com\/fr\/produit\/sacre-coeur-de-marie\/","title":{"rendered":"Sacr\u00e9-C\u0153ur de Marie cm 118"},"content":{"rendered":"<html><body><p>Statue expressive en bois de tilleul sculpt\u00e9e \u00e0 la main.<br>\nD\u00e9coration douce avec des couleurs \u00e0 l\u2019huile dans des tons pastel<br>\n\u0152uvre d\u2019un ma\u00eetre sculpteur de Val Gardena.<br>\nHauteur 118 cm.<\/p>\n<\/body><\/html>","protected":false},"excerpt":{"rendered":"<p>Statue expressive en bois de tilleul sculpt\u00e9e \u00e0 la main.<br \/>\nD\u00e9coration douce avec des couleurs \u00e0 l&rsquo;huile dans des tons pastel<br \/>\n\u0152uvre d&rsquo;un ma\u00eetre sculpteur de Val Gardena.<br \/>\nHauteur 118 cm.<\/p>\n","protected":false},"featured_media":134221,"template":"","meta":[],"product_cat":[12392],"product_tag":[],"yoast_head":"<!-- This site is optimized with the Yoast SEO plugin v20.4 - https:\/\/yoast.com\/wordpress\/plugins\/seo\/ -->\n<title>Sacr\u00e9-C\u0153ur de Marie cm 118 - Sainte Vierge et Laboratorio Gruppo Liturgico<\/title>\n<meta name=\"description\" content=\"Statue expressive en bois de tilleul sculpt\u00e9e \u00e0 la main. D\u00e9coration douce avec des couleurs \u00e0 l&#039;huile dans des tons pastel \u0152uvre d&#039;un ma\u00eetre sculpteur de Val Gardena. Hauteur 118 cm.\" \/>\n<meta name=\"robots\" content=\"index, follow, max-snippet:-1, max-image-preview:large, max-video-preview:-1\" \/>\n<link rel=\"canonical\" href=\"https:\/\/www.gruppoliturgico.com\/fr\/produit\/sacre-coeur-de-marie\/\" \/>\n<meta property=\"og:locale\" content=\"fr_FR\" \/>\n<meta property=\"og:type\" content=\"article\" \/>\n<meta property=\"og:title\" content=\"Sacr\u00e9-C\u0153ur de Marie cm 118 - Sainte Vierge et Laboratorio Gruppo Liturgico\" \/>\n<meta property=\"og:description\" content=\"Statue expressive en bois de tilleul sculpt\u00e9e \u00e0 la main. D\u00e9coration douce avec des couleurs \u00e0 l&#039;huile dans des tons pastel \u0152uvre d&#039;un ma\u00eetre sculpteur de Val Gardena. Hauteur 118 cm.\" \/>\n<meta property=\"og:url\" content=\"https:\/\/www.gruppoliturgico.com\/fr\/produit\/sacre-coeur-de-marie\/\" \/>\n<meta property=\"og:site_name\" content=\"Laboratorio Gruppo Liturgico\" \/>\n<meta property=\"article:modified_time\" content=\"2023-04-11T15:27:29+00:00\" \/>\n<meta property=\"og:image\" content=\"https:\/\/www.gruppoliturgico.com\/wp-content\/uploads\/2023\/04\/3616-nv_2-RIT.jpg\" \/>\n\t<meta property=\"og:image:width\" content=\"1208\" \/>\n\t<meta property=\"og:image:height\" content=\"2000\" \/>\n\t<meta property=\"og:image:type\" content=\"image\/jpeg\" \/>\n<meta name=\"twitter:card\" content=\"summary_large_image\" \/>\n<script type=\"application\/ld+json\" class=\"yoast-schema-graph\">{\"@context\":\"https:\/\/schema.org\",\"@graph\":[{\"@type\":\"WebPage\",\"@id\":\"https:\/\/www.gruppoliturgico.com\/fr\/produit\/sacre-coeur-de-marie\/\",\"url\":\"https:\/\/www.gruppoliturgico.com\/fr\/produit\/sacre-coeur-de-marie\/\",\"name\":\"Sacr\u00e9-C\u0153ur de Marie cm 118 - Sainte Vierge et Laboratorio Gruppo Liturgico\",\"isPartOf\":{\"@id\":\"https:\/\/www.gruppoliturgico.com\/es\/#website\"},\"datePublished\":\"2023-04-11T09:35:00+00:00\",\"dateModified\":\"2023-04-11T15:27:29+00:00\",\"description\":\"Statue expressive en bois de tilleul sculpt\u00e9e \u00e0 la main. D\u00e9coration douce avec des couleurs \u00e0 l'huile dans des tons pastel \u0152uvre d'un ma\u00eetre sculpteur de Val Gardena. Hauteur 118 cm.\",\"breadcrumb\":{\"@id\":\"https:\/\/www.gruppoliturgico.com\/fr\/produit\/sacre-coeur-de-marie\/#breadcrumb\"},\"inLanguage\":\"fr-FR\",\"potentialAction\":[{\"@type\":\"ReadAction\",\"target\":[\"https:\/\/www.gruppoliturgico.com\/fr\/produit\/sacre-coeur-de-marie\/\"]}]},{\"@type\":\"BreadcrumbList\",\"@id\":\"https:\/\/www.gruppoliturgico.com\/fr\/produit\/sacre-coeur-de-marie\/#breadcrumb\",\"itemListElement\":[{\"@type\":\"ListItem\",\"position\":1,\"name\":\"Home\",\"item\":\"https:\/\/www.gruppoliturgico.com\/fr\/\"},{\"@type\":\"ListItem\",\"position\":2,\"name\":\"Boutique\",\"item\":\"https:\/\/www.gruppoliturgico.com\/fr\/boutique\/\"},{\"@type\":\"ListItem\",\"position\":3,\"name\":\"Sacr\u00e9-C\u0153ur de Marie cm 118\"}]},{\"@type\":\"WebSite\",\"@id\":\"https:\/\/www.gruppoliturgico.com\/es\/#website\",\"url\":\"https:\/\/www.gruppoliturgico.com\/es\/\",\"name\":\"Laboratorio Gruppo Liturgico\",\"description\":\"Articoli Religiosi online\",\"publisher\":{\"@id\":\"https:\/\/www.gruppoliturgico.com\/es\/#organization\"},\"potentialAction\":[{\"@type\":\"SearchAction\",\"target\":{\"@type\":\"EntryPoint\",\"urlTemplate\":\"https:\/\/www.gruppoliturgico.com\/es\/?s={search_term_string}\"},\"query-input\":\"required name=search_term_string\"}],\"inLanguage\":\"fr-FR\"},{\"@type\":\"Organization\",\"@id\":\"https:\/\/www.gruppoliturgico.com\/es\/#organization\",\"name\":\"Laboratorio Gruppo Liturgico\",\"url\":\"https:\/\/www.gruppoliturgico.com\/es\/\",\"logo\":{\"@type\":\"ImageObject\",\"inLanguage\":\"fr-FR\",\"@id\":\"https:\/\/www.gruppoliturgico.com\/es\/#\/schema\/logo\/image\/\",\"url\":\"https:\/\/www.gruppoliturgico.com\/wp-content\/uploads\/2022\/02\/logo-laboratoriogruppoliturgico.png\",\"contentUrl\":\"https:\/\/www.gruppoliturgico.com\/wp-content\/uploads\/2022\/02\/logo-laboratoriogruppoliturgico.png\",\"width\":400,\"height\":114,\"caption\":\"Laboratorio Gruppo Liturgico\"},\"image\":{\"@id\":\"https:\/\/www.gruppoliturgico.com\/es\/#\/schema\/logo\/image\/\"}}]}<\/script>\n<!-- \/ Yoast SEO plugin. -->","yoast_head_json":{"title":"Sacr\u00e9-C\u0153ur de Marie cm 118 - Sainte Vierge et Laboratorio Gruppo Liturgico","description":"Statue expressive en bois de tilleul sculpt\u00e9e \u00e0 la main. D\u00e9coration douce avec des couleurs \u00e0 l'huile dans des tons pastel \u0152uvre d'un ma\u00eetre sculpteur de Val Gardena. Hauteur 118 cm.","robots":{"index":"index","follow":"follow","max-snippet":"max-snippet:-1","max-image-preview":"max-image-preview:large","max-video-preview":"max-video-preview:-1"},"canonical":"https:\/\/www.gruppoliturgico.com\/fr\/produit\/sacre-coeur-de-marie\/","og_locale":"fr_FR","og_type":"article","og_title":"Sacr\u00e9-C\u0153ur de Marie cm 118 - Sainte Vierge et Laboratorio Gruppo Liturgico","og_description":"Statue expressive en bois de tilleul sculpt\u00e9e \u00e0 la main. D\u00e9coration douce avec des couleurs \u00e0 l'huile dans des tons pastel \u0152uvre d'un ma\u00eetre sculpteur de Val Gardena. Hauteur 118 cm.","og_url":"https:\/\/www.gruppoliturgico.com\/fr\/produit\/sacre-coeur-de-marie\/","og_site_name":"Laboratorio Gruppo Liturgico","article_modified_time":"2023-04-11T15:27:29+00:00","og_image":[{"width":1208,"height":2000,"url":"https:\/\/www.gruppoliturgico.com\/wp-content\/uploads\/2023\/04\/3616-nv_2-RIT.jpg","type":"image\/jpeg"}],"twitter_card":"summary_large_image","schema":{"@context":"https:\/\/schema.org","@graph":[{"@type":"WebPage","@id":"https:\/\/www.gruppoliturgico.com\/fr\/produit\/sacre-coeur-de-marie\/","url":"https:\/\/www.gruppoliturgico.com\/fr\/produit\/sacre-coeur-de-marie\/","name":"Sacr\u00e9-C\u0153ur de Marie cm 118 - Sainte Vierge et Laboratorio Gruppo Liturgico","isPartOf":{"@id":"https:\/\/www.gruppoliturgico.com\/es\/#website"},"datePublished":"2023-04-11T09:35:00+00:00","dateModified":"2023-04-11T15:27:29+00:00","description":"Statue expressive en bois de tilleul sculpt\u00e9e \u00e0 la main. D\u00e9coration douce avec des couleurs \u00e0 l'huile dans des tons pastel \u0152uvre d'un ma\u00eetre sculpteur de Val Gardena. Hauteur 118 cm.","breadcrumb":{"@id":"https:\/\/www.gruppoliturgico.com\/fr\/produit\/sacre-coeur-de-marie\/#breadcrumb"},"inLanguage":"fr-FR","potentialAction":[{"@type":"ReadAction","target":["https:\/\/www.gruppoliturgico.com\/fr\/produit\/sacre-coeur-de-marie\/"]}]},{"@type":"BreadcrumbList","@id":"https:\/\/www.gruppoliturgico.com\/fr\/produit\/sacre-coeur-de-marie\/#breadcrumb","itemListElement":[{"@type":"ListItem","position":1,"name":"Home","item":"https:\/\/www.gruppoliturgico.com\/fr\/"},{"@type":"ListItem","position":2,"name":"Boutique","item":"https:\/\/www.gruppoliturgico.com\/fr\/boutique\/"},{"@type":"ListItem","position":3,"name":"Sacr\u00e9-C\u0153ur de Marie cm 118"}]},{"@type":"WebSite","@id":"https:\/\/www.gruppoliturgico.com\/es\/#website","url":"https:\/\/www.gruppoliturgico.com\/es\/","name":"Laboratorio Gruppo Liturgico","description":"Articoli Religiosi online","publisher":{"@id":"https:\/\/www.gruppoliturgico.com\/es\/#organization"},"potentialAction":[{"@type":"SearchAction","target":{"@type":"EntryPoint","urlTemplate":"https:\/\/www.gruppoliturgico.com\/es\/?s={search_term_string}"},"query-input":"required name=search_term_string"}],"inLanguage":"fr-FR"},{"@type":"Organization","@id":"https:\/\/www.gruppoliturgico.com\/es\/#organization","name":"Laboratorio Gruppo Liturgico","url":"https:\/\/www.gruppoliturgico.com\/es\/","logo":{"@type":"ImageObject","inLanguage":"fr-FR","@id":"https:\/\/www.gruppoliturgico.com\/es\/#\/schema\/logo\/image\/","url":"https:\/\/www.gruppoliturgico.com\/wp-content\/uploads\/2022\/02\/logo-laboratoriogruppoliturgico.png","contentUrl":"https:\/\/www.gruppoliturgico.com\/wp-content\/uploads\/2022\/02\/logo-laboratoriogruppoliturgico.png","width":400,"height":114,"caption":"Laboratorio Gruppo Liturgico"},"image":{"@id":"https:\/\/www.gruppoliturgico.com\/es\/#\/schema\/logo\/image\/"}}]}},"_links":{"self":[{"href":"https:\/\/www.gruppoliturgico.com\/fr\/wp-json\/wp\/v2\/product\/121476"}],"collection":[{"href":"https:\/\/www.gruppoliturgico.com\/fr\/wp-json\/wp\/v2\/product"}],"about":[{"href":"https:\/\/www.gruppoliturgico.com\/fr\/wp-json\/wp\/v2\/types\/product"}],"wp:featuredmedia":[{"embeddable":true,"href":"https:\/\/www.gruppoliturgico.com\/fr\/wp-json\/wp\/v2\/media\/134221"}],"wp:attachment":[{"href":"https:\/\/www.gruppoliturgico.com\/fr\/wp-json\/wp\/v2\/media?parent=121476"}],"wp:term":[{"taxonomy":"product_cat","embeddable":true,"href":"https:\/\/www.gruppoliturgico.com\/fr\/wp-json\/wp\/v2\/product_cat?post=121476"},{"taxonomy":"product_tag","embeddable":true,"href":"https:\/\/www.gruppoliturgico.com\/fr\/wp-json\/wp\/v2\/product_tag?post=121476"}],"curies":[{"name":"wp","href":"https:\/\/api.w.org\/{rel}","templated":true}]}}