{"id":121403,"date":"2023-04-08T09:31:32","date_gmt":"2023-04-08T07:31:32","guid":{"rendered":"https:\/\/www.gruppoliturgico.com\/prodotto\/chasuble-144\/"},"modified":"2023-04-08T09:31:32","modified_gmt":"2023-04-08T07:31:32","slug":"chasuble-144","status":"publish","type":"product","link":"https:\/\/www.gruppoliturgico.com\/fr\/produit\/chasuble-144\/","title":{"rendered":"Chasuble"},"content":{"rendered":"<html><body><p>Chasuble tiss\u00e9e \u00e0 la main en 55% laine et 45% polyester.<br>\nLa particularit\u00e9 de ce v\u00eatement est la d\u00e9licatesse de la vari\u00e9t\u00e9 des nuances de couleurs qui, partant de la base de la couleur liturgique choisie, s\u2019accentuent progressivement, enrichies \u00e0 la fois par la couleur et par des lignes de broderie plus marqu\u00e9es.<br>\nLa croix centrale, en fil d\u2019or, est ex\u00e9cut\u00e9e \u00ab\u00a0\u00e0 main lev\u00e9e\u00a0\u00bb et constitue un ornement simple mais tr\u00e8s expressif.<br>\nLa broderie est r\u00e9p\u00e9t\u00e9e sur toute la chasuble.<br>\nDisponible dans les coloris liturgiques.<\/p>\n<\/body><\/html>","protected":false},"excerpt":{"rendered":"<p>Chasuble tiss\u00e9e \u00e0 la main en 55% laine et 45% polyester.<br \/>\nLa particularit\u00e9 de ce v\u00eatement est la d\u00e9licatesse de la vari\u00e9t\u00e9 des nuances de couleurs qui, partant de la base de la couleur liturgique choisie, s&rsquo;accentuent progressivement, enrichies \u00e0 la fois par la couleur et par des lignes de broderie plus marqu\u00e9es.<br \/>\nLa croix centrale, en fil d&rsquo;or, est ex\u00e9cut\u00e9e \u00ab\u00a0\u00e0 main lev\u00e9e\u00a0\u00bb et constitue un ornement simple mais tr\u00e8s expressif.<br \/>\nLa broderie est r\u00e9p\u00e9t\u00e9e sur toute la chasuble.<br \/>\nDisponible dans les coloris liturgiques.<\/p>\n","protected":false},"featured_media":128652,"template":"","meta":[],"product_cat":[12240,12244],"product_tag":[],"yoast_head":"<!-- This site is optimized with the Yoast SEO plugin v20.4 - https:\/\/yoast.com\/wordpress\/plugins\/seo\/ -->\n<title>Chasuble - tiss\u00e9s \u00e0 la main, solennelles et Laboratorio Gruppo Liturgico<\/title>\n<meta name=\"description\" content=\"Chasuble tiss\u00e9e \u00e0 la main en 55% laine et 45% polyester. La particularit\u00e9 de ce v\u00eatement est la d\u00e9licatesse de la vari\u00e9t\u00e9 des nuances de couleurs qui, partant de la base de la couleur liturgique choisie, s&#039;accentuent progressivement, enrichies \u00e0 la fois par la couleur et par des lignes de broderie plus marqu\u00e9es.  La croix centrale, en fil d&#039;or, est ex\u00e9cut\u00e9e &quot;\u00e0 main lev\u00e9e&quot; et constitue un ornement simple mais tr\u00e8s expressif. La broderie est r\u00e9p\u00e9t\u00e9e sur toute la chasuble.  Disponible dans les coloris liturgiques.\" \/>\n<meta name=\"robots\" content=\"index, follow, max-snippet:-1, max-image-preview:large, max-video-preview:-1\" \/>\n<link rel=\"canonical\" href=\"https:\/\/www.gruppoliturgico.com\/fr\/produit\/chasuble-144\/\" \/>\n<meta property=\"og:locale\" content=\"fr_FR\" \/>\n<meta property=\"og:type\" content=\"article\" \/>\n<meta property=\"og:title\" content=\"Chasuble - tiss\u00e9s \u00e0 la main, solennelles et Laboratorio Gruppo Liturgico\" \/>\n<meta property=\"og:description\" content=\"Chasuble tiss\u00e9e \u00e0 la main en 55% laine et 45% polyester. La particularit\u00e9 de ce v\u00eatement est la d\u00e9licatesse de la vari\u00e9t\u00e9 des nuances de couleurs qui, partant de la base de la couleur liturgique choisie, s&#039;accentuent progressivement, enrichies \u00e0 la fois par la couleur et par des lignes de broderie plus marqu\u00e9es.  La croix centrale, en fil d&#039;or, est ex\u00e9cut\u00e9e &quot;\u00e0 main lev\u00e9e&quot; et constitue un ornement simple mais tr\u00e8s expressif. La broderie est r\u00e9p\u00e9t\u00e9e sur toute la chasuble.  Disponible dans les coloris liturgiques.\" \/>\n<meta property=\"og:url\" content=\"https:\/\/www.gruppoliturgico.com\/fr\/produit\/chasuble-144\/\" \/>\n<meta property=\"og:site_name\" content=\"Laboratorio Gruppo Liturgico\" \/>\n<meta property=\"og:image\" content=\"https:\/\/www.gruppoliturgico.com\/wp-content\/uploads\/2023\/04\/3920-bianco-corretto.jpg\" \/>\n\t<meta property=\"og:image:width\" content=\"1684\" \/>\n\t<meta property=\"og:image:height\" content=\"2000\" \/>\n\t<meta property=\"og:image:type\" content=\"image\/jpeg\" \/>\n<meta name=\"twitter:card\" content=\"summary_large_image\" \/>\n<script type=\"application\/ld+json\" class=\"yoast-schema-graph\">{\"@context\":\"https:\/\/schema.org\",\"@graph\":[{\"@type\":\"WebPage\",\"@id\":\"https:\/\/www.gruppoliturgico.com\/fr\/produit\/chasuble-144\/\",\"url\":\"https:\/\/www.gruppoliturgico.com\/fr\/produit\/chasuble-144\/\",\"name\":\"Chasuble - tiss\u00e9s \u00e0 la main, solennelles et Laboratorio Gruppo Liturgico\",\"isPartOf\":{\"@id\":\"https:\/\/www.gruppoliturgico.com\/es\/#website\"},\"datePublished\":\"2023-04-08T07:31:32+00:00\",\"dateModified\":\"2023-04-08T07:31:32+00:00\",\"description\":\"Chasuble tiss\u00e9e \u00e0 la main en 55% laine et 45% polyester. La particularit\u00e9 de ce v\u00eatement est la d\u00e9licatesse de la vari\u00e9t\u00e9 des nuances de couleurs qui, partant de la base de la couleur liturgique choisie, s'accentuent progressivement, enrichies \u00e0 la fois par la couleur et par des lignes de broderie plus marqu\u00e9es. La croix centrale, en fil d'or, est ex\u00e9cut\u00e9e \\\"\u00e0 main lev\u00e9e\\\" et constitue un ornement simple mais tr\u00e8s expressif. La broderie est r\u00e9p\u00e9t\u00e9e sur toute la chasuble. Disponible dans les coloris liturgiques.\",\"breadcrumb\":{\"@id\":\"https:\/\/www.gruppoliturgico.com\/fr\/produit\/chasuble-144\/#breadcrumb\"},\"inLanguage\":\"fr-FR\",\"potentialAction\":[{\"@type\":\"ReadAction\",\"target\":[\"https:\/\/www.gruppoliturgico.com\/fr\/produit\/chasuble-144\/\"]}]},{\"@type\":\"BreadcrumbList\",\"@id\":\"https:\/\/www.gruppoliturgico.com\/fr\/produit\/chasuble-144\/#breadcrumb\",\"itemListElement\":[{\"@type\":\"ListItem\",\"position\":1,\"name\":\"Home\",\"item\":\"https:\/\/www.gruppoliturgico.com\/fr\/\"},{\"@type\":\"ListItem\",\"position\":2,\"name\":\"Boutique\",\"item\":\"https:\/\/www.gruppoliturgico.com\/fr\/boutique\/\"},{\"@type\":\"ListItem\",\"position\":3,\"name\":\"Chasuble\"}]},{\"@type\":\"WebSite\",\"@id\":\"https:\/\/www.gruppoliturgico.com\/es\/#website\",\"url\":\"https:\/\/www.gruppoliturgico.com\/es\/\",\"name\":\"Laboratorio Gruppo Liturgico\",\"description\":\"Articoli Religiosi online\",\"publisher\":{\"@id\":\"https:\/\/www.gruppoliturgico.com\/es\/#organization\"},\"potentialAction\":[{\"@type\":\"SearchAction\",\"target\":{\"@type\":\"EntryPoint\",\"urlTemplate\":\"https:\/\/www.gruppoliturgico.com\/es\/?s={search_term_string}\"},\"query-input\":\"required name=search_term_string\"}],\"inLanguage\":\"fr-FR\"},{\"@type\":\"Organization\",\"@id\":\"https:\/\/www.gruppoliturgico.com\/es\/#organization\",\"name\":\"Laboratorio Gruppo Liturgico\",\"url\":\"https:\/\/www.gruppoliturgico.com\/es\/\",\"logo\":{\"@type\":\"ImageObject\",\"inLanguage\":\"fr-FR\",\"@id\":\"https:\/\/www.gruppoliturgico.com\/es\/#\/schema\/logo\/image\/\",\"url\":\"https:\/\/www.gruppoliturgico.com\/wp-content\/uploads\/2022\/02\/logo-laboratoriogruppoliturgico.png\",\"contentUrl\":\"https:\/\/www.gruppoliturgico.com\/wp-content\/uploads\/2022\/02\/logo-laboratoriogruppoliturgico.png\",\"width\":400,\"height\":114,\"caption\":\"Laboratorio Gruppo Liturgico\"},\"image\":{\"@id\":\"https:\/\/www.gruppoliturgico.com\/es\/#\/schema\/logo\/image\/\"}}]}<\/script>\n<!-- \/ Yoast SEO plugin. -->","yoast_head_json":{"title":"Chasuble - tiss\u00e9s \u00e0 la main, solennelles et Laboratorio Gruppo Liturgico","description":"Chasuble tiss\u00e9e \u00e0 la main en 55% laine et 45% polyester. La particularit\u00e9 de ce v\u00eatement est la d\u00e9licatesse de la vari\u00e9t\u00e9 des nuances de couleurs qui, partant de la base de la couleur liturgique choisie, s'accentuent progressivement, enrichies \u00e0 la fois par la couleur et par des lignes de broderie plus marqu\u00e9es.  La croix centrale, en fil d'or, est ex\u00e9cut\u00e9e \"\u00e0 main lev\u00e9e\" et constitue un ornement simple mais tr\u00e8s expressif. La broderie est r\u00e9p\u00e9t\u00e9e sur toute la chasuble.  Disponible dans les coloris liturgiques.","robots":{"index":"index","follow":"follow","max-snippet":"max-snippet:-1","max-image-preview":"max-image-preview:large","max-video-preview":"max-video-preview:-1"},"canonical":"https:\/\/www.gruppoliturgico.com\/fr\/produit\/chasuble-144\/","og_locale":"fr_FR","og_type":"article","og_title":"Chasuble - tiss\u00e9s \u00e0 la main, solennelles et Laboratorio Gruppo Liturgico","og_description":"Chasuble tiss\u00e9e \u00e0 la main en 55% laine et 45% polyester. La particularit\u00e9 de ce v\u00eatement est la d\u00e9licatesse de la vari\u00e9t\u00e9 des nuances de couleurs qui, partant de la base de la couleur liturgique choisie, s'accentuent progressivement, enrichies \u00e0 la fois par la couleur et par des lignes de broderie plus marqu\u00e9es.  La croix centrale, en fil d'or, est ex\u00e9cut\u00e9e \"\u00e0 main lev\u00e9e\" et constitue un ornement simple mais tr\u00e8s expressif. La broderie est r\u00e9p\u00e9t\u00e9e sur toute la chasuble.  Disponible dans les coloris liturgiques.","og_url":"https:\/\/www.gruppoliturgico.com\/fr\/produit\/chasuble-144\/","og_site_name":"Laboratorio Gruppo Liturgico","og_image":[{"width":1684,"height":2000,"url":"https:\/\/www.gruppoliturgico.com\/wp-content\/uploads\/2023\/04\/3920-bianco-corretto.jpg","type":"image\/jpeg"}],"twitter_card":"summary_large_image","schema":{"@context":"https:\/\/schema.org","@graph":[{"@type":"WebPage","@id":"https:\/\/www.gruppoliturgico.com\/fr\/produit\/chasuble-144\/","url":"https:\/\/www.gruppoliturgico.com\/fr\/produit\/chasuble-144\/","name":"Chasuble - tiss\u00e9s \u00e0 la main, solennelles et Laboratorio Gruppo Liturgico","isPartOf":{"@id":"https:\/\/www.gruppoliturgico.com\/es\/#website"},"datePublished":"2023-04-08T07:31:32+00:00","dateModified":"2023-04-08T07:31:32+00:00","description":"Chasuble tiss\u00e9e \u00e0 la main en 55% laine et 45% polyester. La particularit\u00e9 de ce v\u00eatement est la d\u00e9licatesse de la vari\u00e9t\u00e9 des nuances de couleurs qui, partant de la base de la couleur liturgique choisie, s'accentuent progressivement, enrichies \u00e0 la fois par la couleur et par des lignes de broderie plus marqu\u00e9es. La croix centrale, en fil d'or, est ex\u00e9cut\u00e9e \"\u00e0 main lev\u00e9e\" et constitue un ornement simple mais tr\u00e8s expressif. La broderie est r\u00e9p\u00e9t\u00e9e sur toute la chasuble. Disponible dans les coloris liturgiques.","breadcrumb":{"@id":"https:\/\/www.gruppoliturgico.com\/fr\/produit\/chasuble-144\/#breadcrumb"},"inLanguage":"fr-FR","potentialAction":[{"@type":"ReadAction","target":["https:\/\/www.gruppoliturgico.com\/fr\/produit\/chasuble-144\/"]}]},{"@type":"BreadcrumbList","@id":"https:\/\/www.gruppoliturgico.com\/fr\/produit\/chasuble-144\/#breadcrumb","itemListElement":[{"@type":"ListItem","position":1,"name":"Home","item":"https:\/\/www.gruppoliturgico.com\/fr\/"},{"@type":"ListItem","position":2,"name":"Boutique","item":"https:\/\/www.gruppoliturgico.com\/fr\/boutique\/"},{"@type":"ListItem","position":3,"name":"Chasuble"}]},{"@type":"WebSite","@id":"https:\/\/www.gruppoliturgico.com\/es\/#website","url":"https:\/\/www.gruppoliturgico.com\/es\/","name":"Laboratorio Gruppo Liturgico","description":"Articoli Religiosi online","publisher":{"@id":"https:\/\/www.gruppoliturgico.com\/es\/#organization"},"potentialAction":[{"@type":"SearchAction","target":{"@type":"EntryPoint","urlTemplate":"https:\/\/www.gruppoliturgico.com\/es\/?s={search_term_string}"},"query-input":"required name=search_term_string"}],"inLanguage":"fr-FR"},{"@type":"Organization","@id":"https:\/\/www.gruppoliturgico.com\/es\/#organization","name":"Laboratorio Gruppo Liturgico","url":"https:\/\/www.gruppoliturgico.com\/es\/","logo":{"@type":"ImageObject","inLanguage":"fr-FR","@id":"https:\/\/www.gruppoliturgico.com\/es\/#\/schema\/logo\/image\/","url":"https:\/\/www.gruppoliturgico.com\/wp-content\/uploads\/2022\/02\/logo-laboratoriogruppoliturgico.png","contentUrl":"https:\/\/www.gruppoliturgico.com\/wp-content\/uploads\/2022\/02\/logo-laboratoriogruppoliturgico.png","width":400,"height":114,"caption":"Laboratorio Gruppo Liturgico"},"image":{"@id":"https:\/\/www.gruppoliturgico.com\/es\/#\/schema\/logo\/image\/"}}]}},"_links":{"self":[{"href":"https:\/\/www.gruppoliturgico.com\/fr\/wp-json\/wp\/v2\/product\/121403"}],"collection":[{"href":"https:\/\/www.gruppoliturgico.com\/fr\/wp-json\/wp\/v2\/product"}],"about":[{"href":"https:\/\/www.gruppoliturgico.com\/fr\/wp-json\/wp\/v2\/types\/product"}],"wp:featuredmedia":[{"embeddable":true,"href":"https:\/\/www.gruppoliturgico.com\/fr\/wp-json\/wp\/v2\/media\/128652"}],"wp:attachment":[{"href":"https:\/\/www.gruppoliturgico.com\/fr\/wp-json\/wp\/v2\/media?parent=121403"}],"wp:term":[{"taxonomy":"product_cat","embeddable":true,"href":"https:\/\/www.gruppoliturgico.com\/fr\/wp-json\/wp\/v2\/product_cat?post=121403"},{"taxonomy":"product_tag","embeddable":true,"href":"https:\/\/www.gruppoliturgico.com\/fr\/wp-json\/wp\/v2\/product_tag?post=121403"}],"curies":[{"name":"wp","href":"https:\/\/api.w.org\/{rel}","templated":true}]}}