{"id":121239,"date":"2023-04-06T09:22:16","date_gmt":"2023-04-06T07:22:16","guid":{"rendered":"https:\/\/www.gruppoliturgico.com\/prodotto\/chasuble-143\/"},"modified":"2023-04-06T09:22:16","modified_gmt":"2023-04-06T07:22:16","slug":"chasuble-143","status":"publish","type":"product","link":"https:\/\/www.gruppoliturgico.com\/fr\/produit\/chasuble-143\/","title":{"rendered":"Chasuble"},"content":{"rendered":"<html><body><p>Chasuble en tissu laine 62% et polyester 38%.<br>\nFabriqu\u00e9e sur un m\u00e9tier \u00e0 main, elle se distingue par sa simplicit\u00e9 alli\u00e9e \u00e0 un grand raffinement.<br>\nLe tissu pr\u00e9sente une cha\u00eene de lignes enti\u00e8rement travaill\u00e9e, obtenue avec des fils dans le ton de la couleur liturgique choisie, ainsi que des bandes centrales contenant trois croix.<br>\nLa chasuble est enti\u00e8rement brod\u00e9e sur les deux faces.<br>\nDisponible dans les coloris Liturgiques.<\/p>\n<\/body><\/html>","protected":false},"excerpt":{"rendered":"<p>Chasuble en tissu laine 62% et polyester 38%.<br \/>\nFabriqu\u00e9e sur un m\u00e9tier \u00e0 main, elle se distingue par sa simplicit\u00e9 alli\u00e9e \u00e0 un grand raffinement.<br \/>\nLe tissu pr\u00e9sente une cha\u00eene de lignes enti\u00e8rement travaill\u00e9e, obtenue avec des fils dans le ton de la couleur liturgique choisie, ainsi que des bandes centrales contenant trois croix.<br \/>\nLa chasuble est enti\u00e8rement brod\u00e9e sur les deux faces.<br \/>\nDisponible dans les coloris Liturgiques.<\/p>\n","protected":false},"featured_media":128656,"template":"","meta":[],"product_cat":[12240,12244],"product_tag":[],"yoast_head":"<!-- This site is optimized with the Yoast SEO plugin v20.4 - https:\/\/yoast.com\/wordpress\/plugins\/seo\/ -->\n<title>Chasuble - tiss\u00e9s \u00e0 la main, solennelles et Laboratorio Gruppo Liturgico<\/title>\n<meta name=\"description\" content=\"Chasuble en tissu laine 62% et polyester 38%. Fabriqu\u00e9e sur un m\u00e9tier \u00e0 main, elle se distingue par sa simplicit\u00e9 alli\u00e9e \u00e0 un grand raffinement. Le tissu pr\u00e9sente une cha\u00eene de lignes enti\u00e8rement travaill\u00e9e, obtenue avec des fils dans le ton de la couleur liturgique choisie, ainsi que des bandes centrales contenant trois croix. La chasuble est enti\u00e8rement brod\u00e9e sur les deux faces. Disponible dans les coloris Liturgiques.\" \/>\n<meta name=\"robots\" content=\"index, follow, max-snippet:-1, max-image-preview:large, max-video-preview:-1\" \/>\n<link rel=\"canonical\" href=\"https:\/\/www.gruppoliturgico.com\/fr\/produit\/chasuble-143\/\" \/>\n<meta property=\"og:locale\" content=\"fr_FR\" \/>\n<meta property=\"og:type\" content=\"article\" \/>\n<meta property=\"og:title\" content=\"Chasuble - tiss\u00e9s \u00e0 la main, solennelles et Laboratorio Gruppo Liturgico\" \/>\n<meta property=\"og:description\" content=\"Chasuble en tissu laine 62% et polyester 38%. Fabriqu\u00e9e sur un m\u00e9tier \u00e0 main, elle se distingue par sa simplicit\u00e9 alli\u00e9e \u00e0 un grand raffinement. Le tissu pr\u00e9sente une cha\u00eene de lignes enti\u00e8rement travaill\u00e9e, obtenue avec des fils dans le ton de la couleur liturgique choisie, ainsi que des bandes centrales contenant trois croix. La chasuble est enti\u00e8rement brod\u00e9e sur les deux faces. Disponible dans les coloris Liturgiques.\" \/>\n<meta property=\"og:url\" content=\"https:\/\/www.gruppoliturgico.com\/fr\/produit\/chasuble-143\/\" \/>\n<meta property=\"og:site_name\" content=\"Laboratorio Gruppo Liturgico\" \/>\n<meta property=\"og:image\" content=\"https:\/\/www.gruppoliturgico.com\/wp-content\/uploads\/2023\/04\/3944-verde.jpg\" \/>\n\t<meta property=\"og:image:width\" content=\"1765\" \/>\n\t<meta property=\"og:image:height\" content=\"2000\" \/>\n\t<meta property=\"og:image:type\" content=\"image\/jpeg\" \/>\n<meta name=\"twitter:card\" content=\"summary_large_image\" \/>\n<script type=\"application\/ld+json\" class=\"yoast-schema-graph\">{\"@context\":\"https:\/\/schema.org\",\"@graph\":[{\"@type\":\"WebPage\",\"@id\":\"https:\/\/www.gruppoliturgico.com\/fr\/produit\/chasuble-143\/\",\"url\":\"https:\/\/www.gruppoliturgico.com\/fr\/produit\/chasuble-143\/\",\"name\":\"Chasuble - tiss\u00e9s \u00e0 la main, solennelles et Laboratorio Gruppo Liturgico\",\"isPartOf\":{\"@id\":\"https:\/\/www.gruppoliturgico.com\/es\/#website\"},\"datePublished\":\"2023-04-06T07:22:16+00:00\",\"dateModified\":\"2023-04-06T07:22:16+00:00\",\"description\":\"Chasuble en tissu laine 62% et polyester 38%. Fabriqu\u00e9e sur un m\u00e9tier \u00e0 main, elle se distingue par sa simplicit\u00e9 alli\u00e9e \u00e0 un grand raffinement. Le tissu pr\u00e9sente une cha\u00eene de lignes enti\u00e8rement travaill\u00e9e, obtenue avec des fils dans le ton de la couleur liturgique choisie, ainsi que des bandes centrales contenant trois croix. La chasuble est enti\u00e8rement brod\u00e9e sur les deux faces. Disponible dans les coloris Liturgiques.\",\"breadcrumb\":{\"@id\":\"https:\/\/www.gruppoliturgico.com\/fr\/produit\/chasuble-143\/#breadcrumb\"},\"inLanguage\":\"fr-FR\",\"potentialAction\":[{\"@type\":\"ReadAction\",\"target\":[\"https:\/\/www.gruppoliturgico.com\/fr\/produit\/chasuble-143\/\"]}]},{\"@type\":\"BreadcrumbList\",\"@id\":\"https:\/\/www.gruppoliturgico.com\/fr\/produit\/chasuble-143\/#breadcrumb\",\"itemListElement\":[{\"@type\":\"ListItem\",\"position\":1,\"name\":\"Home\",\"item\":\"https:\/\/www.gruppoliturgico.com\/fr\/\"},{\"@type\":\"ListItem\",\"position\":2,\"name\":\"Boutique\",\"item\":\"https:\/\/www.gruppoliturgico.com\/fr\/boutique\/\"},{\"@type\":\"ListItem\",\"position\":3,\"name\":\"Chasuble\"}]},{\"@type\":\"WebSite\",\"@id\":\"https:\/\/www.gruppoliturgico.com\/es\/#website\",\"url\":\"https:\/\/www.gruppoliturgico.com\/es\/\",\"name\":\"Laboratorio Gruppo Liturgico\",\"description\":\"Articoli Religiosi online\",\"publisher\":{\"@id\":\"https:\/\/www.gruppoliturgico.com\/es\/#organization\"},\"potentialAction\":[{\"@type\":\"SearchAction\",\"target\":{\"@type\":\"EntryPoint\",\"urlTemplate\":\"https:\/\/www.gruppoliturgico.com\/es\/?s={search_term_string}\"},\"query-input\":\"required name=search_term_string\"}],\"inLanguage\":\"fr-FR\"},{\"@type\":\"Organization\",\"@id\":\"https:\/\/www.gruppoliturgico.com\/es\/#organization\",\"name\":\"Laboratorio Gruppo Liturgico\",\"url\":\"https:\/\/www.gruppoliturgico.com\/es\/\",\"logo\":{\"@type\":\"ImageObject\",\"inLanguage\":\"fr-FR\",\"@id\":\"https:\/\/www.gruppoliturgico.com\/es\/#\/schema\/logo\/image\/\",\"url\":\"https:\/\/www.gruppoliturgico.com\/wp-content\/uploads\/2022\/02\/logo-laboratoriogruppoliturgico.png\",\"contentUrl\":\"https:\/\/www.gruppoliturgico.com\/wp-content\/uploads\/2022\/02\/logo-laboratoriogruppoliturgico.png\",\"width\":400,\"height\":114,\"caption\":\"Laboratorio Gruppo Liturgico\"},\"image\":{\"@id\":\"https:\/\/www.gruppoliturgico.com\/es\/#\/schema\/logo\/image\/\"}}]}<\/script>\n<!-- \/ Yoast SEO plugin. -->","yoast_head_json":{"title":"Chasuble - tiss\u00e9s \u00e0 la main, solennelles et Laboratorio Gruppo Liturgico","description":"Chasuble en tissu laine 62% et polyester 38%. Fabriqu\u00e9e sur un m\u00e9tier \u00e0 main, elle se distingue par sa simplicit\u00e9 alli\u00e9e \u00e0 un grand raffinement. Le tissu pr\u00e9sente une cha\u00eene de lignes enti\u00e8rement travaill\u00e9e, obtenue avec des fils dans le ton de la couleur liturgique choisie, ainsi que des bandes centrales contenant trois croix. La chasuble est enti\u00e8rement brod\u00e9e sur les deux faces. Disponible dans les coloris Liturgiques.","robots":{"index":"index","follow":"follow","max-snippet":"max-snippet:-1","max-image-preview":"max-image-preview:large","max-video-preview":"max-video-preview:-1"},"canonical":"https:\/\/www.gruppoliturgico.com\/fr\/produit\/chasuble-143\/","og_locale":"fr_FR","og_type":"article","og_title":"Chasuble - tiss\u00e9s \u00e0 la main, solennelles et Laboratorio Gruppo Liturgico","og_description":"Chasuble en tissu laine 62% et polyester 38%. Fabriqu\u00e9e sur un m\u00e9tier \u00e0 main, elle se distingue par sa simplicit\u00e9 alli\u00e9e \u00e0 un grand raffinement. Le tissu pr\u00e9sente une cha\u00eene de lignes enti\u00e8rement travaill\u00e9e, obtenue avec des fils dans le ton de la couleur liturgique choisie, ainsi que des bandes centrales contenant trois croix. La chasuble est enti\u00e8rement brod\u00e9e sur les deux faces. Disponible dans les coloris Liturgiques.","og_url":"https:\/\/www.gruppoliturgico.com\/fr\/produit\/chasuble-143\/","og_site_name":"Laboratorio Gruppo Liturgico","og_image":[{"width":1765,"height":2000,"url":"https:\/\/www.gruppoliturgico.com\/wp-content\/uploads\/2023\/04\/3944-verde.jpg","type":"image\/jpeg"}],"twitter_card":"summary_large_image","schema":{"@context":"https:\/\/schema.org","@graph":[{"@type":"WebPage","@id":"https:\/\/www.gruppoliturgico.com\/fr\/produit\/chasuble-143\/","url":"https:\/\/www.gruppoliturgico.com\/fr\/produit\/chasuble-143\/","name":"Chasuble - tiss\u00e9s \u00e0 la main, solennelles et Laboratorio Gruppo Liturgico","isPartOf":{"@id":"https:\/\/www.gruppoliturgico.com\/es\/#website"},"datePublished":"2023-04-06T07:22:16+00:00","dateModified":"2023-04-06T07:22:16+00:00","description":"Chasuble en tissu laine 62% et polyester 38%. Fabriqu\u00e9e sur un m\u00e9tier \u00e0 main, elle se distingue par sa simplicit\u00e9 alli\u00e9e \u00e0 un grand raffinement. Le tissu pr\u00e9sente une cha\u00eene de lignes enti\u00e8rement travaill\u00e9e, obtenue avec des fils dans le ton de la couleur liturgique choisie, ainsi que des bandes centrales contenant trois croix. La chasuble est enti\u00e8rement brod\u00e9e sur les deux faces. Disponible dans les coloris Liturgiques.","breadcrumb":{"@id":"https:\/\/www.gruppoliturgico.com\/fr\/produit\/chasuble-143\/#breadcrumb"},"inLanguage":"fr-FR","potentialAction":[{"@type":"ReadAction","target":["https:\/\/www.gruppoliturgico.com\/fr\/produit\/chasuble-143\/"]}]},{"@type":"BreadcrumbList","@id":"https:\/\/www.gruppoliturgico.com\/fr\/produit\/chasuble-143\/#breadcrumb","itemListElement":[{"@type":"ListItem","position":1,"name":"Home","item":"https:\/\/www.gruppoliturgico.com\/fr\/"},{"@type":"ListItem","position":2,"name":"Boutique","item":"https:\/\/www.gruppoliturgico.com\/fr\/boutique\/"},{"@type":"ListItem","position":3,"name":"Chasuble"}]},{"@type":"WebSite","@id":"https:\/\/www.gruppoliturgico.com\/es\/#website","url":"https:\/\/www.gruppoliturgico.com\/es\/","name":"Laboratorio Gruppo Liturgico","description":"Articoli Religiosi online","publisher":{"@id":"https:\/\/www.gruppoliturgico.com\/es\/#organization"},"potentialAction":[{"@type":"SearchAction","target":{"@type":"EntryPoint","urlTemplate":"https:\/\/www.gruppoliturgico.com\/es\/?s={search_term_string}"},"query-input":"required name=search_term_string"}],"inLanguage":"fr-FR"},{"@type":"Organization","@id":"https:\/\/www.gruppoliturgico.com\/es\/#organization","name":"Laboratorio Gruppo Liturgico","url":"https:\/\/www.gruppoliturgico.com\/es\/","logo":{"@type":"ImageObject","inLanguage":"fr-FR","@id":"https:\/\/www.gruppoliturgico.com\/es\/#\/schema\/logo\/image\/","url":"https:\/\/www.gruppoliturgico.com\/wp-content\/uploads\/2022\/02\/logo-laboratoriogruppoliturgico.png","contentUrl":"https:\/\/www.gruppoliturgico.com\/wp-content\/uploads\/2022\/02\/logo-laboratoriogruppoliturgico.png","width":400,"height":114,"caption":"Laboratorio Gruppo Liturgico"},"image":{"@id":"https:\/\/www.gruppoliturgico.com\/es\/#\/schema\/logo\/image\/"}}]}},"_links":{"self":[{"href":"https:\/\/www.gruppoliturgico.com\/fr\/wp-json\/wp\/v2\/product\/121239"}],"collection":[{"href":"https:\/\/www.gruppoliturgico.com\/fr\/wp-json\/wp\/v2\/product"}],"about":[{"href":"https:\/\/www.gruppoliturgico.com\/fr\/wp-json\/wp\/v2\/types\/product"}],"wp:featuredmedia":[{"embeddable":true,"href":"https:\/\/www.gruppoliturgico.com\/fr\/wp-json\/wp\/v2\/media\/128656"}],"wp:attachment":[{"href":"https:\/\/www.gruppoliturgico.com\/fr\/wp-json\/wp\/v2\/media?parent=121239"}],"wp:term":[{"taxonomy":"product_cat","embeddable":true,"href":"https:\/\/www.gruppoliturgico.com\/fr\/wp-json\/wp\/v2\/product_cat?post=121239"},{"taxonomy":"product_tag","embeddable":true,"href":"https:\/\/www.gruppoliturgico.com\/fr\/wp-json\/wp\/v2\/product_tag?post=121239"}],"curies":[{"name":"wp","href":"https:\/\/api.w.org\/{rel}","templated":true}]}}