{"id":121135,"date":"2023-04-05T16:24:54","date_gmt":"2023-04-05T14:24:54","guid":{"rendered":"https:\/\/www.gruppoliturgico.com\/prodotto\/chasuble-72\/"},"modified":"2023-04-05T16:24:54","modified_gmt":"2023-04-05T14:24:54","slug":"chasuble-72","status":"publish","type":"product","link":"https:\/\/www.gruppoliturgico.com\/fr\/produit\/chasuble-72\/","title":{"rendered":"Chasuble"},"content":{"rendered":"<html><body><p>Importante chasuble enti\u00e8rement tiss\u00e9e au m\u00e9tier \u00e0 main, 60% laine, 35% polyester et 5% lurex.<br>\nElle est orn\u00e9e sur les deux faces de broderies originales.<br>\nAu centre se trouve une croix brod\u00e9e de fil d\u2019or, sur toute la chasuble se r\u00e9p\u00e8te une broderie de lignes entrelac\u00e9es en lurex d\u2019or.<br>\nDisponibles dans tous les coloris Liturgiques<\/p>\n<\/body><\/html>","protected":false},"excerpt":{"rendered":"<p>Importante chasuble enti\u00e8rement tiss\u00e9e au m\u00e9tier \u00e0 main, 60% laine, 35% polyester et 5% lurex.<br \/>\nElle est orn\u00e9e sur les deux faces de broderies originales.<br \/>\nAu centre se trouve une croix brod\u00e9e de fil d&rsquo;or, sur toute la chasuble se r\u00e9p\u00e8te une broderie de lignes entrelac\u00e9es en lurex d&rsquo;or.<br \/>\nDisponibles dans tous les coloris Liturgiques<\/p>\n","protected":false},"featured_media":128664,"template":"","meta":[],"product_cat":[12240,12244],"product_tag":[],"yoast_head":"<!-- This site is optimized with the Yoast SEO plugin v20.4 - https:\/\/yoast.com\/wordpress\/plugins\/seo\/ -->\n<title>Chasuble - tiss\u00e9s \u00e0 la main, solennelles et Laboratorio Gruppo Liturgico<\/title>\n<meta name=\"description\" content=\"Importante chasuble enti\u00e8rement tiss\u00e9e au m\u00e9tier \u00e0 main, 60% laine, 35% polyester et 5% lurex. Elle est orn\u00e9e sur les deux faces de broderies originales. Au centre se trouve une croix brod\u00e9e de fil d&#039;or, sur toute la chasuble se r\u00e9p\u00e8te une broderie de lignes entrelac\u00e9es en lurex d&#039;or. Disponibles dans tous les coloris Liturgiques\" \/>\n<meta name=\"robots\" content=\"index, follow, max-snippet:-1, max-image-preview:large, max-video-preview:-1\" \/>\n<link rel=\"canonical\" href=\"https:\/\/www.gruppoliturgico.com\/fr\/produit\/chasuble-72\/\" \/>\n<meta property=\"og:locale\" content=\"fr_FR\" \/>\n<meta property=\"og:type\" content=\"article\" \/>\n<meta property=\"og:title\" content=\"Chasuble - tiss\u00e9s \u00e0 la main, solennelles et Laboratorio Gruppo Liturgico\" \/>\n<meta property=\"og:description\" content=\"Importante chasuble enti\u00e8rement tiss\u00e9e au m\u00e9tier \u00e0 main, 60% laine, 35% polyester et 5% lurex. Elle est orn\u00e9e sur les deux faces de broderies originales. Au centre se trouve une croix brod\u00e9e de fil d&#039;or, sur toute la chasuble se r\u00e9p\u00e8te une broderie de lignes entrelac\u00e9es en lurex d&#039;or. Disponibles dans tous les coloris Liturgiques\" \/>\n<meta property=\"og:url\" content=\"https:\/\/www.gruppoliturgico.com\/fr\/produit\/chasuble-72\/\" \/>\n<meta property=\"og:site_name\" content=\"Laboratorio Gruppo Liturgico\" \/>\n<meta property=\"og:image\" content=\"https:\/\/www.gruppoliturgico.com\/wp-content\/uploads\/2023\/04\/3919.jpg\" \/>\n\t<meta property=\"og:image:width\" content=\"1254\" \/>\n\t<meta property=\"og:image:height\" content=\"2000\" \/>\n\t<meta property=\"og:image:type\" content=\"image\/jpeg\" \/>\n<meta name=\"twitter:card\" content=\"summary_large_image\" \/>\n<script type=\"application\/ld+json\" class=\"yoast-schema-graph\">{\"@context\":\"https:\/\/schema.org\",\"@graph\":[{\"@type\":\"WebPage\",\"@id\":\"https:\/\/www.gruppoliturgico.com\/fr\/produit\/chasuble-72\/\",\"url\":\"https:\/\/www.gruppoliturgico.com\/fr\/produit\/chasuble-72\/\",\"name\":\"Chasuble - tiss\u00e9s \u00e0 la main, solennelles et Laboratorio Gruppo Liturgico\",\"isPartOf\":{\"@id\":\"https:\/\/www.gruppoliturgico.com\/es\/#website\"},\"datePublished\":\"2023-04-05T14:24:54+00:00\",\"dateModified\":\"2023-04-05T14:24:54+00:00\",\"description\":\"Importante chasuble enti\u00e8rement tiss\u00e9e au m\u00e9tier \u00e0 main, 60% laine, 35% polyester et 5% lurex. Elle est orn\u00e9e sur les deux faces de broderies originales. Au centre se trouve une croix brod\u00e9e de fil d'or, sur toute la chasuble se r\u00e9p\u00e8te une broderie de lignes entrelac\u00e9es en lurex d'or. Disponibles dans tous les coloris Liturgiques\",\"breadcrumb\":{\"@id\":\"https:\/\/www.gruppoliturgico.com\/fr\/produit\/chasuble-72\/#breadcrumb\"},\"inLanguage\":\"fr-FR\",\"potentialAction\":[{\"@type\":\"ReadAction\",\"target\":[\"https:\/\/www.gruppoliturgico.com\/fr\/produit\/chasuble-72\/\"]}]},{\"@type\":\"BreadcrumbList\",\"@id\":\"https:\/\/www.gruppoliturgico.com\/fr\/produit\/chasuble-72\/#breadcrumb\",\"itemListElement\":[{\"@type\":\"ListItem\",\"position\":1,\"name\":\"Home\",\"item\":\"https:\/\/www.gruppoliturgico.com\/fr\/\"},{\"@type\":\"ListItem\",\"position\":2,\"name\":\"Boutique\",\"item\":\"https:\/\/www.gruppoliturgico.com\/fr\/boutique\/\"},{\"@type\":\"ListItem\",\"position\":3,\"name\":\"Chasuble\"}]},{\"@type\":\"WebSite\",\"@id\":\"https:\/\/www.gruppoliturgico.com\/es\/#website\",\"url\":\"https:\/\/www.gruppoliturgico.com\/es\/\",\"name\":\"Laboratorio Gruppo Liturgico\",\"description\":\"Articoli Religiosi online\",\"publisher\":{\"@id\":\"https:\/\/www.gruppoliturgico.com\/es\/#organization\"},\"potentialAction\":[{\"@type\":\"SearchAction\",\"target\":{\"@type\":\"EntryPoint\",\"urlTemplate\":\"https:\/\/www.gruppoliturgico.com\/es\/?s={search_term_string}\"},\"query-input\":\"required name=search_term_string\"}],\"inLanguage\":\"fr-FR\"},{\"@type\":\"Organization\",\"@id\":\"https:\/\/www.gruppoliturgico.com\/es\/#organization\",\"name\":\"Laboratorio Gruppo Liturgico\",\"url\":\"https:\/\/www.gruppoliturgico.com\/es\/\",\"logo\":{\"@type\":\"ImageObject\",\"inLanguage\":\"fr-FR\",\"@id\":\"https:\/\/www.gruppoliturgico.com\/es\/#\/schema\/logo\/image\/\",\"url\":\"https:\/\/www.gruppoliturgico.com\/wp-content\/uploads\/2022\/02\/logo-laboratoriogruppoliturgico.png\",\"contentUrl\":\"https:\/\/www.gruppoliturgico.com\/wp-content\/uploads\/2022\/02\/logo-laboratoriogruppoliturgico.png\",\"width\":400,\"height\":114,\"caption\":\"Laboratorio Gruppo Liturgico\"},\"image\":{\"@id\":\"https:\/\/www.gruppoliturgico.com\/es\/#\/schema\/logo\/image\/\"}}]}<\/script>\n<!-- \/ Yoast SEO plugin. -->","yoast_head_json":{"title":"Chasuble - tiss\u00e9s \u00e0 la main, solennelles et Laboratorio Gruppo Liturgico","description":"Importante chasuble enti\u00e8rement tiss\u00e9e au m\u00e9tier \u00e0 main, 60% laine, 35% polyester et 5% lurex. Elle est orn\u00e9e sur les deux faces de broderies originales. Au centre se trouve une croix brod\u00e9e de fil d'or, sur toute la chasuble se r\u00e9p\u00e8te une broderie de lignes entrelac\u00e9es en lurex d'or. Disponibles dans tous les coloris Liturgiques","robots":{"index":"index","follow":"follow","max-snippet":"max-snippet:-1","max-image-preview":"max-image-preview:large","max-video-preview":"max-video-preview:-1"},"canonical":"https:\/\/www.gruppoliturgico.com\/fr\/produit\/chasuble-72\/","og_locale":"fr_FR","og_type":"article","og_title":"Chasuble - tiss\u00e9s \u00e0 la main, solennelles et Laboratorio Gruppo Liturgico","og_description":"Importante chasuble enti\u00e8rement tiss\u00e9e au m\u00e9tier \u00e0 main, 60% laine, 35% polyester et 5% lurex. Elle est orn\u00e9e sur les deux faces de broderies originales. Au centre se trouve une croix brod\u00e9e de fil d'or, sur toute la chasuble se r\u00e9p\u00e8te une broderie de lignes entrelac\u00e9es en lurex d'or. Disponibles dans tous les coloris Liturgiques","og_url":"https:\/\/www.gruppoliturgico.com\/fr\/produit\/chasuble-72\/","og_site_name":"Laboratorio Gruppo Liturgico","og_image":[{"width":1254,"height":2000,"url":"https:\/\/www.gruppoliturgico.com\/wp-content\/uploads\/2023\/04\/3919.jpg","type":"image\/jpeg"}],"twitter_card":"summary_large_image","schema":{"@context":"https:\/\/schema.org","@graph":[{"@type":"WebPage","@id":"https:\/\/www.gruppoliturgico.com\/fr\/produit\/chasuble-72\/","url":"https:\/\/www.gruppoliturgico.com\/fr\/produit\/chasuble-72\/","name":"Chasuble - tiss\u00e9s \u00e0 la main, solennelles et Laboratorio Gruppo Liturgico","isPartOf":{"@id":"https:\/\/www.gruppoliturgico.com\/es\/#website"},"datePublished":"2023-04-05T14:24:54+00:00","dateModified":"2023-04-05T14:24:54+00:00","description":"Importante chasuble enti\u00e8rement tiss\u00e9e au m\u00e9tier \u00e0 main, 60% laine, 35% polyester et 5% lurex. Elle est orn\u00e9e sur les deux faces de broderies originales. Au centre se trouve une croix brod\u00e9e de fil d'or, sur toute la chasuble se r\u00e9p\u00e8te une broderie de lignes entrelac\u00e9es en lurex d'or. Disponibles dans tous les coloris Liturgiques","breadcrumb":{"@id":"https:\/\/www.gruppoliturgico.com\/fr\/produit\/chasuble-72\/#breadcrumb"},"inLanguage":"fr-FR","potentialAction":[{"@type":"ReadAction","target":["https:\/\/www.gruppoliturgico.com\/fr\/produit\/chasuble-72\/"]}]},{"@type":"BreadcrumbList","@id":"https:\/\/www.gruppoliturgico.com\/fr\/produit\/chasuble-72\/#breadcrumb","itemListElement":[{"@type":"ListItem","position":1,"name":"Home","item":"https:\/\/www.gruppoliturgico.com\/fr\/"},{"@type":"ListItem","position":2,"name":"Boutique","item":"https:\/\/www.gruppoliturgico.com\/fr\/boutique\/"},{"@type":"ListItem","position":3,"name":"Chasuble"}]},{"@type":"WebSite","@id":"https:\/\/www.gruppoliturgico.com\/es\/#website","url":"https:\/\/www.gruppoliturgico.com\/es\/","name":"Laboratorio Gruppo Liturgico","description":"Articoli Religiosi online","publisher":{"@id":"https:\/\/www.gruppoliturgico.com\/es\/#organization"},"potentialAction":[{"@type":"SearchAction","target":{"@type":"EntryPoint","urlTemplate":"https:\/\/www.gruppoliturgico.com\/es\/?s={search_term_string}"},"query-input":"required name=search_term_string"}],"inLanguage":"fr-FR"},{"@type":"Organization","@id":"https:\/\/www.gruppoliturgico.com\/es\/#organization","name":"Laboratorio Gruppo Liturgico","url":"https:\/\/www.gruppoliturgico.com\/es\/","logo":{"@type":"ImageObject","inLanguage":"fr-FR","@id":"https:\/\/www.gruppoliturgico.com\/es\/#\/schema\/logo\/image\/","url":"https:\/\/www.gruppoliturgico.com\/wp-content\/uploads\/2022\/02\/logo-laboratoriogruppoliturgico.png","contentUrl":"https:\/\/www.gruppoliturgico.com\/wp-content\/uploads\/2022\/02\/logo-laboratoriogruppoliturgico.png","width":400,"height":114,"caption":"Laboratorio Gruppo Liturgico"},"image":{"@id":"https:\/\/www.gruppoliturgico.com\/es\/#\/schema\/logo\/image\/"}}]}},"_links":{"self":[{"href":"https:\/\/www.gruppoliturgico.com\/fr\/wp-json\/wp\/v2\/product\/121135"}],"collection":[{"href":"https:\/\/www.gruppoliturgico.com\/fr\/wp-json\/wp\/v2\/product"}],"about":[{"href":"https:\/\/www.gruppoliturgico.com\/fr\/wp-json\/wp\/v2\/types\/product"}],"wp:featuredmedia":[{"embeddable":true,"href":"https:\/\/www.gruppoliturgico.com\/fr\/wp-json\/wp\/v2\/media\/128664"}],"wp:attachment":[{"href":"https:\/\/www.gruppoliturgico.com\/fr\/wp-json\/wp\/v2\/media?parent=121135"}],"wp:term":[{"taxonomy":"product_cat","embeddable":true,"href":"https:\/\/www.gruppoliturgico.com\/fr\/wp-json\/wp\/v2\/product_cat?post=121135"},{"taxonomy":"product_tag","embeddable":true,"href":"https:\/\/www.gruppoliturgico.com\/fr\/wp-json\/wp\/v2\/product_tag?post=121135"}],"curies":[{"name":"wp","href":"https:\/\/api.w.org\/{rel}","templated":true}]}}