{"id":121101,"date":"2023-04-05T15:54:13","date_gmt":"2023-04-05T13:54:13","guid":{"rendered":"https:\/\/www.gruppoliturgico.com\/prodotto\/chasuble-69\/"},"modified":"2023-04-05T15:54:13","modified_gmt":"2023-04-05T13:54:13","slug":"chasuble-69","status":"publish","type":"product","link":"https:\/\/www.gruppoliturgico.com\/fr\/produit\/chasuble-69\/","title":{"rendered":""},"content":{"rendered":"<html><body><p>Importante chasuble enti\u00e8rement tiss\u00e9e au m\u00e9tier \u00e0 main, 62% laine et 38% polyester.<br>\nElle est orn\u00e9e sur les deux faces de broderies originales.<br>\nLe galon central est une broderie au fil d\u2019or sur laquelle se d\u00e9tachent trois croix r\u00e9alis\u00e9es avec la technique de la broderie incrust\u00e9e en grand relief.<br>\nDisponibles dans tous les coloris Liturgiques<\/p>\n<\/body><\/html>","protected":false},"excerpt":{"rendered":"<p>Importante chasuble enti\u00e8rement tiss\u00e9e au m\u00e9tier \u00e0 main, 62% laine et 38% polyester.<br \/>\nElle est orn\u00e9e sur les deux faces de broderies originales.<br \/>\nLe galon central est une broderie au fil d&rsquo;or sur laquelle se d\u00e9tachent trois croix r\u00e9alis\u00e9es avec la technique de la broderie incrust\u00e9e en grand relief.<br \/>\nDisponibles dans tous les coloris Liturgiques<\/p>\n","protected":false},"featured_media":135760,"template":"","meta":[],"product_cat":[12240,12244],"product_tag":[],"yoast_head":"<!-- This site is optimized with the Yoast SEO plugin v20.4 - https:\/\/yoast.com\/wordpress\/plugins\/seo\/ -->\n<title>- tiss\u00e9s \u00e0 la main, solennelles et Laboratorio Gruppo Liturgico<\/title>\n<meta name=\"description\" content=\"Importante chasuble enti\u00e8rement tiss\u00e9e au m\u00e9tier \u00e0 main, 62% laine et 38% polyester. Elle est orn\u00e9e sur les deux faces de broderies originales. Le galon central est une broderie au fil d&#039;or sur laquelle se d\u00e9tachent trois croix r\u00e9alis\u00e9es avec la technique de la broderie incrust\u00e9e en grand relief. Disponibles dans tous les coloris Liturgiques\" \/>\n<meta name=\"robots\" content=\"index, follow, max-snippet:-1, max-image-preview:large, max-video-preview:-1\" \/>\n<link rel=\"canonical\" href=\"https:\/\/www.gruppoliturgico.com\/fr\/produit\/chasuble-69\/\" \/>\n<meta property=\"og:locale\" content=\"fr_FR\" \/>\n<meta property=\"og:type\" content=\"article\" \/>\n<meta property=\"og:title\" content=\"- tiss\u00e9s \u00e0 la main, solennelles et Laboratorio Gruppo Liturgico\" \/>\n<meta property=\"og:description\" content=\"Importante chasuble enti\u00e8rement tiss\u00e9e au m\u00e9tier \u00e0 main, 62% laine et 38% polyester. Elle est orn\u00e9e sur les deux faces de broderies originales. Le galon central est une broderie au fil d&#039;or sur laquelle se d\u00e9tachent trois croix r\u00e9alis\u00e9es avec la technique de la broderie incrust\u00e9e en grand relief. Disponibles dans tous les coloris Liturgiques\" \/>\n<meta property=\"og:url\" content=\"https:\/\/www.gruppoliturgico.com\/fr\/produit\/chasuble-69\/\" \/>\n<meta property=\"og:site_name\" content=\"Laboratorio Gruppo Liturgico\" \/>\n<meta name=\"twitter:card\" content=\"summary_large_image\" \/>\n<script type=\"application\/ld+json\" class=\"yoast-schema-graph\">{\"@context\":\"https:\/\/schema.org\",\"@graph\":[{\"@type\":\"WebPage\",\"@id\":\"https:\/\/www.gruppoliturgico.com\/fr\/produit\/chasuble-69\/\",\"url\":\"https:\/\/www.gruppoliturgico.com\/fr\/produit\/chasuble-69\/\",\"name\":\"- tiss\u00e9s \u00e0 la main, solennelles et Laboratorio Gruppo Liturgico\",\"isPartOf\":{\"@id\":\"https:\/\/www.gruppoliturgico.com\/es\/#website\"},\"datePublished\":\"2023-04-05T13:54:13+00:00\",\"dateModified\":\"2023-04-05T13:54:13+00:00\",\"description\":\"Importante chasuble enti\u00e8rement tiss\u00e9e au m\u00e9tier \u00e0 main, 62% laine et 38% polyester. Elle est orn\u00e9e sur les deux faces de broderies originales. Le galon central est une broderie au fil d'or sur laquelle se d\u00e9tachent trois croix r\u00e9alis\u00e9es avec la technique de la broderie incrust\u00e9e en grand relief. Disponibles dans tous les coloris Liturgiques\",\"breadcrumb\":{\"@id\":\"https:\/\/www.gruppoliturgico.com\/fr\/produit\/chasuble-69\/#breadcrumb\"},\"inLanguage\":\"fr-FR\",\"potentialAction\":[{\"@type\":\"ReadAction\",\"target\":[\"https:\/\/www.gruppoliturgico.com\/fr\/produit\/chasuble-69\/\"]}]},{\"@type\":\"BreadcrumbList\",\"@id\":\"https:\/\/www.gruppoliturgico.com\/fr\/produit\/chasuble-69\/#breadcrumb\",\"itemListElement\":[{\"@type\":\"ListItem\",\"position\":1,\"name\":\"Home\",\"item\":\"https:\/\/www.gruppoliturgico.com\/fr\/\"},{\"@type\":\"ListItem\",\"position\":2,\"name\":\"Boutique\",\"item\":\"https:\/\/www.gruppoliturgico.com\/fr\/boutique\/\"}]},{\"@type\":\"WebSite\",\"@id\":\"https:\/\/www.gruppoliturgico.com\/es\/#website\",\"url\":\"https:\/\/www.gruppoliturgico.com\/es\/\",\"name\":\"Laboratorio Gruppo Liturgico\",\"description\":\"Articoli Religiosi online\",\"publisher\":{\"@id\":\"https:\/\/www.gruppoliturgico.com\/es\/#organization\"},\"potentialAction\":[{\"@type\":\"SearchAction\",\"target\":{\"@type\":\"EntryPoint\",\"urlTemplate\":\"https:\/\/www.gruppoliturgico.com\/es\/?s={search_term_string}\"},\"query-input\":\"required name=search_term_string\"}],\"inLanguage\":\"fr-FR\"},{\"@type\":\"Organization\",\"@id\":\"https:\/\/www.gruppoliturgico.com\/es\/#organization\",\"name\":\"Laboratorio Gruppo Liturgico\",\"url\":\"https:\/\/www.gruppoliturgico.com\/es\/\",\"logo\":{\"@type\":\"ImageObject\",\"inLanguage\":\"fr-FR\",\"@id\":\"https:\/\/www.gruppoliturgico.com\/es\/#\/schema\/logo\/image\/\",\"url\":\"https:\/\/www.gruppoliturgico.com\/wp-content\/uploads\/2022\/02\/logo-laboratoriogruppoliturgico.png\",\"contentUrl\":\"https:\/\/www.gruppoliturgico.com\/wp-content\/uploads\/2022\/02\/logo-laboratoriogruppoliturgico.png\",\"width\":400,\"height\":114,\"caption\":\"Laboratorio Gruppo Liturgico\"},\"image\":{\"@id\":\"https:\/\/www.gruppoliturgico.com\/es\/#\/schema\/logo\/image\/\"}}]}<\/script>\n<!-- \/ Yoast SEO plugin. -->","yoast_head_json":{"title":"- tiss\u00e9s \u00e0 la main, solennelles et Laboratorio Gruppo Liturgico","description":"Importante chasuble enti\u00e8rement tiss\u00e9e au m\u00e9tier \u00e0 main, 62% laine et 38% polyester. Elle est orn\u00e9e sur les deux faces de broderies originales. Le galon central est une broderie au fil d'or sur laquelle se d\u00e9tachent trois croix r\u00e9alis\u00e9es avec la technique de la broderie incrust\u00e9e en grand relief. Disponibles dans tous les coloris Liturgiques","robots":{"index":"index","follow":"follow","max-snippet":"max-snippet:-1","max-image-preview":"max-image-preview:large","max-video-preview":"max-video-preview:-1"},"canonical":"https:\/\/www.gruppoliturgico.com\/fr\/produit\/chasuble-69\/","og_locale":"fr_FR","og_type":"article","og_title":"- tiss\u00e9s \u00e0 la main, solennelles et Laboratorio Gruppo Liturgico","og_description":"Importante chasuble enti\u00e8rement tiss\u00e9e au m\u00e9tier \u00e0 main, 62% laine et 38% polyester. Elle est orn\u00e9e sur les deux faces de broderies originales. Le galon central est une broderie au fil d'or sur laquelle se d\u00e9tachent trois croix r\u00e9alis\u00e9es avec la technique de la broderie incrust\u00e9e en grand relief. Disponibles dans tous les coloris Liturgiques","og_url":"https:\/\/www.gruppoliturgico.com\/fr\/produit\/chasuble-69\/","og_site_name":"Laboratorio Gruppo Liturgico","twitter_card":"summary_large_image","schema":{"@context":"https:\/\/schema.org","@graph":[{"@type":"WebPage","@id":"https:\/\/www.gruppoliturgico.com\/fr\/produit\/chasuble-69\/","url":"https:\/\/www.gruppoliturgico.com\/fr\/produit\/chasuble-69\/","name":"- tiss\u00e9s \u00e0 la main, solennelles et Laboratorio Gruppo Liturgico","isPartOf":{"@id":"https:\/\/www.gruppoliturgico.com\/es\/#website"},"datePublished":"2023-04-05T13:54:13+00:00","dateModified":"2023-04-05T13:54:13+00:00","description":"Importante chasuble enti\u00e8rement tiss\u00e9e au m\u00e9tier \u00e0 main, 62% laine et 38% polyester. Elle est orn\u00e9e sur les deux faces de broderies originales. Le galon central est une broderie au fil d'or sur laquelle se d\u00e9tachent trois croix r\u00e9alis\u00e9es avec la technique de la broderie incrust\u00e9e en grand relief. Disponibles dans tous les coloris Liturgiques","breadcrumb":{"@id":"https:\/\/www.gruppoliturgico.com\/fr\/produit\/chasuble-69\/#breadcrumb"},"inLanguage":"fr-FR","potentialAction":[{"@type":"ReadAction","target":["https:\/\/www.gruppoliturgico.com\/fr\/produit\/chasuble-69\/"]}]},{"@type":"BreadcrumbList","@id":"https:\/\/www.gruppoliturgico.com\/fr\/produit\/chasuble-69\/#breadcrumb","itemListElement":[{"@type":"ListItem","position":1,"name":"Home","item":"https:\/\/www.gruppoliturgico.com\/fr\/"},{"@type":"ListItem","position":2,"name":"Boutique","item":"https:\/\/www.gruppoliturgico.com\/fr\/boutique\/"}]},{"@type":"WebSite","@id":"https:\/\/www.gruppoliturgico.com\/es\/#website","url":"https:\/\/www.gruppoliturgico.com\/es\/","name":"Laboratorio Gruppo Liturgico","description":"Articoli Religiosi online","publisher":{"@id":"https:\/\/www.gruppoliturgico.com\/es\/#organization"},"potentialAction":[{"@type":"SearchAction","target":{"@type":"EntryPoint","urlTemplate":"https:\/\/www.gruppoliturgico.com\/es\/?s={search_term_string}"},"query-input":"required name=search_term_string"}],"inLanguage":"fr-FR"},{"@type":"Organization","@id":"https:\/\/www.gruppoliturgico.com\/es\/#organization","name":"Laboratorio Gruppo Liturgico","url":"https:\/\/www.gruppoliturgico.com\/es\/","logo":{"@type":"ImageObject","inLanguage":"fr-FR","@id":"https:\/\/www.gruppoliturgico.com\/es\/#\/schema\/logo\/image\/","url":"https:\/\/www.gruppoliturgico.com\/wp-content\/uploads\/2022\/02\/logo-laboratoriogruppoliturgico.png","contentUrl":"https:\/\/www.gruppoliturgico.com\/wp-content\/uploads\/2022\/02\/logo-laboratoriogruppoliturgico.png","width":400,"height":114,"caption":"Laboratorio Gruppo Liturgico"},"image":{"@id":"https:\/\/www.gruppoliturgico.com\/es\/#\/schema\/logo\/image\/"}}]}},"_links":{"self":[{"href":"https:\/\/www.gruppoliturgico.com\/fr\/wp-json\/wp\/v2\/product\/121101"}],"collection":[{"href":"https:\/\/www.gruppoliturgico.com\/fr\/wp-json\/wp\/v2\/product"}],"about":[{"href":"https:\/\/www.gruppoliturgico.com\/fr\/wp-json\/wp\/v2\/types\/product"}],"wp:featuredmedia":[{"embeddable":true,"href":"https:\/\/www.gruppoliturgico.com\/fr\/wp-json\/wp\/v2\/media\/135760"}],"wp:attachment":[{"href":"https:\/\/www.gruppoliturgico.com\/fr\/wp-json\/wp\/v2\/media?parent=121101"}],"wp:term":[{"taxonomy":"product_cat","embeddable":true,"href":"https:\/\/www.gruppoliturgico.com\/fr\/wp-json\/wp\/v2\/product_cat?post=121101"},{"taxonomy":"product_tag","embeddable":true,"href":"https:\/\/www.gruppoliturgico.com\/fr\/wp-json\/wp\/v2\/product_tag?post=121101"}],"curies":[{"name":"wp","href":"https:\/\/api.w.org\/{rel}","templated":true}]}}