{"id":121023,"date":"2023-04-05T11:37:10","date_gmt":"2023-04-05T09:37:10","guid":{"rendered":"https:\/\/www.gruppoliturgico.com\/prodotto\/etole-59\/"},"modified":"2023-04-05T11:37:10","modified_gmt":"2023-04-05T09:37:10","slug":"etole-59","status":"publish","type":"product","link":"https:\/\/www.gruppoliturgico.com\/fr\/produit\/etole-59\/","title":{"rendered":"\u00c9tole"},"content":{"rendered":"<html><body><p>Etole brod\u00e9e au m\u00e9tier \u00e0 la main 50% laine et 50% polyester.<br>\nBroderie d\u00e9licate d\u2019une croix stylis\u00e9e et des cinq pains et deux poisons.<br>\nLe tissu de base est orn\u00e9 d\u2019un intercalaire de lignes brod\u00e9es en tonalit\u00e9 avec la couleur choisie.<br>\nDisponible dans les coloris liturgiques<\/p>\n<\/body><\/html>","protected":false},"excerpt":{"rendered":"<p>Etole brod\u00e9e au m\u00e9tier \u00e0 la main 50% laine et 50% polyester.<br \/>\nBroderie d\u00e9licate d&rsquo;une croix stylis\u00e9e et des cinq pains et deux poisons.<br \/>\nLe tissu de base est orn\u00e9 d\u2019un intercalaire de lignes brod\u00e9es en tonalit\u00e9 avec la couleur choisie.<br \/>\nDisponible dans les coloris liturgiques<\/p>\n","protected":false},"featured_media":136302,"template":"","meta":[],"product_cat":[12300],"product_tag":[],"yoast_head":"<!-- This site is optimized with the Yoast SEO plugin v20.4 - https:\/\/yoast.com\/wordpress\/plugins\/seo\/ -->\n<title>\u00c9tole - tiss\u00e9s \u00e0 la main et Laboratorio Gruppo Liturgico<\/title>\n<meta name=\"description\" content=\"Etole brod\u00e9e au m\u00e9tier \u00e0 la main 50% laine et 50% polyester. Broderie d\u00e9licate d&#039;une croix stylis\u00e9e et des cinq pains et deux poisons. Le tissu de base est orn\u00e9 d\u2019un intercalaire de lignes brod\u00e9es en tonalit\u00e9 avec la couleur choisie. Disponible dans les coloris liturgiques\" \/>\n<meta name=\"robots\" content=\"index, follow, max-snippet:-1, max-image-preview:large, max-video-preview:-1\" \/>\n<link rel=\"canonical\" href=\"https:\/\/www.gruppoliturgico.com\/fr\/produit\/etole-59\/\" \/>\n<meta property=\"og:locale\" content=\"fr_FR\" \/>\n<meta property=\"og:type\" content=\"article\" \/>\n<meta property=\"og:title\" content=\"\u00c9tole - tiss\u00e9s \u00e0 la main et Laboratorio Gruppo Liturgico\" \/>\n<meta property=\"og:description\" content=\"Etole brod\u00e9e au m\u00e9tier \u00e0 la main 50% laine et 50% polyester. Broderie d\u00e9licate d&#039;une croix stylis\u00e9e et des cinq pains et deux poisons. Le tissu de base est orn\u00e9 d\u2019un intercalaire de lignes brod\u00e9es en tonalit\u00e9 avec la couleur choisie. Disponible dans les coloris liturgiques\" \/>\n<meta property=\"og:url\" content=\"https:\/\/www.gruppoliturgico.com\/fr\/produit\/etole-59\/\" \/>\n<meta property=\"og:site_name\" content=\"Laboratorio Gruppo Liturgico\" \/>\n<meta property=\"og:image\" content=\"https:\/\/www.gruppoliturgico.com\/wp-content\/uploads\/2023\/04\/3899-b-nv_2-1.jpg\" \/>\n\t<meta property=\"og:image:width\" content=\"747\" \/>\n\t<meta property=\"og:image:height\" content=\"2000\" \/>\n\t<meta property=\"og:image:type\" content=\"image\/jpeg\" \/>\n<meta name=\"twitter:card\" content=\"summary_large_image\" \/>\n<script type=\"application\/ld+json\" class=\"yoast-schema-graph\">{\"@context\":\"https:\/\/schema.org\",\"@graph\":[{\"@type\":\"WebPage\",\"@id\":\"https:\/\/www.gruppoliturgico.com\/fr\/produit\/etole-59\/\",\"url\":\"https:\/\/www.gruppoliturgico.com\/fr\/produit\/etole-59\/\",\"name\":\"\u00c9tole - tiss\u00e9s \u00e0 la main et Laboratorio Gruppo Liturgico\",\"isPartOf\":{\"@id\":\"https:\/\/www.gruppoliturgico.com\/es\/#website\"},\"datePublished\":\"2023-04-05T09:37:10+00:00\",\"dateModified\":\"2023-04-05T09:37:10+00:00\",\"description\":\"Etole brod\u00e9e au m\u00e9tier \u00e0 la main 50% laine et 50% polyester. Broderie d\u00e9licate d'une croix stylis\u00e9e et des cinq pains et deux poisons. Le tissu de base est orn\u00e9 d\u2019un intercalaire de lignes brod\u00e9es en tonalit\u00e9 avec la couleur choisie. Disponible dans les coloris liturgiques\",\"breadcrumb\":{\"@id\":\"https:\/\/www.gruppoliturgico.com\/fr\/produit\/etole-59\/#breadcrumb\"},\"inLanguage\":\"fr-FR\",\"potentialAction\":[{\"@type\":\"ReadAction\",\"target\":[\"https:\/\/www.gruppoliturgico.com\/fr\/produit\/etole-59\/\"]}]},{\"@type\":\"BreadcrumbList\",\"@id\":\"https:\/\/www.gruppoliturgico.com\/fr\/produit\/etole-59\/#breadcrumb\",\"itemListElement\":[{\"@type\":\"ListItem\",\"position\":1,\"name\":\"Home\",\"item\":\"https:\/\/www.gruppoliturgico.com\/fr\/\"},{\"@type\":\"ListItem\",\"position\":2,\"name\":\"Boutique\",\"item\":\"https:\/\/www.gruppoliturgico.com\/fr\/boutique\/\"},{\"@type\":\"ListItem\",\"position\":3,\"name\":\"\u00c9tole\"}]},{\"@type\":\"WebSite\",\"@id\":\"https:\/\/www.gruppoliturgico.com\/es\/#website\",\"url\":\"https:\/\/www.gruppoliturgico.com\/es\/\",\"name\":\"Laboratorio Gruppo Liturgico\",\"description\":\"Articoli Religiosi online\",\"publisher\":{\"@id\":\"https:\/\/www.gruppoliturgico.com\/es\/#organization\"},\"potentialAction\":[{\"@type\":\"SearchAction\",\"target\":{\"@type\":\"EntryPoint\",\"urlTemplate\":\"https:\/\/www.gruppoliturgico.com\/es\/?s={search_term_string}\"},\"query-input\":\"required name=search_term_string\"}],\"inLanguage\":\"fr-FR\"},{\"@type\":\"Organization\",\"@id\":\"https:\/\/www.gruppoliturgico.com\/es\/#organization\",\"name\":\"Laboratorio Gruppo Liturgico\",\"url\":\"https:\/\/www.gruppoliturgico.com\/es\/\",\"logo\":{\"@type\":\"ImageObject\",\"inLanguage\":\"fr-FR\",\"@id\":\"https:\/\/www.gruppoliturgico.com\/es\/#\/schema\/logo\/image\/\",\"url\":\"https:\/\/www.gruppoliturgico.com\/wp-content\/uploads\/2022\/02\/logo-laboratoriogruppoliturgico.png\",\"contentUrl\":\"https:\/\/www.gruppoliturgico.com\/wp-content\/uploads\/2022\/02\/logo-laboratoriogruppoliturgico.png\",\"width\":400,\"height\":114,\"caption\":\"Laboratorio Gruppo Liturgico\"},\"image\":{\"@id\":\"https:\/\/www.gruppoliturgico.com\/es\/#\/schema\/logo\/image\/\"}}]}<\/script>\n<!-- \/ Yoast SEO plugin. -->","yoast_head_json":{"title":"\u00c9tole - tiss\u00e9s \u00e0 la main et Laboratorio Gruppo Liturgico","description":"Etole brod\u00e9e au m\u00e9tier \u00e0 la main 50% laine et 50% polyester. Broderie d\u00e9licate d'une croix stylis\u00e9e et des cinq pains et deux poisons. Le tissu de base est orn\u00e9 d\u2019un intercalaire de lignes brod\u00e9es en tonalit\u00e9 avec la couleur choisie. Disponible dans les coloris liturgiques","robots":{"index":"index","follow":"follow","max-snippet":"max-snippet:-1","max-image-preview":"max-image-preview:large","max-video-preview":"max-video-preview:-1"},"canonical":"https:\/\/www.gruppoliturgico.com\/fr\/produit\/etole-59\/","og_locale":"fr_FR","og_type":"article","og_title":"\u00c9tole - tiss\u00e9s \u00e0 la main et Laboratorio Gruppo Liturgico","og_description":"Etole brod\u00e9e au m\u00e9tier \u00e0 la main 50% laine et 50% polyester. Broderie d\u00e9licate d'une croix stylis\u00e9e et des cinq pains et deux poisons. Le tissu de base est orn\u00e9 d\u2019un intercalaire de lignes brod\u00e9es en tonalit\u00e9 avec la couleur choisie. Disponible dans les coloris liturgiques","og_url":"https:\/\/www.gruppoliturgico.com\/fr\/produit\/etole-59\/","og_site_name":"Laboratorio Gruppo Liturgico","og_image":[{"width":747,"height":2000,"url":"https:\/\/www.gruppoliturgico.com\/wp-content\/uploads\/2023\/04\/3899-b-nv_2-1.jpg","type":"image\/jpeg"}],"twitter_card":"summary_large_image","schema":{"@context":"https:\/\/schema.org","@graph":[{"@type":"WebPage","@id":"https:\/\/www.gruppoliturgico.com\/fr\/produit\/etole-59\/","url":"https:\/\/www.gruppoliturgico.com\/fr\/produit\/etole-59\/","name":"\u00c9tole - tiss\u00e9s \u00e0 la main et Laboratorio Gruppo Liturgico","isPartOf":{"@id":"https:\/\/www.gruppoliturgico.com\/es\/#website"},"datePublished":"2023-04-05T09:37:10+00:00","dateModified":"2023-04-05T09:37:10+00:00","description":"Etole brod\u00e9e au m\u00e9tier \u00e0 la main 50% laine et 50% polyester. Broderie d\u00e9licate d'une croix stylis\u00e9e et des cinq pains et deux poisons. Le tissu de base est orn\u00e9 d\u2019un intercalaire de lignes brod\u00e9es en tonalit\u00e9 avec la couleur choisie. Disponible dans les coloris liturgiques","breadcrumb":{"@id":"https:\/\/www.gruppoliturgico.com\/fr\/produit\/etole-59\/#breadcrumb"},"inLanguage":"fr-FR","potentialAction":[{"@type":"ReadAction","target":["https:\/\/www.gruppoliturgico.com\/fr\/produit\/etole-59\/"]}]},{"@type":"BreadcrumbList","@id":"https:\/\/www.gruppoliturgico.com\/fr\/produit\/etole-59\/#breadcrumb","itemListElement":[{"@type":"ListItem","position":1,"name":"Home","item":"https:\/\/www.gruppoliturgico.com\/fr\/"},{"@type":"ListItem","position":2,"name":"Boutique","item":"https:\/\/www.gruppoliturgico.com\/fr\/boutique\/"},{"@type":"ListItem","position":3,"name":"\u00c9tole"}]},{"@type":"WebSite","@id":"https:\/\/www.gruppoliturgico.com\/es\/#website","url":"https:\/\/www.gruppoliturgico.com\/es\/","name":"Laboratorio Gruppo Liturgico","description":"Articoli Religiosi online","publisher":{"@id":"https:\/\/www.gruppoliturgico.com\/es\/#organization"},"potentialAction":[{"@type":"SearchAction","target":{"@type":"EntryPoint","urlTemplate":"https:\/\/www.gruppoliturgico.com\/es\/?s={search_term_string}"},"query-input":"required name=search_term_string"}],"inLanguage":"fr-FR"},{"@type":"Organization","@id":"https:\/\/www.gruppoliturgico.com\/es\/#organization","name":"Laboratorio Gruppo Liturgico","url":"https:\/\/www.gruppoliturgico.com\/es\/","logo":{"@type":"ImageObject","inLanguage":"fr-FR","@id":"https:\/\/www.gruppoliturgico.com\/es\/#\/schema\/logo\/image\/","url":"https:\/\/www.gruppoliturgico.com\/wp-content\/uploads\/2022\/02\/logo-laboratoriogruppoliturgico.png","contentUrl":"https:\/\/www.gruppoliturgico.com\/wp-content\/uploads\/2022\/02\/logo-laboratoriogruppoliturgico.png","width":400,"height":114,"caption":"Laboratorio Gruppo Liturgico"},"image":{"@id":"https:\/\/www.gruppoliturgico.com\/es\/#\/schema\/logo\/image\/"}}]}},"_links":{"self":[{"href":"https:\/\/www.gruppoliturgico.com\/fr\/wp-json\/wp\/v2\/product\/121023"}],"collection":[{"href":"https:\/\/www.gruppoliturgico.com\/fr\/wp-json\/wp\/v2\/product"}],"about":[{"href":"https:\/\/www.gruppoliturgico.com\/fr\/wp-json\/wp\/v2\/types\/product"}],"wp:featuredmedia":[{"embeddable":true,"href":"https:\/\/www.gruppoliturgico.com\/fr\/wp-json\/wp\/v2\/media\/136302"}],"wp:attachment":[{"href":"https:\/\/www.gruppoliturgico.com\/fr\/wp-json\/wp\/v2\/media?parent=121023"}],"wp:term":[{"taxonomy":"product_cat","embeddable":true,"href":"https:\/\/www.gruppoliturgico.com\/fr\/wp-json\/wp\/v2\/product_cat?post=121023"},{"taxonomy":"product_tag","embeddable":true,"href":"https:\/\/www.gruppoliturgico.com\/fr\/wp-json\/wp\/v2\/product_tag?post=121023"}],"curies":[{"name":"wp","href":"https:\/\/api.w.org\/{rel}","templated":true}]}}