{"id":120897,"date":"2023-04-03T16:24:05","date_gmt":"2023-04-03T14:24:05","guid":{"rendered":"https:\/\/www.gruppoliturgico.com\/prodotto\/chasuble-marial\/"},"modified":"2023-04-03T16:24:05","modified_gmt":"2023-04-03T14:24:05","slug":"chasuble-marial","status":"publish","type":"product","link":"https:\/\/www.gruppoliturgico.com\/fr\/produit\/chasuble-marial\/","title":{"rendered":"Chasuble marial"},"content":{"rendered":"<html><body><p>importante chasuble tiss\u00e9e \u00e0 la main, adapt\u00e9e aux f\u00eates mariales, en tissu 60 % laine et 40 % polyester.<br>\nLa broderie est compos\u00e9e de fines lignes bleues sur fond blanc qui changent progressivement de teinte pour devenir d\u2019un bleu intense. La broderie est la m\u00eame sur le devant et le dos de la chasuble.<\/p>\n<\/body><\/html>","protected":false},"excerpt":{"rendered":"<p>importante chasuble tiss\u00e9e \u00e0 la main, adapt\u00e9e aux f\u00eates mariales, en tissu 60 % laine et 40 % polyester.<br \/>\nLa broderie est compos\u00e9e de fines lignes bleues sur fond blanc qui changent progressivement de teinte pour devenir d&rsquo;un bleu intense. La broderie est la m\u00eame sur le devant et le dos de la chasuble.<\/p>\n","protected":false},"featured_media":128676,"template":"","meta":[],"product_cat":[12240,12264],"product_tag":[15301],"yoast_head":"<!-- This site is optimized with the Yoast SEO plugin v20.4 - https:\/\/yoast.com\/wordpress\/plugins\/seo\/ -->\n<title>Chasuble marial - tiss\u00e9s \u00e0 la main, mariales et Laboratorio Gruppo Liturgico<\/title>\n<meta name=\"description\" content=\"importante chasuble tiss\u00e9e \u00e0 la main, adapt\u00e9e aux f\u00eates mariales, en tissu 60 % laine et 40 % polyester. La broderie est compos\u00e9e de fines lignes bleues sur fond blanc qui changent progressivement de teinte pour devenir d&#039;un bleu intense. La broderie est la m\u00eame sur le devant et le dos de la chasuble.\" \/>\n<meta name=\"robots\" content=\"index, follow, max-snippet:-1, max-image-preview:large, max-video-preview:-1\" \/>\n<link rel=\"canonical\" href=\"https:\/\/www.gruppoliturgico.com\/fr\/produit\/chasuble-marial\/\" \/>\n<meta property=\"og:locale\" content=\"fr_FR\" \/>\n<meta property=\"og:type\" content=\"article\" \/>\n<meta property=\"og:title\" content=\"Chasuble marial - tiss\u00e9s \u00e0 la main, mariales et Laboratorio Gruppo Liturgico\" \/>\n<meta property=\"og:description\" content=\"importante chasuble tiss\u00e9e \u00e0 la main, adapt\u00e9e aux f\u00eates mariales, en tissu 60 % laine et 40 % polyester. La broderie est compos\u00e9e de fines lignes bleues sur fond blanc qui changent progressivement de teinte pour devenir d&#039;un bleu intense. La broderie est la m\u00eame sur le devant et le dos de la chasuble.\" \/>\n<meta property=\"og:url\" content=\"https:\/\/www.gruppoliturgico.com\/fr\/produit\/chasuble-marial\/\" \/>\n<meta property=\"og:site_name\" content=\"Laboratorio Gruppo Liturgico\" \/>\n<meta property=\"og:image\" content=\"https:\/\/www.gruppoliturgico.com\/wp-content\/uploads\/2023\/04\/3902-5.jpg\" \/>\n\t<meta property=\"og:image:width\" content=\"1761\" \/>\n\t<meta property=\"og:image:height\" content=\"2000\" \/>\n\t<meta property=\"og:image:type\" content=\"image\/jpeg\" \/>\n<meta name=\"twitter:card\" content=\"summary_large_image\" \/>\n<script type=\"application\/ld+json\" class=\"yoast-schema-graph\">{\"@context\":\"https:\/\/schema.org\",\"@graph\":[{\"@type\":\"WebPage\",\"@id\":\"https:\/\/www.gruppoliturgico.com\/fr\/produit\/chasuble-marial\/\",\"url\":\"https:\/\/www.gruppoliturgico.com\/fr\/produit\/chasuble-marial\/\",\"name\":\"Chasuble marial - tiss\u00e9s \u00e0 la main, mariales et Laboratorio Gruppo Liturgico\",\"isPartOf\":{\"@id\":\"https:\/\/www.gruppoliturgico.com\/es\/#website\"},\"datePublished\":\"2023-04-03T14:24:05+00:00\",\"dateModified\":\"2023-04-03T14:24:05+00:00\",\"description\":\"importante chasuble tiss\u00e9e \u00e0 la main, adapt\u00e9e aux f\u00eates mariales, en tissu 60 % laine et 40 % polyester. La broderie est compos\u00e9e de fines lignes bleues sur fond blanc qui changent progressivement de teinte pour devenir d'un bleu intense. La broderie est la m\u00eame sur le devant et le dos de la chasuble.\",\"breadcrumb\":{\"@id\":\"https:\/\/www.gruppoliturgico.com\/fr\/produit\/chasuble-marial\/#breadcrumb\"},\"inLanguage\":\"fr-FR\",\"potentialAction\":[{\"@type\":\"ReadAction\",\"target\":[\"https:\/\/www.gruppoliturgico.com\/fr\/produit\/chasuble-marial\/\"]}]},{\"@type\":\"BreadcrumbList\",\"@id\":\"https:\/\/www.gruppoliturgico.com\/fr\/produit\/chasuble-marial\/#breadcrumb\",\"itemListElement\":[{\"@type\":\"ListItem\",\"position\":1,\"name\":\"Home\",\"item\":\"https:\/\/www.gruppoliturgico.com\/fr\/\"},{\"@type\":\"ListItem\",\"position\":2,\"name\":\"Boutique\",\"item\":\"https:\/\/www.gruppoliturgico.com\/fr\/boutique\/\"},{\"@type\":\"ListItem\",\"position\":3,\"name\":\"Chasuble marial\"}]},{\"@type\":\"WebSite\",\"@id\":\"https:\/\/www.gruppoliturgico.com\/es\/#website\",\"url\":\"https:\/\/www.gruppoliturgico.com\/es\/\",\"name\":\"Laboratorio Gruppo Liturgico\",\"description\":\"Articoli Religiosi online\",\"publisher\":{\"@id\":\"https:\/\/www.gruppoliturgico.com\/es\/#organization\"},\"potentialAction\":[{\"@type\":\"SearchAction\",\"target\":{\"@type\":\"EntryPoint\",\"urlTemplate\":\"https:\/\/www.gruppoliturgico.com\/es\/?s={search_term_string}\"},\"query-input\":\"required name=search_term_string\"}],\"inLanguage\":\"fr-FR\"},{\"@type\":\"Organization\",\"@id\":\"https:\/\/www.gruppoliturgico.com\/es\/#organization\",\"name\":\"Laboratorio Gruppo Liturgico\",\"url\":\"https:\/\/www.gruppoliturgico.com\/es\/\",\"logo\":{\"@type\":\"ImageObject\",\"inLanguage\":\"fr-FR\",\"@id\":\"https:\/\/www.gruppoliturgico.com\/es\/#\/schema\/logo\/image\/\",\"url\":\"https:\/\/www.gruppoliturgico.com\/wp-content\/uploads\/2022\/02\/logo-laboratoriogruppoliturgico.png\",\"contentUrl\":\"https:\/\/www.gruppoliturgico.com\/wp-content\/uploads\/2022\/02\/logo-laboratoriogruppoliturgico.png\",\"width\":400,\"height\":114,\"caption\":\"Laboratorio Gruppo Liturgico\"},\"image\":{\"@id\":\"https:\/\/www.gruppoliturgico.com\/es\/#\/schema\/logo\/image\/\"}}]}<\/script>\n<!-- \/ Yoast SEO plugin. -->","yoast_head_json":{"title":"Chasuble marial - tiss\u00e9s \u00e0 la main, mariales et Laboratorio Gruppo Liturgico","description":"importante chasuble tiss\u00e9e \u00e0 la main, adapt\u00e9e aux f\u00eates mariales, en tissu 60 % laine et 40 % polyester. La broderie est compos\u00e9e de fines lignes bleues sur fond blanc qui changent progressivement de teinte pour devenir d'un bleu intense. La broderie est la m\u00eame sur le devant et le dos de la chasuble.","robots":{"index":"index","follow":"follow","max-snippet":"max-snippet:-1","max-image-preview":"max-image-preview:large","max-video-preview":"max-video-preview:-1"},"canonical":"https:\/\/www.gruppoliturgico.com\/fr\/produit\/chasuble-marial\/","og_locale":"fr_FR","og_type":"article","og_title":"Chasuble marial - tiss\u00e9s \u00e0 la main, mariales et Laboratorio Gruppo Liturgico","og_description":"importante chasuble tiss\u00e9e \u00e0 la main, adapt\u00e9e aux f\u00eates mariales, en tissu 60 % laine et 40 % polyester. La broderie est compos\u00e9e de fines lignes bleues sur fond blanc qui changent progressivement de teinte pour devenir d'un bleu intense. La broderie est la m\u00eame sur le devant et le dos de la chasuble.","og_url":"https:\/\/www.gruppoliturgico.com\/fr\/produit\/chasuble-marial\/","og_site_name":"Laboratorio Gruppo Liturgico","og_image":[{"width":1761,"height":2000,"url":"https:\/\/www.gruppoliturgico.com\/wp-content\/uploads\/2023\/04\/3902-5.jpg","type":"image\/jpeg"}],"twitter_card":"summary_large_image","schema":{"@context":"https:\/\/schema.org","@graph":[{"@type":"WebPage","@id":"https:\/\/www.gruppoliturgico.com\/fr\/produit\/chasuble-marial\/","url":"https:\/\/www.gruppoliturgico.com\/fr\/produit\/chasuble-marial\/","name":"Chasuble marial - tiss\u00e9s \u00e0 la main, mariales et Laboratorio Gruppo Liturgico","isPartOf":{"@id":"https:\/\/www.gruppoliturgico.com\/es\/#website"},"datePublished":"2023-04-03T14:24:05+00:00","dateModified":"2023-04-03T14:24:05+00:00","description":"importante chasuble tiss\u00e9e \u00e0 la main, adapt\u00e9e aux f\u00eates mariales, en tissu 60 % laine et 40 % polyester. La broderie est compos\u00e9e de fines lignes bleues sur fond blanc qui changent progressivement de teinte pour devenir d'un bleu intense. La broderie est la m\u00eame sur le devant et le dos de la chasuble.","breadcrumb":{"@id":"https:\/\/www.gruppoliturgico.com\/fr\/produit\/chasuble-marial\/#breadcrumb"},"inLanguage":"fr-FR","potentialAction":[{"@type":"ReadAction","target":["https:\/\/www.gruppoliturgico.com\/fr\/produit\/chasuble-marial\/"]}]},{"@type":"BreadcrumbList","@id":"https:\/\/www.gruppoliturgico.com\/fr\/produit\/chasuble-marial\/#breadcrumb","itemListElement":[{"@type":"ListItem","position":1,"name":"Home","item":"https:\/\/www.gruppoliturgico.com\/fr\/"},{"@type":"ListItem","position":2,"name":"Boutique","item":"https:\/\/www.gruppoliturgico.com\/fr\/boutique\/"},{"@type":"ListItem","position":3,"name":"Chasuble marial"}]},{"@type":"WebSite","@id":"https:\/\/www.gruppoliturgico.com\/es\/#website","url":"https:\/\/www.gruppoliturgico.com\/es\/","name":"Laboratorio Gruppo Liturgico","description":"Articoli Religiosi online","publisher":{"@id":"https:\/\/www.gruppoliturgico.com\/es\/#organization"},"potentialAction":[{"@type":"SearchAction","target":{"@type":"EntryPoint","urlTemplate":"https:\/\/www.gruppoliturgico.com\/es\/?s={search_term_string}"},"query-input":"required name=search_term_string"}],"inLanguage":"fr-FR"},{"@type":"Organization","@id":"https:\/\/www.gruppoliturgico.com\/es\/#organization","name":"Laboratorio Gruppo Liturgico","url":"https:\/\/www.gruppoliturgico.com\/es\/","logo":{"@type":"ImageObject","inLanguage":"fr-FR","@id":"https:\/\/www.gruppoliturgico.com\/es\/#\/schema\/logo\/image\/","url":"https:\/\/www.gruppoliturgico.com\/wp-content\/uploads\/2022\/02\/logo-laboratoriogruppoliturgico.png","contentUrl":"https:\/\/www.gruppoliturgico.com\/wp-content\/uploads\/2022\/02\/logo-laboratoriogruppoliturgico.png","width":400,"height":114,"caption":"Laboratorio Gruppo Liturgico"},"image":{"@id":"https:\/\/www.gruppoliturgico.com\/es\/#\/schema\/logo\/image\/"}}]}},"_links":{"self":[{"href":"https:\/\/www.gruppoliturgico.com\/fr\/wp-json\/wp\/v2\/product\/120897"}],"collection":[{"href":"https:\/\/www.gruppoliturgico.com\/fr\/wp-json\/wp\/v2\/product"}],"about":[{"href":"https:\/\/www.gruppoliturgico.com\/fr\/wp-json\/wp\/v2\/types\/product"}],"wp:featuredmedia":[{"embeddable":true,"href":"https:\/\/www.gruppoliturgico.com\/fr\/wp-json\/wp\/v2\/media\/128676"}],"wp:attachment":[{"href":"https:\/\/www.gruppoliturgico.com\/fr\/wp-json\/wp\/v2\/media?parent=120897"}],"wp:term":[{"taxonomy":"product_cat","embeddable":true,"href":"https:\/\/www.gruppoliturgico.com\/fr\/wp-json\/wp\/v2\/product_cat?post=120897"},{"taxonomy":"product_tag","embeddable":true,"href":"https:\/\/www.gruppoliturgico.com\/fr\/wp-json\/wp\/v2\/product_tag?post=120897"}],"curies":[{"name":"wp","href":"https:\/\/api.w.org\/{rel}","templated":true}]}}