{"id":120885,"date":"2023-04-03T15:38:11","date_gmt":"2023-04-03T13:38:11","guid":{"rendered":"https:\/\/www.gruppoliturgico.com\/prodotto\/chasuble-mariale-2\/"},"modified":"2023-04-03T16:01:57","modified_gmt":"2023-04-03T14:01:57","slug":"chasuble-mariale-2","status":"publish","type":"product","link":"https:\/\/www.gruppoliturgico.com\/fr\/produit\/chasuble-mariale-2\/","title":{"rendered":"Chasuble mariale"},"content":{"rendered":"<html><body><p>importante chasuble tiss\u00e9e \u00e0 la main, adapt\u00e9e aux f\u00eates mariales, en 60% laine et 40% polyester.<br>\nBroderie originale d\u2019un bleu profond dans la partie centrale qui s\u2019amenuise progressivement en lignes bleues \u00e9paisses sur fond blanc.<br>\nLa broderie est la m\u00eame sur le devant et le dos de la chasuble.<\/p>\n<\/body><\/html>","protected":false},"excerpt":{"rendered":"<p>importante chasuble tiss\u00e9e \u00e0 la main, adapt\u00e9e aux f\u00eates mariales, en 60% laine et 40% polyester.<br \/>\nBroderie originale d&rsquo;un bleu profond dans la partie centrale qui s&rsquo;amenuise progressivement en lignes bleues \u00e9paisses sur fond blanc.<br \/>\nLa broderie est la m\u00eame sur le devant et le dos de la chasuble.<\/p>\n","protected":false},"featured_media":128689,"template":"","meta":[],"product_cat":[12240,12264],"product_tag":[15301],"yoast_head":"<!-- This site is optimized with the Yoast SEO plugin v20.4 - https:\/\/yoast.com\/wordpress\/plugins\/seo\/ -->\n<title>Chasuble mariale - tiss\u00e9s \u00e0 la main, mariales et Laboratorio Gruppo Liturgico<\/title>\n<meta name=\"description\" content=\"importante chasuble tiss\u00e9e \u00e0 la main, adapt\u00e9e aux f\u00eates mariales, en 60% laine et 40% polyester. Broderie originale d&#039;un bleu profond dans la partie centrale qui s&#039;amenuise progressivement en lignes bleues \u00e9paisses sur fond blanc. La broderie est la m\u00eame sur le devant et le dos de la chasuble.\" \/>\n<meta name=\"robots\" content=\"index, follow, max-snippet:-1, max-image-preview:large, max-video-preview:-1\" \/>\n<link rel=\"canonical\" href=\"https:\/\/www.gruppoliturgico.com\/fr\/produit\/chasuble-mariale-2\/\" \/>\n<meta property=\"og:locale\" content=\"fr_FR\" \/>\n<meta property=\"og:type\" content=\"article\" \/>\n<meta property=\"og:title\" content=\"Chasuble mariale - tiss\u00e9s \u00e0 la main, mariales et Laboratorio Gruppo Liturgico\" \/>\n<meta property=\"og:description\" content=\"importante chasuble tiss\u00e9e \u00e0 la main, adapt\u00e9e aux f\u00eates mariales, en 60% laine et 40% polyester. Broderie originale d&#039;un bleu profond dans la partie centrale qui s&#039;amenuise progressivement en lignes bleues \u00e9paisses sur fond blanc. La broderie est la m\u00eame sur le devant et le dos de la chasuble.\" \/>\n<meta property=\"og:url\" content=\"https:\/\/www.gruppoliturgico.com\/fr\/produit\/chasuble-mariale-2\/\" \/>\n<meta property=\"og:site_name\" content=\"Laboratorio Gruppo Liturgico\" \/>\n<meta property=\"article:modified_time\" content=\"2023-04-03T14:01:57+00:00\" \/>\n<meta property=\"og:image\" content=\"https:\/\/www.gruppoliturgico.com\/wp-content\/uploads\/2023\/04\/3901-41.jpg\" \/>\n\t<meta property=\"og:image:width\" content=\"1791\" \/>\n\t<meta property=\"og:image:height\" content=\"2000\" \/>\n\t<meta property=\"og:image:type\" content=\"image\/jpeg\" \/>\n<meta name=\"twitter:card\" content=\"summary_large_image\" \/>\n<script type=\"application\/ld+json\" class=\"yoast-schema-graph\">{\"@context\":\"https:\/\/schema.org\",\"@graph\":[{\"@type\":\"WebPage\",\"@id\":\"https:\/\/www.gruppoliturgico.com\/fr\/produit\/chasuble-mariale-2\/\",\"url\":\"https:\/\/www.gruppoliturgico.com\/fr\/produit\/chasuble-mariale-2\/\",\"name\":\"Chasuble mariale - tiss\u00e9s \u00e0 la main, mariales et Laboratorio Gruppo Liturgico\",\"isPartOf\":{\"@id\":\"https:\/\/www.gruppoliturgico.com\/es\/#website\"},\"datePublished\":\"2023-04-03T13:38:11+00:00\",\"dateModified\":\"2023-04-03T14:01:57+00:00\",\"description\":\"importante chasuble tiss\u00e9e \u00e0 la main, adapt\u00e9e aux f\u00eates mariales, en 60% laine et 40% polyester. Broderie originale d'un bleu profond dans la partie centrale qui s'amenuise progressivement en lignes bleues \u00e9paisses sur fond blanc. La broderie est la m\u00eame sur le devant et le dos de la chasuble.\",\"breadcrumb\":{\"@id\":\"https:\/\/www.gruppoliturgico.com\/fr\/produit\/chasuble-mariale-2\/#breadcrumb\"},\"inLanguage\":\"fr-FR\",\"potentialAction\":[{\"@type\":\"ReadAction\",\"target\":[\"https:\/\/www.gruppoliturgico.com\/fr\/produit\/chasuble-mariale-2\/\"]}]},{\"@type\":\"BreadcrumbList\",\"@id\":\"https:\/\/www.gruppoliturgico.com\/fr\/produit\/chasuble-mariale-2\/#breadcrumb\",\"itemListElement\":[{\"@type\":\"ListItem\",\"position\":1,\"name\":\"Home\",\"item\":\"https:\/\/www.gruppoliturgico.com\/fr\/\"},{\"@type\":\"ListItem\",\"position\":2,\"name\":\"Boutique\",\"item\":\"https:\/\/www.gruppoliturgico.com\/fr\/boutique\/\"},{\"@type\":\"ListItem\",\"position\":3,\"name\":\"Chasuble mariale\"}]},{\"@type\":\"WebSite\",\"@id\":\"https:\/\/www.gruppoliturgico.com\/es\/#website\",\"url\":\"https:\/\/www.gruppoliturgico.com\/es\/\",\"name\":\"Laboratorio Gruppo Liturgico\",\"description\":\"Articoli Religiosi online\",\"publisher\":{\"@id\":\"https:\/\/www.gruppoliturgico.com\/es\/#organization\"},\"potentialAction\":[{\"@type\":\"SearchAction\",\"target\":{\"@type\":\"EntryPoint\",\"urlTemplate\":\"https:\/\/www.gruppoliturgico.com\/es\/?s={search_term_string}\"},\"query-input\":\"required name=search_term_string\"}],\"inLanguage\":\"fr-FR\"},{\"@type\":\"Organization\",\"@id\":\"https:\/\/www.gruppoliturgico.com\/es\/#organization\",\"name\":\"Laboratorio Gruppo Liturgico\",\"url\":\"https:\/\/www.gruppoliturgico.com\/es\/\",\"logo\":{\"@type\":\"ImageObject\",\"inLanguage\":\"fr-FR\",\"@id\":\"https:\/\/www.gruppoliturgico.com\/es\/#\/schema\/logo\/image\/\",\"url\":\"https:\/\/www.gruppoliturgico.com\/wp-content\/uploads\/2022\/02\/logo-laboratoriogruppoliturgico.png\",\"contentUrl\":\"https:\/\/www.gruppoliturgico.com\/wp-content\/uploads\/2022\/02\/logo-laboratoriogruppoliturgico.png\",\"width\":400,\"height\":114,\"caption\":\"Laboratorio Gruppo Liturgico\"},\"image\":{\"@id\":\"https:\/\/www.gruppoliturgico.com\/es\/#\/schema\/logo\/image\/\"}}]}<\/script>\n<!-- \/ Yoast SEO plugin. -->","yoast_head_json":{"title":"Chasuble mariale - tiss\u00e9s \u00e0 la main, mariales et Laboratorio Gruppo Liturgico","description":"importante chasuble tiss\u00e9e \u00e0 la main, adapt\u00e9e aux f\u00eates mariales, en 60% laine et 40% polyester. Broderie originale d'un bleu profond dans la partie centrale qui s'amenuise progressivement en lignes bleues \u00e9paisses sur fond blanc. La broderie est la m\u00eame sur le devant et le dos de la chasuble.","robots":{"index":"index","follow":"follow","max-snippet":"max-snippet:-1","max-image-preview":"max-image-preview:large","max-video-preview":"max-video-preview:-1"},"canonical":"https:\/\/www.gruppoliturgico.com\/fr\/produit\/chasuble-mariale-2\/","og_locale":"fr_FR","og_type":"article","og_title":"Chasuble mariale - tiss\u00e9s \u00e0 la main, mariales et Laboratorio Gruppo Liturgico","og_description":"importante chasuble tiss\u00e9e \u00e0 la main, adapt\u00e9e aux f\u00eates mariales, en 60% laine et 40% polyester. Broderie originale d'un bleu profond dans la partie centrale qui s'amenuise progressivement en lignes bleues \u00e9paisses sur fond blanc. La broderie est la m\u00eame sur le devant et le dos de la chasuble.","og_url":"https:\/\/www.gruppoliturgico.com\/fr\/produit\/chasuble-mariale-2\/","og_site_name":"Laboratorio Gruppo Liturgico","article_modified_time":"2023-04-03T14:01:57+00:00","og_image":[{"width":1791,"height":2000,"url":"https:\/\/www.gruppoliturgico.com\/wp-content\/uploads\/2023\/04\/3901-41.jpg","type":"image\/jpeg"}],"twitter_card":"summary_large_image","schema":{"@context":"https:\/\/schema.org","@graph":[{"@type":"WebPage","@id":"https:\/\/www.gruppoliturgico.com\/fr\/produit\/chasuble-mariale-2\/","url":"https:\/\/www.gruppoliturgico.com\/fr\/produit\/chasuble-mariale-2\/","name":"Chasuble mariale - tiss\u00e9s \u00e0 la main, mariales et Laboratorio Gruppo Liturgico","isPartOf":{"@id":"https:\/\/www.gruppoliturgico.com\/es\/#website"},"datePublished":"2023-04-03T13:38:11+00:00","dateModified":"2023-04-03T14:01:57+00:00","description":"importante chasuble tiss\u00e9e \u00e0 la main, adapt\u00e9e aux f\u00eates mariales, en 60% laine et 40% polyester. Broderie originale d'un bleu profond dans la partie centrale qui s'amenuise progressivement en lignes bleues \u00e9paisses sur fond blanc. La broderie est la m\u00eame sur le devant et le dos de la chasuble.","breadcrumb":{"@id":"https:\/\/www.gruppoliturgico.com\/fr\/produit\/chasuble-mariale-2\/#breadcrumb"},"inLanguage":"fr-FR","potentialAction":[{"@type":"ReadAction","target":["https:\/\/www.gruppoliturgico.com\/fr\/produit\/chasuble-mariale-2\/"]}]},{"@type":"BreadcrumbList","@id":"https:\/\/www.gruppoliturgico.com\/fr\/produit\/chasuble-mariale-2\/#breadcrumb","itemListElement":[{"@type":"ListItem","position":1,"name":"Home","item":"https:\/\/www.gruppoliturgico.com\/fr\/"},{"@type":"ListItem","position":2,"name":"Boutique","item":"https:\/\/www.gruppoliturgico.com\/fr\/boutique\/"},{"@type":"ListItem","position":3,"name":"Chasuble mariale"}]},{"@type":"WebSite","@id":"https:\/\/www.gruppoliturgico.com\/es\/#website","url":"https:\/\/www.gruppoliturgico.com\/es\/","name":"Laboratorio Gruppo Liturgico","description":"Articoli Religiosi online","publisher":{"@id":"https:\/\/www.gruppoliturgico.com\/es\/#organization"},"potentialAction":[{"@type":"SearchAction","target":{"@type":"EntryPoint","urlTemplate":"https:\/\/www.gruppoliturgico.com\/es\/?s={search_term_string}"},"query-input":"required name=search_term_string"}],"inLanguage":"fr-FR"},{"@type":"Organization","@id":"https:\/\/www.gruppoliturgico.com\/es\/#organization","name":"Laboratorio Gruppo Liturgico","url":"https:\/\/www.gruppoliturgico.com\/es\/","logo":{"@type":"ImageObject","inLanguage":"fr-FR","@id":"https:\/\/www.gruppoliturgico.com\/es\/#\/schema\/logo\/image\/","url":"https:\/\/www.gruppoliturgico.com\/wp-content\/uploads\/2022\/02\/logo-laboratoriogruppoliturgico.png","contentUrl":"https:\/\/www.gruppoliturgico.com\/wp-content\/uploads\/2022\/02\/logo-laboratoriogruppoliturgico.png","width":400,"height":114,"caption":"Laboratorio Gruppo Liturgico"},"image":{"@id":"https:\/\/www.gruppoliturgico.com\/es\/#\/schema\/logo\/image\/"}}]}},"_links":{"self":[{"href":"https:\/\/www.gruppoliturgico.com\/fr\/wp-json\/wp\/v2\/product\/120885"}],"collection":[{"href":"https:\/\/www.gruppoliturgico.com\/fr\/wp-json\/wp\/v2\/product"}],"about":[{"href":"https:\/\/www.gruppoliturgico.com\/fr\/wp-json\/wp\/v2\/types\/product"}],"wp:featuredmedia":[{"embeddable":true,"href":"https:\/\/www.gruppoliturgico.com\/fr\/wp-json\/wp\/v2\/media\/128689"}],"wp:attachment":[{"href":"https:\/\/www.gruppoliturgico.com\/fr\/wp-json\/wp\/v2\/media?parent=120885"}],"wp:term":[{"taxonomy":"product_cat","embeddable":true,"href":"https:\/\/www.gruppoliturgico.com\/fr\/wp-json\/wp\/v2\/product_cat?post=120885"},{"taxonomy":"product_tag","embeddable":true,"href":"https:\/\/www.gruppoliturgico.com\/fr\/wp-json\/wp\/v2\/product_tag?post=120885"}],"curies":[{"name":"wp","href":"https:\/\/api.w.org\/{rel}","templated":true}]}}