{"id":120755,"date":"2023-03-20T17:17:20","date_gmt":"2023-03-20T16:17:20","guid":{"rendered":"https:\/\/www.gruppoliturgico.com\/prodotto\/120755\/"},"modified":"2023-03-20T17:31:54","modified_gmt":"2023-03-20T16:31:54","slug":"120755","status":"publish","type":"product","link":"https:\/\/www.gruppoliturgico.com\/fr\/produit\/120755\/","title":{"rendered":"Vierge \u00e0 l\u2019enfant cm 130"},"content":{"rendered":"<html><body><p>Statue en bois sculpt\u00e9e et d\u00e9cor\u00e9e \u00e0 la main par un ma\u00eetre sculpteur de Val Gardena.<br>\nL\u2019intensit\u00e9 expressive et la douceur de la Vierge et de l\u2019Enfant J\u00e9sus sont remarquables.<br>\nPeinture ex\u00e9cut\u00e9e dans des tons pastel.<br>\nHauteur 130 cm<\/p>\n<\/body><\/html>","protected":false},"excerpt":{"rendered":"<p>Statue en bois sculpt\u00e9e et d\u00e9cor\u00e9e \u00e0 la main par un ma\u00eetre sculpteur de Val Gardena.<br \/>\nL&rsquo;intensit\u00e9 expressive et la douceur de la Vierge et de l&rsquo;Enfant J\u00e9sus sont remarquables.<br \/>\nPeinture ex\u00e9cut\u00e9e dans des tons pastel.<br \/>\nHauteur 130 cm<\/p>\n","protected":false},"featured_media":134225,"template":"","meta":[],"product_cat":[12392],"product_tag":[],"yoast_head":"<!-- This site is optimized with the Yoast SEO plugin v20.4 - https:\/\/yoast.com\/wordpress\/plugins\/seo\/ -->\n<title>Vierge \u00e0 l\u2019enfant cm 130 - Sainte Vierge et Laboratorio Gruppo Liturgico<\/title>\n<meta name=\"description\" content=\"Statue en bois sculpt\u00e9e et d\u00e9cor\u00e9e \u00e0 la main par un ma\u00eetre sculpteur de Val Gardena. L&#039;intensit\u00e9 expressive et la douceur de la Vierge et de l&#039;Enfant J\u00e9sus sont remarquables. Peinture ex\u00e9cut\u00e9e dans des tons pastel. Hauteur 130 cm\" \/>\n<meta name=\"robots\" content=\"index, follow, max-snippet:-1, max-image-preview:large, max-video-preview:-1\" \/>\n<link rel=\"canonical\" href=\"https:\/\/www.gruppoliturgico.com\/fr\/produit\/120755\/\" \/>\n<meta property=\"og:locale\" content=\"fr_FR\" \/>\n<meta property=\"og:type\" content=\"article\" \/>\n<meta property=\"og:title\" content=\"Vierge \u00e0 l\u2019enfant cm 130 - Sainte Vierge et Laboratorio Gruppo Liturgico\" \/>\n<meta property=\"og:description\" content=\"Statue en bois sculpt\u00e9e et d\u00e9cor\u00e9e \u00e0 la main par un ma\u00eetre sculpteur de Val Gardena. L&#039;intensit\u00e9 expressive et la douceur de la Vierge et de l&#039;Enfant J\u00e9sus sont remarquables. Peinture ex\u00e9cut\u00e9e dans des tons pastel. Hauteur 130 cm\" \/>\n<meta property=\"og:url\" content=\"https:\/\/www.gruppoliturgico.com\/fr\/produit\/120755\/\" \/>\n<meta property=\"og:site_name\" content=\"Laboratorio Gruppo Liturgico\" \/>\n<meta property=\"article:modified_time\" content=\"2023-03-20T16:31:54+00:00\" \/>\n<meta property=\"og:image\" content=\"https:\/\/www.gruppoliturgico.com\/wp-content\/uploads\/2023\/03\/3914-nv-rit.jpg\" \/>\n\t<meta property=\"og:image:width\" content=\"1037\" \/>\n\t<meta property=\"og:image:height\" content=\"2000\" \/>\n\t<meta property=\"og:image:type\" content=\"image\/jpeg\" \/>\n<meta name=\"twitter:card\" content=\"summary_large_image\" \/>\n<script type=\"application\/ld+json\" class=\"yoast-schema-graph\">{\"@context\":\"https:\/\/schema.org\",\"@graph\":[{\"@type\":\"WebPage\",\"@id\":\"https:\/\/www.gruppoliturgico.com\/fr\/produit\/120755\/\",\"url\":\"https:\/\/www.gruppoliturgico.com\/fr\/produit\/120755\/\",\"name\":\"Vierge \u00e0 l\u2019enfant cm 130 - Sainte Vierge et Laboratorio Gruppo Liturgico\",\"isPartOf\":{\"@id\":\"https:\/\/www.gruppoliturgico.com\/es\/#website\"},\"datePublished\":\"2023-03-20T16:17:20+00:00\",\"dateModified\":\"2023-03-20T16:31:54+00:00\",\"description\":\"Statue en bois sculpt\u00e9e et d\u00e9cor\u00e9e \u00e0 la main par un ma\u00eetre sculpteur de Val Gardena. L'intensit\u00e9 expressive et la douceur de la Vierge et de l'Enfant J\u00e9sus sont remarquables. Peinture ex\u00e9cut\u00e9e dans des tons pastel. Hauteur 130 cm\",\"breadcrumb\":{\"@id\":\"https:\/\/www.gruppoliturgico.com\/fr\/produit\/120755\/#breadcrumb\"},\"inLanguage\":\"fr-FR\",\"potentialAction\":[{\"@type\":\"ReadAction\",\"target\":[\"https:\/\/www.gruppoliturgico.com\/fr\/produit\/120755\/\"]}]},{\"@type\":\"BreadcrumbList\",\"@id\":\"https:\/\/www.gruppoliturgico.com\/fr\/produit\/120755\/#breadcrumb\",\"itemListElement\":[{\"@type\":\"ListItem\",\"position\":1,\"name\":\"Home\",\"item\":\"https:\/\/www.gruppoliturgico.com\/fr\/\"},{\"@type\":\"ListItem\",\"position\":2,\"name\":\"Boutique\",\"item\":\"https:\/\/www.gruppoliturgico.com\/fr\/boutique\/\"},{\"@type\":\"ListItem\",\"position\":3,\"name\":\"Vierge \u00e0 l\u2019enfant cm 130\"}]},{\"@type\":\"WebSite\",\"@id\":\"https:\/\/www.gruppoliturgico.com\/es\/#website\",\"url\":\"https:\/\/www.gruppoliturgico.com\/es\/\",\"name\":\"Laboratorio Gruppo Liturgico\",\"description\":\"Articoli Religiosi online\",\"publisher\":{\"@id\":\"https:\/\/www.gruppoliturgico.com\/es\/#organization\"},\"potentialAction\":[{\"@type\":\"SearchAction\",\"target\":{\"@type\":\"EntryPoint\",\"urlTemplate\":\"https:\/\/www.gruppoliturgico.com\/es\/?s={search_term_string}\"},\"query-input\":\"required name=search_term_string\"}],\"inLanguage\":\"fr-FR\"},{\"@type\":\"Organization\",\"@id\":\"https:\/\/www.gruppoliturgico.com\/es\/#organization\",\"name\":\"Laboratorio Gruppo Liturgico\",\"url\":\"https:\/\/www.gruppoliturgico.com\/es\/\",\"logo\":{\"@type\":\"ImageObject\",\"inLanguage\":\"fr-FR\",\"@id\":\"https:\/\/www.gruppoliturgico.com\/es\/#\/schema\/logo\/image\/\",\"url\":\"https:\/\/www.gruppoliturgico.com\/wp-content\/uploads\/2022\/02\/logo-laboratoriogruppoliturgico.png\",\"contentUrl\":\"https:\/\/www.gruppoliturgico.com\/wp-content\/uploads\/2022\/02\/logo-laboratoriogruppoliturgico.png\",\"width\":400,\"height\":114,\"caption\":\"Laboratorio Gruppo Liturgico\"},\"image\":{\"@id\":\"https:\/\/www.gruppoliturgico.com\/es\/#\/schema\/logo\/image\/\"}}]}<\/script>\n<!-- \/ Yoast SEO plugin. -->","yoast_head_json":{"title":"Vierge \u00e0 l\u2019enfant cm 130 - Sainte Vierge et Laboratorio Gruppo Liturgico","description":"Statue en bois sculpt\u00e9e et d\u00e9cor\u00e9e \u00e0 la main par un ma\u00eetre sculpteur de Val Gardena. L'intensit\u00e9 expressive et la douceur de la Vierge et de l'Enfant J\u00e9sus sont remarquables. Peinture ex\u00e9cut\u00e9e dans des tons pastel. Hauteur 130 cm","robots":{"index":"index","follow":"follow","max-snippet":"max-snippet:-1","max-image-preview":"max-image-preview:large","max-video-preview":"max-video-preview:-1"},"canonical":"https:\/\/www.gruppoliturgico.com\/fr\/produit\/120755\/","og_locale":"fr_FR","og_type":"article","og_title":"Vierge \u00e0 l\u2019enfant cm 130 - Sainte Vierge et Laboratorio Gruppo Liturgico","og_description":"Statue en bois sculpt\u00e9e et d\u00e9cor\u00e9e \u00e0 la main par un ma\u00eetre sculpteur de Val Gardena. L'intensit\u00e9 expressive et la douceur de la Vierge et de l'Enfant J\u00e9sus sont remarquables. Peinture ex\u00e9cut\u00e9e dans des tons pastel. Hauteur 130 cm","og_url":"https:\/\/www.gruppoliturgico.com\/fr\/produit\/120755\/","og_site_name":"Laboratorio Gruppo Liturgico","article_modified_time":"2023-03-20T16:31:54+00:00","og_image":[{"width":1037,"height":2000,"url":"https:\/\/www.gruppoliturgico.com\/wp-content\/uploads\/2023\/03\/3914-nv-rit.jpg","type":"image\/jpeg"}],"twitter_card":"summary_large_image","schema":{"@context":"https:\/\/schema.org","@graph":[{"@type":"WebPage","@id":"https:\/\/www.gruppoliturgico.com\/fr\/produit\/120755\/","url":"https:\/\/www.gruppoliturgico.com\/fr\/produit\/120755\/","name":"Vierge \u00e0 l\u2019enfant cm 130 - Sainte Vierge et Laboratorio Gruppo Liturgico","isPartOf":{"@id":"https:\/\/www.gruppoliturgico.com\/es\/#website"},"datePublished":"2023-03-20T16:17:20+00:00","dateModified":"2023-03-20T16:31:54+00:00","description":"Statue en bois sculpt\u00e9e et d\u00e9cor\u00e9e \u00e0 la main par un ma\u00eetre sculpteur de Val Gardena. L'intensit\u00e9 expressive et la douceur de la Vierge et de l'Enfant J\u00e9sus sont remarquables. Peinture ex\u00e9cut\u00e9e dans des tons pastel. Hauteur 130 cm","breadcrumb":{"@id":"https:\/\/www.gruppoliturgico.com\/fr\/produit\/120755\/#breadcrumb"},"inLanguage":"fr-FR","potentialAction":[{"@type":"ReadAction","target":["https:\/\/www.gruppoliturgico.com\/fr\/produit\/120755\/"]}]},{"@type":"BreadcrumbList","@id":"https:\/\/www.gruppoliturgico.com\/fr\/produit\/120755\/#breadcrumb","itemListElement":[{"@type":"ListItem","position":1,"name":"Home","item":"https:\/\/www.gruppoliturgico.com\/fr\/"},{"@type":"ListItem","position":2,"name":"Boutique","item":"https:\/\/www.gruppoliturgico.com\/fr\/boutique\/"},{"@type":"ListItem","position":3,"name":"Vierge \u00e0 l\u2019enfant cm 130"}]},{"@type":"WebSite","@id":"https:\/\/www.gruppoliturgico.com\/es\/#website","url":"https:\/\/www.gruppoliturgico.com\/es\/","name":"Laboratorio Gruppo Liturgico","description":"Articoli Religiosi online","publisher":{"@id":"https:\/\/www.gruppoliturgico.com\/es\/#organization"},"potentialAction":[{"@type":"SearchAction","target":{"@type":"EntryPoint","urlTemplate":"https:\/\/www.gruppoliturgico.com\/es\/?s={search_term_string}"},"query-input":"required name=search_term_string"}],"inLanguage":"fr-FR"},{"@type":"Organization","@id":"https:\/\/www.gruppoliturgico.com\/es\/#organization","name":"Laboratorio Gruppo Liturgico","url":"https:\/\/www.gruppoliturgico.com\/es\/","logo":{"@type":"ImageObject","inLanguage":"fr-FR","@id":"https:\/\/www.gruppoliturgico.com\/es\/#\/schema\/logo\/image\/","url":"https:\/\/www.gruppoliturgico.com\/wp-content\/uploads\/2022\/02\/logo-laboratoriogruppoliturgico.png","contentUrl":"https:\/\/www.gruppoliturgico.com\/wp-content\/uploads\/2022\/02\/logo-laboratoriogruppoliturgico.png","width":400,"height":114,"caption":"Laboratorio Gruppo Liturgico"},"image":{"@id":"https:\/\/www.gruppoliturgico.com\/es\/#\/schema\/logo\/image\/"}}]}},"_links":{"self":[{"href":"https:\/\/www.gruppoliturgico.com\/fr\/wp-json\/wp\/v2\/product\/120755"}],"collection":[{"href":"https:\/\/www.gruppoliturgico.com\/fr\/wp-json\/wp\/v2\/product"}],"about":[{"href":"https:\/\/www.gruppoliturgico.com\/fr\/wp-json\/wp\/v2\/types\/product"}],"wp:featuredmedia":[{"embeddable":true,"href":"https:\/\/www.gruppoliturgico.com\/fr\/wp-json\/wp\/v2\/media\/134225"}],"wp:attachment":[{"href":"https:\/\/www.gruppoliturgico.com\/fr\/wp-json\/wp\/v2\/media?parent=120755"}],"wp:term":[{"taxonomy":"product_cat","embeddable":true,"href":"https:\/\/www.gruppoliturgico.com\/fr\/wp-json\/wp\/v2\/product_cat?post=120755"},{"taxonomy":"product_tag","embeddable":true,"href":"https:\/\/www.gruppoliturgico.com\/fr\/wp-json\/wp\/v2\/product_tag?post=120755"}],"curies":[{"name":"wp","href":"https:\/\/api.w.org\/{rel}","templated":true}]}}