{"id":120557,"date":"2023-03-10T09:26:18","date_gmt":"2023-03-10T08:26:18","guid":{"rendered":"https:\/\/www.gruppoliturgico.com\/prodotto\/anneau-episcopal-16\/"},"modified":"2023-03-10T09:26:18","modified_gmt":"2023-03-10T08:26:18","slug":"anneau-episcopal-16","status":"publish","type":"product","link":"https:\/\/www.gruppoliturgico.com\/fr\/produit\/anneau-episcopal-16\/","title":{"rendered":"Anneau \u00e8piscopal"},"content":{"rendered":"<html><body><p>Anneau \u00e8piscopal en argent massif.<br>\nDor\u00e9 or 24 carats.<br>\nLa pierre ornementale est une am\u00e9thyste.<br>\nIl s\u2019adapte \u00e0 toutes les meaures.<\/p>\n<\/body><\/html>","protected":false},"excerpt":{"rendered":"<p>Anneau \u00e8piscopal en argent massif.<br \/>\nDor\u00e9 or 24 carats.<br \/>\nLa pierre ornementale est une am\u00e9thyste.<br \/>\nIl s&rsquo;adapte \u00e0 toutes les meaures.<\/p>\n","protected":false},"featured_media":120543,"template":"","meta":[],"product_cat":[12112],"product_tag":[],"yoast_head":"<!-- This site is optimized with the Yoast SEO plugin v20.4 - https:\/\/yoast.com\/wordpress\/plugins\/seo\/ -->\n<title>Anneau \u00e8piscopal - anneaux \u00e9piscopaux et Laboratorio Gruppo Liturgico<\/title>\n<meta name=\"description\" content=\"Anneau \u00e8piscopal en argent massif. Dor\u00e9 or 24 carats. La pierre ornementale est une am\u00e9thyste. Il s&#039;adapte \u00e0 toutes les meaures.\" \/>\n<meta name=\"robots\" content=\"index, follow, max-snippet:-1, max-image-preview:large, max-video-preview:-1\" \/>\n<link rel=\"canonical\" href=\"https:\/\/www.gruppoliturgico.com\/fr\/produit\/anneau-episcopal-16\/\" \/>\n<meta property=\"og:locale\" content=\"fr_FR\" \/>\n<meta property=\"og:type\" content=\"article\" \/>\n<meta property=\"og:title\" content=\"Anneau \u00e8piscopal - anneaux \u00e9piscopaux et Laboratorio Gruppo Liturgico\" \/>\n<meta property=\"og:description\" content=\"Anneau \u00e8piscopal en argent massif. Dor\u00e9 or 24 carats. La pierre ornementale est une am\u00e9thyste. Il s&#039;adapte \u00e0 toutes les meaures.\" \/>\n<meta property=\"og:url\" content=\"https:\/\/www.gruppoliturgico.com\/fr\/produit\/anneau-episcopal-16\/\" \/>\n<meta property=\"og:site_name\" content=\"Laboratorio Gruppo Liturgico\" \/>\n<meta name=\"twitter:card\" content=\"summary_large_image\" \/>\n<script type=\"application\/ld+json\" class=\"yoast-schema-graph\">{\"@context\":\"https:\/\/schema.org\",\"@graph\":[{\"@type\":\"WebPage\",\"@id\":\"https:\/\/www.gruppoliturgico.com\/fr\/produit\/anneau-episcopal-16\/\",\"url\":\"https:\/\/www.gruppoliturgico.com\/fr\/produit\/anneau-episcopal-16\/\",\"name\":\"Anneau \u00e8piscopal - anneaux \u00e9piscopaux et Laboratorio Gruppo Liturgico\",\"isPartOf\":{\"@id\":\"https:\/\/www.gruppoliturgico.com\/es\/#website\"},\"datePublished\":\"2023-03-10T08:26:18+00:00\",\"dateModified\":\"2023-03-10T08:26:18+00:00\",\"description\":\"Anneau \u00e8piscopal en argent massif. Dor\u00e9 or 24 carats. La pierre ornementale est une am\u00e9thyste. Il s'adapte \u00e0 toutes les meaures.\",\"breadcrumb\":{\"@id\":\"https:\/\/www.gruppoliturgico.com\/fr\/produit\/anneau-episcopal-16\/#breadcrumb\"},\"inLanguage\":\"fr-FR\",\"potentialAction\":[{\"@type\":\"ReadAction\",\"target\":[\"https:\/\/www.gruppoliturgico.com\/fr\/produit\/anneau-episcopal-16\/\"]}]},{\"@type\":\"BreadcrumbList\",\"@id\":\"https:\/\/www.gruppoliturgico.com\/fr\/produit\/anneau-episcopal-16\/#breadcrumb\",\"itemListElement\":[{\"@type\":\"ListItem\",\"position\":1,\"name\":\"Home\",\"item\":\"https:\/\/www.gruppoliturgico.com\/fr\/\"},{\"@type\":\"ListItem\",\"position\":2,\"name\":\"Boutique\",\"item\":\"https:\/\/www.gruppoliturgico.com\/fr\/boutique\/\"},{\"@type\":\"ListItem\",\"position\":3,\"name\":\"Anneau \u00e8piscopal\"}]},{\"@type\":\"WebSite\",\"@id\":\"https:\/\/www.gruppoliturgico.com\/es\/#website\",\"url\":\"https:\/\/www.gruppoliturgico.com\/es\/\",\"name\":\"Laboratorio Gruppo Liturgico\",\"description\":\"Articoli Religiosi online\",\"publisher\":{\"@id\":\"https:\/\/www.gruppoliturgico.com\/es\/#organization\"},\"potentialAction\":[{\"@type\":\"SearchAction\",\"target\":{\"@type\":\"EntryPoint\",\"urlTemplate\":\"https:\/\/www.gruppoliturgico.com\/es\/?s={search_term_string}\"},\"query-input\":\"required name=search_term_string\"}],\"inLanguage\":\"fr-FR\"},{\"@type\":\"Organization\",\"@id\":\"https:\/\/www.gruppoliturgico.com\/es\/#organization\",\"name\":\"Laboratorio Gruppo Liturgico\",\"url\":\"https:\/\/www.gruppoliturgico.com\/es\/\",\"logo\":{\"@type\":\"ImageObject\",\"inLanguage\":\"fr-FR\",\"@id\":\"https:\/\/www.gruppoliturgico.com\/es\/#\/schema\/logo\/image\/\",\"url\":\"https:\/\/www.gruppoliturgico.com\/wp-content\/uploads\/2022\/02\/logo-laboratoriogruppoliturgico.png\",\"contentUrl\":\"https:\/\/www.gruppoliturgico.com\/wp-content\/uploads\/2022\/02\/logo-laboratoriogruppoliturgico.png\",\"width\":400,\"height\":114,\"caption\":\"Laboratorio Gruppo Liturgico\"},\"image\":{\"@id\":\"https:\/\/www.gruppoliturgico.com\/es\/#\/schema\/logo\/image\/\"}}]}<\/script>\n<!-- \/ Yoast SEO plugin. -->","yoast_head_json":{"title":"Anneau \u00e8piscopal - anneaux \u00e9piscopaux et Laboratorio Gruppo Liturgico","description":"Anneau \u00e8piscopal en argent massif. Dor\u00e9 or 24 carats. La pierre ornementale est une am\u00e9thyste. Il s'adapte \u00e0 toutes les meaures.","robots":{"index":"index","follow":"follow","max-snippet":"max-snippet:-1","max-image-preview":"max-image-preview:large","max-video-preview":"max-video-preview:-1"},"canonical":"https:\/\/www.gruppoliturgico.com\/fr\/produit\/anneau-episcopal-16\/","og_locale":"fr_FR","og_type":"article","og_title":"Anneau \u00e8piscopal - anneaux \u00e9piscopaux et Laboratorio Gruppo Liturgico","og_description":"Anneau \u00e8piscopal en argent massif. Dor\u00e9 or 24 carats. La pierre ornementale est une am\u00e9thyste. Il s'adapte \u00e0 toutes les meaures.","og_url":"https:\/\/www.gruppoliturgico.com\/fr\/produit\/anneau-episcopal-16\/","og_site_name":"Laboratorio Gruppo Liturgico","twitter_card":"summary_large_image","schema":{"@context":"https:\/\/schema.org","@graph":[{"@type":"WebPage","@id":"https:\/\/www.gruppoliturgico.com\/fr\/produit\/anneau-episcopal-16\/","url":"https:\/\/www.gruppoliturgico.com\/fr\/produit\/anneau-episcopal-16\/","name":"Anneau \u00e8piscopal - anneaux \u00e9piscopaux et Laboratorio Gruppo Liturgico","isPartOf":{"@id":"https:\/\/www.gruppoliturgico.com\/es\/#website"},"datePublished":"2023-03-10T08:26:18+00:00","dateModified":"2023-03-10T08:26:18+00:00","description":"Anneau \u00e8piscopal en argent massif. Dor\u00e9 or 24 carats. La pierre ornementale est une am\u00e9thyste. Il s'adapte \u00e0 toutes les meaures.","breadcrumb":{"@id":"https:\/\/www.gruppoliturgico.com\/fr\/produit\/anneau-episcopal-16\/#breadcrumb"},"inLanguage":"fr-FR","potentialAction":[{"@type":"ReadAction","target":["https:\/\/www.gruppoliturgico.com\/fr\/produit\/anneau-episcopal-16\/"]}]},{"@type":"BreadcrumbList","@id":"https:\/\/www.gruppoliturgico.com\/fr\/produit\/anneau-episcopal-16\/#breadcrumb","itemListElement":[{"@type":"ListItem","position":1,"name":"Home","item":"https:\/\/www.gruppoliturgico.com\/fr\/"},{"@type":"ListItem","position":2,"name":"Boutique","item":"https:\/\/www.gruppoliturgico.com\/fr\/boutique\/"},{"@type":"ListItem","position":3,"name":"Anneau \u00e8piscopal"}]},{"@type":"WebSite","@id":"https:\/\/www.gruppoliturgico.com\/es\/#website","url":"https:\/\/www.gruppoliturgico.com\/es\/","name":"Laboratorio Gruppo Liturgico","description":"Articoli Religiosi online","publisher":{"@id":"https:\/\/www.gruppoliturgico.com\/es\/#organization"},"potentialAction":[{"@type":"SearchAction","target":{"@type":"EntryPoint","urlTemplate":"https:\/\/www.gruppoliturgico.com\/es\/?s={search_term_string}"},"query-input":"required name=search_term_string"}],"inLanguage":"fr-FR"},{"@type":"Organization","@id":"https:\/\/www.gruppoliturgico.com\/es\/#organization","name":"Laboratorio Gruppo Liturgico","url":"https:\/\/www.gruppoliturgico.com\/es\/","logo":{"@type":"ImageObject","inLanguage":"fr-FR","@id":"https:\/\/www.gruppoliturgico.com\/es\/#\/schema\/logo\/image\/","url":"https:\/\/www.gruppoliturgico.com\/wp-content\/uploads\/2022\/02\/logo-laboratoriogruppoliturgico.png","contentUrl":"https:\/\/www.gruppoliturgico.com\/wp-content\/uploads\/2022\/02\/logo-laboratoriogruppoliturgico.png","width":400,"height":114,"caption":"Laboratorio Gruppo Liturgico"},"image":{"@id":"https:\/\/www.gruppoliturgico.com\/es\/#\/schema\/logo\/image\/"}}]}},"_links":{"self":[{"href":"https:\/\/www.gruppoliturgico.com\/fr\/wp-json\/wp\/v2\/product\/120557"}],"collection":[{"href":"https:\/\/www.gruppoliturgico.com\/fr\/wp-json\/wp\/v2\/product"}],"about":[{"href":"https:\/\/www.gruppoliturgico.com\/fr\/wp-json\/wp\/v2\/types\/product"}],"wp:featuredmedia":[{"embeddable":true,"href":"https:\/\/www.gruppoliturgico.com\/fr\/wp-json\/wp\/v2\/media\/120543"}],"wp:attachment":[{"href":"https:\/\/www.gruppoliturgico.com\/fr\/wp-json\/wp\/v2\/media?parent=120557"}],"wp:term":[{"taxonomy":"product_cat","embeddable":true,"href":"https:\/\/www.gruppoliturgico.com\/fr\/wp-json\/wp\/v2\/product_cat?post=120557"},{"taxonomy":"product_tag","embeddable":true,"href":"https:\/\/www.gruppoliturgico.com\/fr\/wp-json\/wp\/v2\/product_tag?post=120557"}],"curies":[{"name":"wp","href":"https:\/\/api.w.org\/{rel}","templated":true}]}}