{"id":119621,"date":"2023-01-13T17:15:05","date_gmt":"2023-01-13T16:15:05","guid":{"rendered":"https:\/\/www.gruppoliturgico.com\/prodotto\/couronne-imperiale-5\/"},"modified":"2023-01-13T17:21:01","modified_gmt":"2023-01-13T16:21:01","slug":"couronne-imperiale-5","status":"publish","type":"product","link":"https:\/\/www.gruppoliturgico.com\/fr\/produit\/couronne-imperiale-5\/","title":{"rendered":"Couronne imp\u00e9riale"},"content":{"rendered":"<html><body><p>Couronne imp\u00e9riale en en laiton dor\u00e9.<br>\nIndiqu\u00e9e pour orner toutes les statues.<br>\nIl s\u2019agit d\u2019 ex\u00e9cutions artisanales en filigrane dor\u00e9.<br>\nEnrichies de pierres dures ornementales.<br>\nDiam\u00e8tres disponibles de cm 10 \u00e0 cm 15.<br>\nToutes autres mesures sur demande.<\/p>\n<\/body><\/html>","protected":false},"excerpt":{"rendered":"<p>Couronne imp\u00e9riale en en laiton dor\u00e9.<br \/>\nIndiqu\u00e9e pour orner toutes les statues.<br \/>\nIl s\u2019agit d\u2019 ex\u00e9cutions artisanales en filigrane dor\u00e9.<br \/>\nEnrichies de pierres dures ornementales.<br \/>\nDiam\u00e8tres disponibles de cm 10 \u00e0 cm 15.<br \/>\nToutes autres mesures sur demande.<\/p>\n","protected":false},"featured_media":119631,"template":"","meta":[],"product_cat":[11928],"product_tag":[],"yoast_head":"<!-- This site is optimized with the Yoast SEO plugin v20.4 - https:\/\/yoast.com\/wordpress\/plugins\/seo\/ -->\n<title>Couronne imp\u00e9riale - couronnes et aur\u00e9oles pour statues et Laboratorio Gruppo Liturgico<\/title>\n<meta name=\"description\" content=\"Couronne imp\u00e9riale en en laiton dor\u00e9. Indiqu\u00e9e pour orner toutes les statues. Il s\u2019agit d\u2019 ex\u00e9cutions artisanales en filigrane dor\u00e9. Enrichies de pierres dures ornementales. Diam\u00e8tres disponibles de cm 10 \u00e0 cm 15. Toutes autres mesures sur demande.\" \/>\n<meta name=\"robots\" content=\"index, follow, max-snippet:-1, max-image-preview:large, max-video-preview:-1\" \/>\n<link rel=\"canonical\" href=\"https:\/\/www.gruppoliturgico.com\/fr\/produit\/couronne-imperiale-5\/\" \/>\n<meta property=\"og:locale\" content=\"fr_FR\" \/>\n<meta property=\"og:type\" content=\"article\" \/>\n<meta property=\"og:title\" content=\"Couronne imp\u00e9riale - couronnes et aur\u00e9oles pour statues et Laboratorio Gruppo Liturgico\" \/>\n<meta property=\"og:description\" content=\"Couronne imp\u00e9riale en en laiton dor\u00e9. Indiqu\u00e9e pour orner toutes les statues. Il s\u2019agit d\u2019 ex\u00e9cutions artisanales en filigrane dor\u00e9. Enrichies de pierres dures ornementales. Diam\u00e8tres disponibles de cm 10 \u00e0 cm 15. Toutes autres mesures sur demande.\" \/>\n<meta property=\"og:url\" content=\"https:\/\/www.gruppoliturgico.com\/fr\/produit\/couronne-imperiale-5\/\" \/>\n<meta property=\"og:site_name\" content=\"Laboratorio Gruppo Liturgico\" \/>\n<meta property=\"article:modified_time\" content=\"2023-01-13T16:21:01+00:00\" \/>\n<meta property=\"og:image\" content=\"https:\/\/www.gruppoliturgico.com\/wp-content\/uploads\/2023\/01\/3709.-1.jpg\" \/>\n\t<meta property=\"og:image:width\" content=\"1558\" \/>\n\t<meta property=\"og:image:height\" content=\"1521\" \/>\n\t<meta property=\"og:image:type\" content=\"image\/jpeg\" \/>\n<meta name=\"twitter:card\" content=\"summary_large_image\" \/>\n<script type=\"application\/ld+json\" class=\"yoast-schema-graph\">{\"@context\":\"https:\/\/schema.org\",\"@graph\":[{\"@type\":\"WebPage\",\"@id\":\"https:\/\/www.gruppoliturgico.com\/fr\/produit\/couronne-imperiale-5\/\",\"url\":\"https:\/\/www.gruppoliturgico.com\/fr\/produit\/couronne-imperiale-5\/\",\"name\":\"Couronne imp\u00e9riale - couronnes et aur\u00e9oles pour statues et Laboratorio Gruppo Liturgico\",\"isPartOf\":{\"@id\":\"https:\/\/www.gruppoliturgico.com\/es\/#website\"},\"datePublished\":\"2023-01-13T16:15:05+00:00\",\"dateModified\":\"2023-01-13T16:21:01+00:00\",\"description\":\"Couronne imp\u00e9riale en en laiton dor\u00e9. Indiqu\u00e9e pour orner toutes les statues. Il s\u2019agit d\u2019 ex\u00e9cutions artisanales en filigrane dor\u00e9. Enrichies de pierres dures ornementales. Diam\u00e8tres disponibles de cm 10 \u00e0 cm 15. Toutes autres mesures sur demande.\",\"breadcrumb\":{\"@id\":\"https:\/\/www.gruppoliturgico.com\/fr\/produit\/couronne-imperiale-5\/#breadcrumb\"},\"inLanguage\":\"fr-FR\",\"potentialAction\":[{\"@type\":\"ReadAction\",\"target\":[\"https:\/\/www.gruppoliturgico.com\/fr\/produit\/couronne-imperiale-5\/\"]}]},{\"@type\":\"BreadcrumbList\",\"@id\":\"https:\/\/www.gruppoliturgico.com\/fr\/produit\/couronne-imperiale-5\/#breadcrumb\",\"itemListElement\":[{\"@type\":\"ListItem\",\"position\":1,\"name\":\"Home\",\"item\":\"https:\/\/www.gruppoliturgico.com\/fr\/\"},{\"@type\":\"ListItem\",\"position\":2,\"name\":\"Boutique\",\"item\":\"https:\/\/www.gruppoliturgico.com\/fr\/boutique\/\"},{\"@type\":\"ListItem\",\"position\":3,\"name\":\"Couronne imp\u00e9riale\"}]},{\"@type\":\"WebSite\",\"@id\":\"https:\/\/www.gruppoliturgico.com\/es\/#website\",\"url\":\"https:\/\/www.gruppoliturgico.com\/es\/\",\"name\":\"Laboratorio Gruppo Liturgico\",\"description\":\"Articoli Religiosi online\",\"publisher\":{\"@id\":\"https:\/\/www.gruppoliturgico.com\/es\/#organization\"},\"potentialAction\":[{\"@type\":\"SearchAction\",\"target\":{\"@type\":\"EntryPoint\",\"urlTemplate\":\"https:\/\/www.gruppoliturgico.com\/es\/?s={search_term_string}\"},\"query-input\":\"required name=search_term_string\"}],\"inLanguage\":\"fr-FR\"},{\"@type\":\"Organization\",\"@id\":\"https:\/\/www.gruppoliturgico.com\/es\/#organization\",\"name\":\"Laboratorio Gruppo Liturgico\",\"url\":\"https:\/\/www.gruppoliturgico.com\/es\/\",\"logo\":{\"@type\":\"ImageObject\",\"inLanguage\":\"fr-FR\",\"@id\":\"https:\/\/www.gruppoliturgico.com\/es\/#\/schema\/logo\/image\/\",\"url\":\"https:\/\/www.gruppoliturgico.com\/wp-content\/uploads\/2022\/02\/logo-laboratoriogruppoliturgico.png\",\"contentUrl\":\"https:\/\/www.gruppoliturgico.com\/wp-content\/uploads\/2022\/02\/logo-laboratoriogruppoliturgico.png\",\"width\":400,\"height\":114,\"caption\":\"Laboratorio Gruppo Liturgico\"},\"image\":{\"@id\":\"https:\/\/www.gruppoliturgico.com\/es\/#\/schema\/logo\/image\/\"}}]}<\/script>\n<!-- \/ Yoast SEO plugin. -->","yoast_head_json":{"title":"Couronne imp\u00e9riale - couronnes et aur\u00e9oles pour statues et Laboratorio Gruppo Liturgico","description":"Couronne imp\u00e9riale en en laiton dor\u00e9. Indiqu\u00e9e pour orner toutes les statues. Il s\u2019agit d\u2019 ex\u00e9cutions artisanales en filigrane dor\u00e9. Enrichies de pierres dures ornementales. Diam\u00e8tres disponibles de cm 10 \u00e0 cm 15. Toutes autres mesures sur demande.","robots":{"index":"index","follow":"follow","max-snippet":"max-snippet:-1","max-image-preview":"max-image-preview:large","max-video-preview":"max-video-preview:-1"},"canonical":"https:\/\/www.gruppoliturgico.com\/fr\/produit\/couronne-imperiale-5\/","og_locale":"fr_FR","og_type":"article","og_title":"Couronne imp\u00e9riale - couronnes et aur\u00e9oles pour statues et Laboratorio Gruppo Liturgico","og_description":"Couronne imp\u00e9riale en en laiton dor\u00e9. Indiqu\u00e9e pour orner toutes les statues. Il s\u2019agit d\u2019 ex\u00e9cutions artisanales en filigrane dor\u00e9. Enrichies de pierres dures ornementales. Diam\u00e8tres disponibles de cm 10 \u00e0 cm 15. Toutes autres mesures sur demande.","og_url":"https:\/\/www.gruppoliturgico.com\/fr\/produit\/couronne-imperiale-5\/","og_site_name":"Laboratorio Gruppo Liturgico","article_modified_time":"2023-01-13T16:21:01+00:00","og_image":[{"width":1558,"height":1521,"url":"https:\/\/www.gruppoliturgico.com\/wp-content\/uploads\/2023\/01\/3709.-1.jpg","type":"image\/jpeg"}],"twitter_card":"summary_large_image","schema":{"@context":"https:\/\/schema.org","@graph":[{"@type":"WebPage","@id":"https:\/\/www.gruppoliturgico.com\/fr\/produit\/couronne-imperiale-5\/","url":"https:\/\/www.gruppoliturgico.com\/fr\/produit\/couronne-imperiale-5\/","name":"Couronne imp\u00e9riale - couronnes et aur\u00e9oles pour statues et Laboratorio Gruppo Liturgico","isPartOf":{"@id":"https:\/\/www.gruppoliturgico.com\/es\/#website"},"datePublished":"2023-01-13T16:15:05+00:00","dateModified":"2023-01-13T16:21:01+00:00","description":"Couronne imp\u00e9riale en en laiton dor\u00e9. Indiqu\u00e9e pour orner toutes les statues. Il s\u2019agit d\u2019 ex\u00e9cutions artisanales en filigrane dor\u00e9. Enrichies de pierres dures ornementales. Diam\u00e8tres disponibles de cm 10 \u00e0 cm 15. Toutes autres mesures sur demande.","breadcrumb":{"@id":"https:\/\/www.gruppoliturgico.com\/fr\/produit\/couronne-imperiale-5\/#breadcrumb"},"inLanguage":"fr-FR","potentialAction":[{"@type":"ReadAction","target":["https:\/\/www.gruppoliturgico.com\/fr\/produit\/couronne-imperiale-5\/"]}]},{"@type":"BreadcrumbList","@id":"https:\/\/www.gruppoliturgico.com\/fr\/produit\/couronne-imperiale-5\/#breadcrumb","itemListElement":[{"@type":"ListItem","position":1,"name":"Home","item":"https:\/\/www.gruppoliturgico.com\/fr\/"},{"@type":"ListItem","position":2,"name":"Boutique","item":"https:\/\/www.gruppoliturgico.com\/fr\/boutique\/"},{"@type":"ListItem","position":3,"name":"Couronne imp\u00e9riale"}]},{"@type":"WebSite","@id":"https:\/\/www.gruppoliturgico.com\/es\/#website","url":"https:\/\/www.gruppoliturgico.com\/es\/","name":"Laboratorio Gruppo Liturgico","description":"Articoli Religiosi online","publisher":{"@id":"https:\/\/www.gruppoliturgico.com\/es\/#organization"},"potentialAction":[{"@type":"SearchAction","target":{"@type":"EntryPoint","urlTemplate":"https:\/\/www.gruppoliturgico.com\/es\/?s={search_term_string}"},"query-input":"required name=search_term_string"}],"inLanguage":"fr-FR"},{"@type":"Organization","@id":"https:\/\/www.gruppoliturgico.com\/es\/#organization","name":"Laboratorio Gruppo Liturgico","url":"https:\/\/www.gruppoliturgico.com\/es\/","logo":{"@type":"ImageObject","inLanguage":"fr-FR","@id":"https:\/\/www.gruppoliturgico.com\/es\/#\/schema\/logo\/image\/","url":"https:\/\/www.gruppoliturgico.com\/wp-content\/uploads\/2022\/02\/logo-laboratoriogruppoliturgico.png","contentUrl":"https:\/\/www.gruppoliturgico.com\/wp-content\/uploads\/2022\/02\/logo-laboratoriogruppoliturgico.png","width":400,"height":114,"caption":"Laboratorio Gruppo Liturgico"},"image":{"@id":"https:\/\/www.gruppoliturgico.com\/es\/#\/schema\/logo\/image\/"}}]}},"_links":{"self":[{"href":"https:\/\/www.gruppoliturgico.com\/fr\/wp-json\/wp\/v2\/product\/119621"}],"collection":[{"href":"https:\/\/www.gruppoliturgico.com\/fr\/wp-json\/wp\/v2\/product"}],"about":[{"href":"https:\/\/www.gruppoliturgico.com\/fr\/wp-json\/wp\/v2\/types\/product"}],"wp:featuredmedia":[{"embeddable":true,"href":"https:\/\/www.gruppoliturgico.com\/fr\/wp-json\/wp\/v2\/media\/119631"}],"wp:attachment":[{"href":"https:\/\/www.gruppoliturgico.com\/fr\/wp-json\/wp\/v2\/media?parent=119621"}],"wp:term":[{"taxonomy":"product_cat","embeddable":true,"href":"https:\/\/www.gruppoliturgico.com\/fr\/wp-json\/wp\/v2\/product_cat?post=119621"},{"taxonomy":"product_tag","embeddable":true,"href":"https:\/\/www.gruppoliturgico.com\/fr\/wp-json\/wp\/v2\/product_tag?post=119621"}],"curies":[{"name":"wp","href":"https:\/\/api.w.org\/{rel}","templated":true}]}}