{"id":119327,"date":"2023-01-02T16:14:05","date_gmt":"2023-01-02T15:14:05","guid":{"rendered":"https:\/\/www.gruppoliturgico.com\/prodotto\/119327\/"},"modified":"2023-01-02T16:32:23","modified_gmt":"2023-01-02T15:32:23","slug":"119327","status":"publish","type":"product","link":"https:\/\/www.gruppoliturgico.com\/fr\/produit\/119327\/","title":{"rendered":"Pupitre d&rsquo;autel"},"content":{"rendered":"<html><body><p>Pupitre d\u2019autel en laiton dor\u00e9 \u00e0 structure moul\u00e9e semblable \u00e0 un tronc d\u2019arbre.<br>\nPetits anges et frises ornementales en bronze coul\u00e9 argent\u00e9.<br>\nSurface d\u2019appui 43 x 32 cm.<\/p>\n<\/body><\/html>","protected":false},"excerpt":{"rendered":"<p>Pupitre d&rsquo;autel en laiton dor\u00e9 \u00e0 structure moul\u00e9e semblable \u00e0 un tronc d&rsquo;arbre.<br \/>\nPetits anges et frises ornementales en bronze coul\u00e9 argent\u00e9.<br \/>\nSurface d&rsquo;appui 43 x 32 cm.<\/p>\n","protected":false},"featured_media":119324,"template":"","meta":[],"product_cat":[11680],"product_tag":[],"yoast_head":"<!-- This site is optimized with the Yoast SEO plugin v20.4 - https:\/\/yoast.com\/wordpress\/plugins\/seo\/ -->\n<title>Pupitre d&#039;autel - pupitres d&#039;autel et Laboratorio Gruppo Liturgico<\/title>\n<meta name=\"description\" content=\"Pupitre d&#039;autel en laiton dor\u00e9 \u00e0 structure moul\u00e9e semblable \u00e0 un tronc d&#039;arbre. Petits anges et frises ornementales en bronze coul\u00e9 argent\u00e9. Surface d&#039;appui 43 x 32 cm.\" \/>\n<meta name=\"robots\" content=\"index, follow, max-snippet:-1, max-image-preview:large, max-video-preview:-1\" \/>\n<link rel=\"canonical\" href=\"https:\/\/www.gruppoliturgico.com\/fr\/produit\/119327\/\" \/>\n<meta property=\"og:locale\" content=\"fr_FR\" \/>\n<meta property=\"og:type\" content=\"article\" \/>\n<meta property=\"og:title\" content=\"Pupitre d&#039;autel - pupitres d&#039;autel et Laboratorio Gruppo Liturgico\" \/>\n<meta property=\"og:description\" content=\"Pupitre d&#039;autel en laiton dor\u00e9 \u00e0 structure moul\u00e9e semblable \u00e0 un tronc d&#039;arbre. Petits anges et frises ornementales en bronze coul\u00e9 argent\u00e9. Surface d&#039;appui 43 x 32 cm.\" \/>\n<meta property=\"og:url\" content=\"https:\/\/www.gruppoliturgico.com\/fr\/produit\/119327\/\" \/>\n<meta property=\"og:site_name\" content=\"Laboratorio Gruppo Liturgico\" \/>\n<meta property=\"article:modified_time\" content=\"2023-01-02T15:32:23+00:00\" \/>\n<meta property=\"og:image\" content=\"https:\/\/www.gruppoliturgico.com\/wp-content\/uploads\/2023\/01\/3788-1.jpg\" \/>\n\t<meta property=\"og:image:width\" content=\"2277\" \/>\n\t<meta property=\"og:image:height\" content=\"1215\" \/>\n\t<meta property=\"og:image:type\" content=\"image\/jpeg\" \/>\n<meta name=\"twitter:card\" content=\"summary_large_image\" \/>\n<script type=\"application\/ld+json\" class=\"yoast-schema-graph\">{\"@context\":\"https:\/\/schema.org\",\"@graph\":[{\"@type\":\"WebPage\",\"@id\":\"https:\/\/www.gruppoliturgico.com\/fr\/produit\/119327\/\",\"url\":\"https:\/\/www.gruppoliturgico.com\/fr\/produit\/119327\/\",\"name\":\"Pupitre d'autel - pupitres d'autel et Laboratorio Gruppo Liturgico\",\"isPartOf\":{\"@id\":\"https:\/\/www.gruppoliturgico.com\/es\/#website\"},\"datePublished\":\"2023-01-02T15:14:05+00:00\",\"dateModified\":\"2023-01-02T15:32:23+00:00\",\"description\":\"Pupitre d'autel en laiton dor\u00e9 \u00e0 structure moul\u00e9e semblable \u00e0 un tronc d'arbre. Petits anges et frises ornementales en bronze coul\u00e9 argent\u00e9. Surface d'appui 43 x 32 cm.\",\"breadcrumb\":{\"@id\":\"https:\/\/www.gruppoliturgico.com\/fr\/produit\/119327\/#breadcrumb\"},\"inLanguage\":\"fr-FR\",\"potentialAction\":[{\"@type\":\"ReadAction\",\"target\":[\"https:\/\/www.gruppoliturgico.com\/fr\/produit\/119327\/\"]}]},{\"@type\":\"BreadcrumbList\",\"@id\":\"https:\/\/www.gruppoliturgico.com\/fr\/produit\/119327\/#breadcrumb\",\"itemListElement\":[{\"@type\":\"ListItem\",\"position\":1,\"name\":\"Home\",\"item\":\"https:\/\/www.gruppoliturgico.com\/fr\/\"},{\"@type\":\"ListItem\",\"position\":2,\"name\":\"Boutique\",\"item\":\"https:\/\/www.gruppoliturgico.com\/fr\/boutique\/\"},{\"@type\":\"ListItem\",\"position\":3,\"name\":\"Pupitre d&#8217;autel\"}]},{\"@type\":\"WebSite\",\"@id\":\"https:\/\/www.gruppoliturgico.com\/es\/#website\",\"url\":\"https:\/\/www.gruppoliturgico.com\/es\/\",\"name\":\"Laboratorio Gruppo Liturgico\",\"description\":\"Articoli Religiosi online\",\"publisher\":{\"@id\":\"https:\/\/www.gruppoliturgico.com\/es\/#organization\"},\"potentialAction\":[{\"@type\":\"SearchAction\",\"target\":{\"@type\":\"EntryPoint\",\"urlTemplate\":\"https:\/\/www.gruppoliturgico.com\/es\/?s={search_term_string}\"},\"query-input\":\"required name=search_term_string\"}],\"inLanguage\":\"fr-FR\"},{\"@type\":\"Organization\",\"@id\":\"https:\/\/www.gruppoliturgico.com\/es\/#organization\",\"name\":\"Laboratorio Gruppo Liturgico\",\"url\":\"https:\/\/www.gruppoliturgico.com\/es\/\",\"logo\":{\"@type\":\"ImageObject\",\"inLanguage\":\"fr-FR\",\"@id\":\"https:\/\/www.gruppoliturgico.com\/es\/#\/schema\/logo\/image\/\",\"url\":\"https:\/\/www.gruppoliturgico.com\/wp-content\/uploads\/2022\/02\/logo-laboratoriogruppoliturgico.png\",\"contentUrl\":\"https:\/\/www.gruppoliturgico.com\/wp-content\/uploads\/2022\/02\/logo-laboratoriogruppoliturgico.png\",\"width\":400,\"height\":114,\"caption\":\"Laboratorio Gruppo Liturgico\"},\"image\":{\"@id\":\"https:\/\/www.gruppoliturgico.com\/es\/#\/schema\/logo\/image\/\"}}]}<\/script>\n<!-- \/ Yoast SEO plugin. -->","yoast_head_json":{"title":"Pupitre d'autel - pupitres d'autel et Laboratorio Gruppo Liturgico","description":"Pupitre d'autel en laiton dor\u00e9 \u00e0 structure moul\u00e9e semblable \u00e0 un tronc d'arbre. Petits anges et frises ornementales en bronze coul\u00e9 argent\u00e9. Surface d'appui 43 x 32 cm.","robots":{"index":"index","follow":"follow","max-snippet":"max-snippet:-1","max-image-preview":"max-image-preview:large","max-video-preview":"max-video-preview:-1"},"canonical":"https:\/\/www.gruppoliturgico.com\/fr\/produit\/119327\/","og_locale":"fr_FR","og_type":"article","og_title":"Pupitre d'autel - pupitres d'autel et Laboratorio Gruppo Liturgico","og_description":"Pupitre d'autel en laiton dor\u00e9 \u00e0 structure moul\u00e9e semblable \u00e0 un tronc d'arbre. Petits anges et frises ornementales en bronze coul\u00e9 argent\u00e9. Surface d'appui 43 x 32 cm.","og_url":"https:\/\/www.gruppoliturgico.com\/fr\/produit\/119327\/","og_site_name":"Laboratorio Gruppo Liturgico","article_modified_time":"2023-01-02T15:32:23+00:00","og_image":[{"width":2277,"height":1215,"url":"https:\/\/www.gruppoliturgico.com\/wp-content\/uploads\/2023\/01\/3788-1.jpg","type":"image\/jpeg"}],"twitter_card":"summary_large_image","schema":{"@context":"https:\/\/schema.org","@graph":[{"@type":"WebPage","@id":"https:\/\/www.gruppoliturgico.com\/fr\/produit\/119327\/","url":"https:\/\/www.gruppoliturgico.com\/fr\/produit\/119327\/","name":"Pupitre d'autel - pupitres d'autel et Laboratorio Gruppo Liturgico","isPartOf":{"@id":"https:\/\/www.gruppoliturgico.com\/es\/#website"},"datePublished":"2023-01-02T15:14:05+00:00","dateModified":"2023-01-02T15:32:23+00:00","description":"Pupitre d'autel en laiton dor\u00e9 \u00e0 structure moul\u00e9e semblable \u00e0 un tronc d'arbre. Petits anges et frises ornementales en bronze coul\u00e9 argent\u00e9. Surface d'appui 43 x 32 cm.","breadcrumb":{"@id":"https:\/\/www.gruppoliturgico.com\/fr\/produit\/119327\/#breadcrumb"},"inLanguage":"fr-FR","potentialAction":[{"@type":"ReadAction","target":["https:\/\/www.gruppoliturgico.com\/fr\/produit\/119327\/"]}]},{"@type":"BreadcrumbList","@id":"https:\/\/www.gruppoliturgico.com\/fr\/produit\/119327\/#breadcrumb","itemListElement":[{"@type":"ListItem","position":1,"name":"Home","item":"https:\/\/www.gruppoliturgico.com\/fr\/"},{"@type":"ListItem","position":2,"name":"Boutique","item":"https:\/\/www.gruppoliturgico.com\/fr\/boutique\/"},{"@type":"ListItem","position":3,"name":"Pupitre d&#8217;autel"}]},{"@type":"WebSite","@id":"https:\/\/www.gruppoliturgico.com\/es\/#website","url":"https:\/\/www.gruppoliturgico.com\/es\/","name":"Laboratorio Gruppo Liturgico","description":"Articoli Religiosi online","publisher":{"@id":"https:\/\/www.gruppoliturgico.com\/es\/#organization"},"potentialAction":[{"@type":"SearchAction","target":{"@type":"EntryPoint","urlTemplate":"https:\/\/www.gruppoliturgico.com\/es\/?s={search_term_string}"},"query-input":"required name=search_term_string"}],"inLanguage":"fr-FR"},{"@type":"Organization","@id":"https:\/\/www.gruppoliturgico.com\/es\/#organization","name":"Laboratorio Gruppo Liturgico","url":"https:\/\/www.gruppoliturgico.com\/es\/","logo":{"@type":"ImageObject","inLanguage":"fr-FR","@id":"https:\/\/www.gruppoliturgico.com\/es\/#\/schema\/logo\/image\/","url":"https:\/\/www.gruppoliturgico.com\/wp-content\/uploads\/2022\/02\/logo-laboratoriogruppoliturgico.png","contentUrl":"https:\/\/www.gruppoliturgico.com\/wp-content\/uploads\/2022\/02\/logo-laboratoriogruppoliturgico.png","width":400,"height":114,"caption":"Laboratorio Gruppo Liturgico"},"image":{"@id":"https:\/\/www.gruppoliturgico.com\/es\/#\/schema\/logo\/image\/"}}]}},"_links":{"self":[{"href":"https:\/\/www.gruppoliturgico.com\/fr\/wp-json\/wp\/v2\/product\/119327"}],"collection":[{"href":"https:\/\/www.gruppoliturgico.com\/fr\/wp-json\/wp\/v2\/product"}],"about":[{"href":"https:\/\/www.gruppoliturgico.com\/fr\/wp-json\/wp\/v2\/types\/product"}],"wp:featuredmedia":[{"embeddable":true,"href":"https:\/\/www.gruppoliturgico.com\/fr\/wp-json\/wp\/v2\/media\/119324"}],"wp:attachment":[{"href":"https:\/\/www.gruppoliturgico.com\/fr\/wp-json\/wp\/v2\/media?parent=119327"}],"wp:term":[{"taxonomy":"product_cat","embeddable":true,"href":"https:\/\/www.gruppoliturgico.com\/fr\/wp-json\/wp\/v2\/product_cat?post=119327"},{"taxonomy":"product_tag","embeddable":true,"href":"https:\/\/www.gruppoliturgico.com\/fr\/wp-json\/wp\/v2\/product_tag?post=119327"}],"curies":[{"name":"wp","href":"https:\/\/api.w.org\/{rel}","templated":true}]}}