{"id":119038,"date":"2022-12-10T10:19:01","date_gmt":"2022-12-10T09:19:01","guid":{"rendered":"https:\/\/www.gruppoliturgico.com\/prodotto\/ambon-13\/"},"modified":"2022-12-10T10:19:01","modified_gmt":"2022-12-10T09:19:01","slug":"ambon-13","status":"publish","type":"product","link":"https:\/\/www.gruppoliturgico.com\/fr\/produit\/ambon-13\/","title":{"rendered":"Ambon"},"content":{"rendered":"<html><body><p>Ambon grandiose en bois massif.<br>\nLa structure est enti\u00e8rement goug\u00e9e avec sculpture \u00e0 la main. Panneaux en bois dor\u00e9 \u00e0 la feuille d\u2019or avec symboles pyrograv\u00e9s des quatre \u00e9vang\u00e9listes.<br>\nHauteur cm 126<br>\nSocle cm 60 x 40<br>\nPupitre 50 x 33.<\/p>\n<\/body><\/html>","protected":false},"excerpt":{"rendered":"<p>Ambon grandiose en bois massif.<br \/>\nLa structure est enti\u00e8rement goug\u00e9e avec sculpture \u00e0 la main. Panneaux en bois dor\u00e9 \u00e0 la feuille d&rsquo;or avec symboles pyrograv\u00e9s des quatre \u00e9vang\u00e9listes.<br \/>\nHauteur cm 126<br \/>\nSocle cm 60 x 40<br \/>\nPupitre 50 x 33.<\/p>\n","protected":false},"featured_media":131525,"template":"","meta":[],"product_cat":[12184],"product_tag":[],"yoast_head":"<!-- This site is optimized with the Yoast SEO plugin v20.4 - https:\/\/yoast.com\/wordpress\/plugins\/seo\/ -->\n<title>Ambon - ambons et lutrins en bois et Laboratorio Gruppo Liturgico<\/title>\n<meta name=\"description\" content=\"Ambon grandiose en bois massif.  La structure est enti\u00e8rement goug\u00e9e avec sculpture \u00e0 la main. Panneaux en bois dor\u00e9 \u00e0 la feuille d&#039;or avec symboles pyrograv\u00e9s des quatre \u00e9vang\u00e9listes.  Hauteur cm 126  Socle cm 60 x 40  Pupitre 50 x 33.\" \/>\n<meta name=\"robots\" content=\"index, follow, max-snippet:-1, max-image-preview:large, max-video-preview:-1\" \/>\n<link rel=\"canonical\" href=\"https:\/\/www.gruppoliturgico.com\/fr\/produit\/ambon-13\/\" \/>\n<meta property=\"og:locale\" content=\"fr_FR\" \/>\n<meta property=\"og:type\" content=\"article\" \/>\n<meta property=\"og:title\" content=\"Ambon - ambons et lutrins en bois et Laboratorio Gruppo Liturgico\" \/>\n<meta property=\"og:description\" content=\"Ambon grandiose en bois massif.  La structure est enti\u00e8rement goug\u00e9e avec sculpture \u00e0 la main. Panneaux en bois dor\u00e9 \u00e0 la feuille d&#039;or avec symboles pyrograv\u00e9s des quatre \u00e9vang\u00e9listes.  Hauteur cm 126  Socle cm 60 x 40  Pupitre 50 x 33.\" \/>\n<meta property=\"og:url\" content=\"https:\/\/www.gruppoliturgico.com\/fr\/produit\/ambon-13\/\" \/>\n<meta property=\"og:site_name\" content=\"Laboratorio Gruppo Liturgico\" \/>\n<meta property=\"og:image\" content=\"https:\/\/www.gruppoliturgico.com\/wp-content\/uploads\/2022\/12\/651-516x1024.png\" \/>\n\t<meta property=\"og:image:width\" content=\"516\" \/>\n\t<meta property=\"og:image:height\" content=\"1024\" \/>\n\t<meta property=\"og:image:type\" content=\"image\/png\" \/>\n<meta name=\"twitter:card\" content=\"summary_large_image\" \/>\n<script type=\"application\/ld+json\" class=\"yoast-schema-graph\">{\"@context\":\"https:\/\/schema.org\",\"@graph\":[{\"@type\":\"WebPage\",\"@id\":\"https:\/\/www.gruppoliturgico.com\/fr\/produit\/ambon-13\/\",\"url\":\"https:\/\/www.gruppoliturgico.com\/fr\/produit\/ambon-13\/\",\"name\":\"Ambon - ambons et lutrins en bois et Laboratorio Gruppo Liturgico\",\"isPartOf\":{\"@id\":\"https:\/\/www.gruppoliturgico.com\/es\/#website\"},\"datePublished\":\"2022-12-10T09:19:01+00:00\",\"dateModified\":\"2022-12-10T09:19:01+00:00\",\"description\":\"Ambon grandiose en bois massif. La structure est enti\u00e8rement goug\u00e9e avec sculpture \u00e0 la main. Panneaux en bois dor\u00e9 \u00e0 la feuille d'or avec symboles pyrograv\u00e9s des quatre \u00e9vang\u00e9listes. Hauteur cm 126 Socle cm 60 x 40 Pupitre 50 x 33.\",\"breadcrumb\":{\"@id\":\"https:\/\/www.gruppoliturgico.com\/fr\/produit\/ambon-13\/#breadcrumb\"},\"inLanguage\":\"fr-FR\",\"potentialAction\":[{\"@type\":\"ReadAction\",\"target\":[\"https:\/\/www.gruppoliturgico.com\/fr\/produit\/ambon-13\/\"]}]},{\"@type\":\"BreadcrumbList\",\"@id\":\"https:\/\/www.gruppoliturgico.com\/fr\/produit\/ambon-13\/#breadcrumb\",\"itemListElement\":[{\"@type\":\"ListItem\",\"position\":1,\"name\":\"Home\",\"item\":\"https:\/\/www.gruppoliturgico.com\/fr\/\"},{\"@type\":\"ListItem\",\"position\":2,\"name\":\"Boutique\",\"item\":\"https:\/\/www.gruppoliturgico.com\/fr\/boutique\/\"},{\"@type\":\"ListItem\",\"position\":3,\"name\":\"Ambon\"}]},{\"@type\":\"WebSite\",\"@id\":\"https:\/\/www.gruppoliturgico.com\/es\/#website\",\"url\":\"https:\/\/www.gruppoliturgico.com\/es\/\",\"name\":\"Laboratorio Gruppo Liturgico\",\"description\":\"Articoli Religiosi online\",\"publisher\":{\"@id\":\"https:\/\/www.gruppoliturgico.com\/es\/#organization\"},\"potentialAction\":[{\"@type\":\"SearchAction\",\"target\":{\"@type\":\"EntryPoint\",\"urlTemplate\":\"https:\/\/www.gruppoliturgico.com\/es\/?s={search_term_string}\"},\"query-input\":\"required name=search_term_string\"}],\"inLanguage\":\"fr-FR\"},{\"@type\":\"Organization\",\"@id\":\"https:\/\/www.gruppoliturgico.com\/es\/#organization\",\"name\":\"Laboratorio Gruppo Liturgico\",\"url\":\"https:\/\/www.gruppoliturgico.com\/es\/\",\"logo\":{\"@type\":\"ImageObject\",\"inLanguage\":\"fr-FR\",\"@id\":\"https:\/\/www.gruppoliturgico.com\/es\/#\/schema\/logo\/image\/\",\"url\":\"https:\/\/www.gruppoliturgico.com\/wp-content\/uploads\/2022\/02\/logo-laboratoriogruppoliturgico.png\",\"contentUrl\":\"https:\/\/www.gruppoliturgico.com\/wp-content\/uploads\/2022\/02\/logo-laboratoriogruppoliturgico.png\",\"width\":400,\"height\":114,\"caption\":\"Laboratorio Gruppo Liturgico\"},\"image\":{\"@id\":\"https:\/\/www.gruppoliturgico.com\/es\/#\/schema\/logo\/image\/\"}}]}<\/script>\n<!-- \/ Yoast SEO plugin. -->","yoast_head_json":{"title":"Ambon - ambons et lutrins en bois et Laboratorio Gruppo Liturgico","description":"Ambon grandiose en bois massif.  La structure est enti\u00e8rement goug\u00e9e avec sculpture \u00e0 la main. Panneaux en bois dor\u00e9 \u00e0 la feuille d'or avec symboles pyrograv\u00e9s des quatre \u00e9vang\u00e9listes.  Hauteur cm 126  Socle cm 60 x 40  Pupitre 50 x 33.","robots":{"index":"index","follow":"follow","max-snippet":"max-snippet:-1","max-image-preview":"max-image-preview:large","max-video-preview":"max-video-preview:-1"},"canonical":"https:\/\/www.gruppoliturgico.com\/fr\/produit\/ambon-13\/","og_locale":"fr_FR","og_type":"article","og_title":"Ambon - ambons et lutrins en bois et Laboratorio Gruppo Liturgico","og_description":"Ambon grandiose en bois massif.  La structure est enti\u00e8rement goug\u00e9e avec sculpture \u00e0 la main. Panneaux en bois dor\u00e9 \u00e0 la feuille d'or avec symboles pyrograv\u00e9s des quatre \u00e9vang\u00e9listes.  Hauteur cm 126  Socle cm 60 x 40  Pupitre 50 x 33.","og_url":"https:\/\/www.gruppoliturgico.com\/fr\/produit\/ambon-13\/","og_site_name":"Laboratorio Gruppo Liturgico","og_image":[{"width":516,"height":1024,"url":"https:\/\/www.gruppoliturgico.com\/wp-content\/uploads\/2022\/12\/651-516x1024.png","type":"image\/png"}],"twitter_card":"summary_large_image","schema":{"@context":"https:\/\/schema.org","@graph":[{"@type":"WebPage","@id":"https:\/\/www.gruppoliturgico.com\/fr\/produit\/ambon-13\/","url":"https:\/\/www.gruppoliturgico.com\/fr\/produit\/ambon-13\/","name":"Ambon - ambons et lutrins en bois et Laboratorio Gruppo Liturgico","isPartOf":{"@id":"https:\/\/www.gruppoliturgico.com\/es\/#website"},"datePublished":"2022-12-10T09:19:01+00:00","dateModified":"2022-12-10T09:19:01+00:00","description":"Ambon grandiose en bois massif. La structure est enti\u00e8rement goug\u00e9e avec sculpture \u00e0 la main. Panneaux en bois dor\u00e9 \u00e0 la feuille d'or avec symboles pyrograv\u00e9s des quatre \u00e9vang\u00e9listes. Hauteur cm 126 Socle cm 60 x 40 Pupitre 50 x 33.","breadcrumb":{"@id":"https:\/\/www.gruppoliturgico.com\/fr\/produit\/ambon-13\/#breadcrumb"},"inLanguage":"fr-FR","potentialAction":[{"@type":"ReadAction","target":["https:\/\/www.gruppoliturgico.com\/fr\/produit\/ambon-13\/"]}]},{"@type":"BreadcrumbList","@id":"https:\/\/www.gruppoliturgico.com\/fr\/produit\/ambon-13\/#breadcrumb","itemListElement":[{"@type":"ListItem","position":1,"name":"Home","item":"https:\/\/www.gruppoliturgico.com\/fr\/"},{"@type":"ListItem","position":2,"name":"Boutique","item":"https:\/\/www.gruppoliturgico.com\/fr\/boutique\/"},{"@type":"ListItem","position":3,"name":"Ambon"}]},{"@type":"WebSite","@id":"https:\/\/www.gruppoliturgico.com\/es\/#website","url":"https:\/\/www.gruppoliturgico.com\/es\/","name":"Laboratorio Gruppo Liturgico","description":"Articoli Religiosi online","publisher":{"@id":"https:\/\/www.gruppoliturgico.com\/es\/#organization"},"potentialAction":[{"@type":"SearchAction","target":{"@type":"EntryPoint","urlTemplate":"https:\/\/www.gruppoliturgico.com\/es\/?s={search_term_string}"},"query-input":"required name=search_term_string"}],"inLanguage":"fr-FR"},{"@type":"Organization","@id":"https:\/\/www.gruppoliturgico.com\/es\/#organization","name":"Laboratorio Gruppo Liturgico","url":"https:\/\/www.gruppoliturgico.com\/es\/","logo":{"@type":"ImageObject","inLanguage":"fr-FR","@id":"https:\/\/www.gruppoliturgico.com\/es\/#\/schema\/logo\/image\/","url":"https:\/\/www.gruppoliturgico.com\/wp-content\/uploads\/2022\/02\/logo-laboratoriogruppoliturgico.png","contentUrl":"https:\/\/www.gruppoliturgico.com\/wp-content\/uploads\/2022\/02\/logo-laboratoriogruppoliturgico.png","width":400,"height":114,"caption":"Laboratorio Gruppo Liturgico"},"image":{"@id":"https:\/\/www.gruppoliturgico.com\/es\/#\/schema\/logo\/image\/"}}]}},"_links":{"self":[{"href":"https:\/\/www.gruppoliturgico.com\/fr\/wp-json\/wp\/v2\/product\/119038"}],"collection":[{"href":"https:\/\/www.gruppoliturgico.com\/fr\/wp-json\/wp\/v2\/product"}],"about":[{"href":"https:\/\/www.gruppoliturgico.com\/fr\/wp-json\/wp\/v2\/types\/product"}],"wp:featuredmedia":[{"embeddable":true,"href":"https:\/\/www.gruppoliturgico.com\/fr\/wp-json\/wp\/v2\/media\/131525"}],"wp:attachment":[{"href":"https:\/\/www.gruppoliturgico.com\/fr\/wp-json\/wp\/v2\/media?parent=119038"}],"wp:term":[{"taxonomy":"product_cat","embeddable":true,"href":"https:\/\/www.gruppoliturgico.com\/fr\/wp-json\/wp\/v2\/product_cat?post=119038"},{"taxonomy":"product_tag","embeddable":true,"href":"https:\/\/www.gruppoliturgico.com\/fr\/wp-json\/wp\/v2\/product_tag?post=119038"}],"curies":[{"name":"wp","href":"https:\/\/api.w.org\/{rel}","templated":true}]}}