{"id":118987,"date":"2022-12-09T16:30:43","date_gmt":"2022-12-09T15:30:43","guid":{"rendered":"https:\/\/www.gruppoliturgico.com\/prodotto\/lampe-de-sanctuaire-22\/"},"modified":"2022-12-09T16:30:43","modified_gmt":"2022-12-09T15:30:43","slug":"lampe-de-sanctuaire-22","status":"publish","type":"product","link":"https:\/\/www.gruppoliturgico.com\/fr\/produit\/lampe-de-sanctuaire-22\/","title":{"rendered":"Lampe de sanctuaire"},"content":{"rendered":"<html><body><p>Lampe de sanctuaire en bois fa\u00e7onn\u00e9 au tour et dor\u00e9 \u00e0 la feuille d\u2019or.<br>\nHauteur cm 110.<\/p>\n<\/body><\/html>","protected":false},"excerpt":{"rendered":"<p>Lampe de sanctuaire en bois fa\u00e7onn\u00e9 au tour et dor\u00e9 \u00e0 la feuille d\u2019or.<br \/>\nHauteur cm 110.<\/p>\n","protected":false},"featured_media":118984,"template":"","meta":[],"product_cat":[12104],"product_tag":[],"yoast_head":"<!-- This site is optimized with the Yoast SEO plugin v20.4 - https:\/\/yoast.com\/wordpress\/plugins\/seo\/ -->\n<title>Lampe de sanctuaire - lampes de sanctuarie et Laboratorio Gruppo Liturgico<\/title>\n<meta name=\"description\" content=\"Lampe de sanctuaire en bois fa\u00e7onn\u00e9 au tour et dor\u00e9 \u00e0 la feuille d\u2019or.  Hauteur cm 110.\" \/>\n<meta name=\"robots\" content=\"index, follow, max-snippet:-1, max-image-preview:large, max-video-preview:-1\" \/>\n<link rel=\"canonical\" href=\"https:\/\/www.gruppoliturgico.com\/fr\/produit\/lampe-de-sanctuaire-22\/\" \/>\n<meta property=\"og:locale\" content=\"fr_FR\" \/>\n<meta property=\"og:type\" content=\"article\" \/>\n<meta property=\"og:title\" content=\"Lampe de sanctuaire - lampes de sanctuarie et Laboratorio Gruppo Liturgico\" \/>\n<meta property=\"og:description\" content=\"Lampe de sanctuaire en bois fa\u00e7onn\u00e9 au tour et dor\u00e9 \u00e0 la feuille d\u2019or.  Hauteur cm 110.\" \/>\n<meta property=\"og:url\" content=\"https:\/\/www.gruppoliturgico.com\/fr\/produit\/lampe-de-sanctuaire-22\/\" \/>\n<meta property=\"og:site_name\" content=\"Laboratorio Gruppo Liturgico\" \/>\n<meta name=\"twitter:card\" content=\"summary_large_image\" \/>\n<script type=\"application\/ld+json\" class=\"yoast-schema-graph\">{\"@context\":\"https:\/\/schema.org\",\"@graph\":[{\"@type\":\"WebPage\",\"@id\":\"https:\/\/www.gruppoliturgico.com\/fr\/produit\/lampe-de-sanctuaire-22\/\",\"url\":\"https:\/\/www.gruppoliturgico.com\/fr\/produit\/lampe-de-sanctuaire-22\/\",\"name\":\"Lampe de sanctuaire - lampes de sanctuarie et Laboratorio Gruppo Liturgico\",\"isPartOf\":{\"@id\":\"https:\/\/www.gruppoliturgico.com\/es\/#website\"},\"datePublished\":\"2022-12-09T15:30:43+00:00\",\"dateModified\":\"2022-12-09T15:30:43+00:00\",\"description\":\"Lampe de sanctuaire en bois fa\u00e7onn\u00e9 au tour et dor\u00e9 \u00e0 la feuille d\u2019or. Hauteur cm 110.\",\"breadcrumb\":{\"@id\":\"https:\/\/www.gruppoliturgico.com\/fr\/produit\/lampe-de-sanctuaire-22\/#breadcrumb\"},\"inLanguage\":\"fr-FR\",\"potentialAction\":[{\"@type\":\"ReadAction\",\"target\":[\"https:\/\/www.gruppoliturgico.com\/fr\/produit\/lampe-de-sanctuaire-22\/\"]}]},{\"@type\":\"BreadcrumbList\",\"@id\":\"https:\/\/www.gruppoliturgico.com\/fr\/produit\/lampe-de-sanctuaire-22\/#breadcrumb\",\"itemListElement\":[{\"@type\":\"ListItem\",\"position\":1,\"name\":\"Home\",\"item\":\"https:\/\/www.gruppoliturgico.com\/fr\/\"},{\"@type\":\"ListItem\",\"position\":2,\"name\":\"Boutique\",\"item\":\"https:\/\/www.gruppoliturgico.com\/fr\/boutique\/\"},{\"@type\":\"ListItem\",\"position\":3,\"name\":\"Lampe de sanctuaire\"}]},{\"@type\":\"WebSite\",\"@id\":\"https:\/\/www.gruppoliturgico.com\/es\/#website\",\"url\":\"https:\/\/www.gruppoliturgico.com\/es\/\",\"name\":\"Laboratorio Gruppo Liturgico\",\"description\":\"Articoli Religiosi online\",\"publisher\":{\"@id\":\"https:\/\/www.gruppoliturgico.com\/es\/#organization\"},\"potentialAction\":[{\"@type\":\"SearchAction\",\"target\":{\"@type\":\"EntryPoint\",\"urlTemplate\":\"https:\/\/www.gruppoliturgico.com\/es\/?s={search_term_string}\"},\"query-input\":\"required name=search_term_string\"}],\"inLanguage\":\"fr-FR\"},{\"@type\":\"Organization\",\"@id\":\"https:\/\/www.gruppoliturgico.com\/es\/#organization\",\"name\":\"Laboratorio Gruppo Liturgico\",\"url\":\"https:\/\/www.gruppoliturgico.com\/es\/\",\"logo\":{\"@type\":\"ImageObject\",\"inLanguage\":\"fr-FR\",\"@id\":\"https:\/\/www.gruppoliturgico.com\/es\/#\/schema\/logo\/image\/\",\"url\":\"https:\/\/www.gruppoliturgico.com\/wp-content\/uploads\/2022\/02\/logo-laboratoriogruppoliturgico.png\",\"contentUrl\":\"https:\/\/www.gruppoliturgico.com\/wp-content\/uploads\/2022\/02\/logo-laboratoriogruppoliturgico.png\",\"width\":400,\"height\":114,\"caption\":\"Laboratorio Gruppo Liturgico\"},\"image\":{\"@id\":\"https:\/\/www.gruppoliturgico.com\/es\/#\/schema\/logo\/image\/\"}}]}<\/script>\n<!-- \/ Yoast SEO plugin. -->","yoast_head_json":{"title":"Lampe de sanctuaire - lampes de sanctuarie et Laboratorio Gruppo Liturgico","description":"Lampe de sanctuaire en bois fa\u00e7onn\u00e9 au tour et dor\u00e9 \u00e0 la feuille d\u2019or.  Hauteur cm 110.","robots":{"index":"index","follow":"follow","max-snippet":"max-snippet:-1","max-image-preview":"max-image-preview:large","max-video-preview":"max-video-preview:-1"},"canonical":"https:\/\/www.gruppoliturgico.com\/fr\/produit\/lampe-de-sanctuaire-22\/","og_locale":"fr_FR","og_type":"article","og_title":"Lampe de sanctuaire - lampes de sanctuarie et Laboratorio Gruppo Liturgico","og_description":"Lampe de sanctuaire en bois fa\u00e7onn\u00e9 au tour et dor\u00e9 \u00e0 la feuille d\u2019or.  Hauteur cm 110.","og_url":"https:\/\/www.gruppoliturgico.com\/fr\/produit\/lampe-de-sanctuaire-22\/","og_site_name":"Laboratorio Gruppo Liturgico","twitter_card":"summary_large_image","schema":{"@context":"https:\/\/schema.org","@graph":[{"@type":"WebPage","@id":"https:\/\/www.gruppoliturgico.com\/fr\/produit\/lampe-de-sanctuaire-22\/","url":"https:\/\/www.gruppoliturgico.com\/fr\/produit\/lampe-de-sanctuaire-22\/","name":"Lampe de sanctuaire - lampes de sanctuarie et Laboratorio Gruppo Liturgico","isPartOf":{"@id":"https:\/\/www.gruppoliturgico.com\/es\/#website"},"datePublished":"2022-12-09T15:30:43+00:00","dateModified":"2022-12-09T15:30:43+00:00","description":"Lampe de sanctuaire en bois fa\u00e7onn\u00e9 au tour et dor\u00e9 \u00e0 la feuille d\u2019or. Hauteur cm 110.","breadcrumb":{"@id":"https:\/\/www.gruppoliturgico.com\/fr\/produit\/lampe-de-sanctuaire-22\/#breadcrumb"},"inLanguage":"fr-FR","potentialAction":[{"@type":"ReadAction","target":["https:\/\/www.gruppoliturgico.com\/fr\/produit\/lampe-de-sanctuaire-22\/"]}]},{"@type":"BreadcrumbList","@id":"https:\/\/www.gruppoliturgico.com\/fr\/produit\/lampe-de-sanctuaire-22\/#breadcrumb","itemListElement":[{"@type":"ListItem","position":1,"name":"Home","item":"https:\/\/www.gruppoliturgico.com\/fr\/"},{"@type":"ListItem","position":2,"name":"Boutique","item":"https:\/\/www.gruppoliturgico.com\/fr\/boutique\/"},{"@type":"ListItem","position":3,"name":"Lampe de sanctuaire"}]},{"@type":"WebSite","@id":"https:\/\/www.gruppoliturgico.com\/es\/#website","url":"https:\/\/www.gruppoliturgico.com\/es\/","name":"Laboratorio Gruppo Liturgico","description":"Articoli Religiosi online","publisher":{"@id":"https:\/\/www.gruppoliturgico.com\/es\/#organization"},"potentialAction":[{"@type":"SearchAction","target":{"@type":"EntryPoint","urlTemplate":"https:\/\/www.gruppoliturgico.com\/es\/?s={search_term_string}"},"query-input":"required name=search_term_string"}],"inLanguage":"fr-FR"},{"@type":"Organization","@id":"https:\/\/www.gruppoliturgico.com\/es\/#organization","name":"Laboratorio Gruppo Liturgico","url":"https:\/\/www.gruppoliturgico.com\/es\/","logo":{"@type":"ImageObject","inLanguage":"fr-FR","@id":"https:\/\/www.gruppoliturgico.com\/es\/#\/schema\/logo\/image\/","url":"https:\/\/www.gruppoliturgico.com\/wp-content\/uploads\/2022\/02\/logo-laboratoriogruppoliturgico.png","contentUrl":"https:\/\/www.gruppoliturgico.com\/wp-content\/uploads\/2022\/02\/logo-laboratoriogruppoliturgico.png","width":400,"height":114,"caption":"Laboratorio Gruppo Liturgico"},"image":{"@id":"https:\/\/www.gruppoliturgico.com\/es\/#\/schema\/logo\/image\/"}}]}},"_links":{"self":[{"href":"https:\/\/www.gruppoliturgico.com\/fr\/wp-json\/wp\/v2\/product\/118987"}],"collection":[{"href":"https:\/\/www.gruppoliturgico.com\/fr\/wp-json\/wp\/v2\/product"}],"about":[{"href":"https:\/\/www.gruppoliturgico.com\/fr\/wp-json\/wp\/v2\/types\/product"}],"wp:featuredmedia":[{"embeddable":true,"href":"https:\/\/www.gruppoliturgico.com\/fr\/wp-json\/wp\/v2\/media\/118984"}],"wp:attachment":[{"href":"https:\/\/www.gruppoliturgico.com\/fr\/wp-json\/wp\/v2\/media?parent=118987"}],"wp:term":[{"taxonomy":"product_cat","embeddable":true,"href":"https:\/\/www.gruppoliturgico.com\/fr\/wp-json\/wp\/v2\/product_cat?post=118987"},{"taxonomy":"product_tag","embeddable":true,"href":"https:\/\/www.gruppoliturgico.com\/fr\/wp-json\/wp\/v2\/product_tag?post=118987"}],"curies":[{"name":"wp","href":"https:\/\/api.w.org\/{rel}","templated":true}]}}