{"id":118806,"date":"2022-11-20T10:57:03","date_gmt":"2022-11-20T09:57:03","guid":{"rendered":"https:\/\/www.gruppoliturgico.com\/prodotto\/santantonio-di-padova-cm-30\/"},"modified":"2022-11-20T10:59:49","modified_gmt":"2022-11-20T09:59:49","slug":"santantonio-di-padova-cm-30","status":"publish","type":"product","link":"https:\/\/www.gruppoliturgico.com\/fr\/produit\/santantonio-di-padova-cm-30\/","title":{"rendered":"Saint Antoine cm 30"},"content":{"rendered":"<html><body><p>Statue en r\u00e9sine, d\u00e9cor\u00e9e \u00e0 la main, indiqu\u00e9e pour l\u2019ext\u00e9rieur.<br>\nHauteur cm 30<\/p>\n<\/body><\/html>","protected":false},"excerpt":{"rendered":"<p>Statue en r\u00e9sine, d\u00e9cor\u00e9e \u00e0 la main, indiqu\u00e9e pour l\u2019ext\u00e9rieur.<br \/>\nHauteur cm 30<\/p>\n","protected":false},"featured_media":118803,"template":"","meta":[],"product_cat":[11920],"product_tag":[],"yoast_head":"<!-- This site is optimized with the Yoast SEO plugin v20.4 - https:\/\/yoast.com\/wordpress\/plugins\/seo\/ -->\n<title>Saint Antoine cm 30 - statues pour l&#039;ext\u00e9rieure et Laboratorio Gruppo Liturgico<\/title>\n<meta name=\"description\" content=\"Statue en r\u00e9sine, d\u00e9cor\u00e9e \u00e0 la main, indiqu\u00e9e pour l\u2019ext\u00e9rieur. Hauteur cm 30\" \/>\n<meta name=\"robots\" content=\"index, follow, max-snippet:-1, max-image-preview:large, max-video-preview:-1\" \/>\n<link rel=\"canonical\" href=\"https:\/\/www.gruppoliturgico.com\/fr\/produit\/santantonio-di-padova-cm-30\/\" \/>\n<meta property=\"og:locale\" content=\"fr_FR\" \/>\n<meta property=\"og:type\" content=\"article\" \/>\n<meta property=\"og:title\" content=\"Saint Antoine cm 30 - statues pour l&#039;ext\u00e9rieure et Laboratorio Gruppo Liturgico\" \/>\n<meta property=\"og:description\" content=\"Statue en r\u00e9sine, d\u00e9cor\u00e9e \u00e0 la main, indiqu\u00e9e pour l\u2019ext\u00e9rieur. Hauteur cm 30\" \/>\n<meta property=\"og:url\" content=\"https:\/\/www.gruppoliturgico.com\/fr\/produit\/santantonio-di-padova-cm-30\/\" \/>\n<meta property=\"og:site_name\" content=\"Laboratorio Gruppo Liturgico\" \/>\n<meta property=\"article:modified_time\" content=\"2022-11-20T09:59:49+00:00\" \/>\n<meta property=\"og:image\" content=\"https:\/\/www.gruppoliturgico.com\/wp-content\/uploads\/2022\/11\/3922_InPixio.jpg\" \/>\n\t<meta property=\"og:image:width\" content=\"827\" \/>\n\t<meta property=\"og:image:height\" content=\"2000\" \/>\n\t<meta property=\"og:image:type\" content=\"image\/jpeg\" \/>\n<meta name=\"twitter:card\" content=\"summary_large_image\" \/>\n<script type=\"application\/ld+json\" class=\"yoast-schema-graph\">{\"@context\":\"https:\/\/schema.org\",\"@graph\":[{\"@type\":\"WebPage\",\"@id\":\"https:\/\/www.gruppoliturgico.com\/fr\/produit\/santantonio-di-padova-cm-30\/\",\"url\":\"https:\/\/www.gruppoliturgico.com\/fr\/produit\/santantonio-di-padova-cm-30\/\",\"name\":\"Saint Antoine cm 30 - statues pour l'ext\u00e9rieure et Laboratorio Gruppo Liturgico\",\"isPartOf\":{\"@id\":\"https:\/\/www.gruppoliturgico.com\/es\/#website\"},\"datePublished\":\"2022-11-20T09:57:03+00:00\",\"dateModified\":\"2022-11-20T09:59:49+00:00\",\"description\":\"Statue en r\u00e9sine, d\u00e9cor\u00e9e \u00e0 la main, indiqu\u00e9e pour l\u2019ext\u00e9rieur. Hauteur cm 30\",\"breadcrumb\":{\"@id\":\"https:\/\/www.gruppoliturgico.com\/fr\/produit\/santantonio-di-padova-cm-30\/#breadcrumb\"},\"inLanguage\":\"fr-FR\",\"potentialAction\":[{\"@type\":\"ReadAction\",\"target\":[\"https:\/\/www.gruppoliturgico.com\/fr\/produit\/santantonio-di-padova-cm-30\/\"]}]},{\"@type\":\"BreadcrumbList\",\"@id\":\"https:\/\/www.gruppoliturgico.com\/fr\/produit\/santantonio-di-padova-cm-30\/#breadcrumb\",\"itemListElement\":[{\"@type\":\"ListItem\",\"position\":1,\"name\":\"Home\",\"item\":\"https:\/\/www.gruppoliturgico.com\/fr\/\"},{\"@type\":\"ListItem\",\"position\":2,\"name\":\"Boutique\",\"item\":\"https:\/\/www.gruppoliturgico.com\/fr\/boutique\/\"},{\"@type\":\"ListItem\",\"position\":3,\"name\":\"Saint Antoine cm 30\"}]},{\"@type\":\"WebSite\",\"@id\":\"https:\/\/www.gruppoliturgico.com\/es\/#website\",\"url\":\"https:\/\/www.gruppoliturgico.com\/es\/\",\"name\":\"Laboratorio Gruppo Liturgico\",\"description\":\"Articoli Religiosi online\",\"publisher\":{\"@id\":\"https:\/\/www.gruppoliturgico.com\/es\/#organization\"},\"potentialAction\":[{\"@type\":\"SearchAction\",\"target\":{\"@type\":\"EntryPoint\",\"urlTemplate\":\"https:\/\/www.gruppoliturgico.com\/es\/?s={search_term_string}\"},\"query-input\":\"required name=search_term_string\"}],\"inLanguage\":\"fr-FR\"},{\"@type\":\"Organization\",\"@id\":\"https:\/\/www.gruppoliturgico.com\/es\/#organization\",\"name\":\"Laboratorio Gruppo Liturgico\",\"url\":\"https:\/\/www.gruppoliturgico.com\/es\/\",\"logo\":{\"@type\":\"ImageObject\",\"inLanguage\":\"fr-FR\",\"@id\":\"https:\/\/www.gruppoliturgico.com\/es\/#\/schema\/logo\/image\/\",\"url\":\"https:\/\/www.gruppoliturgico.com\/wp-content\/uploads\/2022\/02\/logo-laboratoriogruppoliturgico.png\",\"contentUrl\":\"https:\/\/www.gruppoliturgico.com\/wp-content\/uploads\/2022\/02\/logo-laboratoriogruppoliturgico.png\",\"width\":400,\"height\":114,\"caption\":\"Laboratorio Gruppo Liturgico\"},\"image\":{\"@id\":\"https:\/\/www.gruppoliturgico.com\/es\/#\/schema\/logo\/image\/\"}}]}<\/script>\n<!-- \/ Yoast SEO plugin. -->","yoast_head_json":{"title":"Saint Antoine cm 30 - statues pour l'ext\u00e9rieure et Laboratorio Gruppo Liturgico","description":"Statue en r\u00e9sine, d\u00e9cor\u00e9e \u00e0 la main, indiqu\u00e9e pour l\u2019ext\u00e9rieur. Hauteur cm 30","robots":{"index":"index","follow":"follow","max-snippet":"max-snippet:-1","max-image-preview":"max-image-preview:large","max-video-preview":"max-video-preview:-1"},"canonical":"https:\/\/www.gruppoliturgico.com\/fr\/produit\/santantonio-di-padova-cm-30\/","og_locale":"fr_FR","og_type":"article","og_title":"Saint Antoine cm 30 - statues pour l'ext\u00e9rieure et Laboratorio Gruppo Liturgico","og_description":"Statue en r\u00e9sine, d\u00e9cor\u00e9e \u00e0 la main, indiqu\u00e9e pour l\u2019ext\u00e9rieur. Hauteur cm 30","og_url":"https:\/\/www.gruppoliturgico.com\/fr\/produit\/santantonio-di-padova-cm-30\/","og_site_name":"Laboratorio Gruppo Liturgico","article_modified_time":"2022-11-20T09:59:49+00:00","og_image":[{"width":827,"height":2000,"url":"https:\/\/www.gruppoliturgico.com\/wp-content\/uploads\/2022\/11\/3922_InPixio.jpg","type":"image\/jpeg"}],"twitter_card":"summary_large_image","schema":{"@context":"https:\/\/schema.org","@graph":[{"@type":"WebPage","@id":"https:\/\/www.gruppoliturgico.com\/fr\/produit\/santantonio-di-padova-cm-30\/","url":"https:\/\/www.gruppoliturgico.com\/fr\/produit\/santantonio-di-padova-cm-30\/","name":"Saint Antoine cm 30 - statues pour l'ext\u00e9rieure et Laboratorio Gruppo Liturgico","isPartOf":{"@id":"https:\/\/www.gruppoliturgico.com\/es\/#website"},"datePublished":"2022-11-20T09:57:03+00:00","dateModified":"2022-11-20T09:59:49+00:00","description":"Statue en r\u00e9sine, d\u00e9cor\u00e9e \u00e0 la main, indiqu\u00e9e pour l\u2019ext\u00e9rieur. Hauteur cm 30","breadcrumb":{"@id":"https:\/\/www.gruppoliturgico.com\/fr\/produit\/santantonio-di-padova-cm-30\/#breadcrumb"},"inLanguage":"fr-FR","potentialAction":[{"@type":"ReadAction","target":["https:\/\/www.gruppoliturgico.com\/fr\/produit\/santantonio-di-padova-cm-30\/"]}]},{"@type":"BreadcrumbList","@id":"https:\/\/www.gruppoliturgico.com\/fr\/produit\/santantonio-di-padova-cm-30\/#breadcrumb","itemListElement":[{"@type":"ListItem","position":1,"name":"Home","item":"https:\/\/www.gruppoliturgico.com\/fr\/"},{"@type":"ListItem","position":2,"name":"Boutique","item":"https:\/\/www.gruppoliturgico.com\/fr\/boutique\/"},{"@type":"ListItem","position":3,"name":"Saint Antoine cm 30"}]},{"@type":"WebSite","@id":"https:\/\/www.gruppoliturgico.com\/es\/#website","url":"https:\/\/www.gruppoliturgico.com\/es\/","name":"Laboratorio Gruppo Liturgico","description":"Articoli Religiosi online","publisher":{"@id":"https:\/\/www.gruppoliturgico.com\/es\/#organization"},"potentialAction":[{"@type":"SearchAction","target":{"@type":"EntryPoint","urlTemplate":"https:\/\/www.gruppoliturgico.com\/es\/?s={search_term_string}"},"query-input":"required name=search_term_string"}],"inLanguage":"fr-FR"},{"@type":"Organization","@id":"https:\/\/www.gruppoliturgico.com\/es\/#organization","name":"Laboratorio Gruppo Liturgico","url":"https:\/\/www.gruppoliturgico.com\/es\/","logo":{"@type":"ImageObject","inLanguage":"fr-FR","@id":"https:\/\/www.gruppoliturgico.com\/es\/#\/schema\/logo\/image\/","url":"https:\/\/www.gruppoliturgico.com\/wp-content\/uploads\/2022\/02\/logo-laboratoriogruppoliturgico.png","contentUrl":"https:\/\/www.gruppoliturgico.com\/wp-content\/uploads\/2022\/02\/logo-laboratoriogruppoliturgico.png","width":400,"height":114,"caption":"Laboratorio Gruppo Liturgico"},"image":{"@id":"https:\/\/www.gruppoliturgico.com\/es\/#\/schema\/logo\/image\/"}}]}},"_links":{"self":[{"href":"https:\/\/www.gruppoliturgico.com\/fr\/wp-json\/wp\/v2\/product\/118806"}],"collection":[{"href":"https:\/\/www.gruppoliturgico.com\/fr\/wp-json\/wp\/v2\/product"}],"about":[{"href":"https:\/\/www.gruppoliturgico.com\/fr\/wp-json\/wp\/v2\/types\/product"}],"wp:featuredmedia":[{"embeddable":true,"href":"https:\/\/www.gruppoliturgico.com\/fr\/wp-json\/wp\/v2\/media\/118803"}],"wp:attachment":[{"href":"https:\/\/www.gruppoliturgico.com\/fr\/wp-json\/wp\/v2\/media?parent=118806"}],"wp:term":[{"taxonomy":"product_cat","embeddable":true,"href":"https:\/\/www.gruppoliturgico.com\/fr\/wp-json\/wp\/v2\/product_cat?post=118806"},{"taxonomy":"product_tag","embeddable":true,"href":"https:\/\/www.gruppoliturgico.com\/fr\/wp-json\/wp\/v2\/product_tag?post=118806"}],"curies":[{"name":"wp","href":"https:\/\/api.w.org\/{rel}","templated":true}]}}