{"id":118761,"date":"2022-11-19T15:16:30","date_gmt":"2022-11-19T14:16:30","guid":{"rendered":"https:\/\/www.gruppoliturgico.com\/prodotto\/tabernacolo-cena-di-emmaus\/"},"modified":"2022-11-19T15:22:36","modified_gmt":"2022-11-19T14:22:36","slug":"tabernacolo-cena-di-emmaus","status":"publish","type":"product","link":"https:\/\/www.gruppoliturgico.com\/fr\/produit\/tabernacolo-cena-di-emmaus\/","title":{"rendered":"Tabernacle la C\u00e8ne d&rsquo;Emma\u00fcs."},"content":{"rendered":"<html><body><p>Tabernacle recouvert ext\u00e9rieurement de pr\u00e9cieux bois d\u2019olivier.<br>\nPetite porte en bronze coul\u00e9 bicolore avec une repr\u00e9sentation de la C\u00e8ne d\u2019Emma\u00fcs.<br>\nInt\u00e9rieur dor\u00e9 \u00e0 l\u2019or fin.<br>\nDimensions<br>\next\u00e9rieur cm 37 x 25 x 30<br>\nint\u00e9rieur 26 x 22 x 22 cm<\/p>\n<\/body><\/html>","protected":false},"excerpt":{"rendered":"<p>Tabernacle recouvert ext\u00e9rieurement de pr\u00e9cieux bois d&rsquo;olivier.<br \/>\nPetite porte en bronze coul\u00e9 bicolore avec une repr\u00e9sentation de la C\u00e8ne d&rsquo;Emma\u00fcs.<br \/>\nInt\u00e9rieur dor\u00e9 \u00e0 l&rsquo;or fin.<br \/>\nDimensions<br \/>\next\u00e9rieur cm 37 x 25 x 30<br \/>\nint\u00e9rieur 26 x 22 x 22 cm<\/p>\n","protected":false},"featured_media":132955,"template":"","meta":[],"product_cat":[12084],"product_tag":[],"yoast_head":"<!-- This site is optimized with the Yoast SEO plugin v20.4 - https:\/\/yoast.com\/wordpress\/plugins\/seo\/ -->\n<title>Tabernacle la C\u00e8ne d&#039;Emma\u00fcs. - Tabernacles en m\u00e9tal et Laboratorio Gruppo Liturgico<\/title>\n<meta name=\"description\" content=\"Tabernacle recouvert ext\u00e9rieurement de pr\u00e9cieux bois d&#039;olivier. Petite porte en bronze coul\u00e9 bicolore avec une repr\u00e9sentation de la C\u00e8ne d&#039;Emma\u00fcs. Int\u00e9rieur dor\u00e9 \u00e0 l&#039;or fin. Dimensions ext\u00e9rieur cm 37 x 25 x 30 int\u00e9rieur 26 x 22 x 22 cm\" \/>\n<meta name=\"robots\" content=\"index, follow, max-snippet:-1, max-image-preview:large, max-video-preview:-1\" \/>\n<link rel=\"canonical\" href=\"https:\/\/www.gruppoliturgico.com\/fr\/produit\/tabernacolo-cena-di-emmaus\/\" \/>\n<meta property=\"og:locale\" content=\"fr_FR\" \/>\n<meta property=\"og:type\" content=\"article\" \/>\n<meta property=\"og:title\" content=\"Tabernacle la C\u00e8ne d&#039;Emma\u00fcs. - Tabernacles en m\u00e9tal et Laboratorio Gruppo Liturgico\" \/>\n<meta property=\"og:description\" content=\"Tabernacle recouvert ext\u00e9rieurement de pr\u00e9cieux bois d&#039;olivier. Petite porte en bronze coul\u00e9 bicolore avec une repr\u00e9sentation de la C\u00e8ne d&#039;Emma\u00fcs. Int\u00e9rieur dor\u00e9 \u00e0 l&#039;or fin. Dimensions ext\u00e9rieur cm 37 x 25 x 30 int\u00e9rieur 26 x 22 x 22 cm\" \/>\n<meta property=\"og:url\" content=\"https:\/\/www.gruppoliturgico.com\/fr\/produit\/tabernacolo-cena-di-emmaus\/\" \/>\n<meta property=\"og:site_name\" content=\"Laboratorio Gruppo Liturgico\" \/>\n<meta property=\"article:modified_time\" content=\"2022-11-19T14:22:36+00:00\" \/>\n<meta property=\"og:image\" content=\"https:\/\/www.gruppoliturgico.com\/wp-content\/uploads\/2022\/11\/3925-fare-2-pose-scegli-migliore-1-CutOut_InPixio-1024x945.png\" \/>\n\t<meta property=\"og:image:width\" content=\"1024\" \/>\n\t<meta property=\"og:image:height\" content=\"945\" \/>\n\t<meta property=\"og:image:type\" content=\"image\/png\" \/>\n<meta name=\"twitter:card\" content=\"summary_large_image\" \/>\n<script type=\"application\/ld+json\" class=\"yoast-schema-graph\">{\"@context\":\"https:\/\/schema.org\",\"@graph\":[{\"@type\":\"WebPage\",\"@id\":\"https:\/\/www.gruppoliturgico.com\/fr\/produit\/tabernacolo-cena-di-emmaus\/\",\"url\":\"https:\/\/www.gruppoliturgico.com\/fr\/produit\/tabernacolo-cena-di-emmaus\/\",\"name\":\"Tabernacle la C\u00e8ne d'Emma\u00fcs. - Tabernacles en m\u00e9tal et Laboratorio Gruppo Liturgico\",\"isPartOf\":{\"@id\":\"https:\/\/www.gruppoliturgico.com\/es\/#website\"},\"datePublished\":\"2022-11-19T14:16:30+00:00\",\"dateModified\":\"2022-11-19T14:22:36+00:00\",\"description\":\"Tabernacle recouvert ext\u00e9rieurement de pr\u00e9cieux bois d'olivier. Petite porte en bronze coul\u00e9 bicolore avec une repr\u00e9sentation de la C\u00e8ne d'Emma\u00fcs. Int\u00e9rieur dor\u00e9 \u00e0 l'or fin. Dimensions ext\u00e9rieur cm 37 x 25 x 30 int\u00e9rieur 26 x 22 x 22 cm\",\"breadcrumb\":{\"@id\":\"https:\/\/www.gruppoliturgico.com\/fr\/produit\/tabernacolo-cena-di-emmaus\/#breadcrumb\"},\"inLanguage\":\"fr-FR\",\"potentialAction\":[{\"@type\":\"ReadAction\",\"target\":[\"https:\/\/www.gruppoliturgico.com\/fr\/produit\/tabernacolo-cena-di-emmaus\/\"]}]},{\"@type\":\"BreadcrumbList\",\"@id\":\"https:\/\/www.gruppoliturgico.com\/fr\/produit\/tabernacolo-cena-di-emmaus\/#breadcrumb\",\"itemListElement\":[{\"@type\":\"ListItem\",\"position\":1,\"name\":\"Home\",\"item\":\"https:\/\/www.gruppoliturgico.com\/fr\/\"},{\"@type\":\"ListItem\",\"position\":2,\"name\":\"Boutique\",\"item\":\"https:\/\/www.gruppoliturgico.com\/fr\/boutique\/\"},{\"@type\":\"ListItem\",\"position\":3,\"name\":\"Tabernacle la C\u00e8ne d&#8217;Emma\u00fcs.\"}]},{\"@type\":\"WebSite\",\"@id\":\"https:\/\/www.gruppoliturgico.com\/es\/#website\",\"url\":\"https:\/\/www.gruppoliturgico.com\/es\/\",\"name\":\"Laboratorio Gruppo Liturgico\",\"description\":\"Articoli Religiosi online\",\"publisher\":{\"@id\":\"https:\/\/www.gruppoliturgico.com\/es\/#organization\"},\"potentialAction\":[{\"@type\":\"SearchAction\",\"target\":{\"@type\":\"EntryPoint\",\"urlTemplate\":\"https:\/\/www.gruppoliturgico.com\/es\/?s={search_term_string}\"},\"query-input\":\"required name=search_term_string\"}],\"inLanguage\":\"fr-FR\"},{\"@type\":\"Organization\",\"@id\":\"https:\/\/www.gruppoliturgico.com\/es\/#organization\",\"name\":\"Laboratorio Gruppo Liturgico\",\"url\":\"https:\/\/www.gruppoliturgico.com\/es\/\",\"logo\":{\"@type\":\"ImageObject\",\"inLanguage\":\"fr-FR\",\"@id\":\"https:\/\/www.gruppoliturgico.com\/es\/#\/schema\/logo\/image\/\",\"url\":\"https:\/\/www.gruppoliturgico.com\/wp-content\/uploads\/2022\/02\/logo-laboratoriogruppoliturgico.png\",\"contentUrl\":\"https:\/\/www.gruppoliturgico.com\/wp-content\/uploads\/2022\/02\/logo-laboratoriogruppoliturgico.png\",\"width\":400,\"height\":114,\"caption\":\"Laboratorio Gruppo Liturgico\"},\"image\":{\"@id\":\"https:\/\/www.gruppoliturgico.com\/es\/#\/schema\/logo\/image\/\"}}]}<\/script>\n<!-- \/ Yoast SEO plugin. -->","yoast_head_json":{"title":"Tabernacle la C\u00e8ne d'Emma\u00fcs. - Tabernacles en m\u00e9tal et Laboratorio Gruppo Liturgico","description":"Tabernacle recouvert ext\u00e9rieurement de pr\u00e9cieux bois d'olivier. Petite porte en bronze coul\u00e9 bicolore avec une repr\u00e9sentation de la C\u00e8ne d'Emma\u00fcs. Int\u00e9rieur dor\u00e9 \u00e0 l'or fin. Dimensions ext\u00e9rieur cm 37 x 25 x 30 int\u00e9rieur 26 x 22 x 22 cm","robots":{"index":"index","follow":"follow","max-snippet":"max-snippet:-1","max-image-preview":"max-image-preview:large","max-video-preview":"max-video-preview:-1"},"canonical":"https:\/\/www.gruppoliturgico.com\/fr\/produit\/tabernacolo-cena-di-emmaus\/","og_locale":"fr_FR","og_type":"article","og_title":"Tabernacle la C\u00e8ne d'Emma\u00fcs. - Tabernacles en m\u00e9tal et Laboratorio Gruppo Liturgico","og_description":"Tabernacle recouvert ext\u00e9rieurement de pr\u00e9cieux bois d'olivier. Petite porte en bronze coul\u00e9 bicolore avec une repr\u00e9sentation de la C\u00e8ne d'Emma\u00fcs. Int\u00e9rieur dor\u00e9 \u00e0 l'or fin. Dimensions ext\u00e9rieur cm 37 x 25 x 30 int\u00e9rieur 26 x 22 x 22 cm","og_url":"https:\/\/www.gruppoliturgico.com\/fr\/produit\/tabernacolo-cena-di-emmaus\/","og_site_name":"Laboratorio Gruppo Liturgico","article_modified_time":"2022-11-19T14:22:36+00:00","og_image":[{"width":1024,"height":945,"url":"https:\/\/www.gruppoliturgico.com\/wp-content\/uploads\/2022\/11\/3925-fare-2-pose-scegli-migliore-1-CutOut_InPixio-1024x945.png","type":"image\/png"}],"twitter_card":"summary_large_image","schema":{"@context":"https:\/\/schema.org","@graph":[{"@type":"WebPage","@id":"https:\/\/www.gruppoliturgico.com\/fr\/produit\/tabernacolo-cena-di-emmaus\/","url":"https:\/\/www.gruppoliturgico.com\/fr\/produit\/tabernacolo-cena-di-emmaus\/","name":"Tabernacle la C\u00e8ne d'Emma\u00fcs. - Tabernacles en m\u00e9tal et Laboratorio Gruppo Liturgico","isPartOf":{"@id":"https:\/\/www.gruppoliturgico.com\/es\/#website"},"datePublished":"2022-11-19T14:16:30+00:00","dateModified":"2022-11-19T14:22:36+00:00","description":"Tabernacle recouvert ext\u00e9rieurement de pr\u00e9cieux bois d'olivier. Petite porte en bronze coul\u00e9 bicolore avec une repr\u00e9sentation de la C\u00e8ne d'Emma\u00fcs. Int\u00e9rieur dor\u00e9 \u00e0 l'or fin. Dimensions ext\u00e9rieur cm 37 x 25 x 30 int\u00e9rieur 26 x 22 x 22 cm","breadcrumb":{"@id":"https:\/\/www.gruppoliturgico.com\/fr\/produit\/tabernacolo-cena-di-emmaus\/#breadcrumb"},"inLanguage":"fr-FR","potentialAction":[{"@type":"ReadAction","target":["https:\/\/www.gruppoliturgico.com\/fr\/produit\/tabernacolo-cena-di-emmaus\/"]}]},{"@type":"BreadcrumbList","@id":"https:\/\/www.gruppoliturgico.com\/fr\/produit\/tabernacolo-cena-di-emmaus\/#breadcrumb","itemListElement":[{"@type":"ListItem","position":1,"name":"Home","item":"https:\/\/www.gruppoliturgico.com\/fr\/"},{"@type":"ListItem","position":2,"name":"Boutique","item":"https:\/\/www.gruppoliturgico.com\/fr\/boutique\/"},{"@type":"ListItem","position":3,"name":"Tabernacle la C\u00e8ne d&#8217;Emma\u00fcs."}]},{"@type":"WebSite","@id":"https:\/\/www.gruppoliturgico.com\/es\/#website","url":"https:\/\/www.gruppoliturgico.com\/es\/","name":"Laboratorio Gruppo Liturgico","description":"Articoli Religiosi online","publisher":{"@id":"https:\/\/www.gruppoliturgico.com\/es\/#organization"},"potentialAction":[{"@type":"SearchAction","target":{"@type":"EntryPoint","urlTemplate":"https:\/\/www.gruppoliturgico.com\/es\/?s={search_term_string}"},"query-input":"required name=search_term_string"}],"inLanguage":"fr-FR"},{"@type":"Organization","@id":"https:\/\/www.gruppoliturgico.com\/es\/#organization","name":"Laboratorio Gruppo Liturgico","url":"https:\/\/www.gruppoliturgico.com\/es\/","logo":{"@type":"ImageObject","inLanguage":"fr-FR","@id":"https:\/\/www.gruppoliturgico.com\/es\/#\/schema\/logo\/image\/","url":"https:\/\/www.gruppoliturgico.com\/wp-content\/uploads\/2022\/02\/logo-laboratoriogruppoliturgico.png","contentUrl":"https:\/\/www.gruppoliturgico.com\/wp-content\/uploads\/2022\/02\/logo-laboratoriogruppoliturgico.png","width":400,"height":114,"caption":"Laboratorio Gruppo Liturgico"},"image":{"@id":"https:\/\/www.gruppoliturgico.com\/es\/#\/schema\/logo\/image\/"}}]}},"_links":{"self":[{"href":"https:\/\/www.gruppoliturgico.com\/fr\/wp-json\/wp\/v2\/product\/118761"}],"collection":[{"href":"https:\/\/www.gruppoliturgico.com\/fr\/wp-json\/wp\/v2\/product"}],"about":[{"href":"https:\/\/www.gruppoliturgico.com\/fr\/wp-json\/wp\/v2\/types\/product"}],"wp:featuredmedia":[{"embeddable":true,"href":"https:\/\/www.gruppoliturgico.com\/fr\/wp-json\/wp\/v2\/media\/132955"}],"wp:attachment":[{"href":"https:\/\/www.gruppoliturgico.com\/fr\/wp-json\/wp\/v2\/media?parent=118761"}],"wp:term":[{"taxonomy":"product_cat","embeddable":true,"href":"https:\/\/www.gruppoliturgico.com\/fr\/wp-json\/wp\/v2\/product_cat?post=118761"},{"taxonomy":"product_tag","embeddable":true,"href":"https:\/\/www.gruppoliturgico.com\/fr\/wp-json\/wp\/v2\/product_tag?post=118761"}],"curies":[{"name":"wp","href":"https:\/\/api.w.org\/{rel}","templated":true}]}}