{"id":118749,"date":"2022-11-19T14:27:49","date_gmt":"2022-11-19T13:27:49","guid":{"rendered":"https:\/\/www.gruppoliturgico.com\/prodotto\/leggio-da-mensa-11\/"},"modified":"2023-01-02T16:33:07","modified_gmt":"2023-01-02T15:33:07","slug":"leggio-da-mensa-11","status":"publish","type":"product","link":"https:\/\/www.gruppoliturgico.com\/fr\/produit\/leggio-da-mensa-11\/","title":{"rendered":"Pupitre d\u2019autel quatre \u00e9vang\u00e9listes"},"content":{"rendered":"<html><body><p>Pupitre d\u2019autel en laiton bronz\u00e9 avec moulages de tronc d\u2019arbre.<br>\nSymboles des quatre \u00e9vang\u00e9listes en bronze coul\u00e9 dor\u00e9.<br>\nDimensions cm 49 x 34.<\/p>\n<\/body><\/html>","protected":false},"excerpt":{"rendered":"<p>Pupitre d\u2019autel en laiton bronz\u00e9 avec moulages de tronc d\u2019arbre.<br \/>\nSymboles des quatre \u00e9vang\u00e9listes en bronze coul\u00e9 dor\u00e9.<br \/>\nDimensions cm 49 x 34.<\/p>\n","protected":false},"featured_media":118746,"template":"","meta":[],"product_cat":[11680],"product_tag":[],"yoast_head":"<!-- This site is optimized with the Yoast SEO plugin v20.4 - https:\/\/yoast.com\/wordpress\/plugins\/seo\/ -->\n<title>Pupitre d\u2019autel quatre \u00e9vang\u00e9listes - pupitres d&#039;autel et Laboratorio Gruppo Liturgico<\/title>\n<meta name=\"description\" content=\"Pupitre d\u2019autel en laiton bronz\u00e9 avec moulages de tronc d\u2019arbre. Symboles des quatre \u00e9vang\u00e9listes en bronze coul\u00e9 dor\u00e9. Dimensions cm 49 x 34.\" \/>\n<meta name=\"robots\" content=\"index, follow, max-snippet:-1, max-image-preview:large, max-video-preview:-1\" \/>\n<link rel=\"canonical\" href=\"https:\/\/www.gruppoliturgico.com\/fr\/produit\/leggio-da-mensa-11\/\" \/>\n<meta property=\"og:locale\" content=\"fr_FR\" \/>\n<meta property=\"og:type\" content=\"article\" \/>\n<meta property=\"og:title\" content=\"Pupitre d\u2019autel quatre \u00e9vang\u00e9listes - pupitres d&#039;autel et Laboratorio Gruppo Liturgico\" \/>\n<meta property=\"og:description\" content=\"Pupitre d\u2019autel en laiton bronz\u00e9 avec moulages de tronc d\u2019arbre. Symboles des quatre \u00e9vang\u00e9listes en bronze coul\u00e9 dor\u00e9. Dimensions cm 49 x 34.\" \/>\n<meta property=\"og:url\" content=\"https:\/\/www.gruppoliturgico.com\/fr\/produit\/leggio-da-mensa-11\/\" \/>\n<meta property=\"og:site_name\" content=\"Laboratorio Gruppo Liturgico\" \/>\n<meta property=\"article:modified_time\" content=\"2023-01-02T15:33:07+00:00\" \/>\n<meta property=\"og:image\" content=\"https:\/\/www.gruppoliturgico.com\/wp-content\/uploads\/2022\/11\/3938-bronzato.jpg\" \/>\n\t<meta property=\"og:image:width\" content=\"1991\" \/>\n\t<meta property=\"og:image:height\" content=\"1047\" \/>\n\t<meta property=\"og:image:type\" content=\"image\/jpeg\" \/>\n<meta name=\"twitter:card\" content=\"summary_large_image\" \/>\n<script type=\"application\/ld+json\" class=\"yoast-schema-graph\">{\"@context\":\"https:\/\/schema.org\",\"@graph\":[{\"@type\":\"WebPage\",\"@id\":\"https:\/\/www.gruppoliturgico.com\/fr\/produit\/leggio-da-mensa-11\/\",\"url\":\"https:\/\/www.gruppoliturgico.com\/fr\/produit\/leggio-da-mensa-11\/\",\"name\":\"Pupitre d\u2019autel quatre \u00e9vang\u00e9listes - pupitres d'autel et Laboratorio Gruppo Liturgico\",\"isPartOf\":{\"@id\":\"https:\/\/www.gruppoliturgico.com\/es\/#website\"},\"datePublished\":\"2022-11-19T13:27:49+00:00\",\"dateModified\":\"2023-01-02T15:33:07+00:00\",\"description\":\"Pupitre d\u2019autel en laiton bronz\u00e9 avec moulages de tronc d\u2019arbre. Symboles des quatre \u00e9vang\u00e9listes en bronze coul\u00e9 dor\u00e9. Dimensions cm 49 x 34.\",\"breadcrumb\":{\"@id\":\"https:\/\/www.gruppoliturgico.com\/fr\/produit\/leggio-da-mensa-11\/#breadcrumb\"},\"inLanguage\":\"fr-FR\",\"potentialAction\":[{\"@type\":\"ReadAction\",\"target\":[\"https:\/\/www.gruppoliturgico.com\/fr\/produit\/leggio-da-mensa-11\/\"]}]},{\"@type\":\"BreadcrumbList\",\"@id\":\"https:\/\/www.gruppoliturgico.com\/fr\/produit\/leggio-da-mensa-11\/#breadcrumb\",\"itemListElement\":[{\"@type\":\"ListItem\",\"position\":1,\"name\":\"Home\",\"item\":\"https:\/\/www.gruppoliturgico.com\/fr\/\"},{\"@type\":\"ListItem\",\"position\":2,\"name\":\"Boutique\",\"item\":\"https:\/\/www.gruppoliturgico.com\/fr\/boutique\/\"},{\"@type\":\"ListItem\",\"position\":3,\"name\":\"Pupitre d\u2019autel quatre \u00e9vang\u00e9listes\"}]},{\"@type\":\"WebSite\",\"@id\":\"https:\/\/www.gruppoliturgico.com\/es\/#website\",\"url\":\"https:\/\/www.gruppoliturgico.com\/es\/\",\"name\":\"Laboratorio Gruppo Liturgico\",\"description\":\"Articoli Religiosi online\",\"publisher\":{\"@id\":\"https:\/\/www.gruppoliturgico.com\/es\/#organization\"},\"potentialAction\":[{\"@type\":\"SearchAction\",\"target\":{\"@type\":\"EntryPoint\",\"urlTemplate\":\"https:\/\/www.gruppoliturgico.com\/es\/?s={search_term_string}\"},\"query-input\":\"required name=search_term_string\"}],\"inLanguage\":\"fr-FR\"},{\"@type\":\"Organization\",\"@id\":\"https:\/\/www.gruppoliturgico.com\/es\/#organization\",\"name\":\"Laboratorio Gruppo Liturgico\",\"url\":\"https:\/\/www.gruppoliturgico.com\/es\/\",\"logo\":{\"@type\":\"ImageObject\",\"inLanguage\":\"fr-FR\",\"@id\":\"https:\/\/www.gruppoliturgico.com\/es\/#\/schema\/logo\/image\/\",\"url\":\"https:\/\/www.gruppoliturgico.com\/wp-content\/uploads\/2022\/02\/logo-laboratoriogruppoliturgico.png\",\"contentUrl\":\"https:\/\/www.gruppoliturgico.com\/wp-content\/uploads\/2022\/02\/logo-laboratoriogruppoliturgico.png\",\"width\":400,\"height\":114,\"caption\":\"Laboratorio Gruppo Liturgico\"},\"image\":{\"@id\":\"https:\/\/www.gruppoliturgico.com\/es\/#\/schema\/logo\/image\/\"}}]}<\/script>\n<!-- \/ Yoast SEO plugin. -->","yoast_head_json":{"title":"Pupitre d\u2019autel quatre \u00e9vang\u00e9listes - pupitres d'autel et Laboratorio Gruppo Liturgico","description":"Pupitre d\u2019autel en laiton bronz\u00e9 avec moulages de tronc d\u2019arbre. Symboles des quatre \u00e9vang\u00e9listes en bronze coul\u00e9 dor\u00e9. Dimensions cm 49 x 34.","robots":{"index":"index","follow":"follow","max-snippet":"max-snippet:-1","max-image-preview":"max-image-preview:large","max-video-preview":"max-video-preview:-1"},"canonical":"https:\/\/www.gruppoliturgico.com\/fr\/produit\/leggio-da-mensa-11\/","og_locale":"fr_FR","og_type":"article","og_title":"Pupitre d\u2019autel quatre \u00e9vang\u00e9listes - pupitres d'autel et Laboratorio Gruppo Liturgico","og_description":"Pupitre d\u2019autel en laiton bronz\u00e9 avec moulages de tronc d\u2019arbre. Symboles des quatre \u00e9vang\u00e9listes en bronze coul\u00e9 dor\u00e9. Dimensions cm 49 x 34.","og_url":"https:\/\/www.gruppoliturgico.com\/fr\/produit\/leggio-da-mensa-11\/","og_site_name":"Laboratorio Gruppo Liturgico","article_modified_time":"2023-01-02T15:33:07+00:00","og_image":[{"width":1991,"height":1047,"url":"https:\/\/www.gruppoliturgico.com\/wp-content\/uploads\/2022\/11\/3938-bronzato.jpg","type":"image\/jpeg"}],"twitter_card":"summary_large_image","schema":{"@context":"https:\/\/schema.org","@graph":[{"@type":"WebPage","@id":"https:\/\/www.gruppoliturgico.com\/fr\/produit\/leggio-da-mensa-11\/","url":"https:\/\/www.gruppoliturgico.com\/fr\/produit\/leggio-da-mensa-11\/","name":"Pupitre d\u2019autel quatre \u00e9vang\u00e9listes - pupitres d'autel et Laboratorio Gruppo Liturgico","isPartOf":{"@id":"https:\/\/www.gruppoliturgico.com\/es\/#website"},"datePublished":"2022-11-19T13:27:49+00:00","dateModified":"2023-01-02T15:33:07+00:00","description":"Pupitre d\u2019autel en laiton bronz\u00e9 avec moulages de tronc d\u2019arbre. Symboles des quatre \u00e9vang\u00e9listes en bronze coul\u00e9 dor\u00e9. Dimensions cm 49 x 34.","breadcrumb":{"@id":"https:\/\/www.gruppoliturgico.com\/fr\/produit\/leggio-da-mensa-11\/#breadcrumb"},"inLanguage":"fr-FR","potentialAction":[{"@type":"ReadAction","target":["https:\/\/www.gruppoliturgico.com\/fr\/produit\/leggio-da-mensa-11\/"]}]},{"@type":"BreadcrumbList","@id":"https:\/\/www.gruppoliturgico.com\/fr\/produit\/leggio-da-mensa-11\/#breadcrumb","itemListElement":[{"@type":"ListItem","position":1,"name":"Home","item":"https:\/\/www.gruppoliturgico.com\/fr\/"},{"@type":"ListItem","position":2,"name":"Boutique","item":"https:\/\/www.gruppoliturgico.com\/fr\/boutique\/"},{"@type":"ListItem","position":3,"name":"Pupitre d\u2019autel quatre \u00e9vang\u00e9listes"}]},{"@type":"WebSite","@id":"https:\/\/www.gruppoliturgico.com\/es\/#website","url":"https:\/\/www.gruppoliturgico.com\/es\/","name":"Laboratorio Gruppo Liturgico","description":"Articoli Religiosi online","publisher":{"@id":"https:\/\/www.gruppoliturgico.com\/es\/#organization"},"potentialAction":[{"@type":"SearchAction","target":{"@type":"EntryPoint","urlTemplate":"https:\/\/www.gruppoliturgico.com\/es\/?s={search_term_string}"},"query-input":"required name=search_term_string"}],"inLanguage":"fr-FR"},{"@type":"Organization","@id":"https:\/\/www.gruppoliturgico.com\/es\/#organization","name":"Laboratorio Gruppo Liturgico","url":"https:\/\/www.gruppoliturgico.com\/es\/","logo":{"@type":"ImageObject","inLanguage":"fr-FR","@id":"https:\/\/www.gruppoliturgico.com\/es\/#\/schema\/logo\/image\/","url":"https:\/\/www.gruppoliturgico.com\/wp-content\/uploads\/2022\/02\/logo-laboratoriogruppoliturgico.png","contentUrl":"https:\/\/www.gruppoliturgico.com\/wp-content\/uploads\/2022\/02\/logo-laboratoriogruppoliturgico.png","width":400,"height":114,"caption":"Laboratorio Gruppo Liturgico"},"image":{"@id":"https:\/\/www.gruppoliturgico.com\/es\/#\/schema\/logo\/image\/"}}]}},"_links":{"self":[{"href":"https:\/\/www.gruppoliturgico.com\/fr\/wp-json\/wp\/v2\/product\/118749"}],"collection":[{"href":"https:\/\/www.gruppoliturgico.com\/fr\/wp-json\/wp\/v2\/product"}],"about":[{"href":"https:\/\/www.gruppoliturgico.com\/fr\/wp-json\/wp\/v2\/types\/product"}],"wp:featuredmedia":[{"embeddable":true,"href":"https:\/\/www.gruppoliturgico.com\/fr\/wp-json\/wp\/v2\/media\/118746"}],"wp:attachment":[{"href":"https:\/\/www.gruppoliturgico.com\/fr\/wp-json\/wp\/v2\/media?parent=118749"}],"wp:term":[{"taxonomy":"product_cat","embeddable":true,"href":"https:\/\/www.gruppoliturgico.com\/fr\/wp-json\/wp\/v2\/product_cat?post=118749"},{"taxonomy":"product_tag","embeddable":true,"href":"https:\/\/www.gruppoliturgico.com\/fr\/wp-json\/wp\/v2\/product_tag?post=118749"}],"curies":[{"name":"wp","href":"https:\/\/api.w.org\/{rel}","templated":true}]}}