{"id":118732,"date":"2022-11-19T11:09:52","date_gmt":"2022-11-19T10:09:52","guid":{"rendered":"https:\/\/www.gruppoliturgico.com\/prodotto\/tabernacolo-in-legno-dulivo\/"},"modified":"2022-11-19T11:18:39","modified_gmt":"2022-11-19T10:18:39","slug":"tabernacolo-in-legno-dulivo","status":"publish","type":"product","link":"https:\/\/www.gruppoliturgico.com\/fr\/produit\/tabernacolo-in-legno-dulivo\/","title":{"rendered":"Tabernacle de bois d&rsquo;olivier"},"content":{"rendered":"<html><body><p>Tabernacle enti\u00e8rement recouvert de pr\u00e9cieux bois d\u2019olivier<br>\nLa porte de style traditionnel en bronze coul\u00e9 dor\u00e9 pr\u00e9sente un calice avec une hostie en grand relief.<br>\nInt\u00e9rieur dor\u00e9 \u00e0 l\u2019or fin.<br>\nDimensions<br>\next\u00e9rieur cm 31 x 43 x 31<br>\nint\u00e9rieur 23 x 37 x 26 cm<\/p>\n<\/body><\/html>","protected":false},"excerpt":{"rendered":"<p>Tabernacle enti\u00e8rement recouvert de pr\u00e9cieux bois d&rsquo;olivier<br \/>\nLa porte de style traditionnel en bronze coul\u00e9 dor\u00e9 pr\u00e9sente un calice avec une hostie en grand relief.<br \/>\nInt\u00e9rieur dor\u00e9 \u00e0 l\u2019or fin.<br \/>\nDimensions<br \/>\next\u00e9rieur cm 31 x 43 x 31<br \/>\nint\u00e9rieur 23 x 37 x 26 cm<\/p>\n","protected":false},"featured_media":118728,"template":"","meta":[],"product_cat":[12084],"product_tag":[],"yoast_head":"<!-- This site is optimized with the Yoast SEO plugin v20.4 - https:\/\/yoast.com\/wordpress\/plugins\/seo\/ -->\n<title>Tabernacle de bois d&#039;olivier - Tabernacles en m\u00e9tal et Laboratorio Gruppo Liturgico<\/title>\n<meta name=\"description\" content=\"Tabernacle enti\u00e8rement recouvert de pr\u00e9cieux bois d&#039;olivier La porte de style traditionnel en bronze coul\u00e9 dor\u00e9 pr\u00e9sente un calice avec une hostie en grand relief. Int\u00e9rieur dor\u00e9 \u00e0 l\u2019or fin. Dimensions ext\u00e9rieur cm 31 x 43 x 31 int\u00e9rieur 23 x 37 x 26 cm\" \/>\n<meta name=\"robots\" content=\"index, follow, max-snippet:-1, max-image-preview:large, max-video-preview:-1\" \/>\n<link rel=\"canonical\" href=\"https:\/\/www.gruppoliturgico.com\/fr\/produit\/tabernacolo-in-legno-dulivo\/\" \/>\n<meta property=\"og:locale\" content=\"fr_FR\" \/>\n<meta property=\"og:type\" content=\"article\" \/>\n<meta property=\"og:title\" content=\"Tabernacle de bois d&#039;olivier - Tabernacles en m\u00e9tal et Laboratorio Gruppo Liturgico\" \/>\n<meta property=\"og:description\" content=\"Tabernacle enti\u00e8rement recouvert de pr\u00e9cieux bois d&#039;olivier La porte de style traditionnel en bronze coul\u00e9 dor\u00e9 pr\u00e9sente un calice avec une hostie en grand relief. Int\u00e9rieur dor\u00e9 \u00e0 l\u2019or fin. Dimensions ext\u00e9rieur cm 31 x 43 x 31 int\u00e9rieur 23 x 37 x 26 cm\" \/>\n<meta property=\"og:url\" content=\"https:\/\/www.gruppoliturgico.com\/fr\/produit\/tabernacolo-in-legno-dulivo\/\" \/>\n<meta property=\"og:site_name\" content=\"Laboratorio Gruppo Liturgico\" \/>\n<meta property=\"article:modified_time\" content=\"2022-11-19T10:18:39+00:00\" \/>\n<meta property=\"og:image\" content=\"https:\/\/www.gruppoliturgico.com\/wp-content\/uploads\/2022\/11\/3926-2-CutOut_InPixio-741x1024.jpg\" \/>\n\t<meta property=\"og:image:width\" content=\"741\" \/>\n\t<meta property=\"og:image:height\" content=\"1024\" \/>\n\t<meta property=\"og:image:type\" content=\"image\/jpeg\" \/>\n<meta name=\"twitter:card\" content=\"summary_large_image\" \/>\n<script type=\"application\/ld+json\" class=\"yoast-schema-graph\">{\"@context\":\"https:\/\/schema.org\",\"@graph\":[{\"@type\":\"WebPage\",\"@id\":\"https:\/\/www.gruppoliturgico.com\/fr\/produit\/tabernacolo-in-legno-dulivo\/\",\"url\":\"https:\/\/www.gruppoliturgico.com\/fr\/produit\/tabernacolo-in-legno-dulivo\/\",\"name\":\"Tabernacle de bois d'olivier - Tabernacles en m\u00e9tal et Laboratorio Gruppo Liturgico\",\"isPartOf\":{\"@id\":\"https:\/\/www.gruppoliturgico.com\/es\/#website\"},\"datePublished\":\"2022-11-19T10:09:52+00:00\",\"dateModified\":\"2022-11-19T10:18:39+00:00\",\"description\":\"Tabernacle enti\u00e8rement recouvert de pr\u00e9cieux bois d'olivier La porte de style traditionnel en bronze coul\u00e9 dor\u00e9 pr\u00e9sente un calice avec une hostie en grand relief. Int\u00e9rieur dor\u00e9 \u00e0 l\u2019or fin. Dimensions ext\u00e9rieur cm 31 x 43 x 31 int\u00e9rieur 23 x 37 x 26 cm\",\"breadcrumb\":{\"@id\":\"https:\/\/www.gruppoliturgico.com\/fr\/produit\/tabernacolo-in-legno-dulivo\/#breadcrumb\"},\"inLanguage\":\"fr-FR\",\"potentialAction\":[{\"@type\":\"ReadAction\",\"target\":[\"https:\/\/www.gruppoliturgico.com\/fr\/produit\/tabernacolo-in-legno-dulivo\/\"]}]},{\"@type\":\"BreadcrumbList\",\"@id\":\"https:\/\/www.gruppoliturgico.com\/fr\/produit\/tabernacolo-in-legno-dulivo\/#breadcrumb\",\"itemListElement\":[{\"@type\":\"ListItem\",\"position\":1,\"name\":\"Home\",\"item\":\"https:\/\/www.gruppoliturgico.com\/fr\/\"},{\"@type\":\"ListItem\",\"position\":2,\"name\":\"Boutique\",\"item\":\"https:\/\/www.gruppoliturgico.com\/fr\/boutique\/\"},{\"@type\":\"ListItem\",\"position\":3,\"name\":\"Tabernacle de bois d&#8217;olivier\"}]},{\"@type\":\"WebSite\",\"@id\":\"https:\/\/www.gruppoliturgico.com\/es\/#website\",\"url\":\"https:\/\/www.gruppoliturgico.com\/es\/\",\"name\":\"Laboratorio Gruppo Liturgico\",\"description\":\"Articoli Religiosi online\",\"publisher\":{\"@id\":\"https:\/\/www.gruppoliturgico.com\/es\/#organization\"},\"potentialAction\":[{\"@type\":\"SearchAction\",\"target\":{\"@type\":\"EntryPoint\",\"urlTemplate\":\"https:\/\/www.gruppoliturgico.com\/es\/?s={search_term_string}\"},\"query-input\":\"required name=search_term_string\"}],\"inLanguage\":\"fr-FR\"},{\"@type\":\"Organization\",\"@id\":\"https:\/\/www.gruppoliturgico.com\/es\/#organization\",\"name\":\"Laboratorio Gruppo Liturgico\",\"url\":\"https:\/\/www.gruppoliturgico.com\/es\/\",\"logo\":{\"@type\":\"ImageObject\",\"inLanguage\":\"fr-FR\",\"@id\":\"https:\/\/www.gruppoliturgico.com\/es\/#\/schema\/logo\/image\/\",\"url\":\"https:\/\/www.gruppoliturgico.com\/wp-content\/uploads\/2022\/02\/logo-laboratoriogruppoliturgico.png\",\"contentUrl\":\"https:\/\/www.gruppoliturgico.com\/wp-content\/uploads\/2022\/02\/logo-laboratoriogruppoliturgico.png\",\"width\":400,\"height\":114,\"caption\":\"Laboratorio Gruppo Liturgico\"},\"image\":{\"@id\":\"https:\/\/www.gruppoliturgico.com\/es\/#\/schema\/logo\/image\/\"}}]}<\/script>\n<!-- \/ Yoast SEO plugin. -->","yoast_head_json":{"title":"Tabernacle de bois d'olivier - Tabernacles en m\u00e9tal et Laboratorio Gruppo Liturgico","description":"Tabernacle enti\u00e8rement recouvert de pr\u00e9cieux bois d'olivier La porte de style traditionnel en bronze coul\u00e9 dor\u00e9 pr\u00e9sente un calice avec une hostie en grand relief. Int\u00e9rieur dor\u00e9 \u00e0 l\u2019or fin. Dimensions ext\u00e9rieur cm 31 x 43 x 31 int\u00e9rieur 23 x 37 x 26 cm","robots":{"index":"index","follow":"follow","max-snippet":"max-snippet:-1","max-image-preview":"max-image-preview:large","max-video-preview":"max-video-preview:-1"},"canonical":"https:\/\/www.gruppoliturgico.com\/fr\/produit\/tabernacolo-in-legno-dulivo\/","og_locale":"fr_FR","og_type":"article","og_title":"Tabernacle de bois d'olivier - Tabernacles en m\u00e9tal et Laboratorio Gruppo Liturgico","og_description":"Tabernacle enti\u00e8rement recouvert de pr\u00e9cieux bois d'olivier La porte de style traditionnel en bronze coul\u00e9 dor\u00e9 pr\u00e9sente un calice avec une hostie en grand relief. Int\u00e9rieur dor\u00e9 \u00e0 l\u2019or fin. Dimensions ext\u00e9rieur cm 31 x 43 x 31 int\u00e9rieur 23 x 37 x 26 cm","og_url":"https:\/\/www.gruppoliturgico.com\/fr\/produit\/tabernacolo-in-legno-dulivo\/","og_site_name":"Laboratorio Gruppo Liturgico","article_modified_time":"2022-11-19T10:18:39+00:00","og_image":[{"width":741,"height":1024,"url":"https:\/\/www.gruppoliturgico.com\/wp-content\/uploads\/2022\/11\/3926-2-CutOut_InPixio-741x1024.jpg","type":"image\/jpeg"}],"twitter_card":"summary_large_image","schema":{"@context":"https:\/\/schema.org","@graph":[{"@type":"WebPage","@id":"https:\/\/www.gruppoliturgico.com\/fr\/produit\/tabernacolo-in-legno-dulivo\/","url":"https:\/\/www.gruppoliturgico.com\/fr\/produit\/tabernacolo-in-legno-dulivo\/","name":"Tabernacle de bois d'olivier - Tabernacles en m\u00e9tal et Laboratorio Gruppo Liturgico","isPartOf":{"@id":"https:\/\/www.gruppoliturgico.com\/es\/#website"},"datePublished":"2022-11-19T10:09:52+00:00","dateModified":"2022-11-19T10:18:39+00:00","description":"Tabernacle enti\u00e8rement recouvert de pr\u00e9cieux bois d'olivier La porte de style traditionnel en bronze coul\u00e9 dor\u00e9 pr\u00e9sente un calice avec une hostie en grand relief. Int\u00e9rieur dor\u00e9 \u00e0 l\u2019or fin. Dimensions ext\u00e9rieur cm 31 x 43 x 31 int\u00e9rieur 23 x 37 x 26 cm","breadcrumb":{"@id":"https:\/\/www.gruppoliturgico.com\/fr\/produit\/tabernacolo-in-legno-dulivo\/#breadcrumb"},"inLanguage":"fr-FR","potentialAction":[{"@type":"ReadAction","target":["https:\/\/www.gruppoliturgico.com\/fr\/produit\/tabernacolo-in-legno-dulivo\/"]}]},{"@type":"BreadcrumbList","@id":"https:\/\/www.gruppoliturgico.com\/fr\/produit\/tabernacolo-in-legno-dulivo\/#breadcrumb","itemListElement":[{"@type":"ListItem","position":1,"name":"Home","item":"https:\/\/www.gruppoliturgico.com\/fr\/"},{"@type":"ListItem","position":2,"name":"Boutique","item":"https:\/\/www.gruppoliturgico.com\/fr\/boutique\/"},{"@type":"ListItem","position":3,"name":"Tabernacle de bois d&#8217;olivier"}]},{"@type":"WebSite","@id":"https:\/\/www.gruppoliturgico.com\/es\/#website","url":"https:\/\/www.gruppoliturgico.com\/es\/","name":"Laboratorio Gruppo Liturgico","description":"Articoli Religiosi online","publisher":{"@id":"https:\/\/www.gruppoliturgico.com\/es\/#organization"},"potentialAction":[{"@type":"SearchAction","target":{"@type":"EntryPoint","urlTemplate":"https:\/\/www.gruppoliturgico.com\/es\/?s={search_term_string}"},"query-input":"required name=search_term_string"}],"inLanguage":"fr-FR"},{"@type":"Organization","@id":"https:\/\/www.gruppoliturgico.com\/es\/#organization","name":"Laboratorio Gruppo Liturgico","url":"https:\/\/www.gruppoliturgico.com\/es\/","logo":{"@type":"ImageObject","inLanguage":"fr-FR","@id":"https:\/\/www.gruppoliturgico.com\/es\/#\/schema\/logo\/image\/","url":"https:\/\/www.gruppoliturgico.com\/wp-content\/uploads\/2022\/02\/logo-laboratoriogruppoliturgico.png","contentUrl":"https:\/\/www.gruppoliturgico.com\/wp-content\/uploads\/2022\/02\/logo-laboratoriogruppoliturgico.png","width":400,"height":114,"caption":"Laboratorio Gruppo Liturgico"},"image":{"@id":"https:\/\/www.gruppoliturgico.com\/es\/#\/schema\/logo\/image\/"}}]}},"_links":{"self":[{"href":"https:\/\/www.gruppoliturgico.com\/fr\/wp-json\/wp\/v2\/product\/118732"}],"collection":[{"href":"https:\/\/www.gruppoliturgico.com\/fr\/wp-json\/wp\/v2\/product"}],"about":[{"href":"https:\/\/www.gruppoliturgico.com\/fr\/wp-json\/wp\/v2\/types\/product"}],"wp:featuredmedia":[{"embeddable":true,"href":"https:\/\/www.gruppoliturgico.com\/fr\/wp-json\/wp\/v2\/media\/118728"}],"wp:attachment":[{"href":"https:\/\/www.gruppoliturgico.com\/fr\/wp-json\/wp\/v2\/media?parent=118732"}],"wp:term":[{"taxonomy":"product_cat","embeddable":true,"href":"https:\/\/www.gruppoliturgico.com\/fr\/wp-json\/wp\/v2\/product_cat?post=118732"},{"taxonomy":"product_tag","embeddable":true,"href":"https:\/\/www.gruppoliturgico.com\/fr\/wp-json\/wp\/v2\/product_tag?post=118732"}],"curies":[{"name":"wp","href":"https:\/\/api.w.org\/{rel}","templated":true}]}}