{"id":118210,"date":"2022-11-10T12:01:00","date_gmt":"2022-12-26T09:01:38","guid":{"rendered":"https:\/\/www.gruppoliturgico.com\/?post_type=product&#038;p=118210"},"modified":"2022-12-26T10:01:39","modified_gmt":"2022-12-26T09:01:39","slug":"croix-avec-support","status":"publish","type":"product","link":"https:\/\/www.gruppoliturgico.com\/fr\/produit\/croix-avec-support\/","title":{"rendered":"Croix avec support"},"content":{"rendered":"<html><body><p>R\u00e9alisation en bois massif fa\u00e7onn\u00e9 au tour.<br>\nColoration teinte noix.<br>\nCroix cm 55 x 35<br>\nHauteur cm 205<\/p>\n<\/body><\/html>","protected":false},"excerpt":{"rendered":"<p>R\u00e9alisation en bois massif fa\u00e7onn\u00e9 au tour.<br \/>\nColoration teinte noix.<br \/>\nCroix cm 55 x 35<br \/>\nHauteur cm 205<\/p>\n","protected":false},"featured_media":131777,"template":"","meta":[],"product_cat":[11752],"product_tag":[],"yoast_head":"<!-- This site is optimized with the Yoast SEO plugin v20.4 - https:\/\/yoast.com\/wordpress\/plugins\/seo\/ -->\n<title>Croix avec support - liturgie des fun\u00e9railles et Laboratorio Gruppo Liturgico<\/title>\n<meta name=\"description\" content=\"R\u00e9alisation en bois massif fa\u00e7onn\u00e9 au tour. Coloration teinte noix. Croix cm 55 x 35 Hauteur cm 205\" \/>\n<meta name=\"robots\" content=\"index, follow, max-snippet:-1, max-image-preview:large, max-video-preview:-1\" \/>\n<link rel=\"canonical\" href=\"https:\/\/www.gruppoliturgico.com\/fr\/produit\/croix-avec-support\/\" \/>\n<meta property=\"og:locale\" content=\"fr_FR\" \/>\n<meta property=\"og:type\" content=\"article\" \/>\n<meta property=\"og:title\" content=\"Croix avec support - liturgie des fun\u00e9railles et Laboratorio Gruppo Liturgico\" \/>\n<meta property=\"og:description\" content=\"R\u00e9alisation en bois massif fa\u00e7onn\u00e9 au tour. Coloration teinte noix. Croix cm 55 x 35 Hauteur cm 205\" \/>\n<meta property=\"og:url\" content=\"https:\/\/www.gruppoliturgico.com\/fr\/produit\/croix-avec-support\/\" \/>\n<meta property=\"og:site_name\" content=\"Laboratorio Gruppo Liturgico\" \/>\n<meta property=\"article:modified_time\" content=\"2022-12-26T09:01:39+00:00\" \/>\n<meta property=\"og:image\" content=\"https:\/\/www.gruppoliturgico.com\/wp-content\/uploads\/2022\/11\/198.CROCE-CON-PORTACROCE.jpg\" \/>\n\t<meta property=\"og:image:width\" content=\"308\" \/>\n\t<meta property=\"og:image:height\" content=\"1500\" \/>\n\t<meta property=\"og:image:type\" content=\"image\/jpeg\" \/>\n<meta name=\"twitter:card\" content=\"summary_large_image\" \/>\n<script type=\"application\/ld+json\" class=\"yoast-schema-graph\">{\"@context\":\"https:\/\/schema.org\",\"@graph\":[{\"@type\":\"WebPage\",\"@id\":\"https:\/\/www.gruppoliturgico.com\/fr\/produit\/croix-avec-support\/\",\"url\":\"https:\/\/www.gruppoliturgico.com\/fr\/produit\/croix-avec-support\/\",\"name\":\"Croix avec support - liturgie des fun\u00e9railles et Laboratorio Gruppo Liturgico\",\"isPartOf\":{\"@id\":\"https:\/\/www.gruppoliturgico.com\/es\/#website\"},\"datePublished\":\"2022-12-26T09:01:38+00:00\",\"dateModified\":\"2022-12-26T09:01:39+00:00\",\"description\":\"R\u00e9alisation en bois massif fa\u00e7onn\u00e9 au tour. Coloration teinte noix. Croix cm 55 x 35 Hauteur cm 205\",\"breadcrumb\":{\"@id\":\"https:\/\/www.gruppoliturgico.com\/fr\/produit\/croix-avec-support\/#breadcrumb\"},\"inLanguage\":\"fr-FR\",\"potentialAction\":[{\"@type\":\"ReadAction\",\"target\":[\"https:\/\/www.gruppoliturgico.com\/fr\/produit\/croix-avec-support\/\"]}]},{\"@type\":\"BreadcrumbList\",\"@id\":\"https:\/\/www.gruppoliturgico.com\/fr\/produit\/croix-avec-support\/#breadcrumb\",\"itemListElement\":[{\"@type\":\"ListItem\",\"position\":1,\"name\":\"Home\",\"item\":\"https:\/\/www.gruppoliturgico.com\/fr\/\"},{\"@type\":\"ListItem\",\"position\":2,\"name\":\"Boutique\",\"item\":\"https:\/\/www.gruppoliturgico.com\/fr\/boutique\/\"},{\"@type\":\"ListItem\",\"position\":3,\"name\":\"Croix avec support\"}]},{\"@type\":\"WebSite\",\"@id\":\"https:\/\/www.gruppoliturgico.com\/es\/#website\",\"url\":\"https:\/\/www.gruppoliturgico.com\/es\/\",\"name\":\"Laboratorio Gruppo Liturgico\",\"description\":\"Articoli Religiosi online\",\"publisher\":{\"@id\":\"https:\/\/www.gruppoliturgico.com\/es\/#organization\"},\"potentialAction\":[{\"@type\":\"SearchAction\",\"target\":{\"@type\":\"EntryPoint\",\"urlTemplate\":\"https:\/\/www.gruppoliturgico.com\/es\/?s={search_term_string}\"},\"query-input\":\"required name=search_term_string\"}],\"inLanguage\":\"fr-FR\"},{\"@type\":\"Organization\",\"@id\":\"https:\/\/www.gruppoliturgico.com\/es\/#organization\",\"name\":\"Laboratorio Gruppo Liturgico\",\"url\":\"https:\/\/www.gruppoliturgico.com\/es\/\",\"logo\":{\"@type\":\"ImageObject\",\"inLanguage\":\"fr-FR\",\"@id\":\"https:\/\/www.gruppoliturgico.com\/es\/#\/schema\/logo\/image\/\",\"url\":\"https:\/\/www.gruppoliturgico.com\/wp-content\/uploads\/2022\/02\/logo-laboratoriogruppoliturgico.png\",\"contentUrl\":\"https:\/\/www.gruppoliturgico.com\/wp-content\/uploads\/2022\/02\/logo-laboratoriogruppoliturgico.png\",\"width\":400,\"height\":114,\"caption\":\"Laboratorio Gruppo Liturgico\"},\"image\":{\"@id\":\"https:\/\/www.gruppoliturgico.com\/es\/#\/schema\/logo\/image\/\"}}]}<\/script>\n<!-- \/ Yoast SEO plugin. -->","yoast_head_json":{"title":"Croix avec support - liturgie des fun\u00e9railles et Laboratorio Gruppo Liturgico","description":"R\u00e9alisation en bois massif fa\u00e7onn\u00e9 au tour. Coloration teinte noix. Croix cm 55 x 35 Hauteur cm 205","robots":{"index":"index","follow":"follow","max-snippet":"max-snippet:-1","max-image-preview":"max-image-preview:large","max-video-preview":"max-video-preview:-1"},"canonical":"https:\/\/www.gruppoliturgico.com\/fr\/produit\/croix-avec-support\/","og_locale":"fr_FR","og_type":"article","og_title":"Croix avec support - liturgie des fun\u00e9railles et Laboratorio Gruppo Liturgico","og_description":"R\u00e9alisation en bois massif fa\u00e7onn\u00e9 au tour. Coloration teinte noix. Croix cm 55 x 35 Hauteur cm 205","og_url":"https:\/\/www.gruppoliturgico.com\/fr\/produit\/croix-avec-support\/","og_site_name":"Laboratorio Gruppo Liturgico","article_modified_time":"2022-12-26T09:01:39+00:00","og_image":[{"width":308,"height":1500,"url":"https:\/\/www.gruppoliturgico.com\/wp-content\/uploads\/2022\/11\/198.CROCE-CON-PORTACROCE.jpg","type":"image\/jpeg"}],"twitter_card":"summary_large_image","schema":{"@context":"https:\/\/schema.org","@graph":[{"@type":"WebPage","@id":"https:\/\/www.gruppoliturgico.com\/fr\/produit\/croix-avec-support\/","url":"https:\/\/www.gruppoliturgico.com\/fr\/produit\/croix-avec-support\/","name":"Croix avec support - liturgie des fun\u00e9railles et Laboratorio Gruppo Liturgico","isPartOf":{"@id":"https:\/\/www.gruppoliturgico.com\/es\/#website"},"datePublished":"2022-12-26T09:01:38+00:00","dateModified":"2022-12-26T09:01:39+00:00","description":"R\u00e9alisation en bois massif fa\u00e7onn\u00e9 au tour. Coloration teinte noix. Croix cm 55 x 35 Hauteur cm 205","breadcrumb":{"@id":"https:\/\/www.gruppoliturgico.com\/fr\/produit\/croix-avec-support\/#breadcrumb"},"inLanguage":"fr-FR","potentialAction":[{"@type":"ReadAction","target":["https:\/\/www.gruppoliturgico.com\/fr\/produit\/croix-avec-support\/"]}]},{"@type":"BreadcrumbList","@id":"https:\/\/www.gruppoliturgico.com\/fr\/produit\/croix-avec-support\/#breadcrumb","itemListElement":[{"@type":"ListItem","position":1,"name":"Home","item":"https:\/\/www.gruppoliturgico.com\/fr\/"},{"@type":"ListItem","position":2,"name":"Boutique","item":"https:\/\/www.gruppoliturgico.com\/fr\/boutique\/"},{"@type":"ListItem","position":3,"name":"Croix avec support"}]},{"@type":"WebSite","@id":"https:\/\/www.gruppoliturgico.com\/es\/#website","url":"https:\/\/www.gruppoliturgico.com\/es\/","name":"Laboratorio Gruppo Liturgico","description":"Articoli Religiosi online","publisher":{"@id":"https:\/\/www.gruppoliturgico.com\/es\/#organization"},"potentialAction":[{"@type":"SearchAction","target":{"@type":"EntryPoint","urlTemplate":"https:\/\/www.gruppoliturgico.com\/es\/?s={search_term_string}"},"query-input":"required name=search_term_string"}],"inLanguage":"fr-FR"},{"@type":"Organization","@id":"https:\/\/www.gruppoliturgico.com\/es\/#organization","name":"Laboratorio Gruppo Liturgico","url":"https:\/\/www.gruppoliturgico.com\/es\/","logo":{"@type":"ImageObject","inLanguage":"fr-FR","@id":"https:\/\/www.gruppoliturgico.com\/es\/#\/schema\/logo\/image\/","url":"https:\/\/www.gruppoliturgico.com\/wp-content\/uploads\/2022\/02\/logo-laboratoriogruppoliturgico.png","contentUrl":"https:\/\/www.gruppoliturgico.com\/wp-content\/uploads\/2022\/02\/logo-laboratoriogruppoliturgico.png","width":400,"height":114,"caption":"Laboratorio Gruppo Liturgico"},"image":{"@id":"https:\/\/www.gruppoliturgico.com\/es\/#\/schema\/logo\/image\/"}}]}},"_links":{"self":[{"href":"https:\/\/www.gruppoliturgico.com\/fr\/wp-json\/wp\/v2\/product\/118210"}],"collection":[{"href":"https:\/\/www.gruppoliturgico.com\/fr\/wp-json\/wp\/v2\/product"}],"about":[{"href":"https:\/\/www.gruppoliturgico.com\/fr\/wp-json\/wp\/v2\/types\/product"}],"wp:featuredmedia":[{"embeddable":true,"href":"https:\/\/www.gruppoliturgico.com\/fr\/wp-json\/wp\/v2\/media\/131777"}],"wp:attachment":[{"href":"https:\/\/www.gruppoliturgico.com\/fr\/wp-json\/wp\/v2\/media?parent=118210"}],"wp:term":[{"taxonomy":"product_cat","embeddable":true,"href":"https:\/\/www.gruppoliturgico.com\/fr\/wp-json\/wp\/v2\/product_cat?post=118210"},{"taxonomy":"product_tag","embeddable":true,"href":"https:\/\/www.gruppoliturgico.com\/fr\/wp-json\/wp\/v2\/product_tag?post=118210"}],"curies":[{"name":"wp","href":"https:\/\/api.w.org\/{rel}","templated":true}]}}