{"id":117762,"date":"2022-10-24T16:47:06","date_gmt":"2022-10-24T14:47:09","guid":{"rendered":"https:\/\/www.gruppoliturgico.com\/?post_type=product&#038;p=117762"},"modified":"2022-10-24T16:53:27","modified_gmt":"2022-10-24T14:53:27","slug":"chasuble-coupe-medievale","status":"publish","type":"product","link":"https:\/\/www.gruppoliturgico.com\/fr\/produit\/chasuble-coupe-medievale\/","title":{"rendered":"Chasuble coupe m\u00e9di\u00e9vale"},"content":{"rendered":"<html><body><p>coupe m\u00e9di\u00e9vale avec galon et cou brod\u00e9s sur tissu dupion couleur sur couleur.<br>\nLa broderie est une s\u00e9quence de petites croix r\u00e9alis\u00e9es avec plusieurs types de points.<br>\nLa jonction entre le cou et le galon central est enrichie d\u2019un strass dor\u00e9 avec pierres de la m\u00eame couleur que la chasuble.<br>\nLe galon central est \u00e9gale sur la partie arri\u00e8re de la chasuble.<\/p>\n<\/body><\/html>","protected":false},"excerpt":{"rendered":"<p>coupe m\u00e9di\u00e9vale avec galon et cou brod\u00e9s sur tissu dupion couleur sur couleur.<br \/>\nLa broderie est une s\u00e9quence de petites croix r\u00e9alis\u00e9es avec plusieurs types de points.<br \/>\nLa jonction entre le cou et le galon central est enrichie d&rsquo;un strass dor\u00e9 avec pierres de la m\u00eame couleur que la chasuble.<br \/>\nLe galon central est \u00e9gale sur la partie arri\u00e8re de la chasuble.<\/p>\n","protected":false},"featured_media":128919,"template":"","meta":[],"product_cat":[11768,12244],"product_tag":[],"yoast_head":"<!-- This site is optimized with the Yoast SEO plugin v20.4 - https:\/\/yoast.com\/wordpress\/plugins\/seo\/ -->\n<title>Chasuble coupe m\u00e9di\u00e9vale - chasubles, solennelles et Laboratorio Gruppo Liturgico<\/title>\n<meta name=\"description\" content=\"coupe m\u00e9di\u00e9vale avec galon et cou brod\u00e9s sur tissu dupion couleur sur couleur. La broderie est une s\u00e9quence de petites croix r\u00e9alis\u00e9es avec plusieurs types de points. La jonction entre le cou et le galon central est enrichie d&#039;un strass dor\u00e9 avec pierres de la m\u00eame couleur que la chasuble. Le galon central est \u00e9gale sur la partie arri\u00e8re de la chasuble.\" \/>\n<meta name=\"robots\" content=\"index, follow, max-snippet:-1, max-image-preview:large, max-video-preview:-1\" \/>\n<link rel=\"canonical\" href=\"https:\/\/www.gruppoliturgico.com\/fr\/produit\/chasuble-coupe-medievale\/\" \/>\n<meta property=\"og:locale\" content=\"fr_FR\" \/>\n<meta property=\"og:type\" content=\"article\" \/>\n<meta property=\"og:title\" content=\"Chasuble coupe m\u00e9di\u00e9vale - chasubles, solennelles et Laboratorio Gruppo Liturgico\" \/>\n<meta property=\"og:description\" content=\"coupe m\u00e9di\u00e9vale avec galon et cou brod\u00e9s sur tissu dupion couleur sur couleur. La broderie est une s\u00e9quence de petites croix r\u00e9alis\u00e9es avec plusieurs types de points. La jonction entre le cou et le galon central est enrichie d&#039;un strass dor\u00e9 avec pierres de la m\u00eame couleur que la chasuble. Le galon central est \u00e9gale sur la partie arri\u00e8re de la chasuble.\" \/>\n<meta property=\"og:url\" content=\"https:\/\/www.gruppoliturgico.com\/fr\/produit\/chasuble-coupe-medievale\/\" \/>\n<meta property=\"og:site_name\" content=\"Laboratorio Gruppo Liturgico\" \/>\n<meta property=\"article:modified_time\" content=\"2022-10-24T14:53:27+00:00\" \/>\n<meta property=\"og:image\" content=\"https:\/\/www.gruppoliturgico.com\/wp-content\/uploads\/2022\/10\/2683.jpg\" \/>\n\t<meta property=\"og:image:width\" content=\"1199\" \/>\n\t<meta property=\"og:image:height\" content=\"2000\" \/>\n\t<meta property=\"og:image:type\" content=\"image\/jpeg\" \/>\n<meta name=\"twitter:card\" content=\"summary_large_image\" \/>\n<script type=\"application\/ld+json\" class=\"yoast-schema-graph\">{\"@context\":\"https:\/\/schema.org\",\"@graph\":[{\"@type\":\"WebPage\",\"@id\":\"https:\/\/www.gruppoliturgico.com\/fr\/produit\/chasuble-coupe-medievale\/\",\"url\":\"https:\/\/www.gruppoliturgico.com\/fr\/produit\/chasuble-coupe-medievale\/\",\"name\":\"Chasuble coupe m\u00e9di\u00e9vale - chasubles, solennelles et Laboratorio Gruppo Liturgico\",\"isPartOf\":{\"@id\":\"https:\/\/www.gruppoliturgico.com\/es\/#website\"},\"datePublished\":\"2022-10-24T14:47:09+00:00\",\"dateModified\":\"2022-10-24T14:53:27+00:00\",\"description\":\"coupe m\u00e9di\u00e9vale avec galon et cou brod\u00e9s sur tissu dupion couleur sur couleur. La broderie est une s\u00e9quence de petites croix r\u00e9alis\u00e9es avec plusieurs types de points. La jonction entre le cou et le galon central est enrichie d'un strass dor\u00e9 avec pierres de la m\u00eame couleur que la chasuble. Le galon central est \u00e9gale sur la partie arri\u00e8re de la chasuble.\",\"breadcrumb\":{\"@id\":\"https:\/\/www.gruppoliturgico.com\/fr\/produit\/chasuble-coupe-medievale\/#breadcrumb\"},\"inLanguage\":\"fr-FR\",\"potentialAction\":[{\"@type\":\"ReadAction\",\"target\":[\"https:\/\/www.gruppoliturgico.com\/fr\/produit\/chasuble-coupe-medievale\/\"]}]},{\"@type\":\"BreadcrumbList\",\"@id\":\"https:\/\/www.gruppoliturgico.com\/fr\/produit\/chasuble-coupe-medievale\/#breadcrumb\",\"itemListElement\":[{\"@type\":\"ListItem\",\"position\":1,\"name\":\"Home\",\"item\":\"https:\/\/www.gruppoliturgico.com\/fr\/\"},{\"@type\":\"ListItem\",\"position\":2,\"name\":\"Boutique\",\"item\":\"https:\/\/www.gruppoliturgico.com\/fr\/boutique\/\"},{\"@type\":\"ListItem\",\"position\":3,\"name\":\"Chasuble coupe m\u00e9di\u00e9vale\"}]},{\"@type\":\"WebSite\",\"@id\":\"https:\/\/www.gruppoliturgico.com\/es\/#website\",\"url\":\"https:\/\/www.gruppoliturgico.com\/es\/\",\"name\":\"Laboratorio Gruppo Liturgico\",\"description\":\"Articoli Religiosi online\",\"publisher\":{\"@id\":\"https:\/\/www.gruppoliturgico.com\/es\/#organization\"},\"potentialAction\":[{\"@type\":\"SearchAction\",\"target\":{\"@type\":\"EntryPoint\",\"urlTemplate\":\"https:\/\/www.gruppoliturgico.com\/es\/?s={search_term_string}\"},\"query-input\":\"required name=search_term_string\"}],\"inLanguage\":\"fr-FR\"},{\"@type\":\"Organization\",\"@id\":\"https:\/\/www.gruppoliturgico.com\/es\/#organization\",\"name\":\"Laboratorio Gruppo Liturgico\",\"url\":\"https:\/\/www.gruppoliturgico.com\/es\/\",\"logo\":{\"@type\":\"ImageObject\",\"inLanguage\":\"fr-FR\",\"@id\":\"https:\/\/www.gruppoliturgico.com\/es\/#\/schema\/logo\/image\/\",\"url\":\"https:\/\/www.gruppoliturgico.com\/wp-content\/uploads\/2022\/02\/logo-laboratoriogruppoliturgico.png\",\"contentUrl\":\"https:\/\/www.gruppoliturgico.com\/wp-content\/uploads\/2022\/02\/logo-laboratoriogruppoliturgico.png\",\"width\":400,\"height\":114,\"caption\":\"Laboratorio Gruppo Liturgico\"},\"image\":{\"@id\":\"https:\/\/www.gruppoliturgico.com\/es\/#\/schema\/logo\/image\/\"}}]}<\/script>\n<!-- \/ Yoast SEO plugin. -->","yoast_head_json":{"title":"Chasuble coupe m\u00e9di\u00e9vale - chasubles, solennelles et Laboratorio Gruppo Liturgico","description":"coupe m\u00e9di\u00e9vale avec galon et cou brod\u00e9s sur tissu dupion couleur sur couleur. La broderie est une s\u00e9quence de petites croix r\u00e9alis\u00e9es avec plusieurs types de points. La jonction entre le cou et le galon central est enrichie d'un strass dor\u00e9 avec pierres de la m\u00eame couleur que la chasuble. Le galon central est \u00e9gale sur la partie arri\u00e8re de la chasuble.","robots":{"index":"index","follow":"follow","max-snippet":"max-snippet:-1","max-image-preview":"max-image-preview:large","max-video-preview":"max-video-preview:-1"},"canonical":"https:\/\/www.gruppoliturgico.com\/fr\/produit\/chasuble-coupe-medievale\/","og_locale":"fr_FR","og_type":"article","og_title":"Chasuble coupe m\u00e9di\u00e9vale - chasubles, solennelles et Laboratorio Gruppo Liturgico","og_description":"coupe m\u00e9di\u00e9vale avec galon et cou brod\u00e9s sur tissu dupion couleur sur couleur. La broderie est une s\u00e9quence de petites croix r\u00e9alis\u00e9es avec plusieurs types de points. La jonction entre le cou et le galon central est enrichie d'un strass dor\u00e9 avec pierres de la m\u00eame couleur que la chasuble. Le galon central est \u00e9gale sur la partie arri\u00e8re de la chasuble.","og_url":"https:\/\/www.gruppoliturgico.com\/fr\/produit\/chasuble-coupe-medievale\/","og_site_name":"Laboratorio Gruppo Liturgico","article_modified_time":"2022-10-24T14:53:27+00:00","og_image":[{"width":1199,"height":2000,"url":"https:\/\/www.gruppoliturgico.com\/wp-content\/uploads\/2022\/10\/2683.jpg","type":"image\/jpeg"}],"twitter_card":"summary_large_image","schema":{"@context":"https:\/\/schema.org","@graph":[{"@type":"WebPage","@id":"https:\/\/www.gruppoliturgico.com\/fr\/produit\/chasuble-coupe-medievale\/","url":"https:\/\/www.gruppoliturgico.com\/fr\/produit\/chasuble-coupe-medievale\/","name":"Chasuble coupe m\u00e9di\u00e9vale - chasubles, solennelles et Laboratorio Gruppo Liturgico","isPartOf":{"@id":"https:\/\/www.gruppoliturgico.com\/es\/#website"},"datePublished":"2022-10-24T14:47:09+00:00","dateModified":"2022-10-24T14:53:27+00:00","description":"coupe m\u00e9di\u00e9vale avec galon et cou brod\u00e9s sur tissu dupion couleur sur couleur. La broderie est une s\u00e9quence de petites croix r\u00e9alis\u00e9es avec plusieurs types de points. La jonction entre le cou et le galon central est enrichie d'un strass dor\u00e9 avec pierres de la m\u00eame couleur que la chasuble. Le galon central est \u00e9gale sur la partie arri\u00e8re de la chasuble.","breadcrumb":{"@id":"https:\/\/www.gruppoliturgico.com\/fr\/produit\/chasuble-coupe-medievale\/#breadcrumb"},"inLanguage":"fr-FR","potentialAction":[{"@type":"ReadAction","target":["https:\/\/www.gruppoliturgico.com\/fr\/produit\/chasuble-coupe-medievale\/"]}]},{"@type":"BreadcrumbList","@id":"https:\/\/www.gruppoliturgico.com\/fr\/produit\/chasuble-coupe-medievale\/#breadcrumb","itemListElement":[{"@type":"ListItem","position":1,"name":"Home","item":"https:\/\/www.gruppoliturgico.com\/fr\/"},{"@type":"ListItem","position":2,"name":"Boutique","item":"https:\/\/www.gruppoliturgico.com\/fr\/boutique\/"},{"@type":"ListItem","position":3,"name":"Chasuble coupe m\u00e9di\u00e9vale"}]},{"@type":"WebSite","@id":"https:\/\/www.gruppoliturgico.com\/es\/#website","url":"https:\/\/www.gruppoliturgico.com\/es\/","name":"Laboratorio Gruppo Liturgico","description":"Articoli Religiosi online","publisher":{"@id":"https:\/\/www.gruppoliturgico.com\/es\/#organization"},"potentialAction":[{"@type":"SearchAction","target":{"@type":"EntryPoint","urlTemplate":"https:\/\/www.gruppoliturgico.com\/es\/?s={search_term_string}"},"query-input":"required name=search_term_string"}],"inLanguage":"fr-FR"},{"@type":"Organization","@id":"https:\/\/www.gruppoliturgico.com\/es\/#organization","name":"Laboratorio Gruppo Liturgico","url":"https:\/\/www.gruppoliturgico.com\/es\/","logo":{"@type":"ImageObject","inLanguage":"fr-FR","@id":"https:\/\/www.gruppoliturgico.com\/es\/#\/schema\/logo\/image\/","url":"https:\/\/www.gruppoliturgico.com\/wp-content\/uploads\/2022\/02\/logo-laboratoriogruppoliturgico.png","contentUrl":"https:\/\/www.gruppoliturgico.com\/wp-content\/uploads\/2022\/02\/logo-laboratoriogruppoliturgico.png","width":400,"height":114,"caption":"Laboratorio Gruppo Liturgico"},"image":{"@id":"https:\/\/www.gruppoliturgico.com\/es\/#\/schema\/logo\/image\/"}}]}},"_links":{"self":[{"href":"https:\/\/www.gruppoliturgico.com\/fr\/wp-json\/wp\/v2\/product\/117762"}],"collection":[{"href":"https:\/\/www.gruppoliturgico.com\/fr\/wp-json\/wp\/v2\/product"}],"about":[{"href":"https:\/\/www.gruppoliturgico.com\/fr\/wp-json\/wp\/v2\/types\/product"}],"wp:featuredmedia":[{"embeddable":true,"href":"https:\/\/www.gruppoliturgico.com\/fr\/wp-json\/wp\/v2\/media\/128919"}],"wp:attachment":[{"href":"https:\/\/www.gruppoliturgico.com\/fr\/wp-json\/wp\/v2\/media?parent=117762"}],"wp:term":[{"taxonomy":"product_cat","embeddable":true,"href":"https:\/\/www.gruppoliturgico.com\/fr\/wp-json\/wp\/v2\/product_cat?post=117762"},{"taxonomy":"product_tag","embeddable":true,"href":"https:\/\/www.gruppoliturgico.com\/fr\/wp-json\/wp\/v2\/product_tag?post=117762"}],"curies":[{"name":"wp","href":"https:\/\/api.w.org\/{rel}","templated":true}]}}