{"id":112138,"date":"2022-07-20T15:12:45","date_gmt":"2022-07-20T13:12:45","guid":{"rendered":"https:\/\/www.gruppoliturgico.com\/prodotto\/altare-art-2787\/"},"modified":"2022-10-22T10:05:57","modified_gmt":"2022-10-22T08:05:57","slug":"autel-art-2787","status":"publish","type":"product","link":"https:\/\/www.gruppoliturgico.com\/fr\/produit\/autel-art-2787\/","title":{"rendered":"Autel"},"content":{"rendered":"<html><body><p>Autel en bois massif, avec d\u00e9licate d\u00e9coration imitation marbre.<br>\nOrnement central de grande valeur en bois sculpt\u00e9 et dor\u00e9 \u00e0 la feuille d\u2019or.<br>\nLa gradation chromatique de la peinture peut \u00eatre ex\u00e9cut\u00e9e en teintes au choix.<br>\nDimensions<br>\nbase cm 100 x 65<br>\ntable cm 130 x 75 ou sur demande<br>\nhauteur cm 100<\/p>\n<\/body><\/html>","protected":false},"excerpt":{"rendered":"[caption id=\"attachment_80208\" align=\"alignnone\" width=\"1024\"]<img loading=\"lazy\" class=\"wp-image-80208 size-large\" src=\"https:\/\/www.gruppoliturgico.com\/wp-content\/uploads\/2022\/05\/altare_2787-1024x683.jpg\" alt=\"\" width=\"1024\" height=\"683\" srcset=\"https:\/\/www.gruppoliturgico.com\/wp-content\/uploads\/2022\/05\/altare_2787-1024x683.jpg 1024w, https:\/\/www.gruppoliturgico.com\/wp-content\/uploads\/2022\/05\/altare_2787-300x200.jpg 300w, https:\/\/www.gruppoliturgico.com\/wp-content\/uploads\/2022\/05\/altare_2787-768x512.jpg 768w, https:\/\/www.gruppoliturgico.com\/wp-content\/uploads\/2022\/05\/altare_2787-920x613.jpg 920w, https:\/\/www.gruppoliturgico.com\/wp-content\/uploads\/2022\/05\/altare_2787-230x153.jpg 230w, https:\/\/www.gruppoliturgico.com\/wp-content\/uploads\/2022\/05\/altare_2787-350x233.jpg 350w, https:\/\/www.gruppoliturgico.com\/wp-content\/uploads\/2022\/05\/altare_2787-480x320.jpg 480w, https:\/\/www.gruppoliturgico.com\/wp-content\/uploads\/2022\/05\/altare_2787-600x400.jpg 600w, https:\/\/www.gruppoliturgico.com\/wp-content\/uploads\/2022\/05\/altare_2787.jpg 1500w\" sizes=\"(max-width: 1024px) 100vw, 1024px\" \/> photographie d&rsquo;ensemble de l&rsquo;autel et des accessoires associ\u00e9s[\/caption]\n<p>Autel en bois massif, avec d\u00e9licate d\u00e9coration imitation marbre.<br \/>\nOrnement central de grande valeur en bois sculpt\u00e9 et dor\u00e9 \u00e0 la feuille d\u2019or.<br \/>\nLa gradation chromatique de la peinture peut \u00eatre ex\u00e9cut\u00e9e en teintes au choix.<br \/>\nDimensions<br \/>\nBase cm 100 x 65<br \/>\nTable cm 130 x 75 ou sur demande<br \/>\nHauteur cm 100<\/p>\n","protected":false},"featured_media":131137,"template":"","meta":[],"product_cat":[12172],"product_tag":[],"yoast_head":"<!-- This site is optimized with the Yoast SEO plugin v20.4 - https:\/\/yoast.com\/wordpress\/plugins\/seo\/ -->\n<title>Autel - art 2787 et Laboratorio Gruppo Liturgico<\/title>\n<meta name=\"description\" content=\"Autel en bois massif, avec d\u00e9licate d\u00e9coration imitation marbre. Ornement central de grande valeur en bois sculpt\u00e9 et dor\u00e9 \u00e0 la feuille d\u2019or. La gradation chromatique de la peinture peut \u00eatre ex\u00e9cut\u00e9e en teintes au choix. Dimensions Base cm 100 x 65 Table cm 130 x 75 ou sur demande Hauteur cm 100\" \/>\n<meta name=\"robots\" content=\"index, follow, max-snippet:-1, max-image-preview:large, max-video-preview:-1\" \/>\n<link rel=\"canonical\" href=\"https:\/\/www.gruppoliturgico.com\/fr\/produit\/autel-art-2787\/\" \/>\n<meta property=\"og:locale\" content=\"fr_FR\" \/>\n<meta property=\"og:type\" content=\"article\" \/>\n<meta property=\"og:title\" content=\"Autel - art 2787 et Laboratorio Gruppo Liturgico\" \/>\n<meta property=\"og:description\" content=\"Autel en bois massif, avec d\u00e9licate d\u00e9coration imitation marbre. Ornement central de grande valeur en bois sculpt\u00e9 et dor\u00e9 \u00e0 la feuille d\u2019or. La gradation chromatique de la peinture peut \u00eatre ex\u00e9cut\u00e9e en teintes au choix. Dimensions Base cm 100 x 65 Table cm 130 x 75 ou sur demande Hauteur cm 100\" \/>\n<meta property=\"og:url\" content=\"https:\/\/www.gruppoliturgico.com\/fr\/produit\/autel-art-2787\/\" \/>\n<meta property=\"og:site_name\" content=\"Laboratorio Gruppo Liturgico\" \/>\n<meta property=\"article:modified_time\" content=\"2022-10-22T08:05:57+00:00\" \/>\n<meta property=\"og:image\" content=\"https:\/\/www.gruppoliturgico.com\/wp-content\/uploads\/2022\/07\/2787rit-908x1024.jpg\" \/>\n\t<meta property=\"og:image:width\" content=\"908\" \/>\n\t<meta property=\"og:image:height\" content=\"1024\" \/>\n\t<meta property=\"og:image:type\" content=\"image\/jpeg\" \/>\n<meta name=\"twitter:card\" content=\"summary_large_image\" \/>\n<script type=\"application\/ld+json\" class=\"yoast-schema-graph\">{\"@context\":\"https:\/\/schema.org\",\"@graph\":[{\"@type\":\"WebPage\",\"@id\":\"https:\/\/www.gruppoliturgico.com\/fr\/produit\/autel-art-2787\/\",\"url\":\"https:\/\/www.gruppoliturgico.com\/fr\/produit\/autel-art-2787\/\",\"name\":\"Autel - art 2787 et Laboratorio Gruppo Liturgico\",\"isPartOf\":{\"@id\":\"https:\/\/www.gruppoliturgico.com\/es\/#website\"},\"datePublished\":\"2022-07-20T13:12:45+00:00\",\"dateModified\":\"2022-10-22T08:05:57+00:00\",\"description\":\"Autel en bois massif, avec d\u00e9licate d\u00e9coration imitation marbre. Ornement central de grande valeur en bois sculpt\u00e9 et dor\u00e9 \u00e0 la feuille d\u2019or. La gradation chromatique de la peinture peut \u00eatre ex\u00e9cut\u00e9e en teintes au choix. Dimensions Base cm 100 x 65 Table cm 130 x 75 ou sur demande Hauteur cm 100\",\"breadcrumb\":{\"@id\":\"https:\/\/www.gruppoliturgico.com\/fr\/produit\/autel-art-2787\/#breadcrumb\"},\"inLanguage\":\"fr-FR\",\"potentialAction\":[{\"@type\":\"ReadAction\",\"target\":[\"https:\/\/www.gruppoliturgico.com\/fr\/produit\/autel-art-2787\/\"]}]},{\"@type\":\"BreadcrumbList\",\"@id\":\"https:\/\/www.gruppoliturgico.com\/fr\/produit\/autel-art-2787\/#breadcrumb\",\"itemListElement\":[{\"@type\":\"ListItem\",\"position\":1,\"name\":\"Home\",\"item\":\"https:\/\/www.gruppoliturgico.com\/fr\/\"},{\"@type\":\"ListItem\",\"position\":2,\"name\":\"Boutique\",\"item\":\"https:\/\/www.gruppoliturgico.com\/fr\/boutique\/\"},{\"@type\":\"ListItem\",\"position\":3,\"name\":\"Autel\"}]},{\"@type\":\"WebSite\",\"@id\":\"https:\/\/www.gruppoliturgico.com\/es\/#website\",\"url\":\"https:\/\/www.gruppoliturgico.com\/es\/\",\"name\":\"Laboratorio Gruppo Liturgico\",\"description\":\"Articoli Religiosi online\",\"publisher\":{\"@id\":\"https:\/\/www.gruppoliturgico.com\/es\/#organization\"},\"potentialAction\":[{\"@type\":\"SearchAction\",\"target\":{\"@type\":\"EntryPoint\",\"urlTemplate\":\"https:\/\/www.gruppoliturgico.com\/es\/?s={search_term_string}\"},\"query-input\":\"required name=search_term_string\"}],\"inLanguage\":\"fr-FR\"},{\"@type\":\"Organization\",\"@id\":\"https:\/\/www.gruppoliturgico.com\/es\/#organization\",\"name\":\"Laboratorio Gruppo Liturgico\",\"url\":\"https:\/\/www.gruppoliturgico.com\/es\/\",\"logo\":{\"@type\":\"ImageObject\",\"inLanguage\":\"fr-FR\",\"@id\":\"https:\/\/www.gruppoliturgico.com\/es\/#\/schema\/logo\/image\/\",\"url\":\"https:\/\/www.gruppoliturgico.com\/wp-content\/uploads\/2022\/02\/logo-laboratoriogruppoliturgico.png\",\"contentUrl\":\"https:\/\/www.gruppoliturgico.com\/wp-content\/uploads\/2022\/02\/logo-laboratoriogruppoliturgico.png\",\"width\":400,\"height\":114,\"caption\":\"Laboratorio Gruppo Liturgico\"},\"image\":{\"@id\":\"https:\/\/www.gruppoliturgico.com\/es\/#\/schema\/logo\/image\/\"}}]}<\/script>\n<!-- \/ Yoast SEO plugin. -->","yoast_head_json":{"title":"Autel - art 2787 et Laboratorio Gruppo Liturgico","description":"Autel en bois massif, avec d\u00e9licate d\u00e9coration imitation marbre. Ornement central de grande valeur en bois sculpt\u00e9 et dor\u00e9 \u00e0 la feuille d\u2019or. La gradation chromatique de la peinture peut \u00eatre ex\u00e9cut\u00e9e en teintes au choix. Dimensions Base cm 100 x 65 Table cm 130 x 75 ou sur demande Hauteur cm 100","robots":{"index":"index","follow":"follow","max-snippet":"max-snippet:-1","max-image-preview":"max-image-preview:large","max-video-preview":"max-video-preview:-1"},"canonical":"https:\/\/www.gruppoliturgico.com\/fr\/produit\/autel-art-2787\/","og_locale":"fr_FR","og_type":"article","og_title":"Autel - art 2787 et Laboratorio Gruppo Liturgico","og_description":"Autel en bois massif, avec d\u00e9licate d\u00e9coration imitation marbre. Ornement central de grande valeur en bois sculpt\u00e9 et dor\u00e9 \u00e0 la feuille d\u2019or. La gradation chromatique de la peinture peut \u00eatre ex\u00e9cut\u00e9e en teintes au choix. Dimensions Base cm 100 x 65 Table cm 130 x 75 ou sur demande Hauteur cm 100","og_url":"https:\/\/www.gruppoliturgico.com\/fr\/produit\/autel-art-2787\/","og_site_name":"Laboratorio Gruppo Liturgico","article_modified_time":"2022-10-22T08:05:57+00:00","og_image":[{"width":908,"height":1024,"url":"https:\/\/www.gruppoliturgico.com\/wp-content\/uploads\/2022\/07\/2787rit-908x1024.jpg","type":"image\/jpeg"}],"twitter_card":"summary_large_image","schema":{"@context":"https:\/\/schema.org","@graph":[{"@type":"WebPage","@id":"https:\/\/www.gruppoliturgico.com\/fr\/produit\/autel-art-2787\/","url":"https:\/\/www.gruppoliturgico.com\/fr\/produit\/autel-art-2787\/","name":"Autel - art 2787 et Laboratorio Gruppo Liturgico","isPartOf":{"@id":"https:\/\/www.gruppoliturgico.com\/es\/#website"},"datePublished":"2022-07-20T13:12:45+00:00","dateModified":"2022-10-22T08:05:57+00:00","description":"Autel en bois massif, avec d\u00e9licate d\u00e9coration imitation marbre. Ornement central de grande valeur en bois sculpt\u00e9 et dor\u00e9 \u00e0 la feuille d\u2019or. La gradation chromatique de la peinture peut \u00eatre ex\u00e9cut\u00e9e en teintes au choix. Dimensions Base cm 100 x 65 Table cm 130 x 75 ou sur demande Hauteur cm 100","breadcrumb":{"@id":"https:\/\/www.gruppoliturgico.com\/fr\/produit\/autel-art-2787\/#breadcrumb"},"inLanguage":"fr-FR","potentialAction":[{"@type":"ReadAction","target":["https:\/\/www.gruppoliturgico.com\/fr\/produit\/autel-art-2787\/"]}]},{"@type":"BreadcrumbList","@id":"https:\/\/www.gruppoliturgico.com\/fr\/produit\/autel-art-2787\/#breadcrumb","itemListElement":[{"@type":"ListItem","position":1,"name":"Home","item":"https:\/\/www.gruppoliturgico.com\/fr\/"},{"@type":"ListItem","position":2,"name":"Boutique","item":"https:\/\/www.gruppoliturgico.com\/fr\/boutique\/"},{"@type":"ListItem","position":3,"name":"Autel"}]},{"@type":"WebSite","@id":"https:\/\/www.gruppoliturgico.com\/es\/#website","url":"https:\/\/www.gruppoliturgico.com\/es\/","name":"Laboratorio Gruppo Liturgico","description":"Articoli Religiosi online","publisher":{"@id":"https:\/\/www.gruppoliturgico.com\/es\/#organization"},"potentialAction":[{"@type":"SearchAction","target":{"@type":"EntryPoint","urlTemplate":"https:\/\/www.gruppoliturgico.com\/es\/?s={search_term_string}"},"query-input":"required name=search_term_string"}],"inLanguage":"fr-FR"},{"@type":"Organization","@id":"https:\/\/www.gruppoliturgico.com\/es\/#organization","name":"Laboratorio Gruppo Liturgico","url":"https:\/\/www.gruppoliturgico.com\/es\/","logo":{"@type":"ImageObject","inLanguage":"fr-FR","@id":"https:\/\/www.gruppoliturgico.com\/es\/#\/schema\/logo\/image\/","url":"https:\/\/www.gruppoliturgico.com\/wp-content\/uploads\/2022\/02\/logo-laboratoriogruppoliturgico.png","contentUrl":"https:\/\/www.gruppoliturgico.com\/wp-content\/uploads\/2022\/02\/logo-laboratoriogruppoliturgico.png","width":400,"height":114,"caption":"Laboratorio Gruppo Liturgico"},"image":{"@id":"https:\/\/www.gruppoliturgico.com\/es\/#\/schema\/logo\/image\/"}}]}},"_links":{"self":[{"href":"https:\/\/www.gruppoliturgico.com\/fr\/wp-json\/wp\/v2\/product\/112138"}],"collection":[{"href":"https:\/\/www.gruppoliturgico.com\/fr\/wp-json\/wp\/v2\/product"}],"about":[{"href":"https:\/\/www.gruppoliturgico.com\/fr\/wp-json\/wp\/v2\/types\/product"}],"wp:featuredmedia":[{"embeddable":true,"href":"https:\/\/www.gruppoliturgico.com\/fr\/wp-json\/wp\/v2\/media\/131137"}],"wp:attachment":[{"href":"https:\/\/www.gruppoliturgico.com\/fr\/wp-json\/wp\/v2\/media?parent=112138"}],"wp:term":[{"taxonomy":"product_cat","embeddable":true,"href":"https:\/\/www.gruppoliturgico.com\/fr\/wp-json\/wp\/v2\/product_cat?post=112138"},{"taxonomy":"product_tag","embeddable":true,"href":"https:\/\/www.gruppoliturgico.com\/fr\/wp-json\/wp\/v2\/product_tag?post=112138"}],"curies":[{"name":"wp","href":"https:\/\/api.w.org\/{rel}","templated":true}]}}