{"id":60400,"date":"2021-06-11T16:08:18","date_gmt":"2021-06-11T14:08:18","guid":{"rendered":"https:\/\/www.gruppoliturgico.com\/about-us\/"},"modified":"2022-03-09T10:37:09","modified_gmt":"2022-03-09T09:37:09","slug":"qui-sommes-nous","status":"publish","type":"page","link":"https:\/\/www.gruppoliturgico.com\/fr\/qui-sommes-nous\/","title":{"rendered":"Qui sommes-nous"},"content":{"rendered":"<html><body><div data-elementor-type=\"wp-page\" data-elementor-id=\"60400\" class=\"elementor elementor-60400 elementor-196\">\n\t\t\t\t\t\t\t\t\t<section class=\"elementor-section elementor-top-section elementor-element elementor-element-6e1c342 elementor-section-boxed elementor-section-height-default elementor-section-height-default\" data-id=\"6e1c342\" data-element_type=\"section\">\n\t\t\t\t\t\t<div class=\"elementor-container elementor-column-gap-default\">\n\t\t\t\t\t<div class=\"elementor-column elementor-col-100 elementor-top-column elementor-element elementor-element-c2f3da2\" data-id=\"c2f3da2\" data-element_type=\"column\">\n\t\t\t<div class=\"elementor-widget-wrap elementor-element-populated\">\n\t\t\t\t\t\t\t\t<div class=\"elementor-element elementor-element-a64c0c1 elementor-widget elementor-widget-heading\" data-id=\"a64c0c1\" data-element_type=\"widget\" data-widget_type=\"heading.default\">\n\t\t\t\t<div class=\"elementor-widget-container\">\n\t\t\t<h2 class=\"elementor-heading-title elementor-size-default\">Laboratorio Gruppo Liturgico : Ma\u00eetres d'art sacr\u00e9<\/h2>\t\t<\/div>\n\t\t\t\t<\/div>\n\t\t\t\t<div class=\"elementor-element elementor-element-bc0823b elementor-widget elementor-widget-text-editor\" data-id=\"bc0823b\" data-element_type=\"widget\" data-widget_type=\"text-editor.default\">\n\t\t\t\t<div class=\"elementor-widget-container\">\n\t\t\t\t\t\t\t<p>Il y a toute la connaissance et l\u2019exp\u00e9rience accumul\u00e9es en plus de 60 ans de croissance commerciale dans les produits et services que le \u00ab\u00a0LABORATORIO GRUPPO LITURGICO\u00a0\u00bb est en mesure d\u2019offrir aujourd\u2019hui.<\/p><p><strong>LE LABORATORIO GRUPPO LITURGICO est l\u2019une des principales entreprises italiennes de vente par correspondance. Depuis plus de 50 ans, toutes les paroisses et les instituts religieux d\u2019Italie re\u00e7oivent le catalogue \u00ab\u00a0L\u2019Amico dei chierichetti\u00a0\u00bb (L\u2019Ami des enfants de ch\u0153ur) et depuis plus de 15 ans l\u2019entreprise est pr\u00e9sente en ligne avec son site web d\u00e9di\u00e9 \u00e0 la vente.<\/strong><\/p><p>Le succ\u00e8s croissant rencontr\u00e9 au cours de toutes ces ann\u00e9es est d\u00fb \u00e0 sa large gamme de parements et des meubles liturgiques, aux tuniques pour la premi\u00e8re communion, produites dans des mod\u00e8les exclusifs ainsi qu\u2019aux v\u00eatements pour les pr\u00eatres, jusqu\u2019aux nombreux produits pour la sacristie.<\/p>\t\t\t\t\t\t<\/div>\n\t\t\t\t<\/div>\n\t\t\t\t\t<\/div>\n\t\t<\/div>\n\t\t\t\t\t\t\t<\/div>\n\t\t<\/section>\n\t\t\t\t<section class=\"elementor-section elementor-top-section elementor-element elementor-element-92bf84c elementor-section-boxed elementor-section-height-default elementor-section-height-default\" data-id=\"92bf84c\" data-element_type=\"section\">\n\t\t\t\t\t\t<div class=\"elementor-container elementor-column-gap-default\">\n\t\t\t\t\t<div class=\"elementor-column elementor-col-100 elementor-top-column elementor-element elementor-element-4fa24f4\" data-id=\"4fa24f4\" data-element_type=\"column\">\n\t\t\t<div class=\"elementor-widget-wrap elementor-element-populated\">\n\t\t\t\t\t\t\t\t<div class=\"elementor-element elementor-element-acb1a0e elementor-widget elementor-widget-image\" data-id=\"acb1a0e\" data-element_type=\"widget\" data-widget_type=\"image.default\">\n\t\t\t\t<div class=\"elementor-widget-container\">\n\t\t\t\t\t\t\t\t\t\t\t\t\t\t\t<img width=\"605\" height=\"260\" src=\"https:\/\/www.gruppoliturgico.com\/wp-content\/uploads\/2021\/06\/lgl_sede.jpg\" class=\"attachment-full size-full\" alt=\"Laboratorio Gruppo Liturgico: Ma\u00eetres d'Art Sacr\u00e9 Italie\" loading=\"lazy\" srcset=\"https:\/\/www.gruppoliturgico.com\/wp-content\/uploads\/2021\/06\/lgl_sede.jpg 605w, https:\/\/www.gruppoliturgico.com\/wp-content\/uploads\/2021\/06\/lgl_sede-300x129.jpg 300w, https:\/\/www.gruppoliturgico.com\/wp-content\/uploads\/2021\/06\/lgl_sede-600x258.jpg 600w, https:\/\/www.gruppoliturgico.com\/wp-content\/uploads\/2021\/06\/lgl_sede-230x99.jpg 230w, https:\/\/www.gruppoliturgico.com\/wp-content\/uploads\/2021\/06\/lgl_sede-350x150.jpg 350w, https:\/\/www.gruppoliturgico.com\/wp-content\/uploads\/2021\/06\/lgl_sede-480x206.jpg 480w\" sizes=\"(max-width: 605px) 100vw, 605px\">\t\t\t\t\t\t\t\t\t\t\t\t\t\t\t<\/div>\n\t\t\t\t<\/div>\n\t\t\t\t\t<\/div>\n\t\t<\/div>\n\t\t\t\t\t\t\t<\/div>\n\t\t<\/section>\n\t\t\t\t<section class=\"elementor-section elementor-top-section elementor-element elementor-element-83197f3 elementor-section-boxed elementor-section-height-default elementor-section-height-default\" data-id=\"83197f3\" data-element_type=\"section\">\n\t\t\t\t\t\t<div class=\"elementor-container elementor-column-gap-default\">\n\t\t\t\t\t<div class=\"elementor-column elementor-col-100 elementor-top-column elementor-element elementor-element-1d1e3c4\" data-id=\"1d1e3c4\" data-element_type=\"column\">\n\t\t\t<div class=\"elementor-widget-wrap elementor-element-populated\">\n\t\t\t\t\t\t\t\t<div class=\"elementor-element elementor-element-55dcf59 elementor-widget elementor-widget-text-editor\" data-id=\"55dcf59\" data-element_type=\"widget\" data-widget_type=\"text-editor.default\">\n\t\t\t\t<div class=\"elementor-widget-container\">\n\t\t\t\t\t\t\t<h4>Notre m\u00e9thode de travail\u00a0<\/h4><p>Nous tenons \u00e0 souligner que notre point fort<strong> est la r\u00e9alisation directe de la plupart de nos articles.<\/strong> Dans notre d\u00e9partement d\u00e9di\u00e9 \u00e0 la couture nous pouvons envisager des travaux sur demande et sur mesure pour r\u00e9pondre \u00e0 chaque besoin particulier.<\/p><h4>Pourquoi nous sommes des ma\u00eetres d\u2019art sacr\u00e9\u00a0<\/h4><p>L\u2019histoire du Laboratorio Gruppo Liturgico a toujours \u00e9t\u00e9 marqu\u00e9e par sa propension particuli\u00e8re \u00e0 la cr\u00e9ation de mobilier d\u2019art<strong> fabriqu\u00e9 par ses propres sculpteurs et artistes du bois.<\/strong> Nous avons \u00e9t\u00e9 parmi les premiers \u00e0 proposer des autels, des ambons et tout autre mobilier \u00e0 l\u2019aide d\u2019un catalogue d\u00e9taill\u00e9, toujours adapt\u00e9 \u00e0 l\u2019\u00e9poque et en accord avec les diverses \u00e9volutions que la liturgie a propos\u00e9es au fil des ann\u00e9es.<\/p><p><strong>Nos nombreuses cr\u00e9ations en bois se distinguent par leur originalit\u00e9 et sont fabriqu\u00e9es en exclusivit\u00e9 par nous.<\/strong> Nous pouvons vanter le plus grand choix au monde des chandeliers, chandeliers pascal, baptist\u00e8res, tabors, tabernacles en bois, Chemins de Croix, ainsi que statues et crucifix sculpt\u00e9s.<\/p><p>Nos sculpteurs sont disponibles pour la cr\u00e9ation de statues, d\u2019autels, d\u2019ambons et de tout autre mobilier, m\u00eame d\u2019apr\u00e8s dessin particulier.<\/p><h4>Et pour ceux qui ont l\u2019occasion de nous rendre visite<\/h4><p><strong>Notre boutique-exposition<\/strong> de San Damiano d\u2019Asti, sur les collines du Pi\u00e9mont, patrimoine mondial de l\u2019UNESCO, poss\u00e8de l\u2019une des plus grandes structures d\u2019exposition en Europe.<br>Ici, dans les diff\u00e9rents d\u00e9partements, il est possible de choisir parmi le vaste assortiment de mobilier sacr\u00e9, des dizaines d\u2019autels en bois, des ambons, des statues et tout autre compl\u00e9ment adapt\u00e9 \u00e0 meubler l\u2019\u00e9glise.<\/p><p>L\u2019espace r\u00e9serv\u00e9 aux parements est tr\u00e8s bien achaland\u00e9, original et soign\u00e9. Il propose des centaines de mod\u00e8les de chasubles, aubes, chapes, \u00e9toles dont la plupart sont de cr\u00e9ation et de production exclusive et originale.<br>Un espace est d\u00e9di\u00e9 \u00e0 l\u2019habillement personnel des pr\u00eatres avec des v\u00eatements de qualit\u00e9.<\/p><p>Tous les articles sont expos\u00e9s dans la boutique du Laboratorio Gruppo Liturgico, mais surtout vous trouverez la garantie de la qualit\u00e9 artisanale des produits, le s\u00e9rieux et la ponctualit\u00e9 des prestations propos\u00e9es, des prix avantageux.<\/p><h4><strong>Commandez en toute confiance!<\/strong><\/h4><p><strong>Les clients du Laboratorio Gruppo Liturgico constituent un grand patrimoine unique. L\u2019entreprise juge fondamental d\u2019\u00e9tablir et de maintenir avec ses clients une relation bas\u00e9e sur une transparence maximale et une confiance mutuelle. Nous aimons consid\u00e9rer notre client comme un ami et nous aimerions \u00eatre consid\u00e9r\u00e9s comme tels. N\u2019h\u00e9sitez pas \u00e0 contacter notre service client pour toutes vos exigences particuli\u00e8res. <\/strong><\/p><h4><strong>\u00c9conomisez avec nous<\/strong><\/h4><p>Le grand succ\u00e8s que notre entreprise a obtenu au cours des ann\u00e9es, lui a fait gagner une place tout a fait respectable dans le march\u00e9. Les avantages de pouvoir acheter les mati\u00e8res premi\u00e8res en grandes quantit\u00e9s qui nous permettent d\u2019obtenir des prix d\u00e9cid\u00e9ment concurrentiels, sont all\u00e9s au b\u00e9n\u00e9fice de nos clients avec l\u2019application de prix tr\u00e8s favorables. Profitez aussi des occasions avec des r\u00e9ductions sp\u00e9ciales.<br>Vous recevrez tout ce que vous avez command\u00e9 directement chez vous.<br>Les livraisons seront effectu\u00e9es dans les plus brefs d\u00e9lais.<br>Pour toutes autres infos nous vous invitons \u00e0 consulter les conditions de vente. Pour plus d\u2019informations, nous vous invitons \u00e0 consulter les <a href=\"\/conditions-de-vente\/\">conditions de vente<\/a>.<\/p>\t\t\t\t\t\t<\/div>\n\t\t\t\t<\/div>\n\t\t\t\t\t<\/div>\n\t\t<\/div>\n\t\t\t\t\t\t\t<\/div>\n\t\t<\/section>\n\t\t\t\t\t\t\t<\/div>\n\t\t<\/body><\/html>","protected":false},"excerpt":{"rendered":"<p>Laboratorio Gruppo Liturgico : Ma\u00eetres d&rsquo;art sacr\u00e9 Il y a toute la [&hellip;]<\/p>\n","protected":false},"author":1,"featured_media":0,"parent":0,"menu_order":0,"comment_status":"closed","ping_status":"closed","template":"","meta":[],"yoast_head":"<!-- This site is optimized with the Yoast SEO plugin v20.4 - https:\/\/yoast.com\/wordpress\/plugins\/seo\/ -->\n<title>Qui sommes-nous - Laboratorio Gruppo Liturgico<\/title>\n<meta name=\"robots\" content=\"index, follow, max-snippet:-1, max-image-preview:large, max-video-preview:-1\" \/>\n<link rel=\"canonical\" href=\"https:\/\/www.gruppoliturgico.com\/fr\/qui-sommes-nous\/\" \/>\n<meta property=\"og:locale\" content=\"fr_FR\" \/>\n<meta property=\"og:type\" content=\"article\" \/>\n<meta property=\"og:title\" content=\"Qui sommes-nous - Laboratorio Gruppo Liturgico\" \/>\n<meta property=\"og:description\" content=\"Laboratorio Gruppo Liturgico : Ma\u00eetres d&rsquo;art sacr\u00e9 Il y a toute la [&hellip;]\" \/>\n<meta property=\"og:url\" content=\"https:\/\/www.gruppoliturgico.com\/fr\/qui-sommes-nous\/\" \/>\n<meta property=\"og:site_name\" content=\"Laboratorio Gruppo Liturgico\" \/>\n<meta property=\"article:modified_time\" content=\"2022-03-09T09:37:09+00:00\" \/>\n<meta property=\"og:image\" content=\"https:\/\/www.gruppoliturgico.com\/wp-content\/uploads\/2021\/06\/lgl_sede.jpg\" \/>\n<meta name=\"twitter:card\" content=\"summary_large_image\" \/>\n<meta name=\"twitter:label1\" content=\"Dur\u00e9e de lecture estim\u00e9e\" \/>\n\t<meta name=\"twitter:data1\" content=\"4 minutes\" \/>\n<script type=\"application\/ld+json\" class=\"yoast-schema-graph\">{\"@context\":\"https:\/\/schema.org\",\"@graph\":[{\"@type\":\"WebPage\",\"@id\":\"https:\/\/www.gruppoliturgico.com\/fr\/qui-sommes-nous\/\",\"url\":\"https:\/\/www.gruppoliturgico.com\/fr\/qui-sommes-nous\/\",\"name\":\"Qui sommes-nous - Laboratorio Gruppo Liturgico\",\"isPartOf\":{\"@id\":\"https:\/\/www.gruppoliturgico.com\/es\/#website\"},\"datePublished\":\"2021-06-11T14:08:18+00:00\",\"dateModified\":\"2022-03-09T09:37:09+00:00\",\"breadcrumb\":{\"@id\":\"https:\/\/www.gruppoliturgico.com\/fr\/qui-sommes-nous\/#breadcrumb\"},\"inLanguage\":\"fr-FR\",\"potentialAction\":[{\"@type\":\"ReadAction\",\"target\":[\"https:\/\/www.gruppoliturgico.com\/fr\/qui-sommes-nous\/\"]}]},{\"@type\":\"BreadcrumbList\",\"@id\":\"https:\/\/www.gruppoliturgico.com\/fr\/qui-sommes-nous\/#breadcrumb\",\"itemListElement\":[{\"@type\":\"ListItem\",\"position\":1,\"name\":\"Home\",\"item\":\"https:\/\/www.gruppoliturgico.com\/fr\/\"},{\"@type\":\"ListItem\",\"position\":2,\"name\":\"Qui sommes-nous\"}]},{\"@type\":\"WebSite\",\"@id\":\"https:\/\/www.gruppoliturgico.com\/es\/#website\",\"url\":\"https:\/\/www.gruppoliturgico.com\/es\/\",\"name\":\"Laboratorio Gruppo Liturgico\",\"description\":\"Articoli Religiosi online\",\"publisher\":{\"@id\":\"https:\/\/www.gruppoliturgico.com\/es\/#organization\"},\"potentialAction\":[{\"@type\":\"SearchAction\",\"target\":{\"@type\":\"EntryPoint\",\"urlTemplate\":\"https:\/\/www.gruppoliturgico.com\/es\/?s={search_term_string}\"},\"query-input\":\"required name=search_term_string\"}],\"inLanguage\":\"fr-FR\"},{\"@type\":\"Organization\",\"@id\":\"https:\/\/www.gruppoliturgico.com\/es\/#organization\",\"name\":\"Laboratorio Gruppo Liturgico\",\"url\":\"https:\/\/www.gruppoliturgico.com\/es\/\",\"logo\":{\"@type\":\"ImageObject\",\"inLanguage\":\"fr-FR\",\"@id\":\"https:\/\/www.gruppoliturgico.com\/es\/#\/schema\/logo\/image\/\",\"url\":\"https:\/\/www.gruppoliturgico.com\/wp-content\/uploads\/2022\/02\/logo-laboratoriogruppoliturgico.png\",\"contentUrl\":\"https:\/\/www.gruppoliturgico.com\/wp-content\/uploads\/2022\/02\/logo-laboratoriogruppoliturgico.png\",\"width\":400,\"height\":114,\"caption\":\"Laboratorio Gruppo Liturgico\"},\"image\":{\"@id\":\"https:\/\/www.gruppoliturgico.com\/es\/#\/schema\/logo\/image\/\"}}]}<\/script>\n<!-- \/ Yoast SEO plugin. -->","yoast_head_json":{"title":"Qui sommes-nous - Laboratorio Gruppo Liturgico","robots":{"index":"index","follow":"follow","max-snippet":"max-snippet:-1","max-image-preview":"max-image-preview:large","max-video-preview":"max-video-preview:-1"},"canonical":"https:\/\/www.gruppoliturgico.com\/fr\/qui-sommes-nous\/","og_locale":"fr_FR","og_type":"article","og_title":"Qui sommes-nous - Laboratorio Gruppo Liturgico","og_description":"Laboratorio Gruppo Liturgico : Ma\u00eetres d&rsquo;art sacr\u00e9 Il y a toute la [&hellip;]","og_url":"https:\/\/www.gruppoliturgico.com\/fr\/qui-sommes-nous\/","og_site_name":"Laboratorio Gruppo Liturgico","article_modified_time":"2022-03-09T09:37:09+00:00","og_image":[{"url":"https:\/\/www.gruppoliturgico.com\/wp-content\/uploads\/2021\/06\/lgl_sede.jpg"}],"twitter_card":"summary_large_image","twitter_misc":{"Dur\u00e9e de lecture estim\u00e9e":"4 minutes"},"schema":{"@context":"https:\/\/schema.org","@graph":[{"@type":"WebPage","@id":"https:\/\/www.gruppoliturgico.com\/fr\/qui-sommes-nous\/","url":"https:\/\/www.gruppoliturgico.com\/fr\/qui-sommes-nous\/","name":"Qui sommes-nous - Laboratorio Gruppo Liturgico","isPartOf":{"@id":"https:\/\/www.gruppoliturgico.com\/es\/#website"},"datePublished":"2021-06-11T14:08:18+00:00","dateModified":"2022-03-09T09:37:09+00:00","breadcrumb":{"@id":"https:\/\/www.gruppoliturgico.com\/fr\/qui-sommes-nous\/#breadcrumb"},"inLanguage":"fr-FR","potentialAction":[{"@type":"ReadAction","target":["https:\/\/www.gruppoliturgico.com\/fr\/qui-sommes-nous\/"]}]},{"@type":"BreadcrumbList","@id":"https:\/\/www.gruppoliturgico.com\/fr\/qui-sommes-nous\/#breadcrumb","itemListElement":[{"@type":"ListItem","position":1,"name":"Home","item":"https:\/\/www.gruppoliturgico.com\/fr\/"},{"@type":"ListItem","position":2,"name":"Qui sommes-nous"}]},{"@type":"WebSite","@id":"https:\/\/www.gruppoliturgico.com\/es\/#website","url":"https:\/\/www.gruppoliturgico.com\/es\/","name":"Laboratorio Gruppo Liturgico","description":"Articoli Religiosi online","publisher":{"@id":"https:\/\/www.gruppoliturgico.com\/es\/#organization"},"potentialAction":[{"@type":"SearchAction","target":{"@type":"EntryPoint","urlTemplate":"https:\/\/www.gruppoliturgico.com\/es\/?s={search_term_string}"},"query-input":"required name=search_term_string"}],"inLanguage":"fr-FR"},{"@type":"Organization","@id":"https:\/\/www.gruppoliturgico.com\/es\/#organization","name":"Laboratorio Gruppo Liturgico","url":"https:\/\/www.gruppoliturgico.com\/es\/","logo":{"@type":"ImageObject","inLanguage":"fr-FR","@id":"https:\/\/www.gruppoliturgico.com\/es\/#\/schema\/logo\/image\/","url":"https:\/\/www.gruppoliturgico.com\/wp-content\/uploads\/2022\/02\/logo-laboratoriogruppoliturgico.png","contentUrl":"https:\/\/www.gruppoliturgico.com\/wp-content\/uploads\/2022\/02\/logo-laboratoriogruppoliturgico.png","width":400,"height":114,"caption":"Laboratorio Gruppo Liturgico"},"image":{"@id":"https:\/\/www.gruppoliturgico.com\/es\/#\/schema\/logo\/image\/"}}]}},"_links":{"self":[{"href":"https:\/\/www.gruppoliturgico.com\/fr\/wp-json\/wp\/v2\/pages\/60400"}],"collection":[{"href":"https:\/\/www.gruppoliturgico.com\/fr\/wp-json\/wp\/v2\/pages"}],"about":[{"href":"https:\/\/www.gruppoliturgico.com\/fr\/wp-json\/wp\/v2\/types\/page"}],"author":[{"embeddable":true,"href":"https:\/\/www.gruppoliturgico.com\/fr\/wp-json\/wp\/v2\/users\/1"}],"replies":[{"embeddable":true,"href":"https:\/\/www.gruppoliturgico.com\/fr\/wp-json\/wp\/v2\/comments?post=60400"}],"version-history":[{"count":0,"href":"https:\/\/www.gruppoliturgico.com\/fr\/wp-json\/wp\/v2\/pages\/60400\/revisions"}],"wp:attachment":[{"href":"https:\/\/www.gruppoliturgico.com\/fr\/wp-json\/wp\/v2\/media?parent=60400"}],"curies":[{"name":"wp","href":"https:\/\/api.w.org\/{rel}","templated":true}]}}