{"id":71763,"date":"2022-05-20T06:10:00","date_gmt":"2022-05-20T04:10:10","guid":{"rendered":"https:\/\/www.gruppoliturgico.com\/prodotto\/estola-de-diacono-10\/"},"modified":"2022-08-26T10:34:58","modified_gmt":"2022-08-26T08:34:58","slug":"estola-de-diacono-10","status":"publish","type":"product","link":"https:\/\/www.gruppoliturgico.com\/es\/producto\/estola-de-diacono-10\/","title":{"rendered":"Estola de di\u00e1cono"},"content":{"rendered":"<html><body><p>Para esta estola de di\u00e1cono se ha elegido un magn\u00edfico tejido de lana y seda y se ha realizado mediante un proceso artesanal en el telar.<br>\nLa parte ornamental, tejida directamente en la tela, se compone de un compacto intercalado de l\u00edneas doradas que, despu\u00e9s de haber decorado abundantemente la parte central, se van esclareciendo progresivamente decorando toda la estola.<br>\nEst\u00e1 disponible en todos los colores lit\u00fargicos.<\/p>\n<\/body><\/html>","protected":false},"excerpt":{"rendered":"<p>Para esta estola de di\u00e1cono se ha elegido un magn\u00edfico tejido de lana y seda y se ha realizado mediante un proceso artesanal en el telar.<br \/>\nLa parte ornamental, tejida directamente en la tela, se compone de un compacto intercalado de l\u00edneas doradas que, despu\u00e9s de haber decorado abundantemente la parte central, se van esclareciendo progresivamente decorando toda la estola.<br \/>\nEst\u00e1 disponible en todos los colores lit\u00fargicos.<\/p>\n","protected":false},"featured_media":130491,"template":"","meta":[],"product_cat":[12319],"product_tag":[],"yoast_head":"<!-- This site is optimized with the Yoast SEO plugin v20.4 - https:\/\/yoast.com\/wordpress\/plugins\/seo\/ -->\n<title>Estola de di\u00e1cono - estolas de di\u00e1cono y Laboratorio Gruppo Liturgico<\/title>\n<meta name=\"description\" content=\"Para esta estola de di\u00e1cono se ha elegido un magn\u00edfico tejido de lana y seda y se ha realizado mediante un proceso artesanal en el telar. La parte ornamental, tejida directamente en la tela, se compone de un compacto intercalado de l\u00edneas doradas que, despu\u00e9s de haber decorado abundantemente la parte central, se van esclareciendo progresivamente decorando toda la estola. Est\u00e1 disponible en todos los colores lit\u00fargicos.\" \/>\n<meta name=\"robots\" content=\"index, follow, max-snippet:-1, max-image-preview:large, max-video-preview:-1\" \/>\n<link rel=\"canonical\" href=\"https:\/\/www.gruppoliturgico.com\/es\/producto\/estola-de-diacono-10\/\" \/>\n<meta property=\"og:locale\" content=\"es_ES\" \/>\n<meta property=\"og:type\" content=\"article\" \/>\n<meta property=\"og:title\" content=\"Estola de di\u00e1cono - estolas de di\u00e1cono y Laboratorio Gruppo Liturgico\" \/>\n<meta property=\"og:description\" content=\"Para esta estola de di\u00e1cono se ha elegido un magn\u00edfico tejido de lana y seda y se ha realizado mediante un proceso artesanal en el telar. La parte ornamental, tejida directamente en la tela, se compone de un compacto intercalado de l\u00edneas doradas que, despu\u00e9s de haber decorado abundantemente la parte central, se van esclareciendo progresivamente decorando toda la estola. Est\u00e1 disponible en todos los colores lit\u00fargicos.\" \/>\n<meta property=\"og:url\" content=\"https:\/\/www.gruppoliturgico.com\/es\/producto\/estola-de-diacono-10\/\" \/>\n<meta property=\"og:site_name\" content=\"Laboratorio Gruppo Liturgico\" \/>\n<meta property=\"article:modified_time\" content=\"2022-08-26T08:34:58+00:00\" \/>\n<meta property=\"og:image\" content=\"https:\/\/www.gruppoliturgico.com\/wp-content\/uploads\/2022\/09\/3845-bianco-1.jpg\" \/>\n\t<meta property=\"og:image:width\" content=\"1254\" \/>\n\t<meta property=\"og:image:height\" content=\"1500\" \/>\n\t<meta property=\"og:image:type\" content=\"image\/jpeg\" \/>\n<meta name=\"twitter:card\" content=\"summary_large_image\" \/>\n<meta name=\"twitter:label1\" content=\"Tiempo de lectura\" \/>\n\t<meta name=\"twitter:data1\" content=\"1 minuto\" \/>\n<script type=\"application\/ld+json\" class=\"yoast-schema-graph\">{\"@context\":\"https:\/\/schema.org\",\"@graph\":[{\"@type\":\"WebPage\",\"@id\":\"https:\/\/www.gruppoliturgico.com\/es\/producto\/estola-de-diacono-10\/\",\"url\":\"https:\/\/www.gruppoliturgico.com\/es\/producto\/estola-de-diacono-10\/\",\"name\":\"Estola de di\u00e1cono - estolas de di\u00e1cono y Laboratorio Gruppo Liturgico\",\"isPartOf\":{\"@id\":\"https:\/\/www.gruppoliturgico.com\/es\/#website\"},\"datePublished\":\"2022-05-20T04:10:10+00:00\",\"dateModified\":\"2022-08-26T08:34:58+00:00\",\"description\":\"Para esta estola de di\u00e1cono se ha elegido un magn\u00edfico tejido de lana y seda y se ha realizado mediante un proceso artesanal en el telar. La parte ornamental, tejida directamente en la tela, se compone de un compacto intercalado de l\u00edneas doradas que, despu\u00e9s de haber decorado abundantemente la parte central, se van esclareciendo progresivamente decorando toda la estola. Est\u00e1 disponible en todos los colores lit\u00fargicos.\",\"breadcrumb\":{\"@id\":\"https:\/\/www.gruppoliturgico.com\/es\/producto\/estola-de-diacono-10\/#breadcrumb\"},\"inLanguage\":\"es\",\"potentialAction\":[{\"@type\":\"ReadAction\",\"target\":[\"https:\/\/www.gruppoliturgico.com\/es\/producto\/estola-de-diacono-10\/\"]}]},{\"@type\":\"BreadcrumbList\",\"@id\":\"https:\/\/www.gruppoliturgico.com\/es\/producto\/estola-de-diacono-10\/#breadcrumb\",\"itemListElement\":[{\"@type\":\"ListItem\",\"position\":1,\"name\":\"Home\",\"item\":\"https:\/\/www.gruppoliturgico.com\/es\/\"},{\"@type\":\"ListItem\",\"position\":2,\"name\":\"Tienda\",\"item\":\"https:\/\/www.gruppoliturgico.com\/es\/tienda\/\"},{\"@type\":\"ListItem\",\"position\":3,\"name\":\"Estola de di\u00e1cono\"}]},{\"@type\":\"WebSite\",\"@id\":\"https:\/\/www.gruppoliturgico.com\/es\/#website\",\"url\":\"https:\/\/www.gruppoliturgico.com\/es\/\",\"name\":\"Laboratorio Gruppo Liturgico\",\"description\":\"Articoli Religiosi online\",\"publisher\":{\"@id\":\"https:\/\/www.gruppoliturgico.com\/es\/#organization\"},\"potentialAction\":[{\"@type\":\"SearchAction\",\"target\":{\"@type\":\"EntryPoint\",\"urlTemplate\":\"https:\/\/www.gruppoliturgico.com\/es\/?s={search_term_string}\"},\"query-input\":\"required name=search_term_string\"}],\"inLanguage\":\"es\"},{\"@type\":\"Organization\",\"@id\":\"https:\/\/www.gruppoliturgico.com\/es\/#organization\",\"name\":\"Laboratorio Gruppo Liturgico\",\"url\":\"https:\/\/www.gruppoliturgico.com\/es\/\",\"logo\":{\"@type\":\"ImageObject\",\"inLanguage\":\"es\",\"@id\":\"https:\/\/www.gruppoliturgico.com\/es\/#\/schema\/logo\/image\/\",\"url\":\"https:\/\/www.gruppoliturgico.com\/wp-content\/uploads\/2022\/02\/logo-laboratoriogruppoliturgico.png\",\"contentUrl\":\"https:\/\/www.gruppoliturgico.com\/wp-content\/uploads\/2022\/02\/logo-laboratoriogruppoliturgico.png\",\"width\":400,\"height\":114,\"caption\":\"Laboratorio Gruppo Liturgico\"},\"image\":{\"@id\":\"https:\/\/www.gruppoliturgico.com\/es\/#\/schema\/logo\/image\/\"}}]}<\/script>\n<!-- \/ Yoast SEO plugin. -->","yoast_head_json":{"title":"Estola de di\u00e1cono - estolas de di\u00e1cono y Laboratorio Gruppo Liturgico","description":"Para esta estola de di\u00e1cono se ha elegido un magn\u00edfico tejido de lana y seda y se ha realizado mediante un proceso artesanal en el telar. La parte ornamental, tejida directamente en la tela, se compone de un compacto intercalado de l\u00edneas doradas que, despu\u00e9s de haber decorado abundantemente la parte central, se van esclareciendo progresivamente decorando toda la estola. Est\u00e1 disponible en todos los colores lit\u00fargicos.","robots":{"index":"index","follow":"follow","max-snippet":"max-snippet:-1","max-image-preview":"max-image-preview:large","max-video-preview":"max-video-preview:-1"},"canonical":"https:\/\/www.gruppoliturgico.com\/es\/producto\/estola-de-diacono-10\/","og_locale":"es_ES","og_type":"article","og_title":"Estola de di\u00e1cono - estolas de di\u00e1cono y Laboratorio Gruppo Liturgico","og_description":"Para esta estola de di\u00e1cono se ha elegido un magn\u00edfico tejido de lana y seda y se ha realizado mediante un proceso artesanal en el telar. La parte ornamental, tejida directamente en la tela, se compone de un compacto intercalado de l\u00edneas doradas que, despu\u00e9s de haber decorado abundantemente la parte central, se van esclareciendo progresivamente decorando toda la estola. Est\u00e1 disponible en todos los colores lit\u00fargicos.","og_url":"https:\/\/www.gruppoliturgico.com\/es\/producto\/estola-de-diacono-10\/","og_site_name":"Laboratorio Gruppo Liturgico","article_modified_time":"2022-08-26T08:34:58+00:00","og_image":[{"width":1254,"height":1500,"url":"https:\/\/www.gruppoliturgico.com\/wp-content\/uploads\/2022\/09\/3845-bianco-1.jpg","type":"image\/jpeg"}],"twitter_card":"summary_large_image","twitter_misc":{"Tiempo de lectura":"1 minuto"},"schema":{"@context":"https:\/\/schema.org","@graph":[{"@type":"WebPage","@id":"https:\/\/www.gruppoliturgico.com\/es\/producto\/estola-de-diacono-10\/","url":"https:\/\/www.gruppoliturgico.com\/es\/producto\/estola-de-diacono-10\/","name":"Estola de di\u00e1cono - estolas de di\u00e1cono y Laboratorio Gruppo Liturgico","isPartOf":{"@id":"https:\/\/www.gruppoliturgico.com\/es\/#website"},"datePublished":"2022-05-20T04:10:10+00:00","dateModified":"2022-08-26T08:34:58+00:00","description":"Para esta estola de di\u00e1cono se ha elegido un magn\u00edfico tejido de lana y seda y se ha realizado mediante un proceso artesanal en el telar. La parte ornamental, tejida directamente en la tela, se compone de un compacto intercalado de l\u00edneas doradas que, despu\u00e9s de haber decorado abundantemente la parte central, se van esclareciendo progresivamente decorando toda la estola. Est\u00e1 disponible en todos los colores lit\u00fargicos.","breadcrumb":{"@id":"https:\/\/www.gruppoliturgico.com\/es\/producto\/estola-de-diacono-10\/#breadcrumb"},"inLanguage":"es","potentialAction":[{"@type":"ReadAction","target":["https:\/\/www.gruppoliturgico.com\/es\/producto\/estola-de-diacono-10\/"]}]},{"@type":"BreadcrumbList","@id":"https:\/\/www.gruppoliturgico.com\/es\/producto\/estola-de-diacono-10\/#breadcrumb","itemListElement":[{"@type":"ListItem","position":1,"name":"Home","item":"https:\/\/www.gruppoliturgico.com\/es\/"},{"@type":"ListItem","position":2,"name":"Tienda","item":"https:\/\/www.gruppoliturgico.com\/es\/tienda\/"},{"@type":"ListItem","position":3,"name":"Estola de di\u00e1cono"}]},{"@type":"WebSite","@id":"https:\/\/www.gruppoliturgico.com\/es\/#website","url":"https:\/\/www.gruppoliturgico.com\/es\/","name":"Laboratorio Gruppo Liturgico","description":"Articoli Religiosi online","publisher":{"@id":"https:\/\/www.gruppoliturgico.com\/es\/#organization"},"potentialAction":[{"@type":"SearchAction","target":{"@type":"EntryPoint","urlTemplate":"https:\/\/www.gruppoliturgico.com\/es\/?s={search_term_string}"},"query-input":"required name=search_term_string"}],"inLanguage":"es"},{"@type":"Organization","@id":"https:\/\/www.gruppoliturgico.com\/es\/#organization","name":"Laboratorio Gruppo Liturgico","url":"https:\/\/www.gruppoliturgico.com\/es\/","logo":{"@type":"ImageObject","inLanguage":"es","@id":"https:\/\/www.gruppoliturgico.com\/es\/#\/schema\/logo\/image\/","url":"https:\/\/www.gruppoliturgico.com\/wp-content\/uploads\/2022\/02\/logo-laboratoriogruppoliturgico.png","contentUrl":"https:\/\/www.gruppoliturgico.com\/wp-content\/uploads\/2022\/02\/logo-laboratoriogruppoliturgico.png","width":400,"height":114,"caption":"Laboratorio Gruppo Liturgico"},"image":{"@id":"https:\/\/www.gruppoliturgico.com\/es\/#\/schema\/logo\/image\/"}}]}},"_links":{"self":[{"href":"https:\/\/www.gruppoliturgico.com\/es\/wp-json\/wp\/v2\/product\/71763"}],"collection":[{"href":"https:\/\/www.gruppoliturgico.com\/es\/wp-json\/wp\/v2\/product"}],"about":[{"href":"https:\/\/www.gruppoliturgico.com\/es\/wp-json\/wp\/v2\/types\/product"}],"wp:featuredmedia":[{"embeddable":true,"href":"https:\/\/www.gruppoliturgico.com\/es\/wp-json\/wp\/v2\/media\/130491"}],"wp:attachment":[{"href":"https:\/\/www.gruppoliturgico.com\/es\/wp-json\/wp\/v2\/media?parent=71763"}],"wp:term":[{"taxonomy":"product_cat","embeddable":true,"href":"https:\/\/www.gruppoliturgico.com\/es\/wp-json\/wp\/v2\/product_cat?post=71763"},{"taxonomy":"product_tag","embeddable":true,"href":"https:\/\/www.gruppoliturgico.com\/es\/wp-json\/wp\/v2\/product_tag?post=71763"}],"curies":[{"name":"wp","href":"https:\/\/api.w.org\/{rel}","templated":true}]}}