{"id":71691,"date":"2022-05-20T06:06:24","date_gmt":"2022-05-20T04:06:34","guid":{"rendered":"https:\/\/www.gruppoliturgico.com\/prodotto\/casulla-161\/"},"modified":"2022-05-20T06:06:34","modified_gmt":"2022-05-20T04:06:34","slug":"casulla-161","status":"publish","type":"product","link":"https:\/\/www.gruppoliturgico.com\/es\/producto\/casulla-161\/","title":{"rendered":"Casulla"},"content":{"rendered":"<html><body><p>Casulla fabricada en tejido de alta calidad en color blanco crudo.<br>\nMuy suave y delicado, est\u00e1 compuesto por fibras naturales como lino, viscosa, seda y 15% poli\u00e9ster.<br>\nImportante es el bordado realizado con hilos dorados, que tambi\u00e9n se repiten en la espalda.<br>\nOriginales y ricos bordados en el cuello y en la falsa capucha trasera.<\/p>\n<\/body><\/html>","protected":false},"excerpt":{"rendered":"<p>Casulla fabricada en tejido de alta calidad en color blanco crudo.<br \/>\nMuy suave y delicado, est\u00e1 compuesto por fibras naturales como lino, viscosa, seda y 15% poli\u00e9ster.<br \/>\nImportante es el bordado realizado con hilos dorados, que tambi\u00e9n se repiten en la espalda.<br \/>\nOriginales y ricos bordados en el cuello y en la falsa capucha trasera.<\/p>\n","protected":false},"featured_media":135829,"template":"","meta":[],"product_cat":[12243],"product_tag":[],"yoast_head":"<!-- This site is optimized with the Yoast SEO plugin v20.4 - https:\/\/yoast.com\/wordpress\/plugins\/seo\/ -->\n<title>Casulla - colecci\u00f3n cl\u00e1sica y Laboratorio Gruppo Liturgico<\/title>\n<meta name=\"description\" content=\"Casulla fabricada en tejido de alta calidad en color blanco crudo. Muy suave y delicado, est\u00e1 compuesto por fibras naturales como lino, viscosa, seda y 15% poli\u00e9ster. Importante es el bordado realizado con hilos dorados, que tambi\u00e9n se repiten en la espalda. Originales y ricos bordados en el cuello y en la falsa capucha trasera.\" \/>\n<meta name=\"robots\" content=\"index, follow, max-snippet:-1, max-image-preview:large, max-video-preview:-1\" \/>\n<link rel=\"canonical\" href=\"https:\/\/www.gruppoliturgico.com\/es\/producto\/casulla-161\/\" \/>\n<meta property=\"og:locale\" content=\"es_ES\" \/>\n<meta property=\"og:type\" content=\"article\" \/>\n<meta property=\"og:title\" content=\"Casulla - colecci\u00f3n cl\u00e1sica y Laboratorio Gruppo Liturgico\" \/>\n<meta property=\"og:description\" content=\"Casulla fabricada en tejido de alta calidad en color blanco crudo. Muy suave y delicado, est\u00e1 compuesto por fibras naturales como lino, viscosa, seda y 15% poli\u00e9ster. Importante es el bordado realizado con hilos dorados, que tambi\u00e9n se repiten en la espalda. Originales y ricos bordados en el cuello y en la falsa capucha trasera.\" \/>\n<meta property=\"og:url\" content=\"https:\/\/www.gruppoliturgico.com\/es\/producto\/casulla-161\/\" \/>\n<meta property=\"og:site_name\" content=\"Laboratorio Gruppo Liturgico\" \/>\n<meta property=\"og:image\" content=\"https:\/\/www.gruppoliturgico.com\/wp-content\/uploads\/2022\/05\/3809-4-nv.jpg\" \/>\n\t<meta property=\"og:image:width\" content=\"1188\" \/>\n\t<meta property=\"og:image:height\" content=\"2000\" \/>\n\t<meta property=\"og:image:type\" content=\"image\/jpeg\" \/>\n<meta name=\"twitter:card\" content=\"summary_large_image\" \/>\n<script type=\"application\/ld+json\" class=\"yoast-schema-graph\">{\"@context\":\"https:\/\/schema.org\",\"@graph\":[{\"@type\":\"WebPage\",\"@id\":\"https:\/\/www.gruppoliturgico.com\/es\/producto\/casulla-161\/\",\"url\":\"https:\/\/www.gruppoliturgico.com\/es\/producto\/casulla-161\/\",\"name\":\"Casulla - colecci\u00f3n cl\u00e1sica y Laboratorio Gruppo Liturgico\",\"isPartOf\":{\"@id\":\"https:\/\/www.gruppoliturgico.com\/es\/#website\"},\"datePublished\":\"2022-05-20T04:06:34+00:00\",\"dateModified\":\"2022-05-20T04:06:34+00:00\",\"description\":\"Casulla fabricada en tejido de alta calidad en color blanco crudo. Muy suave y delicado, est\u00e1 compuesto por fibras naturales como lino, viscosa, seda y 15% poli\u00e9ster. Importante es el bordado realizado con hilos dorados, que tambi\u00e9n se repiten en la espalda. Originales y ricos bordados en el cuello y en la falsa capucha trasera.\",\"breadcrumb\":{\"@id\":\"https:\/\/www.gruppoliturgico.com\/es\/producto\/casulla-161\/#breadcrumb\"},\"inLanguage\":\"es\",\"potentialAction\":[{\"@type\":\"ReadAction\",\"target\":[\"https:\/\/www.gruppoliturgico.com\/es\/producto\/casulla-161\/\"]}]},{\"@type\":\"BreadcrumbList\",\"@id\":\"https:\/\/www.gruppoliturgico.com\/es\/producto\/casulla-161\/#breadcrumb\",\"itemListElement\":[{\"@type\":\"ListItem\",\"position\":1,\"name\":\"Home\",\"item\":\"https:\/\/www.gruppoliturgico.com\/es\/\"},{\"@type\":\"ListItem\",\"position\":2,\"name\":\"Tienda\",\"item\":\"https:\/\/www.gruppoliturgico.com\/es\/tienda\/\"},{\"@type\":\"ListItem\",\"position\":3,\"name\":\"Casulla\"}]},{\"@type\":\"WebSite\",\"@id\":\"https:\/\/www.gruppoliturgico.com\/es\/#website\",\"url\":\"https:\/\/www.gruppoliturgico.com\/es\/\",\"name\":\"Laboratorio Gruppo Liturgico\",\"description\":\"Articoli Religiosi online\",\"publisher\":{\"@id\":\"https:\/\/www.gruppoliturgico.com\/es\/#organization\"},\"potentialAction\":[{\"@type\":\"SearchAction\",\"target\":{\"@type\":\"EntryPoint\",\"urlTemplate\":\"https:\/\/www.gruppoliturgico.com\/es\/?s={search_term_string}\"},\"query-input\":\"required name=search_term_string\"}],\"inLanguage\":\"es\"},{\"@type\":\"Organization\",\"@id\":\"https:\/\/www.gruppoliturgico.com\/es\/#organization\",\"name\":\"Laboratorio Gruppo Liturgico\",\"url\":\"https:\/\/www.gruppoliturgico.com\/es\/\",\"logo\":{\"@type\":\"ImageObject\",\"inLanguage\":\"es\",\"@id\":\"https:\/\/www.gruppoliturgico.com\/es\/#\/schema\/logo\/image\/\",\"url\":\"https:\/\/www.gruppoliturgico.com\/wp-content\/uploads\/2022\/02\/logo-laboratoriogruppoliturgico.png\",\"contentUrl\":\"https:\/\/www.gruppoliturgico.com\/wp-content\/uploads\/2022\/02\/logo-laboratoriogruppoliturgico.png\",\"width\":400,\"height\":114,\"caption\":\"Laboratorio Gruppo Liturgico\"},\"image\":{\"@id\":\"https:\/\/www.gruppoliturgico.com\/es\/#\/schema\/logo\/image\/\"}}]}<\/script>\n<!-- \/ Yoast SEO plugin. -->","yoast_head_json":{"title":"Casulla - colecci\u00f3n cl\u00e1sica y Laboratorio Gruppo Liturgico","description":"Casulla fabricada en tejido de alta calidad en color blanco crudo. Muy suave y delicado, est\u00e1 compuesto por fibras naturales como lino, viscosa, seda y 15% poli\u00e9ster. Importante es el bordado realizado con hilos dorados, que tambi\u00e9n se repiten en la espalda. Originales y ricos bordados en el cuello y en la falsa capucha trasera.","robots":{"index":"index","follow":"follow","max-snippet":"max-snippet:-1","max-image-preview":"max-image-preview:large","max-video-preview":"max-video-preview:-1"},"canonical":"https:\/\/www.gruppoliturgico.com\/es\/producto\/casulla-161\/","og_locale":"es_ES","og_type":"article","og_title":"Casulla - colecci\u00f3n cl\u00e1sica y Laboratorio Gruppo Liturgico","og_description":"Casulla fabricada en tejido de alta calidad en color blanco crudo. Muy suave y delicado, est\u00e1 compuesto por fibras naturales como lino, viscosa, seda y 15% poli\u00e9ster. Importante es el bordado realizado con hilos dorados, que tambi\u00e9n se repiten en la espalda. Originales y ricos bordados en el cuello y en la falsa capucha trasera.","og_url":"https:\/\/www.gruppoliturgico.com\/es\/producto\/casulla-161\/","og_site_name":"Laboratorio Gruppo Liturgico","og_image":[{"width":1188,"height":2000,"url":"https:\/\/www.gruppoliturgico.com\/wp-content\/uploads\/2022\/05\/3809-4-nv.jpg","type":"image\/jpeg"}],"twitter_card":"summary_large_image","schema":{"@context":"https:\/\/schema.org","@graph":[{"@type":"WebPage","@id":"https:\/\/www.gruppoliturgico.com\/es\/producto\/casulla-161\/","url":"https:\/\/www.gruppoliturgico.com\/es\/producto\/casulla-161\/","name":"Casulla - colecci\u00f3n cl\u00e1sica y Laboratorio Gruppo Liturgico","isPartOf":{"@id":"https:\/\/www.gruppoliturgico.com\/es\/#website"},"datePublished":"2022-05-20T04:06:34+00:00","dateModified":"2022-05-20T04:06:34+00:00","description":"Casulla fabricada en tejido de alta calidad en color blanco crudo. Muy suave y delicado, est\u00e1 compuesto por fibras naturales como lino, viscosa, seda y 15% poli\u00e9ster. Importante es el bordado realizado con hilos dorados, que tambi\u00e9n se repiten en la espalda. Originales y ricos bordados en el cuello y en la falsa capucha trasera.","breadcrumb":{"@id":"https:\/\/www.gruppoliturgico.com\/es\/producto\/casulla-161\/#breadcrumb"},"inLanguage":"es","potentialAction":[{"@type":"ReadAction","target":["https:\/\/www.gruppoliturgico.com\/es\/producto\/casulla-161\/"]}]},{"@type":"BreadcrumbList","@id":"https:\/\/www.gruppoliturgico.com\/es\/producto\/casulla-161\/#breadcrumb","itemListElement":[{"@type":"ListItem","position":1,"name":"Home","item":"https:\/\/www.gruppoliturgico.com\/es\/"},{"@type":"ListItem","position":2,"name":"Tienda","item":"https:\/\/www.gruppoliturgico.com\/es\/tienda\/"},{"@type":"ListItem","position":3,"name":"Casulla"}]},{"@type":"WebSite","@id":"https:\/\/www.gruppoliturgico.com\/es\/#website","url":"https:\/\/www.gruppoliturgico.com\/es\/","name":"Laboratorio Gruppo Liturgico","description":"Articoli Religiosi online","publisher":{"@id":"https:\/\/www.gruppoliturgico.com\/es\/#organization"},"potentialAction":[{"@type":"SearchAction","target":{"@type":"EntryPoint","urlTemplate":"https:\/\/www.gruppoliturgico.com\/es\/?s={search_term_string}"},"query-input":"required name=search_term_string"}],"inLanguage":"es"},{"@type":"Organization","@id":"https:\/\/www.gruppoliturgico.com\/es\/#organization","name":"Laboratorio Gruppo Liturgico","url":"https:\/\/www.gruppoliturgico.com\/es\/","logo":{"@type":"ImageObject","inLanguage":"es","@id":"https:\/\/www.gruppoliturgico.com\/es\/#\/schema\/logo\/image\/","url":"https:\/\/www.gruppoliturgico.com\/wp-content\/uploads\/2022\/02\/logo-laboratoriogruppoliturgico.png","contentUrl":"https:\/\/www.gruppoliturgico.com\/wp-content\/uploads\/2022\/02\/logo-laboratoriogruppoliturgico.png","width":400,"height":114,"caption":"Laboratorio Gruppo Liturgico"},"image":{"@id":"https:\/\/www.gruppoliturgico.com\/es\/#\/schema\/logo\/image\/"}}]}},"_links":{"self":[{"href":"https:\/\/www.gruppoliturgico.com\/es\/wp-json\/wp\/v2\/product\/71691"}],"collection":[{"href":"https:\/\/www.gruppoliturgico.com\/es\/wp-json\/wp\/v2\/product"}],"about":[{"href":"https:\/\/www.gruppoliturgico.com\/es\/wp-json\/wp\/v2\/types\/product"}],"wp:featuredmedia":[{"embeddable":true,"href":"https:\/\/www.gruppoliturgico.com\/es\/wp-json\/wp\/v2\/media\/135829"}],"wp:attachment":[{"href":"https:\/\/www.gruppoliturgico.com\/es\/wp-json\/wp\/v2\/media?parent=71691"}],"wp:term":[{"taxonomy":"product_cat","embeddable":true,"href":"https:\/\/www.gruppoliturgico.com\/es\/wp-json\/wp\/v2\/product_cat?post=71691"},{"taxonomy":"product_tag","embeddable":true,"href":"https:\/\/www.gruppoliturgico.com\/es\/wp-json\/wp\/v2\/product_tag?post=71691"}],"curies":[{"name":"wp","href":"https:\/\/api.w.org\/{rel}","templated":true}]}}