{"id":71599,"date":"2022-05-20T06:01:23","date_gmt":"2022-05-20T04:01:34","guid":{"rendered":"https:\/\/www.gruppoliturgico.com\/prodotto\/copon-75\/"},"modified":"2022-05-20T13:45:37","modified_gmt":"2022-05-20T11:45:37","slug":"copon-75","status":"publish","type":"product","link":"https:\/\/www.gruppoliturgico.com\/es\/producto\/copon-75\/","title":{"rendered":"Cop\u00f3n"},"content":{"rendered":"<html><body><p>cop\u00f3n bajo, en lat\u00f3n cincelado, oro plateado bicolor.<br>\nTiene varios s\u00edmbolos lit\u00fargicos en la copa.<\/p>\n<p>Altura 10 cm<br>\ndi\u00e1metro de copa 14 cm<\/p>\n<\/body><\/html>","protected":false},"excerpt":{"rendered":"<p>cop\u00f3n bajo, en lat\u00f3n cincelado, oro plateado bicolor.<br \/>\nTiene varios s\u00edmbolos lit\u00fargicos en la copa.<\/p>\n<p>Altura 10 cm<br \/>\ndi\u00e1metro de copa 14 cm<\/p>\n","protected":false},"featured_media":81919,"template":"","meta":[],"product_cat":[12031],"product_tag":[],"yoast_head":"<!-- This site is optimized with the Yoast SEO plugin v20.4 - https:\/\/yoast.com\/wordpress\/plugins\/seo\/ -->\n<title>Cop\u00f3n - colecci\u00f3n copones y Laboratorio Gruppo Liturgico<\/title>\n<meta name=\"description\" content=\"cop\u00f3n bajo, en lat\u00f3n cincelado, oro plateado bicolor. Tiene varios s\u00edmbolos lit\u00fargicos en la copa.  Altura 10 cm di\u00e1metro de copa 14 cm\" \/>\n<meta name=\"robots\" content=\"index, follow, max-snippet:-1, max-image-preview:large, max-video-preview:-1\" \/>\n<link rel=\"canonical\" href=\"https:\/\/www.gruppoliturgico.com\/es\/producto\/copon-75\/\" \/>\n<meta property=\"og:locale\" content=\"es_ES\" \/>\n<meta property=\"og:type\" content=\"article\" \/>\n<meta property=\"og:title\" content=\"Cop\u00f3n - colecci\u00f3n copones y Laboratorio Gruppo Liturgico\" \/>\n<meta property=\"og:description\" content=\"cop\u00f3n bajo, en lat\u00f3n cincelado, oro plateado bicolor. Tiene varios s\u00edmbolos lit\u00fargicos en la copa.  Altura 10 cm di\u00e1metro de copa 14 cm\" \/>\n<meta property=\"og:url\" content=\"https:\/\/www.gruppoliturgico.com\/es\/producto\/copon-75\/\" \/>\n<meta property=\"og:site_name\" content=\"Laboratorio Gruppo Liturgico\" \/>\n<meta property=\"article:modified_time\" content=\"2022-05-20T11:45:37+00:00\" \/>\n<meta property=\"og:image\" content=\"https:\/\/www.gruppoliturgico.com\/wp-content\/uploads\/2022\/05\/3805.jpg\" \/>\n\t<meta property=\"og:image:width\" content=\"1500\" \/>\n\t<meta property=\"og:image:height\" content=\"1239\" \/>\n\t<meta property=\"og:image:type\" content=\"image\/jpeg\" \/>\n<meta name=\"twitter:card\" content=\"summary_large_image\" \/>\n<script type=\"application\/ld+json\" class=\"yoast-schema-graph\">{\"@context\":\"https:\/\/schema.org\",\"@graph\":[{\"@type\":\"WebPage\",\"@id\":\"https:\/\/www.gruppoliturgico.com\/es\/producto\/copon-75\/\",\"url\":\"https:\/\/www.gruppoliturgico.com\/es\/producto\/copon-75\/\",\"name\":\"Cop\u00f3n - colecci\u00f3n copones y Laboratorio Gruppo Liturgico\",\"isPartOf\":{\"@id\":\"https:\/\/www.gruppoliturgico.com\/es\/#website\"},\"datePublished\":\"2022-05-20T04:01:34+00:00\",\"dateModified\":\"2022-05-20T11:45:37+00:00\",\"description\":\"cop\u00f3n bajo, en lat\u00f3n cincelado, oro plateado bicolor. Tiene varios s\u00edmbolos lit\u00fargicos en la copa. Altura 10 cm di\u00e1metro de copa 14 cm\",\"breadcrumb\":{\"@id\":\"https:\/\/www.gruppoliturgico.com\/es\/producto\/copon-75\/#breadcrumb\"},\"inLanguage\":\"es\",\"potentialAction\":[{\"@type\":\"ReadAction\",\"target\":[\"https:\/\/www.gruppoliturgico.com\/es\/producto\/copon-75\/\"]}]},{\"@type\":\"BreadcrumbList\",\"@id\":\"https:\/\/www.gruppoliturgico.com\/es\/producto\/copon-75\/#breadcrumb\",\"itemListElement\":[{\"@type\":\"ListItem\",\"position\":1,\"name\":\"Home\",\"item\":\"https:\/\/www.gruppoliturgico.com\/es\/\"},{\"@type\":\"ListItem\",\"position\":2,\"name\":\"Tienda\",\"item\":\"https:\/\/www.gruppoliturgico.com\/es\/tienda\/\"},{\"@type\":\"ListItem\",\"position\":3,\"name\":\"Cop\u00f3n\"}]},{\"@type\":\"WebSite\",\"@id\":\"https:\/\/www.gruppoliturgico.com\/es\/#website\",\"url\":\"https:\/\/www.gruppoliturgico.com\/es\/\",\"name\":\"Laboratorio Gruppo Liturgico\",\"description\":\"Articoli Religiosi online\",\"publisher\":{\"@id\":\"https:\/\/www.gruppoliturgico.com\/es\/#organization\"},\"potentialAction\":[{\"@type\":\"SearchAction\",\"target\":{\"@type\":\"EntryPoint\",\"urlTemplate\":\"https:\/\/www.gruppoliturgico.com\/es\/?s={search_term_string}\"},\"query-input\":\"required name=search_term_string\"}],\"inLanguage\":\"es\"},{\"@type\":\"Organization\",\"@id\":\"https:\/\/www.gruppoliturgico.com\/es\/#organization\",\"name\":\"Laboratorio Gruppo Liturgico\",\"url\":\"https:\/\/www.gruppoliturgico.com\/es\/\",\"logo\":{\"@type\":\"ImageObject\",\"inLanguage\":\"es\",\"@id\":\"https:\/\/www.gruppoliturgico.com\/es\/#\/schema\/logo\/image\/\",\"url\":\"https:\/\/www.gruppoliturgico.com\/wp-content\/uploads\/2022\/02\/logo-laboratoriogruppoliturgico.png\",\"contentUrl\":\"https:\/\/www.gruppoliturgico.com\/wp-content\/uploads\/2022\/02\/logo-laboratoriogruppoliturgico.png\",\"width\":400,\"height\":114,\"caption\":\"Laboratorio Gruppo Liturgico\"},\"image\":{\"@id\":\"https:\/\/www.gruppoliturgico.com\/es\/#\/schema\/logo\/image\/\"}}]}<\/script>\n<!-- \/ Yoast SEO plugin. -->","yoast_head_json":{"title":"Cop\u00f3n - colecci\u00f3n copones y Laboratorio Gruppo Liturgico","description":"cop\u00f3n bajo, en lat\u00f3n cincelado, oro plateado bicolor. Tiene varios s\u00edmbolos lit\u00fargicos en la copa.  Altura 10 cm di\u00e1metro de copa 14 cm","robots":{"index":"index","follow":"follow","max-snippet":"max-snippet:-1","max-image-preview":"max-image-preview:large","max-video-preview":"max-video-preview:-1"},"canonical":"https:\/\/www.gruppoliturgico.com\/es\/producto\/copon-75\/","og_locale":"es_ES","og_type":"article","og_title":"Cop\u00f3n - colecci\u00f3n copones y Laboratorio Gruppo Liturgico","og_description":"cop\u00f3n bajo, en lat\u00f3n cincelado, oro plateado bicolor. Tiene varios s\u00edmbolos lit\u00fargicos en la copa.  Altura 10 cm di\u00e1metro de copa 14 cm","og_url":"https:\/\/www.gruppoliturgico.com\/es\/producto\/copon-75\/","og_site_name":"Laboratorio Gruppo Liturgico","article_modified_time":"2022-05-20T11:45:37+00:00","og_image":[{"width":1500,"height":1239,"url":"https:\/\/www.gruppoliturgico.com\/wp-content\/uploads\/2022\/05\/3805.jpg","type":"image\/jpeg"}],"twitter_card":"summary_large_image","schema":{"@context":"https:\/\/schema.org","@graph":[{"@type":"WebPage","@id":"https:\/\/www.gruppoliturgico.com\/es\/producto\/copon-75\/","url":"https:\/\/www.gruppoliturgico.com\/es\/producto\/copon-75\/","name":"Cop\u00f3n - colecci\u00f3n copones y Laboratorio Gruppo Liturgico","isPartOf":{"@id":"https:\/\/www.gruppoliturgico.com\/es\/#website"},"datePublished":"2022-05-20T04:01:34+00:00","dateModified":"2022-05-20T11:45:37+00:00","description":"cop\u00f3n bajo, en lat\u00f3n cincelado, oro plateado bicolor. Tiene varios s\u00edmbolos lit\u00fargicos en la copa. Altura 10 cm di\u00e1metro de copa 14 cm","breadcrumb":{"@id":"https:\/\/www.gruppoliturgico.com\/es\/producto\/copon-75\/#breadcrumb"},"inLanguage":"es","potentialAction":[{"@type":"ReadAction","target":["https:\/\/www.gruppoliturgico.com\/es\/producto\/copon-75\/"]}]},{"@type":"BreadcrumbList","@id":"https:\/\/www.gruppoliturgico.com\/es\/producto\/copon-75\/#breadcrumb","itemListElement":[{"@type":"ListItem","position":1,"name":"Home","item":"https:\/\/www.gruppoliturgico.com\/es\/"},{"@type":"ListItem","position":2,"name":"Tienda","item":"https:\/\/www.gruppoliturgico.com\/es\/tienda\/"},{"@type":"ListItem","position":3,"name":"Cop\u00f3n"}]},{"@type":"WebSite","@id":"https:\/\/www.gruppoliturgico.com\/es\/#website","url":"https:\/\/www.gruppoliturgico.com\/es\/","name":"Laboratorio Gruppo Liturgico","description":"Articoli Religiosi online","publisher":{"@id":"https:\/\/www.gruppoliturgico.com\/es\/#organization"},"potentialAction":[{"@type":"SearchAction","target":{"@type":"EntryPoint","urlTemplate":"https:\/\/www.gruppoliturgico.com\/es\/?s={search_term_string}"},"query-input":"required name=search_term_string"}],"inLanguage":"es"},{"@type":"Organization","@id":"https:\/\/www.gruppoliturgico.com\/es\/#organization","name":"Laboratorio Gruppo Liturgico","url":"https:\/\/www.gruppoliturgico.com\/es\/","logo":{"@type":"ImageObject","inLanguage":"es","@id":"https:\/\/www.gruppoliturgico.com\/es\/#\/schema\/logo\/image\/","url":"https:\/\/www.gruppoliturgico.com\/wp-content\/uploads\/2022\/02\/logo-laboratoriogruppoliturgico.png","contentUrl":"https:\/\/www.gruppoliturgico.com\/wp-content\/uploads\/2022\/02\/logo-laboratoriogruppoliturgico.png","width":400,"height":114,"caption":"Laboratorio Gruppo Liturgico"},"image":{"@id":"https:\/\/www.gruppoliturgico.com\/es\/#\/schema\/logo\/image\/"}}]}},"_links":{"self":[{"href":"https:\/\/www.gruppoliturgico.com\/es\/wp-json\/wp\/v2\/product\/71599"}],"collection":[{"href":"https:\/\/www.gruppoliturgico.com\/es\/wp-json\/wp\/v2\/product"}],"about":[{"href":"https:\/\/www.gruppoliturgico.com\/es\/wp-json\/wp\/v2\/types\/product"}],"wp:featuredmedia":[{"embeddable":true,"href":"https:\/\/www.gruppoliturgico.com\/es\/wp-json\/wp\/v2\/media\/81919"}],"wp:attachment":[{"href":"https:\/\/www.gruppoliturgico.com\/es\/wp-json\/wp\/v2\/media?parent=71599"}],"wp:term":[{"taxonomy":"product_cat","embeddable":true,"href":"https:\/\/www.gruppoliturgico.com\/es\/wp-json\/wp\/v2\/product_cat?post=71599"},{"taxonomy":"product_tag","embeddable":true,"href":"https:\/\/www.gruppoliturgico.com\/es\/wp-json\/wp\/v2\/product_tag?post=71599"}],"curies":[{"name":"wp","href":"https:\/\/api.w.org\/{rel}","templated":true}]}}