{"id":71323,"date":"2022-05-20T05:47:31","date_gmt":"2022-05-20T03:47:39","guid":{"rendered":"https:\/\/www.gruppoliturgico.com\/prodotto\/sagrario-46\/"},"modified":"2022-10-22T10:29:53","modified_gmt":"2022-10-22T08:29:53","slug":"sagrario-46","status":"publish","type":"product","link":"https:\/\/www.gruppoliturgico.com\/es\/producto\/sagrario-46\/","title":{"rendered":"Sagrario"},"content":{"rendered":"<html><body><p>Sagrario de madera maciza.<br>\nDecoraci\u00f3n fina recordando el m\u00e1rmol.<br>\nPresenta una puerta entallada con s\u00edmbolos eucar\u00edsticosy dorada con hoja de oro.<br>\nInterior dorado con hoja de oro.<br>\nLa gradaci\u00f3n crom\u00e1tica de la pintura se puede realizar con colores bajo pedido.<br>\nDimensiones:<br>\nexteriores  cm 51 x 33 x 51<br>\ninteriores cm 41 x 24 x 45<\/p>\n<\/body><\/html>","protected":false},"excerpt":{"rendered":"<p>Sagrario de madera maciza.<br \/>\nDecoraci\u00f3n fina recordando el m\u00e1rmol.<br \/>\nPresenta una puerta entallada con s\u00edmbolos eucar\u00edsticosy dorada con hoja de oro.<br \/>\nInterior dorado con hoja de oro.<br \/>\nLa gradaci\u00f3n crom\u00e1tica de la pintura se puede realizar con colores bajo pedido.<br \/>\nDimensiones:<br \/>\nexteriores  cm 51 x 33 x 51<\/p>\n","protected":false},"featured_media":81643,"template":"","meta":[],"product_cat":[12171,12075],"product_tag":[],"yoast_head":"<!-- This site is optimized with the Yoast SEO plugin v20.4 - https:\/\/yoast.com\/wordpress\/plugins\/seo\/ -->\n<title>Sagrario - art 2787, Sagrarios de madera y Laboratorio Gruppo Liturgico<\/title>\n<meta name=\"description\" content=\"Sagrario de madera maciza.  Decoraci\u00f3n fina recordando el m\u00e1rmol.  Presenta una puerta entallada con s\u00edmbolos eucar\u00edsticosy dorada con hoja de oro.  Interior dorado con hoja de oro. La gradaci\u00f3n crom\u00e1tica de la pintura se puede realizar con colores bajo pedido. Dimensiones: exteriores cm 51 x 33 x 51\" \/>\n<meta name=\"robots\" content=\"index, follow, max-snippet:-1, max-image-preview:large, max-video-preview:-1\" \/>\n<link rel=\"canonical\" href=\"https:\/\/www.gruppoliturgico.com\/es\/producto\/sagrario-46\/\" \/>\n<meta property=\"og:locale\" content=\"es_ES\" \/>\n<meta property=\"og:type\" content=\"article\" \/>\n<meta property=\"og:title\" content=\"Sagrario - art 2787, Sagrarios de madera y Laboratorio Gruppo Liturgico\" \/>\n<meta property=\"og:description\" content=\"Sagrario de madera maciza.  Decoraci\u00f3n fina recordando el m\u00e1rmol.  Presenta una puerta entallada con s\u00edmbolos eucar\u00edsticosy dorada con hoja de oro.  Interior dorado con hoja de oro. La gradaci\u00f3n crom\u00e1tica de la pintura se puede realizar con colores bajo pedido. Dimensiones: exteriores cm 51 x 33 x 51\" \/>\n<meta property=\"og:url\" content=\"https:\/\/www.gruppoliturgico.com\/es\/producto\/sagrario-46\/\" \/>\n<meta property=\"og:site_name\" content=\"Laboratorio Gruppo Liturgico\" \/>\n<meta property=\"article:modified_time\" content=\"2022-10-22T08:29:53+00:00\" \/>\n<meta property=\"og:image\" content=\"https:\/\/www.gruppoliturgico.com\/wp-content\/uploads\/2022\/05\/2790_2.jpg\" \/>\n\t<meta property=\"og:image:width\" content=\"1353\" \/>\n\t<meta property=\"og:image:height\" content=\"1500\" \/>\n\t<meta property=\"og:image:type\" content=\"image\/jpeg\" \/>\n<meta name=\"twitter:card\" content=\"summary_large_image\" \/>\n<script type=\"application\/ld+json\" class=\"yoast-schema-graph\">{\"@context\":\"https:\/\/schema.org\",\"@graph\":[{\"@type\":\"WebPage\",\"@id\":\"https:\/\/www.gruppoliturgico.com\/es\/producto\/sagrario-46\/\",\"url\":\"https:\/\/www.gruppoliturgico.com\/es\/producto\/sagrario-46\/\",\"name\":\"Sagrario - art 2787, Sagrarios de madera y Laboratorio Gruppo Liturgico\",\"isPartOf\":{\"@id\":\"https:\/\/www.gruppoliturgico.com\/es\/#website\"},\"datePublished\":\"2022-05-20T03:47:39+00:00\",\"dateModified\":\"2022-10-22T08:29:53+00:00\",\"description\":\"Sagrario de madera maciza. Decoraci\u00f3n fina recordando el m\u00e1rmol. Presenta una puerta entallada con s\u00edmbolos eucar\u00edsticosy dorada con hoja de oro. Interior dorado con hoja de oro. La gradaci\u00f3n crom\u00e1tica de la pintura se puede realizar con colores bajo pedido. Dimensiones: exteriores cm 51 x 33 x 51\",\"breadcrumb\":{\"@id\":\"https:\/\/www.gruppoliturgico.com\/es\/producto\/sagrario-46\/#breadcrumb\"},\"inLanguage\":\"es\",\"potentialAction\":[{\"@type\":\"ReadAction\",\"target\":[\"https:\/\/www.gruppoliturgico.com\/es\/producto\/sagrario-46\/\"]}]},{\"@type\":\"BreadcrumbList\",\"@id\":\"https:\/\/www.gruppoliturgico.com\/es\/producto\/sagrario-46\/#breadcrumb\",\"itemListElement\":[{\"@type\":\"ListItem\",\"position\":1,\"name\":\"Home\",\"item\":\"https:\/\/www.gruppoliturgico.com\/es\/\"},{\"@type\":\"ListItem\",\"position\":2,\"name\":\"Tienda\",\"item\":\"https:\/\/www.gruppoliturgico.com\/es\/tienda\/\"},{\"@type\":\"ListItem\",\"position\":3,\"name\":\"Sagrario\"}]},{\"@type\":\"WebSite\",\"@id\":\"https:\/\/www.gruppoliturgico.com\/es\/#website\",\"url\":\"https:\/\/www.gruppoliturgico.com\/es\/\",\"name\":\"Laboratorio Gruppo Liturgico\",\"description\":\"Articoli Religiosi online\",\"publisher\":{\"@id\":\"https:\/\/www.gruppoliturgico.com\/es\/#organization\"},\"potentialAction\":[{\"@type\":\"SearchAction\",\"target\":{\"@type\":\"EntryPoint\",\"urlTemplate\":\"https:\/\/www.gruppoliturgico.com\/es\/?s={search_term_string}\"},\"query-input\":\"required name=search_term_string\"}],\"inLanguage\":\"es\"},{\"@type\":\"Organization\",\"@id\":\"https:\/\/www.gruppoliturgico.com\/es\/#organization\",\"name\":\"Laboratorio Gruppo Liturgico\",\"url\":\"https:\/\/www.gruppoliturgico.com\/es\/\",\"logo\":{\"@type\":\"ImageObject\",\"inLanguage\":\"es\",\"@id\":\"https:\/\/www.gruppoliturgico.com\/es\/#\/schema\/logo\/image\/\",\"url\":\"https:\/\/www.gruppoliturgico.com\/wp-content\/uploads\/2022\/02\/logo-laboratoriogruppoliturgico.png\",\"contentUrl\":\"https:\/\/www.gruppoliturgico.com\/wp-content\/uploads\/2022\/02\/logo-laboratoriogruppoliturgico.png\",\"width\":400,\"height\":114,\"caption\":\"Laboratorio Gruppo Liturgico\"},\"image\":{\"@id\":\"https:\/\/www.gruppoliturgico.com\/es\/#\/schema\/logo\/image\/\"}}]}<\/script>\n<!-- \/ Yoast SEO plugin. -->","yoast_head_json":{"title":"Sagrario - art 2787, Sagrarios de madera y Laboratorio Gruppo Liturgico","description":"Sagrario de madera maciza.  Decoraci\u00f3n fina recordando el m\u00e1rmol.  Presenta una puerta entallada con s\u00edmbolos eucar\u00edsticosy dorada con hoja de oro.  Interior dorado con hoja de oro. La gradaci\u00f3n crom\u00e1tica de la pintura se puede realizar con colores bajo pedido. Dimensiones: exteriores cm 51 x 33 x 51","robots":{"index":"index","follow":"follow","max-snippet":"max-snippet:-1","max-image-preview":"max-image-preview:large","max-video-preview":"max-video-preview:-1"},"canonical":"https:\/\/www.gruppoliturgico.com\/es\/producto\/sagrario-46\/","og_locale":"es_ES","og_type":"article","og_title":"Sagrario - art 2787, Sagrarios de madera y Laboratorio Gruppo Liturgico","og_description":"Sagrario de madera maciza.  Decoraci\u00f3n fina recordando el m\u00e1rmol.  Presenta una puerta entallada con s\u00edmbolos eucar\u00edsticosy dorada con hoja de oro.  Interior dorado con hoja de oro. La gradaci\u00f3n crom\u00e1tica de la pintura se puede realizar con colores bajo pedido. Dimensiones: exteriores cm 51 x 33 x 51","og_url":"https:\/\/www.gruppoliturgico.com\/es\/producto\/sagrario-46\/","og_site_name":"Laboratorio Gruppo Liturgico","article_modified_time":"2022-10-22T08:29:53+00:00","og_image":[{"width":1353,"height":1500,"url":"https:\/\/www.gruppoliturgico.com\/wp-content\/uploads\/2022\/05\/2790_2.jpg","type":"image\/jpeg"}],"twitter_card":"summary_large_image","schema":{"@context":"https:\/\/schema.org","@graph":[{"@type":"WebPage","@id":"https:\/\/www.gruppoliturgico.com\/es\/producto\/sagrario-46\/","url":"https:\/\/www.gruppoliturgico.com\/es\/producto\/sagrario-46\/","name":"Sagrario - art 2787, Sagrarios de madera y Laboratorio Gruppo Liturgico","isPartOf":{"@id":"https:\/\/www.gruppoliturgico.com\/es\/#website"},"datePublished":"2022-05-20T03:47:39+00:00","dateModified":"2022-10-22T08:29:53+00:00","description":"Sagrario de madera maciza. Decoraci\u00f3n fina recordando el m\u00e1rmol. Presenta una puerta entallada con s\u00edmbolos eucar\u00edsticosy dorada con hoja de oro. Interior dorado con hoja de oro. La gradaci\u00f3n crom\u00e1tica de la pintura se puede realizar con colores bajo pedido. Dimensiones: exteriores cm 51 x 33 x 51","breadcrumb":{"@id":"https:\/\/www.gruppoliturgico.com\/es\/producto\/sagrario-46\/#breadcrumb"},"inLanguage":"es","potentialAction":[{"@type":"ReadAction","target":["https:\/\/www.gruppoliturgico.com\/es\/producto\/sagrario-46\/"]}]},{"@type":"BreadcrumbList","@id":"https:\/\/www.gruppoliturgico.com\/es\/producto\/sagrario-46\/#breadcrumb","itemListElement":[{"@type":"ListItem","position":1,"name":"Home","item":"https:\/\/www.gruppoliturgico.com\/es\/"},{"@type":"ListItem","position":2,"name":"Tienda","item":"https:\/\/www.gruppoliturgico.com\/es\/tienda\/"},{"@type":"ListItem","position":3,"name":"Sagrario"}]},{"@type":"WebSite","@id":"https:\/\/www.gruppoliturgico.com\/es\/#website","url":"https:\/\/www.gruppoliturgico.com\/es\/","name":"Laboratorio Gruppo Liturgico","description":"Articoli Religiosi online","publisher":{"@id":"https:\/\/www.gruppoliturgico.com\/es\/#organization"},"potentialAction":[{"@type":"SearchAction","target":{"@type":"EntryPoint","urlTemplate":"https:\/\/www.gruppoliturgico.com\/es\/?s={search_term_string}"},"query-input":"required name=search_term_string"}],"inLanguage":"es"},{"@type":"Organization","@id":"https:\/\/www.gruppoliturgico.com\/es\/#organization","name":"Laboratorio Gruppo Liturgico","url":"https:\/\/www.gruppoliturgico.com\/es\/","logo":{"@type":"ImageObject","inLanguage":"es","@id":"https:\/\/www.gruppoliturgico.com\/es\/#\/schema\/logo\/image\/","url":"https:\/\/www.gruppoliturgico.com\/wp-content\/uploads\/2022\/02\/logo-laboratoriogruppoliturgico.png","contentUrl":"https:\/\/www.gruppoliturgico.com\/wp-content\/uploads\/2022\/02\/logo-laboratoriogruppoliturgico.png","width":400,"height":114,"caption":"Laboratorio Gruppo Liturgico"},"image":{"@id":"https:\/\/www.gruppoliturgico.com\/es\/#\/schema\/logo\/image\/"}}]}},"_links":{"self":[{"href":"https:\/\/www.gruppoliturgico.com\/es\/wp-json\/wp\/v2\/product\/71323"}],"collection":[{"href":"https:\/\/www.gruppoliturgico.com\/es\/wp-json\/wp\/v2\/product"}],"about":[{"href":"https:\/\/www.gruppoliturgico.com\/es\/wp-json\/wp\/v2\/types\/product"}],"wp:featuredmedia":[{"embeddable":true,"href":"https:\/\/www.gruppoliturgico.com\/es\/wp-json\/wp\/v2\/media\/81643"}],"wp:attachment":[{"href":"https:\/\/www.gruppoliturgico.com\/es\/wp-json\/wp\/v2\/media?parent=71323"}],"wp:term":[{"taxonomy":"product_cat","embeddable":true,"href":"https:\/\/www.gruppoliturgico.com\/es\/wp-json\/wp\/v2\/product_cat?post=71323"},{"taxonomy":"product_tag","embeddable":true,"href":"https:\/\/www.gruppoliturgico.com\/es\/wp-json\/wp\/v2\/product_tag?post=71323"}],"curies":[{"name":"wp","href":"https:\/\/api.w.org\/{rel}","templated":true}]}}