{"id":70915,"date":"2022-05-20T05:29:00","date_gmt":"2022-05-20T03:29:09","guid":{"rendered":"https:\/\/www.gruppoliturgico.com\/prodotto\/casulla-romana-18\/"},"modified":"2022-08-19T11:14:49","modified_gmt":"2022-08-19T09:14:49","slug":"casulla-romana-18","status":"publish","type":"product","link":"https:\/\/www.gruppoliturgico.com\/es\/producto\/casulla-romana-18\/","title":{"rendered":"Casulla romana"},"content":{"rendered":"<html><body><p>casulla romana confeccionada en una suave tela de sat\u00e9n y seda, tienen bordados preciosos hechos con hilos de oro.<br>\nEst\u00e1 endurecido con un tejido especial y totalmente forrado con sat\u00e9n del mismo color lit\u00fargico.<br>\nSe completa con estola, man\u00edpulo, bolsa y velo del c\u00e1liz de ricos bordados incluidos en el precio.<br>\nEst\u00e1 disponible en todos los colores lit\u00fargicos.<\/p>\n<\/body><\/html>","protected":false},"excerpt":{"rendered":"<p>casulla romana confeccionada en una suave tela de sat\u00e9n y seda, tienen bordados preciosos hechos con hilos de oro.<br \/>\nEst\u00e1 endurecido con un tejido especial y totalmente forrado con sat\u00e9n del mismo color lit\u00fargico.<br \/>\nSe completa con estola, man\u00edpulo, bolsa y velo del c\u00e1liz de ricos bordados incluidos en el precio.<br \/>\nEst\u00e1 disponible en todos los colores lit\u00fargicos.<\/p>\n<p>&nbsp;<\/p>\n<p>&nbsp;<\/p>\n<p>&nbsp;<\/p>\n","protected":false},"featured_media":129818,"template":"","meta":[],"product_cat":[12279],"product_tag":[],"yoast_head":"<!-- This site is optimized with the Yoast SEO plugin v20.4 - https:\/\/yoast.com\/wordpress\/plugins\/seo\/ -->\n<title>Casulla romana - casullas romanas y Laboratorio Gruppo Liturgico<\/title>\n<meta name=\"description\" content=\"casulla romana confeccionada en una suave tela de sat\u00e9n y seda, tienen bordados preciosos hechos con hilos de oro. Est\u00e1 endurecido con un tejido especial y totalmente forrado con sat\u00e9n del mismo color lit\u00fargico. Se completa con estola, man\u00edpulo, bolsa y velo del c\u00e1liz de ricos bordados incluidos en el precio. Est\u00e1 disponible en todos los colores lit\u00fargicos.  &nbsp;  &nbsp;  &nbsp;\" \/>\n<meta name=\"robots\" content=\"index, follow, max-snippet:-1, max-image-preview:large, max-video-preview:-1\" \/>\n<link rel=\"canonical\" href=\"https:\/\/www.gruppoliturgico.com\/es\/producto\/casulla-romana-18\/\" \/>\n<meta property=\"og:locale\" content=\"es_ES\" \/>\n<meta property=\"og:type\" content=\"article\" \/>\n<meta property=\"og:title\" content=\"Casulla romana - casullas romanas y Laboratorio Gruppo Liturgico\" \/>\n<meta property=\"og:description\" content=\"casulla romana confeccionada en una suave tela de sat\u00e9n y seda, tienen bordados preciosos hechos con hilos de oro. Est\u00e1 endurecido con un tejido especial y totalmente forrado con sat\u00e9n del mismo color lit\u00fargico. Se completa con estola, man\u00edpulo, bolsa y velo del c\u00e1liz de ricos bordados incluidos en el precio. Est\u00e1 disponible en todos los colores lit\u00fargicos.  &nbsp;  &nbsp;  &nbsp;\" \/>\n<meta property=\"og:url\" content=\"https:\/\/www.gruppoliturgico.com\/es\/producto\/casulla-romana-18\/\" \/>\n<meta property=\"og:site_name\" content=\"Laboratorio Gruppo Liturgico\" \/>\n<meta property=\"article:modified_time\" content=\"2022-08-19T09:14:49+00:00\" \/>\n<meta property=\"og:image\" content=\"https:\/\/www.gruppoliturgico.com\/wp-content\/uploads\/2022\/05\/3546-bianco-3_inPixio.jpg\" \/>\n\t<meta property=\"og:image:width\" content=\"968\" \/>\n\t<meta property=\"og:image:height\" content=\"2000\" \/>\n\t<meta property=\"og:image:type\" content=\"image\/jpeg\" \/>\n<meta name=\"twitter:card\" content=\"summary_large_image\" \/>\n<meta name=\"twitter:label1\" content=\"Tiempo de lectura\" \/>\n\t<meta name=\"twitter:data1\" content=\"1 minuto\" \/>\n<script type=\"application\/ld+json\" class=\"yoast-schema-graph\">{\"@context\":\"https:\/\/schema.org\",\"@graph\":[{\"@type\":\"WebPage\",\"@id\":\"https:\/\/www.gruppoliturgico.com\/es\/producto\/casulla-romana-18\/\",\"url\":\"https:\/\/www.gruppoliturgico.com\/es\/producto\/casulla-romana-18\/\",\"name\":\"Casulla romana - casullas romanas y Laboratorio Gruppo Liturgico\",\"isPartOf\":{\"@id\":\"https:\/\/www.gruppoliturgico.com\/es\/#website\"},\"datePublished\":\"2022-05-20T03:29:09+00:00\",\"dateModified\":\"2022-08-19T09:14:49+00:00\",\"description\":\"casulla romana confeccionada en una suave tela de sat\u00e9n y seda, tienen bordados preciosos hechos con hilos de oro. Est\u00e1 endurecido con un tejido especial y totalmente forrado con sat\u00e9n del mismo color lit\u00fargico. Se completa con estola, man\u00edpulo, bolsa y velo del c\u00e1liz de ricos bordados incluidos en el precio. Est\u00e1 disponible en todos los colores lit\u00fargicos. &nbsp; &nbsp; &nbsp;\",\"breadcrumb\":{\"@id\":\"https:\/\/www.gruppoliturgico.com\/es\/producto\/casulla-romana-18\/#breadcrumb\"},\"inLanguage\":\"es\",\"potentialAction\":[{\"@type\":\"ReadAction\",\"target\":[\"https:\/\/www.gruppoliturgico.com\/es\/producto\/casulla-romana-18\/\"]}]},{\"@type\":\"BreadcrumbList\",\"@id\":\"https:\/\/www.gruppoliturgico.com\/es\/producto\/casulla-romana-18\/#breadcrumb\",\"itemListElement\":[{\"@type\":\"ListItem\",\"position\":1,\"name\":\"Home\",\"item\":\"https:\/\/www.gruppoliturgico.com\/es\/\"},{\"@type\":\"ListItem\",\"position\":2,\"name\":\"Tienda\",\"item\":\"https:\/\/www.gruppoliturgico.com\/es\/tienda\/\"},{\"@type\":\"ListItem\",\"position\":3,\"name\":\"Casulla romana\"}]},{\"@type\":\"WebSite\",\"@id\":\"https:\/\/www.gruppoliturgico.com\/es\/#website\",\"url\":\"https:\/\/www.gruppoliturgico.com\/es\/\",\"name\":\"Laboratorio Gruppo Liturgico\",\"description\":\"Articoli Religiosi online\",\"publisher\":{\"@id\":\"https:\/\/www.gruppoliturgico.com\/es\/#organization\"},\"potentialAction\":[{\"@type\":\"SearchAction\",\"target\":{\"@type\":\"EntryPoint\",\"urlTemplate\":\"https:\/\/www.gruppoliturgico.com\/es\/?s={search_term_string}\"},\"query-input\":\"required name=search_term_string\"}],\"inLanguage\":\"es\"},{\"@type\":\"Organization\",\"@id\":\"https:\/\/www.gruppoliturgico.com\/es\/#organization\",\"name\":\"Laboratorio Gruppo Liturgico\",\"url\":\"https:\/\/www.gruppoliturgico.com\/es\/\",\"logo\":{\"@type\":\"ImageObject\",\"inLanguage\":\"es\",\"@id\":\"https:\/\/www.gruppoliturgico.com\/es\/#\/schema\/logo\/image\/\",\"url\":\"https:\/\/www.gruppoliturgico.com\/wp-content\/uploads\/2022\/02\/logo-laboratoriogruppoliturgico.png\",\"contentUrl\":\"https:\/\/www.gruppoliturgico.com\/wp-content\/uploads\/2022\/02\/logo-laboratoriogruppoliturgico.png\",\"width\":400,\"height\":114,\"caption\":\"Laboratorio Gruppo Liturgico\"},\"image\":{\"@id\":\"https:\/\/www.gruppoliturgico.com\/es\/#\/schema\/logo\/image\/\"}}]}<\/script>\n<!-- \/ Yoast SEO plugin. -->","yoast_head_json":{"title":"Casulla romana - casullas romanas y Laboratorio Gruppo Liturgico","description":"casulla romana confeccionada en una suave tela de sat\u00e9n y seda, tienen bordados preciosos hechos con hilos de oro. Est\u00e1 endurecido con un tejido especial y totalmente forrado con sat\u00e9n del mismo color lit\u00fargico. Se completa con estola, man\u00edpulo, bolsa y velo del c\u00e1liz de ricos bordados incluidos en el precio. Est\u00e1 disponible en todos los colores lit\u00fargicos.  &nbsp;  &nbsp;  &nbsp;","robots":{"index":"index","follow":"follow","max-snippet":"max-snippet:-1","max-image-preview":"max-image-preview:large","max-video-preview":"max-video-preview:-1"},"canonical":"https:\/\/www.gruppoliturgico.com\/es\/producto\/casulla-romana-18\/","og_locale":"es_ES","og_type":"article","og_title":"Casulla romana - casullas romanas y Laboratorio Gruppo Liturgico","og_description":"casulla romana confeccionada en una suave tela de sat\u00e9n y seda, tienen bordados preciosos hechos con hilos de oro. Est\u00e1 endurecido con un tejido especial y totalmente forrado con sat\u00e9n del mismo color lit\u00fargico. Se completa con estola, man\u00edpulo, bolsa y velo del c\u00e1liz de ricos bordados incluidos en el precio. Est\u00e1 disponible en todos los colores lit\u00fargicos.  &nbsp;  &nbsp;  &nbsp;","og_url":"https:\/\/www.gruppoliturgico.com\/es\/producto\/casulla-romana-18\/","og_site_name":"Laboratorio Gruppo Liturgico","article_modified_time":"2022-08-19T09:14:49+00:00","og_image":[{"width":968,"height":2000,"url":"https:\/\/www.gruppoliturgico.com\/wp-content\/uploads\/2022\/05\/3546-bianco-3_inPixio.jpg","type":"image\/jpeg"}],"twitter_card":"summary_large_image","twitter_misc":{"Tiempo de lectura":"1 minuto"},"schema":{"@context":"https:\/\/schema.org","@graph":[{"@type":"WebPage","@id":"https:\/\/www.gruppoliturgico.com\/es\/producto\/casulla-romana-18\/","url":"https:\/\/www.gruppoliturgico.com\/es\/producto\/casulla-romana-18\/","name":"Casulla romana - casullas romanas y Laboratorio Gruppo Liturgico","isPartOf":{"@id":"https:\/\/www.gruppoliturgico.com\/es\/#website"},"datePublished":"2022-05-20T03:29:09+00:00","dateModified":"2022-08-19T09:14:49+00:00","description":"casulla romana confeccionada en una suave tela de sat\u00e9n y seda, tienen bordados preciosos hechos con hilos de oro. Est\u00e1 endurecido con un tejido especial y totalmente forrado con sat\u00e9n del mismo color lit\u00fargico. Se completa con estola, man\u00edpulo, bolsa y velo del c\u00e1liz de ricos bordados incluidos en el precio. Est\u00e1 disponible en todos los colores lit\u00fargicos. &nbsp; &nbsp; &nbsp;","breadcrumb":{"@id":"https:\/\/www.gruppoliturgico.com\/es\/producto\/casulla-romana-18\/#breadcrumb"},"inLanguage":"es","potentialAction":[{"@type":"ReadAction","target":["https:\/\/www.gruppoliturgico.com\/es\/producto\/casulla-romana-18\/"]}]},{"@type":"BreadcrumbList","@id":"https:\/\/www.gruppoliturgico.com\/es\/producto\/casulla-romana-18\/#breadcrumb","itemListElement":[{"@type":"ListItem","position":1,"name":"Home","item":"https:\/\/www.gruppoliturgico.com\/es\/"},{"@type":"ListItem","position":2,"name":"Tienda","item":"https:\/\/www.gruppoliturgico.com\/es\/tienda\/"},{"@type":"ListItem","position":3,"name":"Casulla romana"}]},{"@type":"WebSite","@id":"https:\/\/www.gruppoliturgico.com\/es\/#website","url":"https:\/\/www.gruppoliturgico.com\/es\/","name":"Laboratorio Gruppo Liturgico","description":"Articoli Religiosi online","publisher":{"@id":"https:\/\/www.gruppoliturgico.com\/es\/#organization"},"potentialAction":[{"@type":"SearchAction","target":{"@type":"EntryPoint","urlTemplate":"https:\/\/www.gruppoliturgico.com\/es\/?s={search_term_string}"},"query-input":"required name=search_term_string"}],"inLanguage":"es"},{"@type":"Organization","@id":"https:\/\/www.gruppoliturgico.com\/es\/#organization","name":"Laboratorio Gruppo Liturgico","url":"https:\/\/www.gruppoliturgico.com\/es\/","logo":{"@type":"ImageObject","inLanguage":"es","@id":"https:\/\/www.gruppoliturgico.com\/es\/#\/schema\/logo\/image\/","url":"https:\/\/www.gruppoliturgico.com\/wp-content\/uploads\/2022\/02\/logo-laboratoriogruppoliturgico.png","contentUrl":"https:\/\/www.gruppoliturgico.com\/wp-content\/uploads\/2022\/02\/logo-laboratoriogruppoliturgico.png","width":400,"height":114,"caption":"Laboratorio Gruppo Liturgico"},"image":{"@id":"https:\/\/www.gruppoliturgico.com\/es\/#\/schema\/logo\/image\/"}}]}},"_links":{"self":[{"href":"https:\/\/www.gruppoliturgico.com\/es\/wp-json\/wp\/v2\/product\/70915"}],"collection":[{"href":"https:\/\/www.gruppoliturgico.com\/es\/wp-json\/wp\/v2\/product"}],"about":[{"href":"https:\/\/www.gruppoliturgico.com\/es\/wp-json\/wp\/v2\/types\/product"}],"wp:featuredmedia":[{"embeddable":true,"href":"https:\/\/www.gruppoliturgico.com\/es\/wp-json\/wp\/v2\/media\/129818"}],"wp:attachment":[{"href":"https:\/\/www.gruppoliturgico.com\/es\/wp-json\/wp\/v2\/media?parent=70915"}],"wp:term":[{"taxonomy":"product_cat","embeddable":true,"href":"https:\/\/www.gruppoliturgico.com\/es\/wp-json\/wp\/v2\/product_cat?post=70915"},{"taxonomy":"product_tag","embeddable":true,"href":"https:\/\/www.gruppoliturgico.com\/es\/wp-json\/wp\/v2\/product_tag?post=70915"}],"curies":[{"name":"wp","href":"https:\/\/api.w.org\/{rel}","templated":true}]}}