{"id":70819,"date":"2022-05-20T05:24:31","date_gmt":"2022-05-20T03:24:40","guid":{"rendered":"https:\/\/www.gruppoliturgico.com\/prodotto\/maletin-10\/"},"modified":"2023-04-16T11:45:34","modified_gmt":"2023-04-16T09:45:34","slug":"maletin-10","status":"publish","type":"product","link":"https:\/\/www.gruppoliturgico.com\/es\/producto\/maletin-10\/","title":{"rendered":"Malet\u00edn"},"content":{"rendered":"<html><body><p>malet\u00edn  de 24 horas en cuero ecol\u00f3gico totalmente forrado con cerradura de combinaci\u00f3n.<br>\nContiene: c\u00e1liz y cop\u00f3n de lat\u00f3n ba\u00f1ado en oro de 24 quilates con martillado, asperges, patena para c\u00e1liz, caja para hostias dorado<br>\nCrismera Santos \u00d3leos para los Enfermos, altar de fundici\u00f3n con soporte para cruz y velas, protector de llama de vidrio, botellas de agua y vino de 125 ml, cruz pastoral, velas de cera, peque\u00f1a estola bicolor, manteles de altar con cruz bordada.<br>\nAmplio espacio para alba y estola.<br>\nMedidas cm 33 x 45 x 10<\/p>\n<\/body><\/html>","protected":false},"excerpt":{"rendered":"<p>malet\u00edn  de 24 horas en cuero ecol\u00f3gico totalmente forrado con cerradura de combinaci\u00f3n.<br \/>\nContiene: c\u00e1liz y cop\u00f3n de lat\u00f3n ba\u00f1ado en oro de 24 quilates con martillado, asperges, patena para c\u00e1liz, caja para hostias dorado<br \/>\nCrismera Santos \u00d3leos para los Enfermos, altar de fundici\u00f3n con soporte para cruz y velas, protector de llama de vidrio, botellas de agua y vino de 125 ml, cruz pastoral, velas de cera, peque\u00f1a estola bicolor, manteles de altar con cruz bordada.<br \/>\nAmplio espacio para alba y estola.<br \/>\nMedidas cm 33 x 45 x 10<\/p>\n","protected":false},"featured_media":81139,"template":"","meta":[],"product_cat":[11715],"product_tag":[],"yoast_head":"<!-- This site is optimized with the Yoast SEO plugin v20.4 - https:\/\/yoast.com\/wordpress\/plugins\/seo\/ -->\n<title>Malet\u00edn - maletas de altar y Laboratorio Gruppo Liturgico<\/title>\n<meta name=\"description\" content=\"malet\u00edn de 24 horas en cuero ecol\u00f3gico totalmente forrado con cerradura de combinaci\u00f3n. Contiene: c\u00e1liz y cop\u00f3n de lat\u00f3n ba\u00f1ado en oro de 24 quilates con martillado, asperges, patena para c\u00e1liz, caja para hostias dorado Crismera Santos \u00d3leos para los Enfermos, altar de fundici\u00f3n con soporte para cruz y velas, protector de llama de vidrio, botellas de agua y vino de 125 ml, cruz pastoral, velas de cera, peque\u00f1a estola bicolor, manteles de altar con cruz bordada. Amplio espacio para alba y estola. Medidas cm 33 x 45 x 10\" \/>\n<meta name=\"robots\" content=\"index, follow, max-snippet:-1, max-image-preview:large, max-video-preview:-1\" \/>\n<link rel=\"canonical\" href=\"https:\/\/www.gruppoliturgico.com\/es\/producto\/maletin-10\/\" \/>\n<meta property=\"og:locale\" content=\"es_ES\" \/>\n<meta property=\"og:type\" content=\"article\" \/>\n<meta property=\"og:title\" content=\"Malet\u00edn - maletas de altar y Laboratorio Gruppo Liturgico\" \/>\n<meta property=\"og:description\" content=\"malet\u00edn de 24 horas en cuero ecol\u00f3gico totalmente forrado con cerradura de combinaci\u00f3n. Contiene: c\u00e1liz y cop\u00f3n de lat\u00f3n ba\u00f1ado en oro de 24 quilates con martillado, asperges, patena para c\u00e1liz, caja para hostias dorado Crismera Santos \u00d3leos para los Enfermos, altar de fundici\u00f3n con soporte para cruz y velas, protector de llama de vidrio, botellas de agua y vino de 125 ml, cruz pastoral, velas de cera, peque\u00f1a estola bicolor, manteles de altar con cruz bordada. Amplio espacio para alba y estola. Medidas cm 33 x 45 x 10\" \/>\n<meta property=\"og:url\" content=\"https:\/\/www.gruppoliturgico.com\/es\/producto\/maletin-10\/\" \/>\n<meta property=\"og:site_name\" content=\"Laboratorio Gruppo Liturgico\" \/>\n<meta property=\"article:modified_time\" content=\"2023-04-16T09:45:34+00:00\" \/>\n<meta property=\"og:image\" content=\"https:\/\/www.gruppoliturgico.com\/wp-content\/uploads\/2022\/05\/3493202.jpg\" \/>\n\t<meta property=\"og:image:width\" content=\"1392\" \/>\n\t<meta property=\"og:image:height\" content=\"1500\" \/>\n\t<meta property=\"og:image:type\" content=\"image\/jpeg\" \/>\n<meta name=\"twitter:card\" content=\"summary_large_image\" \/>\n<script type=\"application\/ld+json\" class=\"yoast-schema-graph\">{\"@context\":\"https:\/\/schema.org\",\"@graph\":[{\"@type\":\"WebPage\",\"@id\":\"https:\/\/www.gruppoliturgico.com\/es\/producto\/maletin-10\/\",\"url\":\"https:\/\/www.gruppoliturgico.com\/es\/producto\/maletin-10\/\",\"name\":\"Malet\u00edn - maletas de altar y Laboratorio Gruppo Liturgico\",\"isPartOf\":{\"@id\":\"https:\/\/www.gruppoliturgico.com\/es\/#website\"},\"datePublished\":\"2022-05-20T03:24:40+00:00\",\"dateModified\":\"2023-04-16T09:45:34+00:00\",\"description\":\"malet\u00edn de 24 horas en cuero ecol\u00f3gico totalmente forrado con cerradura de combinaci\u00f3n. Contiene: c\u00e1liz y cop\u00f3n de lat\u00f3n ba\u00f1ado en oro de 24 quilates con martillado, asperges, patena para c\u00e1liz, caja para hostias dorado Crismera Santos \u00d3leos para los Enfermos, altar de fundici\u00f3n con soporte para cruz y velas, protector de llama de vidrio, botellas de agua y vino de 125 ml, cruz pastoral, velas de cera, peque\u00f1a estola bicolor, manteles de altar con cruz bordada. Amplio espacio para alba y estola. Medidas cm 33 x 45 x 10\",\"breadcrumb\":{\"@id\":\"https:\/\/www.gruppoliturgico.com\/es\/producto\/maletin-10\/#breadcrumb\"},\"inLanguage\":\"es\",\"potentialAction\":[{\"@type\":\"ReadAction\",\"target\":[\"https:\/\/www.gruppoliturgico.com\/es\/producto\/maletin-10\/\"]}]},{\"@type\":\"BreadcrumbList\",\"@id\":\"https:\/\/www.gruppoliturgico.com\/es\/producto\/maletin-10\/#breadcrumb\",\"itemListElement\":[{\"@type\":\"ListItem\",\"position\":1,\"name\":\"Home\",\"item\":\"https:\/\/www.gruppoliturgico.com\/es\/\"},{\"@type\":\"ListItem\",\"position\":2,\"name\":\"Tienda\",\"item\":\"https:\/\/www.gruppoliturgico.com\/es\/tienda\/\"},{\"@type\":\"ListItem\",\"position\":3,\"name\":\"Malet\u00edn\"}]},{\"@type\":\"WebSite\",\"@id\":\"https:\/\/www.gruppoliturgico.com\/es\/#website\",\"url\":\"https:\/\/www.gruppoliturgico.com\/es\/\",\"name\":\"Laboratorio Gruppo Liturgico\",\"description\":\"Articoli Religiosi online\",\"publisher\":{\"@id\":\"https:\/\/www.gruppoliturgico.com\/es\/#organization\"},\"potentialAction\":[{\"@type\":\"SearchAction\",\"target\":{\"@type\":\"EntryPoint\",\"urlTemplate\":\"https:\/\/www.gruppoliturgico.com\/es\/?s={search_term_string}\"},\"query-input\":\"required name=search_term_string\"}],\"inLanguage\":\"es\"},{\"@type\":\"Organization\",\"@id\":\"https:\/\/www.gruppoliturgico.com\/es\/#organization\",\"name\":\"Laboratorio Gruppo Liturgico\",\"url\":\"https:\/\/www.gruppoliturgico.com\/es\/\",\"logo\":{\"@type\":\"ImageObject\",\"inLanguage\":\"es\",\"@id\":\"https:\/\/www.gruppoliturgico.com\/es\/#\/schema\/logo\/image\/\",\"url\":\"https:\/\/www.gruppoliturgico.com\/wp-content\/uploads\/2022\/02\/logo-laboratoriogruppoliturgico.png\",\"contentUrl\":\"https:\/\/www.gruppoliturgico.com\/wp-content\/uploads\/2022\/02\/logo-laboratoriogruppoliturgico.png\",\"width\":400,\"height\":114,\"caption\":\"Laboratorio Gruppo Liturgico\"},\"image\":{\"@id\":\"https:\/\/www.gruppoliturgico.com\/es\/#\/schema\/logo\/image\/\"}}]}<\/script>\n<!-- \/ Yoast SEO plugin. -->","yoast_head_json":{"title":"Malet\u00edn - maletas de altar y Laboratorio Gruppo Liturgico","description":"malet\u00edn de 24 horas en cuero ecol\u00f3gico totalmente forrado con cerradura de combinaci\u00f3n. Contiene: c\u00e1liz y cop\u00f3n de lat\u00f3n ba\u00f1ado en oro de 24 quilates con martillado, asperges, patena para c\u00e1liz, caja para hostias dorado Crismera Santos \u00d3leos para los Enfermos, altar de fundici\u00f3n con soporte para cruz y velas, protector de llama de vidrio, botellas de agua y vino de 125 ml, cruz pastoral, velas de cera, peque\u00f1a estola bicolor, manteles de altar con cruz bordada. Amplio espacio para alba y estola. Medidas cm 33 x 45 x 10","robots":{"index":"index","follow":"follow","max-snippet":"max-snippet:-1","max-image-preview":"max-image-preview:large","max-video-preview":"max-video-preview:-1"},"canonical":"https:\/\/www.gruppoliturgico.com\/es\/producto\/maletin-10\/","og_locale":"es_ES","og_type":"article","og_title":"Malet\u00edn - maletas de altar y Laboratorio Gruppo Liturgico","og_description":"malet\u00edn de 24 horas en cuero ecol\u00f3gico totalmente forrado con cerradura de combinaci\u00f3n. Contiene: c\u00e1liz y cop\u00f3n de lat\u00f3n ba\u00f1ado en oro de 24 quilates con martillado, asperges, patena para c\u00e1liz, caja para hostias dorado Crismera Santos \u00d3leos para los Enfermos, altar de fundici\u00f3n con soporte para cruz y velas, protector de llama de vidrio, botellas de agua y vino de 125 ml, cruz pastoral, velas de cera, peque\u00f1a estola bicolor, manteles de altar con cruz bordada. Amplio espacio para alba y estola. Medidas cm 33 x 45 x 10","og_url":"https:\/\/www.gruppoliturgico.com\/es\/producto\/maletin-10\/","og_site_name":"Laboratorio Gruppo Liturgico","article_modified_time":"2023-04-16T09:45:34+00:00","og_image":[{"width":1392,"height":1500,"url":"https:\/\/www.gruppoliturgico.com\/wp-content\/uploads\/2022\/05\/3493202.jpg","type":"image\/jpeg"}],"twitter_card":"summary_large_image","schema":{"@context":"https:\/\/schema.org","@graph":[{"@type":"WebPage","@id":"https:\/\/www.gruppoliturgico.com\/es\/producto\/maletin-10\/","url":"https:\/\/www.gruppoliturgico.com\/es\/producto\/maletin-10\/","name":"Malet\u00edn - maletas de altar y Laboratorio Gruppo Liturgico","isPartOf":{"@id":"https:\/\/www.gruppoliturgico.com\/es\/#website"},"datePublished":"2022-05-20T03:24:40+00:00","dateModified":"2023-04-16T09:45:34+00:00","description":"malet\u00edn de 24 horas en cuero ecol\u00f3gico totalmente forrado con cerradura de combinaci\u00f3n. Contiene: c\u00e1liz y cop\u00f3n de lat\u00f3n ba\u00f1ado en oro de 24 quilates con martillado, asperges, patena para c\u00e1liz, caja para hostias dorado Crismera Santos \u00d3leos para los Enfermos, altar de fundici\u00f3n con soporte para cruz y velas, protector de llama de vidrio, botellas de agua y vino de 125 ml, cruz pastoral, velas de cera, peque\u00f1a estola bicolor, manteles de altar con cruz bordada. Amplio espacio para alba y estola. Medidas cm 33 x 45 x 10","breadcrumb":{"@id":"https:\/\/www.gruppoliturgico.com\/es\/producto\/maletin-10\/#breadcrumb"},"inLanguage":"es","potentialAction":[{"@type":"ReadAction","target":["https:\/\/www.gruppoliturgico.com\/es\/producto\/maletin-10\/"]}]},{"@type":"BreadcrumbList","@id":"https:\/\/www.gruppoliturgico.com\/es\/producto\/maletin-10\/#breadcrumb","itemListElement":[{"@type":"ListItem","position":1,"name":"Home","item":"https:\/\/www.gruppoliturgico.com\/es\/"},{"@type":"ListItem","position":2,"name":"Tienda","item":"https:\/\/www.gruppoliturgico.com\/es\/tienda\/"},{"@type":"ListItem","position":3,"name":"Malet\u00edn"}]},{"@type":"WebSite","@id":"https:\/\/www.gruppoliturgico.com\/es\/#website","url":"https:\/\/www.gruppoliturgico.com\/es\/","name":"Laboratorio Gruppo Liturgico","description":"Articoli Religiosi online","publisher":{"@id":"https:\/\/www.gruppoliturgico.com\/es\/#organization"},"potentialAction":[{"@type":"SearchAction","target":{"@type":"EntryPoint","urlTemplate":"https:\/\/www.gruppoliturgico.com\/es\/?s={search_term_string}"},"query-input":"required name=search_term_string"}],"inLanguage":"es"},{"@type":"Organization","@id":"https:\/\/www.gruppoliturgico.com\/es\/#organization","name":"Laboratorio Gruppo Liturgico","url":"https:\/\/www.gruppoliturgico.com\/es\/","logo":{"@type":"ImageObject","inLanguage":"es","@id":"https:\/\/www.gruppoliturgico.com\/es\/#\/schema\/logo\/image\/","url":"https:\/\/www.gruppoliturgico.com\/wp-content\/uploads\/2022\/02\/logo-laboratoriogruppoliturgico.png","contentUrl":"https:\/\/www.gruppoliturgico.com\/wp-content\/uploads\/2022\/02\/logo-laboratoriogruppoliturgico.png","width":400,"height":114,"caption":"Laboratorio Gruppo Liturgico"},"image":{"@id":"https:\/\/www.gruppoliturgico.com\/es\/#\/schema\/logo\/image\/"}}]}},"_links":{"self":[{"href":"https:\/\/www.gruppoliturgico.com\/es\/wp-json\/wp\/v2\/product\/70819"}],"collection":[{"href":"https:\/\/www.gruppoliturgico.com\/es\/wp-json\/wp\/v2\/product"}],"about":[{"href":"https:\/\/www.gruppoliturgico.com\/es\/wp-json\/wp\/v2\/types\/product"}],"wp:featuredmedia":[{"embeddable":true,"href":"https:\/\/www.gruppoliturgico.com\/es\/wp-json\/wp\/v2\/media\/81139"}],"wp:attachment":[{"href":"https:\/\/www.gruppoliturgico.com\/es\/wp-json\/wp\/v2\/media?parent=70819"}],"wp:term":[{"taxonomy":"product_cat","embeddable":true,"href":"https:\/\/www.gruppoliturgico.com\/es\/wp-json\/wp\/v2\/product_cat?post=70819"},{"taxonomy":"product_tag","embeddable":true,"href":"https:\/\/www.gruppoliturgico.com\/es\/wp-json\/wp\/v2\/product_tag?post=70819"}],"curies":[{"name":"wp","href":"https:\/\/api.w.org\/{rel}","templated":true}]}}