{"id":70687,"date":"2022-05-20T05:17:41","date_gmt":"2022-05-20T03:17:51","guid":{"rendered":"https:\/\/www.gruppoliturgico.com\/prodotto\/capa-pluvial-16\/"},"modified":"2022-08-19T15:49:41","modified_gmt":"2022-08-19T13:49:41","slug":"capa-pluvial-16","status":"publish","type":"product","link":"https:\/\/www.gruppoliturgico.com\/es\/producto\/capa-pluvial-16\/","title":{"rendered":"Capa pluvial"},"content":{"rendered":"<html><body><p>Capa pluvial de poli\u00e9ster.<br>\nLos bordados est\u00e1n realizados sobre raso de alta calidad y representan flores, espigas de trigo y racimos de uva.<br>\nPor detr\u00e1s, en el escudo, una cruz grande con el s\u00edmbolo IHS en relieve.<br>\nPropuesta en color blanco.<br>\nLongitud cm 145<\/p>\n<\/body><\/html>","protected":false},"excerpt":{"rendered":"<p>Capa pluvial de poli\u00e9ster.<br \/>\nLos bordados est\u00e1n realizados sobre raso de alta calidad y representan flores, espigas de trigo y racimos de uva.<br \/>\nPor detr\u00e1s, en el escudo, una cruz grande con el s\u00edmbolo IHS en relieve.<br \/>\nPropuesta en color blanco.<br \/>\nLongitud cm 145<\/p>\n<p>&nbsp;<\/p>\n","protected":false},"featured_media":136192,"template":"","meta":[],"product_cat":[12287],"product_tag":[],"yoast_head":"<!-- This site is optimized with the Yoast SEO plugin v20.4 - https:\/\/yoast.com\/wordpress\/plugins\/seo\/ -->\n<title>Capa pluvial - capas pluviales y Laboratorio Gruppo Liturgico<\/title>\n<meta name=\"description\" content=\"Capa pluvial de poli\u00e9ster. Los bordados est\u00e1n realizados sobre raso de alta calidad y representan flores, espigas de trigo y racimos de uva. Por detr\u00e1s, en el escudo, una cruz grande con el s\u00edmbolo IHS en relieve. Propuesta en color blanco. Longitud cm 145  &nbsp;\" \/>\n<meta name=\"robots\" content=\"index, follow, max-snippet:-1, max-image-preview:large, max-video-preview:-1\" \/>\n<link rel=\"canonical\" href=\"https:\/\/www.gruppoliturgico.com\/es\/producto\/capa-pluvial-16\/\" \/>\n<meta property=\"og:locale\" content=\"es_ES\" \/>\n<meta property=\"og:type\" content=\"article\" \/>\n<meta property=\"og:title\" content=\"Capa pluvial - capas pluviales y Laboratorio Gruppo Liturgico\" \/>\n<meta property=\"og:description\" content=\"Capa pluvial de poli\u00e9ster. Los bordados est\u00e1n realizados sobre raso de alta calidad y representan flores, espigas de trigo y racimos de uva. Por detr\u00e1s, en el escudo, una cruz grande con el s\u00edmbolo IHS en relieve. Propuesta en color blanco. Longitud cm 145  &nbsp;\" \/>\n<meta property=\"og:url\" content=\"https:\/\/www.gruppoliturgico.com\/es\/producto\/capa-pluvial-16\/\" \/>\n<meta property=\"og:site_name\" content=\"Laboratorio Gruppo Liturgico\" \/>\n<meta property=\"article:modified_time\" content=\"2022-08-19T13:49:41+00:00\" \/>\n<meta property=\"og:image\" content=\"https:\/\/www.gruppoliturgico.com\/wp-content\/uploads\/2022\/05\/3473-nv-rit.jpg\" \/>\n\t<meta property=\"og:image:width\" content=\"972\" \/>\n\t<meta property=\"og:image:height\" content=\"1700\" \/>\n\t<meta property=\"og:image:type\" content=\"image\/jpeg\" \/>\n<meta name=\"twitter:card\" content=\"summary_large_image\" \/>\n<meta name=\"twitter:label1\" content=\"Tiempo de lectura\" \/>\n\t<meta name=\"twitter:data1\" content=\"1 minuto\" \/>\n<script type=\"application\/ld+json\" class=\"yoast-schema-graph\">{\"@context\":\"https:\/\/schema.org\",\"@graph\":[{\"@type\":\"WebPage\",\"@id\":\"https:\/\/www.gruppoliturgico.com\/es\/producto\/capa-pluvial-16\/\",\"url\":\"https:\/\/www.gruppoliturgico.com\/es\/producto\/capa-pluvial-16\/\",\"name\":\"Capa pluvial - capas pluviales y Laboratorio Gruppo Liturgico\",\"isPartOf\":{\"@id\":\"https:\/\/www.gruppoliturgico.com\/es\/#website\"},\"datePublished\":\"2022-05-20T03:17:51+00:00\",\"dateModified\":\"2022-08-19T13:49:41+00:00\",\"description\":\"Capa pluvial de poli\u00e9ster. Los bordados est\u00e1n realizados sobre raso de alta calidad y representan flores, espigas de trigo y racimos de uva. Por detr\u00e1s, en el escudo, una cruz grande con el s\u00edmbolo IHS en relieve. Propuesta en color blanco. Longitud cm 145 &nbsp;\",\"breadcrumb\":{\"@id\":\"https:\/\/www.gruppoliturgico.com\/es\/producto\/capa-pluvial-16\/#breadcrumb\"},\"inLanguage\":\"es\",\"potentialAction\":[{\"@type\":\"ReadAction\",\"target\":[\"https:\/\/www.gruppoliturgico.com\/es\/producto\/capa-pluvial-16\/\"]}]},{\"@type\":\"BreadcrumbList\",\"@id\":\"https:\/\/www.gruppoliturgico.com\/es\/producto\/capa-pluvial-16\/#breadcrumb\",\"itemListElement\":[{\"@type\":\"ListItem\",\"position\":1,\"name\":\"Home\",\"item\":\"https:\/\/www.gruppoliturgico.com\/es\/\"},{\"@type\":\"ListItem\",\"position\":2,\"name\":\"Tienda\",\"item\":\"https:\/\/www.gruppoliturgico.com\/es\/tienda\/\"},{\"@type\":\"ListItem\",\"position\":3,\"name\":\"Capa pluvial\"}]},{\"@type\":\"WebSite\",\"@id\":\"https:\/\/www.gruppoliturgico.com\/es\/#website\",\"url\":\"https:\/\/www.gruppoliturgico.com\/es\/\",\"name\":\"Laboratorio Gruppo Liturgico\",\"description\":\"Articoli Religiosi online\",\"publisher\":{\"@id\":\"https:\/\/www.gruppoliturgico.com\/es\/#organization\"},\"potentialAction\":[{\"@type\":\"SearchAction\",\"target\":{\"@type\":\"EntryPoint\",\"urlTemplate\":\"https:\/\/www.gruppoliturgico.com\/es\/?s={search_term_string}\"},\"query-input\":\"required name=search_term_string\"}],\"inLanguage\":\"es\"},{\"@type\":\"Organization\",\"@id\":\"https:\/\/www.gruppoliturgico.com\/es\/#organization\",\"name\":\"Laboratorio Gruppo Liturgico\",\"url\":\"https:\/\/www.gruppoliturgico.com\/es\/\",\"logo\":{\"@type\":\"ImageObject\",\"inLanguage\":\"es\",\"@id\":\"https:\/\/www.gruppoliturgico.com\/es\/#\/schema\/logo\/image\/\",\"url\":\"https:\/\/www.gruppoliturgico.com\/wp-content\/uploads\/2022\/02\/logo-laboratoriogruppoliturgico.png\",\"contentUrl\":\"https:\/\/www.gruppoliturgico.com\/wp-content\/uploads\/2022\/02\/logo-laboratoriogruppoliturgico.png\",\"width\":400,\"height\":114,\"caption\":\"Laboratorio Gruppo Liturgico\"},\"image\":{\"@id\":\"https:\/\/www.gruppoliturgico.com\/es\/#\/schema\/logo\/image\/\"}}]}<\/script>\n<!-- \/ Yoast SEO plugin. -->","yoast_head_json":{"title":"Capa pluvial - capas pluviales y Laboratorio Gruppo Liturgico","description":"Capa pluvial de poli\u00e9ster. Los bordados est\u00e1n realizados sobre raso de alta calidad y representan flores, espigas de trigo y racimos de uva. Por detr\u00e1s, en el escudo, una cruz grande con el s\u00edmbolo IHS en relieve. Propuesta en color blanco. Longitud cm 145  &nbsp;","robots":{"index":"index","follow":"follow","max-snippet":"max-snippet:-1","max-image-preview":"max-image-preview:large","max-video-preview":"max-video-preview:-1"},"canonical":"https:\/\/www.gruppoliturgico.com\/es\/producto\/capa-pluvial-16\/","og_locale":"es_ES","og_type":"article","og_title":"Capa pluvial - capas pluviales y Laboratorio Gruppo Liturgico","og_description":"Capa pluvial de poli\u00e9ster. Los bordados est\u00e1n realizados sobre raso de alta calidad y representan flores, espigas de trigo y racimos de uva. Por detr\u00e1s, en el escudo, una cruz grande con el s\u00edmbolo IHS en relieve. Propuesta en color blanco. Longitud cm 145  &nbsp;","og_url":"https:\/\/www.gruppoliturgico.com\/es\/producto\/capa-pluvial-16\/","og_site_name":"Laboratorio Gruppo Liturgico","article_modified_time":"2022-08-19T13:49:41+00:00","og_image":[{"width":972,"height":1700,"url":"https:\/\/www.gruppoliturgico.com\/wp-content\/uploads\/2022\/05\/3473-nv-rit.jpg","type":"image\/jpeg"}],"twitter_card":"summary_large_image","twitter_misc":{"Tiempo de lectura":"1 minuto"},"schema":{"@context":"https:\/\/schema.org","@graph":[{"@type":"WebPage","@id":"https:\/\/www.gruppoliturgico.com\/es\/producto\/capa-pluvial-16\/","url":"https:\/\/www.gruppoliturgico.com\/es\/producto\/capa-pluvial-16\/","name":"Capa pluvial - capas pluviales y Laboratorio Gruppo Liturgico","isPartOf":{"@id":"https:\/\/www.gruppoliturgico.com\/es\/#website"},"datePublished":"2022-05-20T03:17:51+00:00","dateModified":"2022-08-19T13:49:41+00:00","description":"Capa pluvial de poli\u00e9ster. Los bordados est\u00e1n realizados sobre raso de alta calidad y representan flores, espigas de trigo y racimos de uva. Por detr\u00e1s, en el escudo, una cruz grande con el s\u00edmbolo IHS en relieve. Propuesta en color blanco. Longitud cm 145 &nbsp;","breadcrumb":{"@id":"https:\/\/www.gruppoliturgico.com\/es\/producto\/capa-pluvial-16\/#breadcrumb"},"inLanguage":"es","potentialAction":[{"@type":"ReadAction","target":["https:\/\/www.gruppoliturgico.com\/es\/producto\/capa-pluvial-16\/"]}]},{"@type":"BreadcrumbList","@id":"https:\/\/www.gruppoliturgico.com\/es\/producto\/capa-pluvial-16\/#breadcrumb","itemListElement":[{"@type":"ListItem","position":1,"name":"Home","item":"https:\/\/www.gruppoliturgico.com\/es\/"},{"@type":"ListItem","position":2,"name":"Tienda","item":"https:\/\/www.gruppoliturgico.com\/es\/tienda\/"},{"@type":"ListItem","position":3,"name":"Capa pluvial"}]},{"@type":"WebSite","@id":"https:\/\/www.gruppoliturgico.com\/es\/#website","url":"https:\/\/www.gruppoliturgico.com\/es\/","name":"Laboratorio Gruppo Liturgico","description":"Articoli Religiosi online","publisher":{"@id":"https:\/\/www.gruppoliturgico.com\/es\/#organization"},"potentialAction":[{"@type":"SearchAction","target":{"@type":"EntryPoint","urlTemplate":"https:\/\/www.gruppoliturgico.com\/es\/?s={search_term_string}"},"query-input":"required name=search_term_string"}],"inLanguage":"es"},{"@type":"Organization","@id":"https:\/\/www.gruppoliturgico.com\/es\/#organization","name":"Laboratorio Gruppo Liturgico","url":"https:\/\/www.gruppoliturgico.com\/es\/","logo":{"@type":"ImageObject","inLanguage":"es","@id":"https:\/\/www.gruppoliturgico.com\/es\/#\/schema\/logo\/image\/","url":"https:\/\/www.gruppoliturgico.com\/wp-content\/uploads\/2022\/02\/logo-laboratoriogruppoliturgico.png","contentUrl":"https:\/\/www.gruppoliturgico.com\/wp-content\/uploads\/2022\/02\/logo-laboratoriogruppoliturgico.png","width":400,"height":114,"caption":"Laboratorio Gruppo Liturgico"},"image":{"@id":"https:\/\/www.gruppoliturgico.com\/es\/#\/schema\/logo\/image\/"}}]}},"_links":{"self":[{"href":"https:\/\/www.gruppoliturgico.com\/es\/wp-json\/wp\/v2\/product\/70687"}],"collection":[{"href":"https:\/\/www.gruppoliturgico.com\/es\/wp-json\/wp\/v2\/product"}],"about":[{"href":"https:\/\/www.gruppoliturgico.com\/es\/wp-json\/wp\/v2\/types\/product"}],"wp:featuredmedia":[{"embeddable":true,"href":"https:\/\/www.gruppoliturgico.com\/es\/wp-json\/wp\/v2\/media\/136192"}],"wp:attachment":[{"href":"https:\/\/www.gruppoliturgico.com\/es\/wp-json\/wp\/v2\/media?parent=70687"}],"wp:term":[{"taxonomy":"product_cat","embeddable":true,"href":"https:\/\/www.gruppoliturgico.com\/es\/wp-json\/wp\/v2\/product_cat?post=70687"},{"taxonomy":"product_tag","embeddable":true,"href":"https:\/\/www.gruppoliturgico.com\/es\/wp-json\/wp\/v2\/product_tag?post=70687"}],"curies":[{"name":"wp","href":"https:\/\/api.w.org\/{rel}","templated":true}]}}