{"id":70647,"date":"2022-05-20T05:15:00","date_gmt":"2022-05-20T03:15:26","guid":{"rendered":"https:\/\/www.gruppoliturgico.com\/prodotto\/casulla-140\/"},"modified":"2022-06-02T13:55:04","modified_gmt":"2022-06-02T11:55:04","slug":"casulla-140","status":"publish","type":"product","link":"https:\/\/www.gruppoliturgico.com\/es\/producto\/casulla-140\/","title":{"rendered":"Casulla"},"content":{"rendered":"<html><body><p>Casulla tejida a mano 62% lana, 38% poli\u00e9ster.<br>\nAdornada con un moderno conjunto de bordados.<br>\nTres delicadas cruces peque\u00f1as doradas quedan resaltadas por recuadros en forma de cruz estilizada y de color un poco m\u00e1s acentuado respecto a la tela de fondo.<br>\nUn fino bordado de rayas doradas se repite en toda la amplitud de la casulla.<br>\nEl bordado es igual en los dos lados.<br>\nDisponible en los cuatros colores lit\u00fargicos<\/p>\n<\/body><\/html>","protected":false},"excerpt":{"rendered":"<p>Casulla tejida a mano 62% lana, 38% poli\u00e9ster.<br \/>\nAdornada con un moderno conjunto de bordados.<br \/>\nTres delicadas cruces peque\u00f1as doradas quedan resaltadas por recuadros en forma de cruz estilizada y de color un poco m\u00e1s acentuado respecto a la tela de fondo.<br \/>\nUn fino bordado de rayas doradas se repite en toda la amplitud de la casulla.<br \/>\nEl bordado es igual en los dos lados.<br \/>\nDisponible en los cuatros colores lit\u00fargicos<\/p>\n","protected":false},"featured_media":128727,"template":"","meta":[],"product_cat":[12239,12243],"product_tag":[],"yoast_head":"<!-- This site is optimized with the Yoast SEO plugin v20.4 - https:\/\/yoast.com\/wordpress\/plugins\/seo\/ -->\n<title>Casulla - tejidas a mano, colecci\u00f3n cl\u00e1sica y Laboratorio Gruppo Liturgico<\/title>\n<meta name=\"description\" content=\"Casulla tejida a mano 62% lana, 38% poli\u00e9ster. Adornada con un moderno conjunto de bordados.  Tres delicadas cruces peque\u00f1as doradas quedan resaltadas por recuadros en forma de cruz estilizada y de color un poco m\u00e1s acentuado respecto a la tela de fondo.  Un fino bordado de rayas doradas se repite en toda la amplitud de la casulla.  El bordado es igual en los dos lados. Disponible en los cuatros colores lit\u00fargicos\" \/>\n<meta name=\"robots\" content=\"index, follow, max-snippet:-1, max-image-preview:large, max-video-preview:-1\" \/>\n<link rel=\"canonical\" href=\"https:\/\/www.gruppoliturgico.com\/es\/producto\/casulla-140\/\" \/>\n<meta property=\"og:locale\" content=\"es_ES\" \/>\n<meta property=\"og:type\" content=\"article\" \/>\n<meta property=\"og:title\" content=\"Casulla - tejidas a mano, colecci\u00f3n cl\u00e1sica y Laboratorio Gruppo Liturgico\" \/>\n<meta property=\"og:description\" content=\"Casulla tejida a mano 62% lana, 38% poli\u00e9ster. Adornada con un moderno conjunto de bordados.  Tres delicadas cruces peque\u00f1as doradas quedan resaltadas por recuadros en forma de cruz estilizada y de color un poco m\u00e1s acentuado respecto a la tela de fondo.  Un fino bordado de rayas doradas se repite en toda la amplitud de la casulla.  El bordado es igual en los dos lados. Disponible en los cuatros colores lit\u00fargicos\" \/>\n<meta property=\"og:url\" content=\"https:\/\/www.gruppoliturgico.com\/es\/producto\/casulla-140\/\" \/>\n<meta property=\"og:site_name\" content=\"Laboratorio Gruppo Liturgico\" \/>\n<meta property=\"article:modified_time\" content=\"2022-06-02T11:55:04+00:00\" \/>\n<meta property=\"og:image\" content=\"https:\/\/www.gruppoliturgico.com\/wp-content\/uploads\/2022\/09\/3460-verde-1.jpg\" \/>\n\t<meta property=\"og:image:width\" content=\"1274\" \/>\n\t<meta property=\"og:image:height\" content=\"1500\" \/>\n\t<meta property=\"og:image:type\" content=\"image\/jpeg\" \/>\n<meta name=\"twitter:card\" content=\"summary_large_image\" \/>\n<script type=\"application\/ld+json\" class=\"yoast-schema-graph\">{\"@context\":\"https:\/\/schema.org\",\"@graph\":[{\"@type\":\"WebPage\",\"@id\":\"https:\/\/www.gruppoliturgico.com\/es\/producto\/casulla-140\/\",\"url\":\"https:\/\/www.gruppoliturgico.com\/es\/producto\/casulla-140\/\",\"name\":\"Casulla - tejidas a mano, colecci\u00f3n cl\u00e1sica y Laboratorio Gruppo Liturgico\",\"isPartOf\":{\"@id\":\"https:\/\/www.gruppoliturgico.com\/es\/#website\"},\"datePublished\":\"2022-05-20T03:15:26+00:00\",\"dateModified\":\"2022-06-02T11:55:04+00:00\",\"description\":\"Casulla tejida a mano 62% lana, 38% poli\u00e9ster. Adornada con un moderno conjunto de bordados. Tres delicadas cruces peque\u00f1as doradas quedan resaltadas por recuadros en forma de cruz estilizada y de color un poco m\u00e1s acentuado respecto a la tela de fondo. Un fino bordado de rayas doradas se repite en toda la amplitud de la casulla. El bordado es igual en los dos lados. Disponible en los cuatros colores lit\u00fargicos\",\"breadcrumb\":{\"@id\":\"https:\/\/www.gruppoliturgico.com\/es\/producto\/casulla-140\/#breadcrumb\"},\"inLanguage\":\"es\",\"potentialAction\":[{\"@type\":\"ReadAction\",\"target\":[\"https:\/\/www.gruppoliturgico.com\/es\/producto\/casulla-140\/\"]}]},{\"@type\":\"BreadcrumbList\",\"@id\":\"https:\/\/www.gruppoliturgico.com\/es\/producto\/casulla-140\/#breadcrumb\",\"itemListElement\":[{\"@type\":\"ListItem\",\"position\":1,\"name\":\"Home\",\"item\":\"https:\/\/www.gruppoliturgico.com\/es\/\"},{\"@type\":\"ListItem\",\"position\":2,\"name\":\"Tienda\",\"item\":\"https:\/\/www.gruppoliturgico.com\/es\/tienda\/\"},{\"@type\":\"ListItem\",\"position\":3,\"name\":\"Casulla\"}]},{\"@type\":\"WebSite\",\"@id\":\"https:\/\/www.gruppoliturgico.com\/es\/#website\",\"url\":\"https:\/\/www.gruppoliturgico.com\/es\/\",\"name\":\"Laboratorio Gruppo Liturgico\",\"description\":\"Articoli Religiosi online\",\"publisher\":{\"@id\":\"https:\/\/www.gruppoliturgico.com\/es\/#organization\"},\"potentialAction\":[{\"@type\":\"SearchAction\",\"target\":{\"@type\":\"EntryPoint\",\"urlTemplate\":\"https:\/\/www.gruppoliturgico.com\/es\/?s={search_term_string}\"},\"query-input\":\"required name=search_term_string\"}],\"inLanguage\":\"es\"},{\"@type\":\"Organization\",\"@id\":\"https:\/\/www.gruppoliturgico.com\/es\/#organization\",\"name\":\"Laboratorio Gruppo Liturgico\",\"url\":\"https:\/\/www.gruppoliturgico.com\/es\/\",\"logo\":{\"@type\":\"ImageObject\",\"inLanguage\":\"es\",\"@id\":\"https:\/\/www.gruppoliturgico.com\/es\/#\/schema\/logo\/image\/\",\"url\":\"https:\/\/www.gruppoliturgico.com\/wp-content\/uploads\/2022\/02\/logo-laboratoriogruppoliturgico.png\",\"contentUrl\":\"https:\/\/www.gruppoliturgico.com\/wp-content\/uploads\/2022\/02\/logo-laboratoriogruppoliturgico.png\",\"width\":400,\"height\":114,\"caption\":\"Laboratorio Gruppo Liturgico\"},\"image\":{\"@id\":\"https:\/\/www.gruppoliturgico.com\/es\/#\/schema\/logo\/image\/\"}}]}<\/script>\n<!-- \/ Yoast SEO plugin. -->","yoast_head_json":{"title":"Casulla - tejidas a mano, colecci\u00f3n cl\u00e1sica y Laboratorio Gruppo Liturgico","description":"Casulla tejida a mano 62% lana, 38% poli\u00e9ster. Adornada con un moderno conjunto de bordados.  Tres delicadas cruces peque\u00f1as doradas quedan resaltadas por recuadros en forma de cruz estilizada y de color un poco m\u00e1s acentuado respecto a la tela de fondo.  Un fino bordado de rayas doradas se repite en toda la amplitud de la casulla.  El bordado es igual en los dos lados. Disponible en los cuatros colores lit\u00fargicos","robots":{"index":"index","follow":"follow","max-snippet":"max-snippet:-1","max-image-preview":"max-image-preview:large","max-video-preview":"max-video-preview:-1"},"canonical":"https:\/\/www.gruppoliturgico.com\/es\/producto\/casulla-140\/","og_locale":"es_ES","og_type":"article","og_title":"Casulla - tejidas a mano, colecci\u00f3n cl\u00e1sica y Laboratorio Gruppo Liturgico","og_description":"Casulla tejida a mano 62% lana, 38% poli\u00e9ster. Adornada con un moderno conjunto de bordados.  Tres delicadas cruces peque\u00f1as doradas quedan resaltadas por recuadros en forma de cruz estilizada y de color un poco m\u00e1s acentuado respecto a la tela de fondo.  Un fino bordado de rayas doradas se repite en toda la amplitud de la casulla.  El bordado es igual en los dos lados. Disponible en los cuatros colores lit\u00fargicos","og_url":"https:\/\/www.gruppoliturgico.com\/es\/producto\/casulla-140\/","og_site_name":"Laboratorio Gruppo Liturgico","article_modified_time":"2022-06-02T11:55:04+00:00","og_image":[{"width":1274,"height":1500,"url":"https:\/\/www.gruppoliturgico.com\/wp-content\/uploads\/2022\/09\/3460-verde-1.jpg","type":"image\/jpeg"}],"twitter_card":"summary_large_image","schema":{"@context":"https:\/\/schema.org","@graph":[{"@type":"WebPage","@id":"https:\/\/www.gruppoliturgico.com\/es\/producto\/casulla-140\/","url":"https:\/\/www.gruppoliturgico.com\/es\/producto\/casulla-140\/","name":"Casulla - tejidas a mano, colecci\u00f3n cl\u00e1sica y Laboratorio Gruppo Liturgico","isPartOf":{"@id":"https:\/\/www.gruppoliturgico.com\/es\/#website"},"datePublished":"2022-05-20T03:15:26+00:00","dateModified":"2022-06-02T11:55:04+00:00","description":"Casulla tejida a mano 62% lana, 38% poli\u00e9ster. Adornada con un moderno conjunto de bordados. Tres delicadas cruces peque\u00f1as doradas quedan resaltadas por recuadros en forma de cruz estilizada y de color un poco m\u00e1s acentuado respecto a la tela de fondo. Un fino bordado de rayas doradas se repite en toda la amplitud de la casulla. El bordado es igual en los dos lados. Disponible en los cuatros colores lit\u00fargicos","breadcrumb":{"@id":"https:\/\/www.gruppoliturgico.com\/es\/producto\/casulla-140\/#breadcrumb"},"inLanguage":"es","potentialAction":[{"@type":"ReadAction","target":["https:\/\/www.gruppoliturgico.com\/es\/producto\/casulla-140\/"]}]},{"@type":"BreadcrumbList","@id":"https:\/\/www.gruppoliturgico.com\/es\/producto\/casulla-140\/#breadcrumb","itemListElement":[{"@type":"ListItem","position":1,"name":"Home","item":"https:\/\/www.gruppoliturgico.com\/es\/"},{"@type":"ListItem","position":2,"name":"Tienda","item":"https:\/\/www.gruppoliturgico.com\/es\/tienda\/"},{"@type":"ListItem","position":3,"name":"Casulla"}]},{"@type":"WebSite","@id":"https:\/\/www.gruppoliturgico.com\/es\/#website","url":"https:\/\/www.gruppoliturgico.com\/es\/","name":"Laboratorio Gruppo Liturgico","description":"Articoli Religiosi online","publisher":{"@id":"https:\/\/www.gruppoliturgico.com\/es\/#organization"},"potentialAction":[{"@type":"SearchAction","target":{"@type":"EntryPoint","urlTemplate":"https:\/\/www.gruppoliturgico.com\/es\/?s={search_term_string}"},"query-input":"required name=search_term_string"}],"inLanguage":"es"},{"@type":"Organization","@id":"https:\/\/www.gruppoliturgico.com\/es\/#organization","name":"Laboratorio Gruppo Liturgico","url":"https:\/\/www.gruppoliturgico.com\/es\/","logo":{"@type":"ImageObject","inLanguage":"es","@id":"https:\/\/www.gruppoliturgico.com\/es\/#\/schema\/logo\/image\/","url":"https:\/\/www.gruppoliturgico.com\/wp-content\/uploads\/2022\/02\/logo-laboratoriogruppoliturgico.png","contentUrl":"https:\/\/www.gruppoliturgico.com\/wp-content\/uploads\/2022\/02\/logo-laboratoriogruppoliturgico.png","width":400,"height":114,"caption":"Laboratorio Gruppo Liturgico"},"image":{"@id":"https:\/\/www.gruppoliturgico.com\/es\/#\/schema\/logo\/image\/"}}]}},"_links":{"self":[{"href":"https:\/\/www.gruppoliturgico.com\/es\/wp-json\/wp\/v2\/product\/70647"}],"collection":[{"href":"https:\/\/www.gruppoliturgico.com\/es\/wp-json\/wp\/v2\/product"}],"about":[{"href":"https:\/\/www.gruppoliturgico.com\/es\/wp-json\/wp\/v2\/types\/product"}],"wp:featuredmedia":[{"embeddable":true,"href":"https:\/\/www.gruppoliturgico.com\/es\/wp-json\/wp\/v2\/media\/128727"}],"wp:attachment":[{"href":"https:\/\/www.gruppoliturgico.com\/es\/wp-json\/wp\/v2\/media?parent=70647"}],"wp:term":[{"taxonomy":"product_cat","embeddable":true,"href":"https:\/\/www.gruppoliturgico.com\/es\/wp-json\/wp\/v2\/product_cat?post=70647"},{"taxonomy":"product_tag","embeddable":true,"href":"https:\/\/www.gruppoliturgico.com\/es\/wp-json\/wp\/v2\/product_tag?post=70647"}],"curies":[{"name":"wp","href":"https:\/\/api.w.org\/{rel}","templated":true}]}}