{"id":70607,"date":"2022-05-20T05:13:12","date_gmt":"2022-05-20T03:13:21","guid":{"rendered":"https:\/\/www.gruppoliturgico.com\/prodotto\/dalmatica-11\/"},"modified":"2022-09-19T14:37:21","modified_gmt":"2022-09-19T12:37:21","slug":"dalmatica-11","status":"publish","type":"product","link":"https:\/\/www.gruppoliturgico.com\/es\/producto\/dalmatica-11\/","title":{"rendered":"Dalm\u00e1tica"},"content":{"rendered":"<html><body><p>Dalm\u00e1tica ligera y lavable hecha con un tejido muy ligero de poli\u00e9ster.<br>\nBordado con motivo de cruce realizado directamente en el tejido tanto en la parte delantera como en la parte de atr\u00e1s.<br>\nIncluye la estola.<br>\nSe presenta en el color morado para el Adviento.<\/p>\n<\/body><\/html>","protected":false},"excerpt":{"rendered":"<p>Dalm\u00e1tica ligera y lavable hecha con un tejido muy ligero de poli\u00e9ster.<br \/>\nBordado con motivo de cruce realizado directamente en el tejido tanto en la parte delantera como en la parte de atr\u00e1s.<br \/>\nIncluye la estola.<br \/>\nSe presenta en el color morado para el Adviento.<\/p>\n","protected":false},"featured_media":130644,"template":"","meta":[],"product_cat":[12323],"product_tag":[],"yoast_head":"<!-- This site is optimized with the Yoast SEO plugin v20.4 - https:\/\/yoast.com\/wordpress\/plugins\/seo\/ -->\n<title>Dalm\u00e1tica - Dalm\u00e1ticas y Laboratorio Gruppo Liturgico<\/title>\n<meta name=\"description\" content=\"Dalm\u00e1tica ligera y lavable hecha con un tejido muy ligero de poli\u00e9ster. Bordado con motivo de cruce realizado directamente en el tejido tanto en la parte delantera como en la parte de atr\u00e1s. Incluye la estola. Se presenta en el color morado para el Adviento.\" \/>\n<meta name=\"robots\" content=\"index, follow, max-snippet:-1, max-image-preview:large, max-video-preview:-1\" \/>\n<link rel=\"canonical\" href=\"https:\/\/www.gruppoliturgico.com\/es\/producto\/dalmatica-11\/\" \/>\n<meta property=\"og:locale\" content=\"es_ES\" \/>\n<meta property=\"og:type\" content=\"article\" \/>\n<meta property=\"og:title\" content=\"Dalm\u00e1tica - Dalm\u00e1ticas y Laboratorio Gruppo Liturgico\" \/>\n<meta property=\"og:description\" content=\"Dalm\u00e1tica ligera y lavable hecha con un tejido muy ligero de poli\u00e9ster. Bordado con motivo de cruce realizado directamente en el tejido tanto en la parte delantera como en la parte de atr\u00e1s. Incluye la estola. Se presenta en el color morado para el Adviento.\" \/>\n<meta property=\"og:url\" content=\"https:\/\/www.gruppoliturgico.com\/es\/producto\/dalmatica-11\/\" \/>\n<meta property=\"og:site_name\" content=\"Laboratorio Gruppo Liturgico\" \/>\n<meta property=\"article:modified_time\" content=\"2022-09-19T12:37:21+00:00\" \/>\n<meta property=\"og:image\" content=\"https:\/\/www.gruppoliturgico.com\/wp-content\/uploads\/2022\/05\/3511.jpg\" \/>\n\t<meta property=\"og:image:width\" content=\"1050\" \/>\n\t<meta property=\"og:image:height\" content=\"1500\" \/>\n\t<meta property=\"og:image:type\" content=\"image\/jpeg\" \/>\n<meta name=\"twitter:card\" content=\"summary_large_image\" \/>\n<script type=\"application\/ld+json\" class=\"yoast-schema-graph\">{\"@context\":\"https:\/\/schema.org\",\"@graph\":[{\"@type\":\"WebPage\",\"@id\":\"https:\/\/www.gruppoliturgico.com\/es\/producto\/dalmatica-11\/\",\"url\":\"https:\/\/www.gruppoliturgico.com\/es\/producto\/dalmatica-11\/\",\"name\":\"Dalm\u00e1tica - Dalm\u00e1ticas y Laboratorio Gruppo Liturgico\",\"isPartOf\":{\"@id\":\"https:\/\/www.gruppoliturgico.com\/es\/#website\"},\"datePublished\":\"2022-05-20T03:13:21+00:00\",\"dateModified\":\"2022-09-19T12:37:21+00:00\",\"description\":\"Dalm\u00e1tica ligera y lavable hecha con un tejido muy ligero de poli\u00e9ster. Bordado con motivo de cruce realizado directamente en el tejido tanto en la parte delantera como en la parte de atr\u00e1s. Incluye la estola. Se presenta en el color morado para el Adviento.\",\"breadcrumb\":{\"@id\":\"https:\/\/www.gruppoliturgico.com\/es\/producto\/dalmatica-11\/#breadcrumb\"},\"inLanguage\":\"es\",\"potentialAction\":[{\"@type\":\"ReadAction\",\"target\":[\"https:\/\/www.gruppoliturgico.com\/es\/producto\/dalmatica-11\/\"]}]},{\"@type\":\"BreadcrumbList\",\"@id\":\"https:\/\/www.gruppoliturgico.com\/es\/producto\/dalmatica-11\/#breadcrumb\",\"itemListElement\":[{\"@type\":\"ListItem\",\"position\":1,\"name\":\"Home\",\"item\":\"https:\/\/www.gruppoliturgico.com\/es\/\"},{\"@type\":\"ListItem\",\"position\":2,\"name\":\"Tienda\",\"item\":\"https:\/\/www.gruppoliturgico.com\/es\/tienda\/\"},{\"@type\":\"ListItem\",\"position\":3,\"name\":\"Dalm\u00e1tica\"}]},{\"@type\":\"WebSite\",\"@id\":\"https:\/\/www.gruppoliturgico.com\/es\/#website\",\"url\":\"https:\/\/www.gruppoliturgico.com\/es\/\",\"name\":\"Laboratorio Gruppo Liturgico\",\"description\":\"Articoli Religiosi online\",\"publisher\":{\"@id\":\"https:\/\/www.gruppoliturgico.com\/es\/#organization\"},\"potentialAction\":[{\"@type\":\"SearchAction\",\"target\":{\"@type\":\"EntryPoint\",\"urlTemplate\":\"https:\/\/www.gruppoliturgico.com\/es\/?s={search_term_string}\"},\"query-input\":\"required name=search_term_string\"}],\"inLanguage\":\"es\"},{\"@type\":\"Organization\",\"@id\":\"https:\/\/www.gruppoliturgico.com\/es\/#organization\",\"name\":\"Laboratorio Gruppo Liturgico\",\"url\":\"https:\/\/www.gruppoliturgico.com\/es\/\",\"logo\":{\"@type\":\"ImageObject\",\"inLanguage\":\"es\",\"@id\":\"https:\/\/www.gruppoliturgico.com\/es\/#\/schema\/logo\/image\/\",\"url\":\"https:\/\/www.gruppoliturgico.com\/wp-content\/uploads\/2022\/02\/logo-laboratoriogruppoliturgico.png\",\"contentUrl\":\"https:\/\/www.gruppoliturgico.com\/wp-content\/uploads\/2022\/02\/logo-laboratoriogruppoliturgico.png\",\"width\":400,\"height\":114,\"caption\":\"Laboratorio Gruppo Liturgico\"},\"image\":{\"@id\":\"https:\/\/www.gruppoliturgico.com\/es\/#\/schema\/logo\/image\/\"}}]}<\/script>\n<!-- \/ Yoast SEO plugin. -->","yoast_head_json":{"title":"Dalm\u00e1tica - Dalm\u00e1ticas y Laboratorio Gruppo Liturgico","description":"Dalm\u00e1tica ligera y lavable hecha con un tejido muy ligero de poli\u00e9ster. Bordado con motivo de cruce realizado directamente en el tejido tanto en la parte delantera como en la parte de atr\u00e1s. Incluye la estola. Se presenta en el color morado para el Adviento.","robots":{"index":"index","follow":"follow","max-snippet":"max-snippet:-1","max-image-preview":"max-image-preview:large","max-video-preview":"max-video-preview:-1"},"canonical":"https:\/\/www.gruppoliturgico.com\/es\/producto\/dalmatica-11\/","og_locale":"es_ES","og_type":"article","og_title":"Dalm\u00e1tica - Dalm\u00e1ticas y Laboratorio Gruppo Liturgico","og_description":"Dalm\u00e1tica ligera y lavable hecha con un tejido muy ligero de poli\u00e9ster. Bordado con motivo de cruce realizado directamente en el tejido tanto en la parte delantera como en la parte de atr\u00e1s. Incluye la estola. Se presenta en el color morado para el Adviento.","og_url":"https:\/\/www.gruppoliturgico.com\/es\/producto\/dalmatica-11\/","og_site_name":"Laboratorio Gruppo Liturgico","article_modified_time":"2022-09-19T12:37:21+00:00","og_image":[{"width":1050,"height":1500,"url":"https:\/\/www.gruppoliturgico.com\/wp-content\/uploads\/2022\/05\/3511.jpg","type":"image\/jpeg"}],"twitter_card":"summary_large_image","schema":{"@context":"https:\/\/schema.org","@graph":[{"@type":"WebPage","@id":"https:\/\/www.gruppoliturgico.com\/es\/producto\/dalmatica-11\/","url":"https:\/\/www.gruppoliturgico.com\/es\/producto\/dalmatica-11\/","name":"Dalm\u00e1tica - Dalm\u00e1ticas y Laboratorio Gruppo Liturgico","isPartOf":{"@id":"https:\/\/www.gruppoliturgico.com\/es\/#website"},"datePublished":"2022-05-20T03:13:21+00:00","dateModified":"2022-09-19T12:37:21+00:00","description":"Dalm\u00e1tica ligera y lavable hecha con un tejido muy ligero de poli\u00e9ster. Bordado con motivo de cruce realizado directamente en el tejido tanto en la parte delantera como en la parte de atr\u00e1s. Incluye la estola. Se presenta en el color morado para el Adviento.","breadcrumb":{"@id":"https:\/\/www.gruppoliturgico.com\/es\/producto\/dalmatica-11\/#breadcrumb"},"inLanguage":"es","potentialAction":[{"@type":"ReadAction","target":["https:\/\/www.gruppoliturgico.com\/es\/producto\/dalmatica-11\/"]}]},{"@type":"BreadcrumbList","@id":"https:\/\/www.gruppoliturgico.com\/es\/producto\/dalmatica-11\/#breadcrumb","itemListElement":[{"@type":"ListItem","position":1,"name":"Home","item":"https:\/\/www.gruppoliturgico.com\/es\/"},{"@type":"ListItem","position":2,"name":"Tienda","item":"https:\/\/www.gruppoliturgico.com\/es\/tienda\/"},{"@type":"ListItem","position":3,"name":"Dalm\u00e1tica"}]},{"@type":"WebSite","@id":"https:\/\/www.gruppoliturgico.com\/es\/#website","url":"https:\/\/www.gruppoliturgico.com\/es\/","name":"Laboratorio Gruppo Liturgico","description":"Articoli Religiosi online","publisher":{"@id":"https:\/\/www.gruppoliturgico.com\/es\/#organization"},"potentialAction":[{"@type":"SearchAction","target":{"@type":"EntryPoint","urlTemplate":"https:\/\/www.gruppoliturgico.com\/es\/?s={search_term_string}"},"query-input":"required name=search_term_string"}],"inLanguage":"es"},{"@type":"Organization","@id":"https:\/\/www.gruppoliturgico.com\/es\/#organization","name":"Laboratorio Gruppo Liturgico","url":"https:\/\/www.gruppoliturgico.com\/es\/","logo":{"@type":"ImageObject","inLanguage":"es","@id":"https:\/\/www.gruppoliturgico.com\/es\/#\/schema\/logo\/image\/","url":"https:\/\/www.gruppoliturgico.com\/wp-content\/uploads\/2022\/02\/logo-laboratoriogruppoliturgico.png","contentUrl":"https:\/\/www.gruppoliturgico.com\/wp-content\/uploads\/2022\/02\/logo-laboratoriogruppoliturgico.png","width":400,"height":114,"caption":"Laboratorio Gruppo Liturgico"},"image":{"@id":"https:\/\/www.gruppoliturgico.com\/es\/#\/schema\/logo\/image\/"}}]}},"_links":{"self":[{"href":"https:\/\/www.gruppoliturgico.com\/es\/wp-json\/wp\/v2\/product\/70607"}],"collection":[{"href":"https:\/\/www.gruppoliturgico.com\/es\/wp-json\/wp\/v2\/product"}],"about":[{"href":"https:\/\/www.gruppoliturgico.com\/es\/wp-json\/wp\/v2\/types\/product"}],"wp:featuredmedia":[{"embeddable":true,"href":"https:\/\/www.gruppoliturgico.com\/es\/wp-json\/wp\/v2\/media\/130644"}],"wp:attachment":[{"href":"https:\/\/www.gruppoliturgico.com\/es\/wp-json\/wp\/v2\/media?parent=70607"}],"wp:term":[{"taxonomy":"product_cat","embeddable":true,"href":"https:\/\/www.gruppoliturgico.com\/es\/wp-json\/wp\/v2\/product_cat?post=70607"},{"taxonomy":"product_tag","embeddable":true,"href":"https:\/\/www.gruppoliturgico.com\/es\/wp-json\/wp\/v2\/product_tag?post=70607"}],"curies":[{"name":"wp","href":"https:\/\/api.w.org\/{rel}","templated":true}]}}