{"id":70059,"date":"2022-05-20T04:46:32","date_gmt":"2022-05-20T02:46:40","guid":{"rendered":"https:\/\/www.gruppoliturgico.com\/prodotto\/copon-61\/"},"modified":"2022-05-20T12:33:24","modified_gmt":"2022-05-20T10:33:24","slug":"copon-61","status":"publish","type":"product","link":"https:\/\/www.gruppoliturgico.com\/es\/producto\/copon-61\/","title":{"rendered":"cop\u00f3n"},"content":{"rendered":"<html><body><p>prestigiosa obra totalmente cincelada a mano con adornos barrocos.<br>\nDorada de oro fino con partes plateadas le proporcionan una delicada armon\u00eda crom\u00e1tica. <\/p>\n<p>Altura 13 cm<br>\nCopa \u00d8 13 cm <\/p>\n<\/body><\/html>","protected":false},"excerpt":{"rendered":"<p>prestigiosa obra totalmente cincelada a mano con adornos barrocos.<br \/>\nDorada de oro fino con partes plateadas le proporcionan una delicada armon\u00eda crom\u00e1tica. <\/p>\n<p>Altura 13 cm<br \/>\nCopa \u00d8 13 cm <\/p>\n","protected":false},"featured_media":80379,"template":"","meta":[],"product_cat":[12031],"product_tag":[],"yoast_head":"<!-- This site is optimized with the Yoast SEO plugin v20.4 - https:\/\/yoast.com\/wordpress\/plugins\/seo\/ -->\n<title>cop\u00f3n - colecci\u00f3n copones y Laboratorio Gruppo Liturgico<\/title>\n<meta name=\"description\" content=\"prestigiosa obra totalmente cincelada a mano con adornos barrocos.  Dorada de oro fino con partes plateadas le proporcionan una delicada armon\u00eda crom\u00e1tica.   Altura 13 cm Copa \u00d8 13 cm\" \/>\n<meta name=\"robots\" content=\"index, follow, max-snippet:-1, max-image-preview:large, max-video-preview:-1\" \/>\n<link rel=\"canonical\" href=\"https:\/\/www.gruppoliturgico.com\/es\/producto\/copon-61\/\" \/>\n<meta property=\"og:locale\" content=\"es_ES\" \/>\n<meta property=\"og:type\" content=\"article\" \/>\n<meta property=\"og:title\" content=\"cop\u00f3n - colecci\u00f3n copones y Laboratorio Gruppo Liturgico\" \/>\n<meta property=\"og:description\" content=\"prestigiosa obra totalmente cincelada a mano con adornos barrocos.  Dorada de oro fino con partes plateadas le proporcionan una delicada armon\u00eda crom\u00e1tica.   Altura 13 cm Copa \u00d8 13 cm\" \/>\n<meta property=\"og:url\" content=\"https:\/\/www.gruppoliturgico.com\/es\/producto\/copon-61\/\" \/>\n<meta property=\"og:site_name\" content=\"Laboratorio Gruppo Liturgico\" \/>\n<meta property=\"article:modified_time\" content=\"2022-05-20T10:33:24+00:00\" \/>\n<meta property=\"og:image\" content=\"https:\/\/www.gruppoliturgico.com\/wp-content\/uploads\/2022\/05\/3201.jpg\" \/>\n\t<meta property=\"og:image:width\" content=\"1500\" \/>\n\t<meta property=\"og:image:height\" content=\"1436\" \/>\n\t<meta property=\"og:image:type\" content=\"image\/jpeg\" \/>\n<meta name=\"twitter:card\" content=\"summary_large_image\" \/>\n<script type=\"application\/ld+json\" class=\"yoast-schema-graph\">{\"@context\":\"https:\/\/schema.org\",\"@graph\":[{\"@type\":\"WebPage\",\"@id\":\"https:\/\/www.gruppoliturgico.com\/es\/producto\/copon-61\/\",\"url\":\"https:\/\/www.gruppoliturgico.com\/es\/producto\/copon-61\/\",\"name\":\"cop\u00f3n - colecci\u00f3n copones y Laboratorio Gruppo Liturgico\",\"isPartOf\":{\"@id\":\"https:\/\/www.gruppoliturgico.com\/es\/#website\"},\"datePublished\":\"2022-05-20T02:46:40+00:00\",\"dateModified\":\"2022-05-20T10:33:24+00:00\",\"description\":\"prestigiosa obra totalmente cincelada a mano con adornos barrocos. Dorada de oro fino con partes plateadas le proporcionan una delicada armon\u00eda crom\u00e1tica. Altura 13 cm Copa \u00d8 13 cm\",\"breadcrumb\":{\"@id\":\"https:\/\/www.gruppoliturgico.com\/es\/producto\/copon-61\/#breadcrumb\"},\"inLanguage\":\"es\",\"potentialAction\":[{\"@type\":\"ReadAction\",\"target\":[\"https:\/\/www.gruppoliturgico.com\/es\/producto\/copon-61\/\"]}]},{\"@type\":\"BreadcrumbList\",\"@id\":\"https:\/\/www.gruppoliturgico.com\/es\/producto\/copon-61\/#breadcrumb\",\"itemListElement\":[{\"@type\":\"ListItem\",\"position\":1,\"name\":\"Home\",\"item\":\"https:\/\/www.gruppoliturgico.com\/es\/\"},{\"@type\":\"ListItem\",\"position\":2,\"name\":\"Tienda\",\"item\":\"https:\/\/www.gruppoliturgico.com\/es\/tienda\/\"},{\"@type\":\"ListItem\",\"position\":3,\"name\":\"cop\u00f3n\"}]},{\"@type\":\"WebSite\",\"@id\":\"https:\/\/www.gruppoliturgico.com\/es\/#website\",\"url\":\"https:\/\/www.gruppoliturgico.com\/es\/\",\"name\":\"Laboratorio Gruppo Liturgico\",\"description\":\"Articoli Religiosi online\",\"publisher\":{\"@id\":\"https:\/\/www.gruppoliturgico.com\/es\/#organization\"},\"potentialAction\":[{\"@type\":\"SearchAction\",\"target\":{\"@type\":\"EntryPoint\",\"urlTemplate\":\"https:\/\/www.gruppoliturgico.com\/es\/?s={search_term_string}\"},\"query-input\":\"required name=search_term_string\"}],\"inLanguage\":\"es\"},{\"@type\":\"Organization\",\"@id\":\"https:\/\/www.gruppoliturgico.com\/es\/#organization\",\"name\":\"Laboratorio Gruppo Liturgico\",\"url\":\"https:\/\/www.gruppoliturgico.com\/es\/\",\"logo\":{\"@type\":\"ImageObject\",\"inLanguage\":\"es\",\"@id\":\"https:\/\/www.gruppoliturgico.com\/es\/#\/schema\/logo\/image\/\",\"url\":\"https:\/\/www.gruppoliturgico.com\/wp-content\/uploads\/2022\/02\/logo-laboratoriogruppoliturgico.png\",\"contentUrl\":\"https:\/\/www.gruppoliturgico.com\/wp-content\/uploads\/2022\/02\/logo-laboratoriogruppoliturgico.png\",\"width\":400,\"height\":114,\"caption\":\"Laboratorio Gruppo Liturgico\"},\"image\":{\"@id\":\"https:\/\/www.gruppoliturgico.com\/es\/#\/schema\/logo\/image\/\"}}]}<\/script>\n<!-- \/ Yoast SEO plugin. -->","yoast_head_json":{"title":"cop\u00f3n - colecci\u00f3n copones y Laboratorio Gruppo Liturgico","description":"prestigiosa obra totalmente cincelada a mano con adornos barrocos.  Dorada de oro fino con partes plateadas le proporcionan una delicada armon\u00eda crom\u00e1tica.   Altura 13 cm Copa \u00d8 13 cm","robots":{"index":"index","follow":"follow","max-snippet":"max-snippet:-1","max-image-preview":"max-image-preview:large","max-video-preview":"max-video-preview:-1"},"canonical":"https:\/\/www.gruppoliturgico.com\/es\/producto\/copon-61\/","og_locale":"es_ES","og_type":"article","og_title":"cop\u00f3n - colecci\u00f3n copones y Laboratorio Gruppo Liturgico","og_description":"prestigiosa obra totalmente cincelada a mano con adornos barrocos.  Dorada de oro fino con partes plateadas le proporcionan una delicada armon\u00eda crom\u00e1tica.   Altura 13 cm Copa \u00d8 13 cm","og_url":"https:\/\/www.gruppoliturgico.com\/es\/producto\/copon-61\/","og_site_name":"Laboratorio Gruppo Liturgico","article_modified_time":"2022-05-20T10:33:24+00:00","og_image":[{"width":1500,"height":1436,"url":"https:\/\/www.gruppoliturgico.com\/wp-content\/uploads\/2022\/05\/3201.jpg","type":"image\/jpeg"}],"twitter_card":"summary_large_image","schema":{"@context":"https:\/\/schema.org","@graph":[{"@type":"WebPage","@id":"https:\/\/www.gruppoliturgico.com\/es\/producto\/copon-61\/","url":"https:\/\/www.gruppoliturgico.com\/es\/producto\/copon-61\/","name":"cop\u00f3n - colecci\u00f3n copones y Laboratorio Gruppo Liturgico","isPartOf":{"@id":"https:\/\/www.gruppoliturgico.com\/es\/#website"},"datePublished":"2022-05-20T02:46:40+00:00","dateModified":"2022-05-20T10:33:24+00:00","description":"prestigiosa obra totalmente cincelada a mano con adornos barrocos. Dorada de oro fino con partes plateadas le proporcionan una delicada armon\u00eda crom\u00e1tica. Altura 13 cm Copa \u00d8 13 cm","breadcrumb":{"@id":"https:\/\/www.gruppoliturgico.com\/es\/producto\/copon-61\/#breadcrumb"},"inLanguage":"es","potentialAction":[{"@type":"ReadAction","target":["https:\/\/www.gruppoliturgico.com\/es\/producto\/copon-61\/"]}]},{"@type":"BreadcrumbList","@id":"https:\/\/www.gruppoliturgico.com\/es\/producto\/copon-61\/#breadcrumb","itemListElement":[{"@type":"ListItem","position":1,"name":"Home","item":"https:\/\/www.gruppoliturgico.com\/es\/"},{"@type":"ListItem","position":2,"name":"Tienda","item":"https:\/\/www.gruppoliturgico.com\/es\/tienda\/"},{"@type":"ListItem","position":3,"name":"cop\u00f3n"}]},{"@type":"WebSite","@id":"https:\/\/www.gruppoliturgico.com\/es\/#website","url":"https:\/\/www.gruppoliturgico.com\/es\/","name":"Laboratorio Gruppo Liturgico","description":"Articoli Religiosi online","publisher":{"@id":"https:\/\/www.gruppoliturgico.com\/es\/#organization"},"potentialAction":[{"@type":"SearchAction","target":{"@type":"EntryPoint","urlTemplate":"https:\/\/www.gruppoliturgico.com\/es\/?s={search_term_string}"},"query-input":"required name=search_term_string"}],"inLanguage":"es"},{"@type":"Organization","@id":"https:\/\/www.gruppoliturgico.com\/es\/#organization","name":"Laboratorio Gruppo Liturgico","url":"https:\/\/www.gruppoliturgico.com\/es\/","logo":{"@type":"ImageObject","inLanguage":"es","@id":"https:\/\/www.gruppoliturgico.com\/es\/#\/schema\/logo\/image\/","url":"https:\/\/www.gruppoliturgico.com\/wp-content\/uploads\/2022\/02\/logo-laboratoriogruppoliturgico.png","contentUrl":"https:\/\/www.gruppoliturgico.com\/wp-content\/uploads\/2022\/02\/logo-laboratoriogruppoliturgico.png","width":400,"height":114,"caption":"Laboratorio Gruppo Liturgico"},"image":{"@id":"https:\/\/www.gruppoliturgico.com\/es\/#\/schema\/logo\/image\/"}}]}},"_links":{"self":[{"href":"https:\/\/www.gruppoliturgico.com\/es\/wp-json\/wp\/v2\/product\/70059"}],"collection":[{"href":"https:\/\/www.gruppoliturgico.com\/es\/wp-json\/wp\/v2\/product"}],"about":[{"href":"https:\/\/www.gruppoliturgico.com\/es\/wp-json\/wp\/v2\/types\/product"}],"wp:featuredmedia":[{"embeddable":true,"href":"https:\/\/www.gruppoliturgico.com\/es\/wp-json\/wp\/v2\/media\/80379"}],"wp:attachment":[{"href":"https:\/\/www.gruppoliturgico.com\/es\/wp-json\/wp\/v2\/media?parent=70059"}],"wp:term":[{"taxonomy":"product_cat","embeddable":true,"href":"https:\/\/www.gruppoliturgico.com\/es\/wp-json\/wp\/v2\/product_cat?post=70059"},{"taxonomy":"product_tag","embeddable":true,"href":"https:\/\/www.gruppoliturgico.com\/es\/wp-json\/wp\/v2\/product_tag?post=70059"}],"curies":[{"name":"wp","href":"https:\/\/api.w.org\/{rel}","templated":true}]}}