{"id":70019,"date":"2022-05-20T04:44:00","date_gmt":"2022-05-20T02:44:42","guid":{"rendered":"https:\/\/www.gruppoliturgico.com\/prodotto\/dalmatica-9\/"},"modified":"2024-12-09T09:02:05","modified_gmt":"2024-12-09T08:02:05","slug":"dalmatica-9","status":"publish","type":"product","link":"https:\/\/www.gruppoliturgico.com\/es\/producto\/dalmatica-9\/","title":{"rendered":"Dalm\u00e1tica"},"content":{"rendered":"<html><body><p>Dalm\u00e1tica ligera y lavable hecha con un tejido muy ligero de poli\u00e9ster.<br>\nA buen precio .<br>\nBordado con motivo de cruce realizado directamente en el tejido tanto en la parte delantera como en la parte de atr\u00e1s.<br>\nIncluye la estola.<br>\nDisponible en los colores lit\u00fargicos, en rosa y en morado para Adviento.<\/p>\n<\/body><\/html>","protected":false},"excerpt":{"rendered":"<p>Dalm\u00e1tica ligera y lavable hecha con un tejido muy ligero de poli\u00e9ster.<br \/>\nA buen precio .<br \/>\nBordado con motivo de cruce realizado directamente en el tejido tanto en la parte delantera como en la parte de atr\u00e1s.<br \/>\nIncluye la estola.<br \/>\nDisponible en los colores lit\u00fargicos, en rosa y en morado para Adviento.<\/p>\n","protected":false},"featured_media":130672,"template":"","meta":[],"product_cat":[12323],"product_tag":[],"yoast_head":"<!-- This site is optimized with the Yoast SEO plugin v20.4 - https:\/\/yoast.com\/wordpress\/plugins\/seo\/ -->\n<title>Dalm\u00e1tica - Dalm\u00e1ticas y Laboratorio Gruppo Liturgico<\/title>\n<meta name=\"description\" content=\"Dalm\u00e1tica ligera y lavable hecha con un tejido muy ligero de poli\u00e9ster. A buen precio . Bordado con motivo de cruce realizado directamente en el tejido tanto en la parte delantera como en la parte de atr\u00e1s. Incluye la estola. Disponible en los colores lit\u00fargicos, en rosa y en morado para Adviento.\" \/>\n<meta name=\"robots\" content=\"index, follow, max-snippet:-1, max-image-preview:large, max-video-preview:-1\" \/>\n<link rel=\"canonical\" href=\"https:\/\/www.gruppoliturgico.com\/es\/producto\/dalmatica-9\/\" \/>\n<meta property=\"og:locale\" content=\"es_ES\" \/>\n<meta property=\"og:type\" content=\"article\" \/>\n<meta property=\"og:title\" content=\"Dalm\u00e1tica - Dalm\u00e1ticas y Laboratorio Gruppo Liturgico\" \/>\n<meta property=\"og:description\" content=\"Dalm\u00e1tica ligera y lavable hecha con un tejido muy ligero de poli\u00e9ster. A buen precio . Bordado con motivo de cruce realizado directamente en el tejido tanto en la parte delantera como en la parte de atr\u00e1s. Incluye la estola. Disponible en los colores lit\u00fargicos, en rosa y en morado para Adviento.\" \/>\n<meta property=\"og:url\" content=\"https:\/\/www.gruppoliturgico.com\/es\/producto\/dalmatica-9\/\" \/>\n<meta property=\"og:site_name\" content=\"Laboratorio Gruppo Liturgico\" \/>\n<meta property=\"article:modified_time\" content=\"2024-12-09T08:02:05+00:00\" \/>\n<meta property=\"og:image\" content=\"https:\/\/www.gruppoliturgico.com\/wp-content\/uploads\/2022\/05\/3511rit_inPixio.jpg\" \/>\n\t<meta property=\"og:image:width\" content=\"1243\" \/>\n\t<meta property=\"og:image:height\" content=\"2000\" \/>\n\t<meta property=\"og:image:type\" content=\"image\/jpeg\" \/>\n<meta name=\"twitter:card\" content=\"summary_large_image\" \/>\n<script type=\"application\/ld+json\" class=\"yoast-schema-graph\">{\"@context\":\"https:\/\/schema.org\",\"@graph\":[{\"@type\":\"WebPage\",\"@id\":\"https:\/\/www.gruppoliturgico.com\/es\/producto\/dalmatica-9\/\",\"url\":\"https:\/\/www.gruppoliturgico.com\/es\/producto\/dalmatica-9\/\",\"name\":\"Dalm\u00e1tica - Dalm\u00e1ticas y Laboratorio Gruppo Liturgico\",\"isPartOf\":{\"@id\":\"https:\/\/www.gruppoliturgico.com\/es\/#website\"},\"datePublished\":\"2022-05-20T02:44:42+00:00\",\"dateModified\":\"2024-12-09T08:02:05+00:00\",\"description\":\"Dalm\u00e1tica ligera y lavable hecha con un tejido muy ligero de poli\u00e9ster. A buen precio . Bordado con motivo de cruce realizado directamente en el tejido tanto en la parte delantera como en la parte de atr\u00e1s. Incluye la estola. Disponible en los colores lit\u00fargicos, en rosa y en morado para Adviento.\",\"breadcrumb\":{\"@id\":\"https:\/\/www.gruppoliturgico.com\/es\/producto\/dalmatica-9\/#breadcrumb\"},\"inLanguage\":\"es\",\"potentialAction\":[{\"@type\":\"ReadAction\",\"target\":[\"https:\/\/www.gruppoliturgico.com\/es\/producto\/dalmatica-9\/\"]}]},{\"@type\":\"BreadcrumbList\",\"@id\":\"https:\/\/www.gruppoliturgico.com\/es\/producto\/dalmatica-9\/#breadcrumb\",\"itemListElement\":[{\"@type\":\"ListItem\",\"position\":1,\"name\":\"Home\",\"item\":\"https:\/\/www.gruppoliturgico.com\/es\/\"},{\"@type\":\"ListItem\",\"position\":2,\"name\":\"Tienda\",\"item\":\"https:\/\/www.gruppoliturgico.com\/es\/tienda\/\"},{\"@type\":\"ListItem\",\"position\":3,\"name\":\"Dalm\u00e1tica\"}]},{\"@type\":\"WebSite\",\"@id\":\"https:\/\/www.gruppoliturgico.com\/es\/#website\",\"url\":\"https:\/\/www.gruppoliturgico.com\/es\/\",\"name\":\"Laboratorio Gruppo Liturgico\",\"description\":\"Articoli Religiosi online\",\"publisher\":{\"@id\":\"https:\/\/www.gruppoliturgico.com\/es\/#organization\"},\"potentialAction\":[{\"@type\":\"SearchAction\",\"target\":{\"@type\":\"EntryPoint\",\"urlTemplate\":\"https:\/\/www.gruppoliturgico.com\/es\/?s={search_term_string}\"},\"query-input\":\"required name=search_term_string\"}],\"inLanguage\":\"es\"},{\"@type\":\"Organization\",\"@id\":\"https:\/\/www.gruppoliturgico.com\/es\/#organization\",\"name\":\"Laboratorio Gruppo Liturgico\",\"url\":\"https:\/\/www.gruppoliturgico.com\/es\/\",\"logo\":{\"@type\":\"ImageObject\",\"inLanguage\":\"es\",\"@id\":\"https:\/\/www.gruppoliturgico.com\/es\/#\/schema\/logo\/image\/\",\"url\":\"https:\/\/www.gruppoliturgico.com\/wp-content\/uploads\/2022\/02\/logo-laboratoriogruppoliturgico.png\",\"contentUrl\":\"https:\/\/www.gruppoliturgico.com\/wp-content\/uploads\/2022\/02\/logo-laboratoriogruppoliturgico.png\",\"width\":400,\"height\":114,\"caption\":\"Laboratorio Gruppo Liturgico\"},\"image\":{\"@id\":\"https:\/\/www.gruppoliturgico.com\/es\/#\/schema\/logo\/image\/\"}}]}<\/script>\n<!-- \/ Yoast SEO plugin. -->","yoast_head_json":{"title":"Dalm\u00e1tica - Dalm\u00e1ticas y Laboratorio Gruppo Liturgico","description":"Dalm\u00e1tica ligera y lavable hecha con un tejido muy ligero de poli\u00e9ster. A buen precio . Bordado con motivo de cruce realizado directamente en el tejido tanto en la parte delantera como en la parte de atr\u00e1s. Incluye la estola. Disponible en los colores lit\u00fargicos, en rosa y en morado para Adviento.","robots":{"index":"index","follow":"follow","max-snippet":"max-snippet:-1","max-image-preview":"max-image-preview:large","max-video-preview":"max-video-preview:-1"},"canonical":"https:\/\/www.gruppoliturgico.com\/es\/producto\/dalmatica-9\/","og_locale":"es_ES","og_type":"article","og_title":"Dalm\u00e1tica - Dalm\u00e1ticas y Laboratorio Gruppo Liturgico","og_description":"Dalm\u00e1tica ligera y lavable hecha con un tejido muy ligero de poli\u00e9ster. A buen precio . Bordado con motivo de cruce realizado directamente en el tejido tanto en la parte delantera como en la parte de atr\u00e1s. Incluye la estola. Disponible en los colores lit\u00fargicos, en rosa y en morado para Adviento.","og_url":"https:\/\/www.gruppoliturgico.com\/es\/producto\/dalmatica-9\/","og_site_name":"Laboratorio Gruppo Liturgico","article_modified_time":"2024-12-09T08:02:05+00:00","og_image":[{"width":1243,"height":2000,"url":"https:\/\/www.gruppoliturgico.com\/wp-content\/uploads\/2022\/05\/3511rit_inPixio.jpg","type":"image\/jpeg"}],"twitter_card":"summary_large_image","schema":{"@context":"https:\/\/schema.org","@graph":[{"@type":"WebPage","@id":"https:\/\/www.gruppoliturgico.com\/es\/producto\/dalmatica-9\/","url":"https:\/\/www.gruppoliturgico.com\/es\/producto\/dalmatica-9\/","name":"Dalm\u00e1tica - Dalm\u00e1ticas y Laboratorio Gruppo Liturgico","isPartOf":{"@id":"https:\/\/www.gruppoliturgico.com\/es\/#website"},"datePublished":"2022-05-20T02:44:42+00:00","dateModified":"2024-12-09T08:02:05+00:00","description":"Dalm\u00e1tica ligera y lavable hecha con un tejido muy ligero de poli\u00e9ster. A buen precio . Bordado con motivo de cruce realizado directamente en el tejido tanto en la parte delantera como en la parte de atr\u00e1s. Incluye la estola. Disponible en los colores lit\u00fargicos, en rosa y en morado para Adviento.","breadcrumb":{"@id":"https:\/\/www.gruppoliturgico.com\/es\/producto\/dalmatica-9\/#breadcrumb"},"inLanguage":"es","potentialAction":[{"@type":"ReadAction","target":["https:\/\/www.gruppoliturgico.com\/es\/producto\/dalmatica-9\/"]}]},{"@type":"BreadcrumbList","@id":"https:\/\/www.gruppoliturgico.com\/es\/producto\/dalmatica-9\/#breadcrumb","itemListElement":[{"@type":"ListItem","position":1,"name":"Home","item":"https:\/\/www.gruppoliturgico.com\/es\/"},{"@type":"ListItem","position":2,"name":"Tienda","item":"https:\/\/www.gruppoliturgico.com\/es\/tienda\/"},{"@type":"ListItem","position":3,"name":"Dalm\u00e1tica"}]},{"@type":"WebSite","@id":"https:\/\/www.gruppoliturgico.com\/es\/#website","url":"https:\/\/www.gruppoliturgico.com\/es\/","name":"Laboratorio Gruppo Liturgico","description":"Articoli Religiosi online","publisher":{"@id":"https:\/\/www.gruppoliturgico.com\/es\/#organization"},"potentialAction":[{"@type":"SearchAction","target":{"@type":"EntryPoint","urlTemplate":"https:\/\/www.gruppoliturgico.com\/es\/?s={search_term_string}"},"query-input":"required name=search_term_string"}],"inLanguage":"es"},{"@type":"Organization","@id":"https:\/\/www.gruppoliturgico.com\/es\/#organization","name":"Laboratorio Gruppo Liturgico","url":"https:\/\/www.gruppoliturgico.com\/es\/","logo":{"@type":"ImageObject","inLanguage":"es","@id":"https:\/\/www.gruppoliturgico.com\/es\/#\/schema\/logo\/image\/","url":"https:\/\/www.gruppoliturgico.com\/wp-content\/uploads\/2022\/02\/logo-laboratoriogruppoliturgico.png","contentUrl":"https:\/\/www.gruppoliturgico.com\/wp-content\/uploads\/2022\/02\/logo-laboratoriogruppoliturgico.png","width":400,"height":114,"caption":"Laboratorio Gruppo Liturgico"},"image":{"@id":"https:\/\/www.gruppoliturgico.com\/es\/#\/schema\/logo\/image\/"}}]}},"_links":{"self":[{"href":"https:\/\/www.gruppoliturgico.com\/es\/wp-json\/wp\/v2\/product\/70019"}],"collection":[{"href":"https:\/\/www.gruppoliturgico.com\/es\/wp-json\/wp\/v2\/product"}],"about":[{"href":"https:\/\/www.gruppoliturgico.com\/es\/wp-json\/wp\/v2\/types\/product"}],"wp:featuredmedia":[{"embeddable":true,"href":"https:\/\/www.gruppoliturgico.com\/es\/wp-json\/wp\/v2\/media\/130672"}],"wp:attachment":[{"href":"https:\/\/www.gruppoliturgico.com\/es\/wp-json\/wp\/v2\/media?parent=70019"}],"wp:term":[{"taxonomy":"product_cat","embeddable":true,"href":"https:\/\/www.gruppoliturgico.com\/es\/wp-json\/wp\/v2\/product_cat?post=70019"},{"taxonomy":"product_tag","embeddable":true,"href":"https:\/\/www.gruppoliturgico.com\/es\/wp-json\/wp\/v2\/product_tag?post=70019"}],"curies":[{"name":"wp","href":"https:\/\/api.w.org\/{rel}","templated":true}]}}