{"id":69939,"date":"2022-05-20T04:39:00","date_gmt":"2022-05-20T02:40:09","guid":{"rendered":"https:\/\/www.gruppoliturgico.com\/prodotto\/casulla-116\/"},"modified":"2022-09-03T09:43:04","modified_gmt":"2022-09-03T07:43:04","slug":"casulla-116","status":"publish","type":"product","link":"https:\/\/www.gruppoliturgico.com\/es\/producto\/casulla-116\/","title":{"rendered":"Casulla"},"content":{"rendered":"<html><body><p>Casulla formada por el 62% de lana y el 38% de poli\u00e9ster. Totalmente confeccionada a mano.<br>\nLos bordados, particularmente originales y realizados con hilos dorados, se repiten en los dos lados y sobre los hombros. Especialmente original, se distingue por su pr\u00e1ctica elegancia.<br>\nLas caracter\u00edsticas m\u00e1s apreciadas de este paramento son su gran suavidad y su \u00f3ptima transpirabilidad (el tejido deja pasar el aire), adem\u00e1s de que casi no se arruga.<br>\nEst\u00e1 disponible en todos los colores Lit\u00fargicos.<\/p>\n<\/body><\/html>","protected":false},"excerpt":{"rendered":"<p>Casulla formada por el 62% de lana y el 38% de poli\u00e9ster. Totalmente confeccionada a mano.<br \/>\nLos bordados, particularmente originales y realizados con hilos dorados, se repiten en los dos lados y sobre los hombros. Especialmente original, se distingue por su pr\u00e1ctica elegancia.<br \/>\nLas caracter\u00edsticas m\u00e1s apreciadas de este paramento son su gran suavidad y su \u00f3ptima transpirabilidad (el tejido deja pasar el aire), adem\u00e1s de que casi no se arruga.<br \/>\nEst\u00e1 disponible en todos los colores Lit\u00fargicos<\/p>\n","protected":false},"featured_media":135793,"template":"","meta":[],"product_cat":[12239,12243],"product_tag":[],"yoast_head":"<!-- This site is optimized with the Yoast SEO plugin v20.4 - https:\/\/yoast.com\/wordpress\/plugins\/seo\/ -->\n<title>Casulla - tejidas a mano, colecci\u00f3n cl\u00e1sica y Laboratorio Gruppo Liturgico<\/title>\n<meta name=\"description\" content=\"Casulla formada por el 62% de lana y el 38% de poli\u00e9ster. Totalmente confeccionada a mano.  Los bordados, particularmente originales y realizados con hilos dorados, se repiten en los dos lados y sobre los hombros. Especialmente original, se distingue por su pr\u00e1ctica elegancia.  Las caracter\u00edsticas m\u00e1s apreciadas de este paramento son su gran suavidad y su \u00f3ptima transpirabilidad (el tejido deja pasar el aire), adem\u00e1s de que casi no se arruga.  Est\u00e1 disponible en todos los colores Lit\u00fargicos\" \/>\n<meta name=\"robots\" content=\"index, follow, max-snippet:-1, max-image-preview:large, max-video-preview:-1\" \/>\n<link rel=\"canonical\" href=\"https:\/\/www.gruppoliturgico.com\/es\/producto\/casulla-116\/\" \/>\n<meta property=\"og:locale\" content=\"es_ES\" \/>\n<meta property=\"og:type\" content=\"article\" \/>\n<meta property=\"og:title\" content=\"Casulla - tejidas a mano, colecci\u00f3n cl\u00e1sica y Laboratorio Gruppo Liturgico\" \/>\n<meta property=\"og:description\" content=\"Casulla formada por el 62% de lana y el 38% de poli\u00e9ster. Totalmente confeccionada a mano.  Los bordados, particularmente originales y realizados con hilos dorados, se repiten en los dos lados y sobre los hombros. Especialmente original, se distingue por su pr\u00e1ctica elegancia.  Las caracter\u00edsticas m\u00e1s apreciadas de este paramento son su gran suavidad y su \u00f3ptima transpirabilidad (el tejido deja pasar el aire), adem\u00e1s de que casi no se arruga.  Est\u00e1 disponible en todos los colores Lit\u00fargicos\" \/>\n<meta property=\"og:url\" content=\"https:\/\/www.gruppoliturgico.com\/es\/producto\/casulla-116\/\" \/>\n<meta property=\"og:site_name\" content=\"Laboratorio Gruppo Liturgico\" \/>\n<meta property=\"article:modified_time\" content=\"2022-09-03T07:43:04+00:00\" \/>\n<meta property=\"og:image\" content=\"https:\/\/www.gruppoliturgico.com\/wp-content\/uploads\/2022\/05\/311520rosso.jpg\" \/>\n\t<meta property=\"og:image:width\" content=\"1235\" \/>\n\t<meta property=\"og:image:height\" content=\"1500\" \/>\n\t<meta property=\"og:image:type\" content=\"image\/jpeg\" \/>\n<meta name=\"twitter:card\" content=\"summary_large_image\" \/>\n<script type=\"application\/ld+json\" class=\"yoast-schema-graph\">{\"@context\":\"https:\/\/schema.org\",\"@graph\":[{\"@type\":\"WebPage\",\"@id\":\"https:\/\/www.gruppoliturgico.com\/es\/producto\/casulla-116\/\",\"url\":\"https:\/\/www.gruppoliturgico.com\/es\/producto\/casulla-116\/\",\"name\":\"Casulla - tejidas a mano, colecci\u00f3n cl\u00e1sica y Laboratorio Gruppo Liturgico\",\"isPartOf\":{\"@id\":\"https:\/\/www.gruppoliturgico.com\/es\/#website\"},\"datePublished\":\"2022-05-20T02:40:09+00:00\",\"dateModified\":\"2022-09-03T07:43:04+00:00\",\"description\":\"Casulla formada por el 62% de lana y el 38% de poli\u00e9ster. Totalmente confeccionada a mano. Los bordados, particularmente originales y realizados con hilos dorados, se repiten en los dos lados y sobre los hombros. Especialmente original, se distingue por su pr\u00e1ctica elegancia. Las caracter\u00edsticas m\u00e1s apreciadas de este paramento son su gran suavidad y su \u00f3ptima transpirabilidad (el tejido deja pasar el aire), adem\u00e1s de que casi no se arruga. Est\u00e1 disponible en todos los colores Lit\u00fargicos\",\"breadcrumb\":{\"@id\":\"https:\/\/www.gruppoliturgico.com\/es\/producto\/casulla-116\/#breadcrumb\"},\"inLanguage\":\"es\",\"potentialAction\":[{\"@type\":\"ReadAction\",\"target\":[\"https:\/\/www.gruppoliturgico.com\/es\/producto\/casulla-116\/\"]}]},{\"@type\":\"BreadcrumbList\",\"@id\":\"https:\/\/www.gruppoliturgico.com\/es\/producto\/casulla-116\/#breadcrumb\",\"itemListElement\":[{\"@type\":\"ListItem\",\"position\":1,\"name\":\"Home\",\"item\":\"https:\/\/www.gruppoliturgico.com\/es\/\"},{\"@type\":\"ListItem\",\"position\":2,\"name\":\"Tienda\",\"item\":\"https:\/\/www.gruppoliturgico.com\/es\/tienda\/\"},{\"@type\":\"ListItem\",\"position\":3,\"name\":\"Casulla\"}]},{\"@type\":\"WebSite\",\"@id\":\"https:\/\/www.gruppoliturgico.com\/es\/#website\",\"url\":\"https:\/\/www.gruppoliturgico.com\/es\/\",\"name\":\"Laboratorio Gruppo Liturgico\",\"description\":\"Articoli Religiosi online\",\"publisher\":{\"@id\":\"https:\/\/www.gruppoliturgico.com\/es\/#organization\"},\"potentialAction\":[{\"@type\":\"SearchAction\",\"target\":{\"@type\":\"EntryPoint\",\"urlTemplate\":\"https:\/\/www.gruppoliturgico.com\/es\/?s={search_term_string}\"},\"query-input\":\"required name=search_term_string\"}],\"inLanguage\":\"es\"},{\"@type\":\"Organization\",\"@id\":\"https:\/\/www.gruppoliturgico.com\/es\/#organization\",\"name\":\"Laboratorio Gruppo Liturgico\",\"url\":\"https:\/\/www.gruppoliturgico.com\/es\/\",\"logo\":{\"@type\":\"ImageObject\",\"inLanguage\":\"es\",\"@id\":\"https:\/\/www.gruppoliturgico.com\/es\/#\/schema\/logo\/image\/\",\"url\":\"https:\/\/www.gruppoliturgico.com\/wp-content\/uploads\/2022\/02\/logo-laboratoriogruppoliturgico.png\",\"contentUrl\":\"https:\/\/www.gruppoliturgico.com\/wp-content\/uploads\/2022\/02\/logo-laboratoriogruppoliturgico.png\",\"width\":400,\"height\":114,\"caption\":\"Laboratorio Gruppo Liturgico\"},\"image\":{\"@id\":\"https:\/\/www.gruppoliturgico.com\/es\/#\/schema\/logo\/image\/\"}}]}<\/script>\n<!-- \/ Yoast SEO plugin. -->","yoast_head_json":{"title":"Casulla - tejidas a mano, colecci\u00f3n cl\u00e1sica y Laboratorio Gruppo Liturgico","description":"Casulla formada por el 62% de lana y el 38% de poli\u00e9ster. Totalmente confeccionada a mano.  Los bordados, particularmente originales y realizados con hilos dorados, se repiten en los dos lados y sobre los hombros. Especialmente original, se distingue por su pr\u00e1ctica elegancia.  Las caracter\u00edsticas m\u00e1s apreciadas de este paramento son su gran suavidad y su \u00f3ptima transpirabilidad (el tejido deja pasar el aire), adem\u00e1s de que casi no se arruga.  Est\u00e1 disponible en todos los colores Lit\u00fargicos","robots":{"index":"index","follow":"follow","max-snippet":"max-snippet:-1","max-image-preview":"max-image-preview:large","max-video-preview":"max-video-preview:-1"},"canonical":"https:\/\/www.gruppoliturgico.com\/es\/producto\/casulla-116\/","og_locale":"es_ES","og_type":"article","og_title":"Casulla - tejidas a mano, colecci\u00f3n cl\u00e1sica y Laboratorio Gruppo Liturgico","og_description":"Casulla formada por el 62% de lana y el 38% de poli\u00e9ster. Totalmente confeccionada a mano.  Los bordados, particularmente originales y realizados con hilos dorados, se repiten en los dos lados y sobre los hombros. Especialmente original, se distingue por su pr\u00e1ctica elegancia.  Las caracter\u00edsticas m\u00e1s apreciadas de este paramento son su gran suavidad y su \u00f3ptima transpirabilidad (el tejido deja pasar el aire), adem\u00e1s de que casi no se arruga.  Est\u00e1 disponible en todos los colores Lit\u00fargicos","og_url":"https:\/\/www.gruppoliturgico.com\/es\/producto\/casulla-116\/","og_site_name":"Laboratorio Gruppo Liturgico","article_modified_time":"2022-09-03T07:43:04+00:00","og_image":[{"width":1235,"height":1500,"url":"https:\/\/www.gruppoliturgico.com\/wp-content\/uploads\/2022\/05\/311520rosso.jpg","type":"image\/jpeg"}],"twitter_card":"summary_large_image","schema":{"@context":"https:\/\/schema.org","@graph":[{"@type":"WebPage","@id":"https:\/\/www.gruppoliturgico.com\/es\/producto\/casulla-116\/","url":"https:\/\/www.gruppoliturgico.com\/es\/producto\/casulla-116\/","name":"Casulla - tejidas a mano, colecci\u00f3n cl\u00e1sica y Laboratorio Gruppo Liturgico","isPartOf":{"@id":"https:\/\/www.gruppoliturgico.com\/es\/#website"},"datePublished":"2022-05-20T02:40:09+00:00","dateModified":"2022-09-03T07:43:04+00:00","description":"Casulla formada por el 62% de lana y el 38% de poli\u00e9ster. Totalmente confeccionada a mano. Los bordados, particularmente originales y realizados con hilos dorados, se repiten en los dos lados y sobre los hombros. Especialmente original, se distingue por su pr\u00e1ctica elegancia. Las caracter\u00edsticas m\u00e1s apreciadas de este paramento son su gran suavidad y su \u00f3ptima transpirabilidad (el tejido deja pasar el aire), adem\u00e1s de que casi no se arruga. Est\u00e1 disponible en todos los colores Lit\u00fargicos","breadcrumb":{"@id":"https:\/\/www.gruppoliturgico.com\/es\/producto\/casulla-116\/#breadcrumb"},"inLanguage":"es","potentialAction":[{"@type":"ReadAction","target":["https:\/\/www.gruppoliturgico.com\/es\/producto\/casulla-116\/"]}]},{"@type":"BreadcrumbList","@id":"https:\/\/www.gruppoliturgico.com\/es\/producto\/casulla-116\/#breadcrumb","itemListElement":[{"@type":"ListItem","position":1,"name":"Home","item":"https:\/\/www.gruppoliturgico.com\/es\/"},{"@type":"ListItem","position":2,"name":"Tienda","item":"https:\/\/www.gruppoliturgico.com\/es\/tienda\/"},{"@type":"ListItem","position":3,"name":"Casulla"}]},{"@type":"WebSite","@id":"https:\/\/www.gruppoliturgico.com\/es\/#website","url":"https:\/\/www.gruppoliturgico.com\/es\/","name":"Laboratorio Gruppo Liturgico","description":"Articoli Religiosi online","publisher":{"@id":"https:\/\/www.gruppoliturgico.com\/es\/#organization"},"potentialAction":[{"@type":"SearchAction","target":{"@type":"EntryPoint","urlTemplate":"https:\/\/www.gruppoliturgico.com\/es\/?s={search_term_string}"},"query-input":"required name=search_term_string"}],"inLanguage":"es"},{"@type":"Organization","@id":"https:\/\/www.gruppoliturgico.com\/es\/#organization","name":"Laboratorio Gruppo Liturgico","url":"https:\/\/www.gruppoliturgico.com\/es\/","logo":{"@type":"ImageObject","inLanguage":"es","@id":"https:\/\/www.gruppoliturgico.com\/es\/#\/schema\/logo\/image\/","url":"https:\/\/www.gruppoliturgico.com\/wp-content\/uploads\/2022\/02\/logo-laboratoriogruppoliturgico.png","contentUrl":"https:\/\/www.gruppoliturgico.com\/wp-content\/uploads\/2022\/02\/logo-laboratoriogruppoliturgico.png","width":400,"height":114,"caption":"Laboratorio Gruppo Liturgico"},"image":{"@id":"https:\/\/www.gruppoliturgico.com\/es\/#\/schema\/logo\/image\/"}}]}},"_links":{"self":[{"href":"https:\/\/www.gruppoliturgico.com\/es\/wp-json\/wp\/v2\/product\/69939"}],"collection":[{"href":"https:\/\/www.gruppoliturgico.com\/es\/wp-json\/wp\/v2\/product"}],"about":[{"href":"https:\/\/www.gruppoliturgico.com\/es\/wp-json\/wp\/v2\/types\/product"}],"wp:featuredmedia":[{"embeddable":true,"href":"https:\/\/www.gruppoliturgico.com\/es\/wp-json\/wp\/v2\/media\/135793"}],"wp:attachment":[{"href":"https:\/\/www.gruppoliturgico.com\/es\/wp-json\/wp\/v2\/media?parent=69939"}],"wp:term":[{"taxonomy":"product_cat","embeddable":true,"href":"https:\/\/www.gruppoliturgico.com\/es\/wp-json\/wp\/v2\/product_cat?post=69939"},{"taxonomy":"product_tag","embeddable":true,"href":"https:\/\/www.gruppoliturgico.com\/es\/wp-json\/wp\/v2\/product_tag?post=69939"}],"curies":[{"name":"wp","href":"https:\/\/api.w.org\/{rel}","templated":true}]}}