{"id":69927,"date":"2022-05-20T04:39:00","date_gmt":"2022-05-20T02:39:24","guid":{"rendered":"https:\/\/www.gruppoliturgico.com\/prodotto\/casulla-114\/"},"modified":"2022-09-03T09:38:19","modified_gmt":"2022-09-03T07:38:19","slug":"casulla-114","status":"publish","type":"product","link":"https:\/\/www.gruppoliturgico.com\/es\/producto\/casulla-114\/","title":{"rendered":"Casulla"},"content":{"rendered":"<html><body><p>Original casulla de 70% de lana y 30% de poli\u00e9ster totalmente confeccionada a mano.<br>\nLleva por adorno un bordado hecho con hilos de prestigio dorados y coloreados y de l\u00edneas intercaladas que se repiten en los dos lados.<br>\nEst\u00e1 adornada con cruces puestas sobre un fondo bordado con los colores adecuados al del rito lit\u00fargico deseado tanto en su parte delantera, como en la trasera.<br>\nEst\u00e1 disponible en todos los colores Lit\u00fargicos<\/p>\n<\/body><\/html>","protected":false},"excerpt":{"rendered":"<p>Original casulla de 70% de lana y 30% de poli\u00e9ster totalmente confeccionada a mano.<br \/>\nLleva por adorno un bordado hecho con hilos de prestigio dorados y coloreados y de l\u00edneas intercaladas que se repiten en los dos lados.<br \/>\nEst\u00e1 adornada con cruces puestas sobre un fondo bordado con los colores adecuados al del rito lit\u00fargico deseado tanto en su parte delantera, como en la trasera.<br \/>\nEst\u00e1 disponible en todos los colores Lit\u00fargicos<\/p>\n","protected":false},"featured_media":135769,"template":"","meta":[],"product_cat":[12239,12243],"product_tag":[],"yoast_head":"<!-- This site is optimized with the Yoast SEO plugin v20.4 - https:\/\/yoast.com\/wordpress\/plugins\/seo\/ -->\n<title>Casulla - tejidas a mano, colecci\u00f3n cl\u00e1sica y Laboratorio Gruppo Liturgico<\/title>\n<meta name=\"description\" content=\"Original casulla de 70% de lana y 30% de poli\u00e9ster totalmente confeccionada a mano.  Lleva por adorno un bordado hecho con hilos de prestigio dorados y coloreados y de l\u00edneas intercaladas que se repiten en los dos lados.  Est\u00e1 adornada con cruces puestas sobre un fondo bordado con los colores adecuados al del rito lit\u00fargico deseado tanto en su parte delantera, como en la trasera. Est\u00e1 disponible en todos los colores Lit\u00fargicos\" \/>\n<meta name=\"robots\" content=\"index, follow, max-snippet:-1, max-image-preview:large, max-video-preview:-1\" \/>\n<link rel=\"canonical\" href=\"https:\/\/www.gruppoliturgico.com\/es\/producto\/casulla-114\/\" \/>\n<meta property=\"og:locale\" content=\"es_ES\" \/>\n<meta property=\"og:type\" content=\"article\" \/>\n<meta property=\"og:title\" content=\"Casulla - tejidas a mano, colecci\u00f3n cl\u00e1sica y Laboratorio Gruppo Liturgico\" \/>\n<meta property=\"og:description\" content=\"Original casulla de 70% de lana y 30% de poli\u00e9ster totalmente confeccionada a mano.  Lleva por adorno un bordado hecho con hilos de prestigio dorados y coloreados y de l\u00edneas intercaladas que se repiten en los dos lados.  Est\u00e1 adornada con cruces puestas sobre un fondo bordado con los colores adecuados al del rito lit\u00fargico deseado tanto en su parte delantera, como en la trasera. Est\u00e1 disponible en todos los colores Lit\u00fargicos\" \/>\n<meta property=\"og:url\" content=\"https:\/\/www.gruppoliturgico.com\/es\/producto\/casulla-114\/\" \/>\n<meta property=\"og:site_name\" content=\"Laboratorio Gruppo Liturgico\" \/>\n<meta property=\"article:modified_time\" content=\"2022-09-03T07:38:19+00:00\" \/>\n<meta property=\"og:image\" content=\"https:\/\/www.gruppoliturgico.com\/wp-content\/uploads\/2022\/05\/3113-b-nv-rit.jpg\" \/>\n\t<meta property=\"og:image:width\" content=\"1313\" \/>\n\t<meta property=\"og:image:height\" content=\"2000\" \/>\n\t<meta property=\"og:image:type\" content=\"image\/jpeg\" \/>\n<meta name=\"twitter:card\" content=\"summary_large_image\" \/>\n<script type=\"application\/ld+json\" class=\"yoast-schema-graph\">{\"@context\":\"https:\/\/schema.org\",\"@graph\":[{\"@type\":\"WebPage\",\"@id\":\"https:\/\/www.gruppoliturgico.com\/es\/producto\/casulla-114\/\",\"url\":\"https:\/\/www.gruppoliturgico.com\/es\/producto\/casulla-114\/\",\"name\":\"Casulla - tejidas a mano, colecci\u00f3n cl\u00e1sica y Laboratorio Gruppo Liturgico\",\"isPartOf\":{\"@id\":\"https:\/\/www.gruppoliturgico.com\/es\/#website\"},\"datePublished\":\"2022-05-20T02:39:24+00:00\",\"dateModified\":\"2022-09-03T07:38:19+00:00\",\"description\":\"Original casulla de 70% de lana y 30% de poli\u00e9ster totalmente confeccionada a mano. Lleva por adorno un bordado hecho con hilos de prestigio dorados y coloreados y de l\u00edneas intercaladas que se repiten en los dos lados. Est\u00e1 adornada con cruces puestas sobre un fondo bordado con los colores adecuados al del rito lit\u00fargico deseado tanto en su parte delantera, como en la trasera. Est\u00e1 disponible en todos los colores Lit\u00fargicos\",\"breadcrumb\":{\"@id\":\"https:\/\/www.gruppoliturgico.com\/es\/producto\/casulla-114\/#breadcrumb\"},\"inLanguage\":\"es\",\"potentialAction\":[{\"@type\":\"ReadAction\",\"target\":[\"https:\/\/www.gruppoliturgico.com\/es\/producto\/casulla-114\/\"]}]},{\"@type\":\"BreadcrumbList\",\"@id\":\"https:\/\/www.gruppoliturgico.com\/es\/producto\/casulla-114\/#breadcrumb\",\"itemListElement\":[{\"@type\":\"ListItem\",\"position\":1,\"name\":\"Home\",\"item\":\"https:\/\/www.gruppoliturgico.com\/es\/\"},{\"@type\":\"ListItem\",\"position\":2,\"name\":\"Tienda\",\"item\":\"https:\/\/www.gruppoliturgico.com\/es\/tienda\/\"},{\"@type\":\"ListItem\",\"position\":3,\"name\":\"Casulla\"}]},{\"@type\":\"WebSite\",\"@id\":\"https:\/\/www.gruppoliturgico.com\/es\/#website\",\"url\":\"https:\/\/www.gruppoliturgico.com\/es\/\",\"name\":\"Laboratorio Gruppo Liturgico\",\"description\":\"Articoli Religiosi online\",\"publisher\":{\"@id\":\"https:\/\/www.gruppoliturgico.com\/es\/#organization\"},\"potentialAction\":[{\"@type\":\"SearchAction\",\"target\":{\"@type\":\"EntryPoint\",\"urlTemplate\":\"https:\/\/www.gruppoliturgico.com\/es\/?s={search_term_string}\"},\"query-input\":\"required name=search_term_string\"}],\"inLanguage\":\"es\"},{\"@type\":\"Organization\",\"@id\":\"https:\/\/www.gruppoliturgico.com\/es\/#organization\",\"name\":\"Laboratorio Gruppo Liturgico\",\"url\":\"https:\/\/www.gruppoliturgico.com\/es\/\",\"logo\":{\"@type\":\"ImageObject\",\"inLanguage\":\"es\",\"@id\":\"https:\/\/www.gruppoliturgico.com\/es\/#\/schema\/logo\/image\/\",\"url\":\"https:\/\/www.gruppoliturgico.com\/wp-content\/uploads\/2022\/02\/logo-laboratoriogruppoliturgico.png\",\"contentUrl\":\"https:\/\/www.gruppoliturgico.com\/wp-content\/uploads\/2022\/02\/logo-laboratoriogruppoliturgico.png\",\"width\":400,\"height\":114,\"caption\":\"Laboratorio Gruppo Liturgico\"},\"image\":{\"@id\":\"https:\/\/www.gruppoliturgico.com\/es\/#\/schema\/logo\/image\/\"}}]}<\/script>\n<!-- \/ Yoast SEO plugin. -->","yoast_head_json":{"title":"Casulla - tejidas a mano, colecci\u00f3n cl\u00e1sica y Laboratorio Gruppo Liturgico","description":"Original casulla de 70% de lana y 30% de poli\u00e9ster totalmente confeccionada a mano.  Lleva por adorno un bordado hecho con hilos de prestigio dorados y coloreados y de l\u00edneas intercaladas que se repiten en los dos lados.  Est\u00e1 adornada con cruces puestas sobre un fondo bordado con los colores adecuados al del rito lit\u00fargico deseado tanto en su parte delantera, como en la trasera. Est\u00e1 disponible en todos los colores Lit\u00fargicos","robots":{"index":"index","follow":"follow","max-snippet":"max-snippet:-1","max-image-preview":"max-image-preview:large","max-video-preview":"max-video-preview:-1"},"canonical":"https:\/\/www.gruppoliturgico.com\/es\/producto\/casulla-114\/","og_locale":"es_ES","og_type":"article","og_title":"Casulla - tejidas a mano, colecci\u00f3n cl\u00e1sica y Laboratorio Gruppo Liturgico","og_description":"Original casulla de 70% de lana y 30% de poli\u00e9ster totalmente confeccionada a mano.  Lleva por adorno un bordado hecho con hilos de prestigio dorados y coloreados y de l\u00edneas intercaladas que se repiten en los dos lados.  Est\u00e1 adornada con cruces puestas sobre un fondo bordado con los colores adecuados al del rito lit\u00fargico deseado tanto en su parte delantera, como en la trasera. Est\u00e1 disponible en todos los colores Lit\u00fargicos","og_url":"https:\/\/www.gruppoliturgico.com\/es\/producto\/casulla-114\/","og_site_name":"Laboratorio Gruppo Liturgico","article_modified_time":"2022-09-03T07:38:19+00:00","og_image":[{"width":1313,"height":2000,"url":"https:\/\/www.gruppoliturgico.com\/wp-content\/uploads\/2022\/05\/3113-b-nv-rit.jpg","type":"image\/jpeg"}],"twitter_card":"summary_large_image","schema":{"@context":"https:\/\/schema.org","@graph":[{"@type":"WebPage","@id":"https:\/\/www.gruppoliturgico.com\/es\/producto\/casulla-114\/","url":"https:\/\/www.gruppoliturgico.com\/es\/producto\/casulla-114\/","name":"Casulla - tejidas a mano, colecci\u00f3n cl\u00e1sica y Laboratorio Gruppo Liturgico","isPartOf":{"@id":"https:\/\/www.gruppoliturgico.com\/es\/#website"},"datePublished":"2022-05-20T02:39:24+00:00","dateModified":"2022-09-03T07:38:19+00:00","description":"Original casulla de 70% de lana y 30% de poli\u00e9ster totalmente confeccionada a mano. Lleva por adorno un bordado hecho con hilos de prestigio dorados y coloreados y de l\u00edneas intercaladas que se repiten en los dos lados. Est\u00e1 adornada con cruces puestas sobre un fondo bordado con los colores adecuados al del rito lit\u00fargico deseado tanto en su parte delantera, como en la trasera. Est\u00e1 disponible en todos los colores Lit\u00fargicos","breadcrumb":{"@id":"https:\/\/www.gruppoliturgico.com\/es\/producto\/casulla-114\/#breadcrumb"},"inLanguage":"es","potentialAction":[{"@type":"ReadAction","target":["https:\/\/www.gruppoliturgico.com\/es\/producto\/casulla-114\/"]}]},{"@type":"BreadcrumbList","@id":"https:\/\/www.gruppoliturgico.com\/es\/producto\/casulla-114\/#breadcrumb","itemListElement":[{"@type":"ListItem","position":1,"name":"Home","item":"https:\/\/www.gruppoliturgico.com\/es\/"},{"@type":"ListItem","position":2,"name":"Tienda","item":"https:\/\/www.gruppoliturgico.com\/es\/tienda\/"},{"@type":"ListItem","position":3,"name":"Casulla"}]},{"@type":"WebSite","@id":"https:\/\/www.gruppoliturgico.com\/es\/#website","url":"https:\/\/www.gruppoliturgico.com\/es\/","name":"Laboratorio Gruppo Liturgico","description":"Articoli Religiosi online","publisher":{"@id":"https:\/\/www.gruppoliturgico.com\/es\/#organization"},"potentialAction":[{"@type":"SearchAction","target":{"@type":"EntryPoint","urlTemplate":"https:\/\/www.gruppoliturgico.com\/es\/?s={search_term_string}"},"query-input":"required name=search_term_string"}],"inLanguage":"es"},{"@type":"Organization","@id":"https:\/\/www.gruppoliturgico.com\/es\/#organization","name":"Laboratorio Gruppo Liturgico","url":"https:\/\/www.gruppoliturgico.com\/es\/","logo":{"@type":"ImageObject","inLanguage":"es","@id":"https:\/\/www.gruppoliturgico.com\/es\/#\/schema\/logo\/image\/","url":"https:\/\/www.gruppoliturgico.com\/wp-content\/uploads\/2022\/02\/logo-laboratoriogruppoliturgico.png","contentUrl":"https:\/\/www.gruppoliturgico.com\/wp-content\/uploads\/2022\/02\/logo-laboratoriogruppoliturgico.png","width":400,"height":114,"caption":"Laboratorio Gruppo Liturgico"},"image":{"@id":"https:\/\/www.gruppoliturgico.com\/es\/#\/schema\/logo\/image\/"}}]}},"_links":{"self":[{"href":"https:\/\/www.gruppoliturgico.com\/es\/wp-json\/wp\/v2\/product\/69927"}],"collection":[{"href":"https:\/\/www.gruppoliturgico.com\/es\/wp-json\/wp\/v2\/product"}],"about":[{"href":"https:\/\/www.gruppoliturgico.com\/es\/wp-json\/wp\/v2\/types\/product"}],"wp:featuredmedia":[{"embeddable":true,"href":"https:\/\/www.gruppoliturgico.com\/es\/wp-json\/wp\/v2\/media\/135769"}],"wp:attachment":[{"href":"https:\/\/www.gruppoliturgico.com\/es\/wp-json\/wp\/v2\/media?parent=69927"}],"wp:term":[{"taxonomy":"product_cat","embeddable":true,"href":"https:\/\/www.gruppoliturgico.com\/es\/wp-json\/wp\/v2\/product_cat?post=69927"},{"taxonomy":"product_tag","embeddable":true,"href":"https:\/\/www.gruppoliturgico.com\/es\/wp-json\/wp\/v2\/product_tag?post=69927"}],"curies":[{"name":"wp","href":"https:\/\/api.w.org\/{rel}","templated":true}]}}