{"id":69903,"date":"2022-05-20T04:37:00","date_gmt":"2022-05-20T02:38:05","guid":{"rendered":"https:\/\/www.gruppoliturgico.com\/prodotto\/casulla-109\/"},"modified":"2024-11-09T10:44:19","modified_gmt":"2024-11-09T09:44:19","slug":"casulla-109","status":"publish","type":"product","link":"https:\/\/www.gruppoliturgico.com\/es\/producto\/casulla-109\/","title":{"rendered":"Casulla"},"content":{"rendered":"<html><body><p>Casulla ligera y lavable hecha con un tejido de poli\u00e9ster.<br>\nUn ancho gal\u00f3n de 9,5 cm y una pasamaner\u00eda dorada, puestos a los dos lados, la vuelven especialmente agradable.<\/p>\n<\/body><\/html>","protected":false},"excerpt":{"rendered":"<p>Casulla ligera y lavable hecha con un tejido de poli\u00e9ster.<br \/>\nUn ancho gal\u00f3n de 9,5 cm y una pasamaner\u00eda dorada, puestos a los dos lados, la vuelven especialmente agradable.<\/p>\n","protected":false},"featured_media":137190,"template":"","meta":[],"product_cat":[],"product_tag":[],"yoast_head":"<!-- This site is optimized with the Yoast SEO plugin v20.4 - https:\/\/yoast.com\/wordpress\/plugins\/seo\/ -->\n<title>Casulla - y Laboratorio Gruppo Liturgico<\/title>\n<meta name=\"description\" content=\"Casulla ligera y lavable hecha con un tejido de poli\u00e9ster. Un ancho gal\u00f3n de 9,5 cm y una pasamaner\u00eda dorada, puestos a los dos lados, la vuelven especialmente agradable.\" \/>\n<meta name=\"robots\" content=\"index, follow, max-snippet:-1, max-image-preview:large, max-video-preview:-1\" \/>\n<link rel=\"canonical\" href=\"https:\/\/www.gruppoliturgico.com\/es\/producto\/casulla-109\/\" \/>\n<meta property=\"og:locale\" content=\"es_ES\" \/>\n<meta property=\"og:type\" content=\"article\" \/>\n<meta property=\"og:title\" content=\"Casulla - y Laboratorio Gruppo Liturgico\" \/>\n<meta property=\"og:description\" content=\"Casulla ligera y lavable hecha con un tejido de poli\u00e9ster. Un ancho gal\u00f3n de 9,5 cm y una pasamaner\u00eda dorada, puestos a los dos lados, la vuelven especialmente agradable.\" \/>\n<meta property=\"og:url\" content=\"https:\/\/www.gruppoliturgico.com\/es\/producto\/casulla-109\/\" \/>\n<meta property=\"og:site_name\" content=\"Laboratorio Gruppo Liturgico\" \/>\n<meta property=\"article:modified_time\" content=\"2024-11-09T09:44:19+00:00\" \/>\n<meta property=\"og:image\" content=\"https:\/\/www.gruppoliturgico.com\/wp-content\/uploads\/2022\/05\/2971-rosa_nv-rit.jpg\" \/>\n\t<meta property=\"og:image:width\" content=\"1301\" \/>\n\t<meta property=\"og:image:height\" content=\"2000\" \/>\n\t<meta property=\"og:image:type\" content=\"image\/jpeg\" \/>\n<meta name=\"twitter:card\" content=\"summary_large_image\" \/>\n<script type=\"application\/ld+json\" class=\"yoast-schema-graph\">{\"@context\":\"https:\/\/schema.org\",\"@graph\":[{\"@type\":\"WebPage\",\"@id\":\"https:\/\/www.gruppoliturgico.com\/es\/producto\/casulla-109\/\",\"url\":\"https:\/\/www.gruppoliturgico.com\/es\/producto\/casulla-109\/\",\"name\":\"Casulla - y Laboratorio Gruppo Liturgico\",\"isPartOf\":{\"@id\":\"https:\/\/www.gruppoliturgico.com\/es\/#website\"},\"datePublished\":\"2022-05-20T02:38:05+00:00\",\"dateModified\":\"2024-11-09T09:44:19+00:00\",\"description\":\"Casulla ligera y lavable hecha con un tejido de poli\u00e9ster. Un ancho gal\u00f3n de 9,5 cm y una pasamaner\u00eda dorada, puestos a los dos lados, la vuelven especialmente agradable.\",\"breadcrumb\":{\"@id\":\"https:\/\/www.gruppoliturgico.com\/es\/producto\/casulla-109\/#breadcrumb\"},\"inLanguage\":\"es\",\"potentialAction\":[{\"@type\":\"ReadAction\",\"target\":[\"https:\/\/www.gruppoliturgico.com\/es\/producto\/casulla-109\/\"]}]},{\"@type\":\"BreadcrumbList\",\"@id\":\"https:\/\/www.gruppoliturgico.com\/es\/producto\/casulla-109\/#breadcrumb\",\"itemListElement\":[{\"@type\":\"ListItem\",\"position\":1,\"name\":\"Home\",\"item\":\"https:\/\/www.gruppoliturgico.com\/es\/\"},{\"@type\":\"ListItem\",\"position\":2,\"name\":\"Tienda\",\"item\":\"https:\/\/www.gruppoliturgico.com\/es\/tienda\/\"},{\"@type\":\"ListItem\",\"position\":3,\"name\":\"Casulla\"}]},{\"@type\":\"WebSite\",\"@id\":\"https:\/\/www.gruppoliturgico.com\/es\/#website\",\"url\":\"https:\/\/www.gruppoliturgico.com\/es\/\",\"name\":\"Laboratorio Gruppo Liturgico\",\"description\":\"Articoli Religiosi online\",\"publisher\":{\"@id\":\"https:\/\/www.gruppoliturgico.com\/es\/#organization\"},\"potentialAction\":[{\"@type\":\"SearchAction\",\"target\":{\"@type\":\"EntryPoint\",\"urlTemplate\":\"https:\/\/www.gruppoliturgico.com\/es\/?s={search_term_string}\"},\"query-input\":\"required name=search_term_string\"}],\"inLanguage\":\"es\"},{\"@type\":\"Organization\",\"@id\":\"https:\/\/www.gruppoliturgico.com\/es\/#organization\",\"name\":\"Laboratorio Gruppo Liturgico\",\"url\":\"https:\/\/www.gruppoliturgico.com\/es\/\",\"logo\":{\"@type\":\"ImageObject\",\"inLanguage\":\"es\",\"@id\":\"https:\/\/www.gruppoliturgico.com\/es\/#\/schema\/logo\/image\/\",\"url\":\"https:\/\/www.gruppoliturgico.com\/wp-content\/uploads\/2022\/02\/logo-laboratoriogruppoliturgico.png\",\"contentUrl\":\"https:\/\/www.gruppoliturgico.com\/wp-content\/uploads\/2022\/02\/logo-laboratoriogruppoliturgico.png\",\"width\":400,\"height\":114,\"caption\":\"Laboratorio Gruppo Liturgico\"},\"image\":{\"@id\":\"https:\/\/www.gruppoliturgico.com\/es\/#\/schema\/logo\/image\/\"}}]}<\/script>\n<!-- \/ Yoast SEO plugin. -->","yoast_head_json":{"title":"Casulla - y Laboratorio Gruppo Liturgico","description":"Casulla ligera y lavable hecha con un tejido de poli\u00e9ster. Un ancho gal\u00f3n de 9,5 cm y una pasamaner\u00eda dorada, puestos a los dos lados, la vuelven especialmente agradable.","robots":{"index":"index","follow":"follow","max-snippet":"max-snippet:-1","max-image-preview":"max-image-preview:large","max-video-preview":"max-video-preview:-1"},"canonical":"https:\/\/www.gruppoliturgico.com\/es\/producto\/casulla-109\/","og_locale":"es_ES","og_type":"article","og_title":"Casulla - y Laboratorio Gruppo Liturgico","og_description":"Casulla ligera y lavable hecha con un tejido de poli\u00e9ster. Un ancho gal\u00f3n de 9,5 cm y una pasamaner\u00eda dorada, puestos a los dos lados, la vuelven especialmente agradable.","og_url":"https:\/\/www.gruppoliturgico.com\/es\/producto\/casulla-109\/","og_site_name":"Laboratorio Gruppo Liturgico","article_modified_time":"2024-11-09T09:44:19+00:00","og_image":[{"width":1301,"height":2000,"url":"https:\/\/www.gruppoliturgico.com\/wp-content\/uploads\/2022\/05\/2971-rosa_nv-rit.jpg","type":"image\/jpeg"}],"twitter_card":"summary_large_image","schema":{"@context":"https:\/\/schema.org","@graph":[{"@type":"WebPage","@id":"https:\/\/www.gruppoliturgico.com\/es\/producto\/casulla-109\/","url":"https:\/\/www.gruppoliturgico.com\/es\/producto\/casulla-109\/","name":"Casulla - y Laboratorio Gruppo Liturgico","isPartOf":{"@id":"https:\/\/www.gruppoliturgico.com\/es\/#website"},"datePublished":"2022-05-20T02:38:05+00:00","dateModified":"2024-11-09T09:44:19+00:00","description":"Casulla ligera y lavable hecha con un tejido de poli\u00e9ster. Un ancho gal\u00f3n de 9,5 cm y una pasamaner\u00eda dorada, puestos a los dos lados, la vuelven especialmente agradable.","breadcrumb":{"@id":"https:\/\/www.gruppoliturgico.com\/es\/producto\/casulla-109\/#breadcrumb"},"inLanguage":"es","potentialAction":[{"@type":"ReadAction","target":["https:\/\/www.gruppoliturgico.com\/es\/producto\/casulla-109\/"]}]},{"@type":"BreadcrumbList","@id":"https:\/\/www.gruppoliturgico.com\/es\/producto\/casulla-109\/#breadcrumb","itemListElement":[{"@type":"ListItem","position":1,"name":"Home","item":"https:\/\/www.gruppoliturgico.com\/es\/"},{"@type":"ListItem","position":2,"name":"Tienda","item":"https:\/\/www.gruppoliturgico.com\/es\/tienda\/"},{"@type":"ListItem","position":3,"name":"Casulla"}]},{"@type":"WebSite","@id":"https:\/\/www.gruppoliturgico.com\/es\/#website","url":"https:\/\/www.gruppoliturgico.com\/es\/","name":"Laboratorio Gruppo Liturgico","description":"Articoli Religiosi online","publisher":{"@id":"https:\/\/www.gruppoliturgico.com\/es\/#organization"},"potentialAction":[{"@type":"SearchAction","target":{"@type":"EntryPoint","urlTemplate":"https:\/\/www.gruppoliturgico.com\/es\/?s={search_term_string}"},"query-input":"required name=search_term_string"}],"inLanguage":"es"},{"@type":"Organization","@id":"https:\/\/www.gruppoliturgico.com\/es\/#organization","name":"Laboratorio Gruppo Liturgico","url":"https:\/\/www.gruppoliturgico.com\/es\/","logo":{"@type":"ImageObject","inLanguage":"es","@id":"https:\/\/www.gruppoliturgico.com\/es\/#\/schema\/logo\/image\/","url":"https:\/\/www.gruppoliturgico.com\/wp-content\/uploads\/2022\/02\/logo-laboratoriogruppoliturgico.png","contentUrl":"https:\/\/www.gruppoliturgico.com\/wp-content\/uploads\/2022\/02\/logo-laboratoriogruppoliturgico.png","width":400,"height":114,"caption":"Laboratorio Gruppo Liturgico"},"image":{"@id":"https:\/\/www.gruppoliturgico.com\/es\/#\/schema\/logo\/image\/"}}]}},"_links":{"self":[{"href":"https:\/\/www.gruppoliturgico.com\/es\/wp-json\/wp\/v2\/product\/69903"}],"collection":[{"href":"https:\/\/www.gruppoliturgico.com\/es\/wp-json\/wp\/v2\/product"}],"about":[{"href":"https:\/\/www.gruppoliturgico.com\/es\/wp-json\/wp\/v2\/types\/product"}],"wp:featuredmedia":[{"embeddable":true,"href":"https:\/\/www.gruppoliturgico.com\/es\/wp-json\/wp\/v2\/media\/137190"}],"wp:attachment":[{"href":"https:\/\/www.gruppoliturgico.com\/es\/wp-json\/wp\/v2\/media?parent=69903"}],"wp:term":[{"taxonomy":"product_cat","embeddable":true,"href":"https:\/\/www.gruppoliturgico.com\/es\/wp-json\/wp\/v2\/product_cat?post=69903"},{"taxonomy":"product_tag","embeddable":true,"href":"https:\/\/www.gruppoliturgico.com\/es\/wp-json\/wp\/v2\/product_tag?post=69903"}],"curies":[{"name":"wp","href":"https:\/\/api.w.org\/{rel}","templated":true}]}}