{"id":69895,"date":"2022-05-20T04:37:32","date_gmt":"2022-05-20T02:37:40","guid":{"rendered":"https:\/\/www.gruppoliturgico.com\/prodotto\/colonna\/"},"modified":"2022-10-22T10:22:54","modified_gmt":"2022-10-22T08:22:54","slug":"colonna","status":"publish","type":"product","link":"https:\/\/www.gruppoliturgico.com\/es\/producto\/colonna\/","title":{"rendered":"Columna"},"content":{"rendered":"<html><body><p>Columna de madera maciza con decoraci\u00f3n fina recordando el m\u00e1rmol.<br>\nId\u00f3nea para apoyar el tabern\u00e1culo o una estatua.<br>\nPrecioso friso central en madera esculpida y dorada con hoja de oro.<br>\nLa gradaci\u00f3n crom\u00e1tica de la pintura se puede realizar con colores bajo pedido.<br>\nDimensiones<br>\nAltura cm 110<br>\nBase 36 x 52<br>\nPlano 60 x 40 o bajo pedido.<\/p>\n<\/body><\/html>","protected":false},"excerpt":{"rendered":"<p>Columna de madera maciza con decoraci\u00f3n fina recordando el m\u00e1rmol.<br \/>\nId\u00f3nea para apoyar el tabern\u00e1culo o una estatua.<br \/>\nPrecioso friso central en madera esculpida y dorada con hoja de oro.<br \/>\nLa gradaci\u00f3n crom\u00e1tica de la pintura se puede realizar con colores bajo pedido.<br \/>\nDimensiones<br \/>\nAltura cm 110<br \/>\nBase 36 x 52<br \/>\nPlano 60 x 40 o bajo pedido.<\/p>\n","protected":false},"featured_media":131146,"template":"","meta":[],"product_cat":[12171,15264],"product_tag":[],"yoast_head":"<!-- This site is optimized with the Yoast SEO plugin v20.4 - https:\/\/yoast.com\/wordpress\/plugins\/seo\/ -->\n<title>Columna - art 2787, Columnas porta estatua o sagrario. y Laboratorio Gruppo Liturgico<\/title>\n<meta name=\"description\" content=\"Columna de madera maciza con decoraci\u00f3n fina recordando el m\u00e1rmol. Id\u00f3nea para apoyar el tabern\u00e1culo o una estatua.  Precioso friso central en madera esculpida y dorada con hoja de oro. La gradaci\u00f3n crom\u00e1tica de la pintura se puede realizar con colores bajo pedido. Dimensiones Altura cm 110 Base 36 x 52 Plano 60 x 40 o bajo pedido.\" \/>\n<meta name=\"robots\" content=\"index, follow, max-snippet:-1, max-image-preview:large, max-video-preview:-1\" \/>\n<link rel=\"canonical\" href=\"https:\/\/www.gruppoliturgico.com\/es\/producto\/colonna\/\" \/>\n<meta property=\"og:locale\" content=\"es_ES\" \/>\n<meta property=\"og:type\" content=\"article\" \/>\n<meta property=\"og:title\" content=\"Columna - art 2787, Columnas porta estatua o sagrario. y Laboratorio Gruppo Liturgico\" \/>\n<meta property=\"og:description\" content=\"Columna de madera maciza con decoraci\u00f3n fina recordando el m\u00e1rmol. Id\u00f3nea para apoyar el tabern\u00e1culo o una estatua.  Precioso friso central en madera esculpida y dorada con hoja de oro. La gradaci\u00f3n crom\u00e1tica de la pintura se puede realizar con colores bajo pedido. Dimensiones Altura cm 110 Base 36 x 52 Plano 60 x 40 o bajo pedido.\" \/>\n<meta property=\"og:url\" content=\"https:\/\/www.gruppoliturgico.com\/es\/producto\/colonna\/\" \/>\n<meta property=\"og:site_name\" content=\"Laboratorio Gruppo Liturgico\" \/>\n<meta property=\"article:modified_time\" content=\"2022-10-22T08:22:54+00:00\" \/>\n<meta property=\"og:image\" content=\"https:\/\/www.gruppoliturgico.com\/wp-content\/uploads\/2022\/05\/2789.jpg\" \/>\n\t<meta property=\"og:image:width\" content=\"956\" \/>\n\t<meta property=\"og:image:height\" content=\"1500\" \/>\n\t<meta property=\"og:image:type\" content=\"image\/jpeg\" \/>\n<meta name=\"twitter:card\" content=\"summary_large_image\" \/>\n<script type=\"application\/ld+json\" class=\"yoast-schema-graph\">{\"@context\":\"https:\/\/schema.org\",\"@graph\":[{\"@type\":\"WebPage\",\"@id\":\"https:\/\/www.gruppoliturgico.com\/es\/producto\/colonna\/\",\"url\":\"https:\/\/www.gruppoliturgico.com\/es\/producto\/colonna\/\",\"name\":\"Columna - art 2787, Columnas porta estatua o sagrario. y Laboratorio Gruppo Liturgico\",\"isPartOf\":{\"@id\":\"https:\/\/www.gruppoliturgico.com\/es\/#website\"},\"datePublished\":\"2022-05-20T02:37:40+00:00\",\"dateModified\":\"2022-10-22T08:22:54+00:00\",\"description\":\"Columna de madera maciza con decoraci\u00f3n fina recordando el m\u00e1rmol. Id\u00f3nea para apoyar el tabern\u00e1culo o una estatua. Precioso friso central en madera esculpida y dorada con hoja de oro. La gradaci\u00f3n crom\u00e1tica de la pintura se puede realizar con colores bajo pedido. Dimensiones Altura cm 110 Base 36 x 52 Plano 60 x 40 o bajo pedido.\",\"breadcrumb\":{\"@id\":\"https:\/\/www.gruppoliturgico.com\/es\/producto\/colonna\/#breadcrumb\"},\"inLanguage\":\"es\",\"potentialAction\":[{\"@type\":\"ReadAction\",\"target\":[\"https:\/\/www.gruppoliturgico.com\/es\/producto\/colonna\/\"]}]},{\"@type\":\"BreadcrumbList\",\"@id\":\"https:\/\/www.gruppoliturgico.com\/es\/producto\/colonna\/#breadcrumb\",\"itemListElement\":[{\"@type\":\"ListItem\",\"position\":1,\"name\":\"Home\",\"item\":\"https:\/\/www.gruppoliturgico.com\/es\/\"},{\"@type\":\"ListItem\",\"position\":2,\"name\":\"Tienda\",\"item\":\"https:\/\/www.gruppoliturgico.com\/es\/tienda\/\"},{\"@type\":\"ListItem\",\"position\":3,\"name\":\"Columna\"}]},{\"@type\":\"WebSite\",\"@id\":\"https:\/\/www.gruppoliturgico.com\/es\/#website\",\"url\":\"https:\/\/www.gruppoliturgico.com\/es\/\",\"name\":\"Laboratorio Gruppo Liturgico\",\"description\":\"Articoli Religiosi online\",\"publisher\":{\"@id\":\"https:\/\/www.gruppoliturgico.com\/es\/#organization\"},\"potentialAction\":[{\"@type\":\"SearchAction\",\"target\":{\"@type\":\"EntryPoint\",\"urlTemplate\":\"https:\/\/www.gruppoliturgico.com\/es\/?s={search_term_string}\"},\"query-input\":\"required name=search_term_string\"}],\"inLanguage\":\"es\"},{\"@type\":\"Organization\",\"@id\":\"https:\/\/www.gruppoliturgico.com\/es\/#organization\",\"name\":\"Laboratorio Gruppo Liturgico\",\"url\":\"https:\/\/www.gruppoliturgico.com\/es\/\",\"logo\":{\"@type\":\"ImageObject\",\"inLanguage\":\"es\",\"@id\":\"https:\/\/www.gruppoliturgico.com\/es\/#\/schema\/logo\/image\/\",\"url\":\"https:\/\/www.gruppoliturgico.com\/wp-content\/uploads\/2022\/02\/logo-laboratoriogruppoliturgico.png\",\"contentUrl\":\"https:\/\/www.gruppoliturgico.com\/wp-content\/uploads\/2022\/02\/logo-laboratoriogruppoliturgico.png\",\"width\":400,\"height\":114,\"caption\":\"Laboratorio Gruppo Liturgico\"},\"image\":{\"@id\":\"https:\/\/www.gruppoliturgico.com\/es\/#\/schema\/logo\/image\/\"}}]}<\/script>\n<!-- \/ Yoast SEO plugin. -->","yoast_head_json":{"title":"Columna - art 2787, Columnas porta estatua o sagrario. y Laboratorio Gruppo Liturgico","description":"Columna de madera maciza con decoraci\u00f3n fina recordando el m\u00e1rmol. Id\u00f3nea para apoyar el tabern\u00e1culo o una estatua.  Precioso friso central en madera esculpida y dorada con hoja de oro. La gradaci\u00f3n crom\u00e1tica de la pintura se puede realizar con colores bajo pedido. Dimensiones Altura cm 110 Base 36 x 52 Plano 60 x 40 o bajo pedido.","robots":{"index":"index","follow":"follow","max-snippet":"max-snippet:-1","max-image-preview":"max-image-preview:large","max-video-preview":"max-video-preview:-1"},"canonical":"https:\/\/www.gruppoliturgico.com\/es\/producto\/colonna\/","og_locale":"es_ES","og_type":"article","og_title":"Columna - art 2787, Columnas porta estatua o sagrario. y Laboratorio Gruppo Liturgico","og_description":"Columna de madera maciza con decoraci\u00f3n fina recordando el m\u00e1rmol. Id\u00f3nea para apoyar el tabern\u00e1culo o una estatua.  Precioso friso central en madera esculpida y dorada con hoja de oro. La gradaci\u00f3n crom\u00e1tica de la pintura se puede realizar con colores bajo pedido. Dimensiones Altura cm 110 Base 36 x 52 Plano 60 x 40 o bajo pedido.","og_url":"https:\/\/www.gruppoliturgico.com\/es\/producto\/colonna\/","og_site_name":"Laboratorio Gruppo Liturgico","article_modified_time":"2022-10-22T08:22:54+00:00","og_image":[{"width":956,"height":1500,"url":"https:\/\/www.gruppoliturgico.com\/wp-content\/uploads\/2022\/05\/2789.jpg","type":"image\/jpeg"}],"twitter_card":"summary_large_image","schema":{"@context":"https:\/\/schema.org","@graph":[{"@type":"WebPage","@id":"https:\/\/www.gruppoliturgico.com\/es\/producto\/colonna\/","url":"https:\/\/www.gruppoliturgico.com\/es\/producto\/colonna\/","name":"Columna - art 2787, Columnas porta estatua o sagrario. y Laboratorio Gruppo Liturgico","isPartOf":{"@id":"https:\/\/www.gruppoliturgico.com\/es\/#website"},"datePublished":"2022-05-20T02:37:40+00:00","dateModified":"2022-10-22T08:22:54+00:00","description":"Columna de madera maciza con decoraci\u00f3n fina recordando el m\u00e1rmol. Id\u00f3nea para apoyar el tabern\u00e1culo o una estatua. Precioso friso central en madera esculpida y dorada con hoja de oro. La gradaci\u00f3n crom\u00e1tica de la pintura se puede realizar con colores bajo pedido. Dimensiones Altura cm 110 Base 36 x 52 Plano 60 x 40 o bajo pedido.","breadcrumb":{"@id":"https:\/\/www.gruppoliturgico.com\/es\/producto\/colonna\/#breadcrumb"},"inLanguage":"es","potentialAction":[{"@type":"ReadAction","target":["https:\/\/www.gruppoliturgico.com\/es\/producto\/colonna\/"]}]},{"@type":"BreadcrumbList","@id":"https:\/\/www.gruppoliturgico.com\/es\/producto\/colonna\/#breadcrumb","itemListElement":[{"@type":"ListItem","position":1,"name":"Home","item":"https:\/\/www.gruppoliturgico.com\/es\/"},{"@type":"ListItem","position":2,"name":"Tienda","item":"https:\/\/www.gruppoliturgico.com\/es\/tienda\/"},{"@type":"ListItem","position":3,"name":"Columna"}]},{"@type":"WebSite","@id":"https:\/\/www.gruppoliturgico.com\/es\/#website","url":"https:\/\/www.gruppoliturgico.com\/es\/","name":"Laboratorio Gruppo Liturgico","description":"Articoli Religiosi online","publisher":{"@id":"https:\/\/www.gruppoliturgico.com\/es\/#organization"},"potentialAction":[{"@type":"SearchAction","target":{"@type":"EntryPoint","urlTemplate":"https:\/\/www.gruppoliturgico.com\/es\/?s={search_term_string}"},"query-input":"required name=search_term_string"}],"inLanguage":"es"},{"@type":"Organization","@id":"https:\/\/www.gruppoliturgico.com\/es\/#organization","name":"Laboratorio Gruppo Liturgico","url":"https:\/\/www.gruppoliturgico.com\/es\/","logo":{"@type":"ImageObject","inLanguage":"es","@id":"https:\/\/www.gruppoliturgico.com\/es\/#\/schema\/logo\/image\/","url":"https:\/\/www.gruppoliturgico.com\/wp-content\/uploads\/2022\/02\/logo-laboratoriogruppoliturgico.png","contentUrl":"https:\/\/www.gruppoliturgico.com\/wp-content\/uploads\/2022\/02\/logo-laboratoriogruppoliturgico.png","width":400,"height":114,"caption":"Laboratorio Gruppo Liturgico"},"image":{"@id":"https:\/\/www.gruppoliturgico.com\/es\/#\/schema\/logo\/image\/"}}]}},"_links":{"self":[{"href":"https:\/\/www.gruppoliturgico.com\/es\/wp-json\/wp\/v2\/product\/69895"}],"collection":[{"href":"https:\/\/www.gruppoliturgico.com\/es\/wp-json\/wp\/v2\/product"}],"about":[{"href":"https:\/\/www.gruppoliturgico.com\/es\/wp-json\/wp\/v2\/types\/product"}],"wp:featuredmedia":[{"embeddable":true,"href":"https:\/\/www.gruppoliturgico.com\/es\/wp-json\/wp\/v2\/media\/131146"}],"wp:attachment":[{"href":"https:\/\/www.gruppoliturgico.com\/es\/wp-json\/wp\/v2\/media?parent=69895"}],"wp:term":[{"taxonomy":"product_cat","embeddable":true,"href":"https:\/\/www.gruppoliturgico.com\/es\/wp-json\/wp\/v2\/product_cat?post=69895"},{"taxonomy":"product_tag","embeddable":true,"href":"https:\/\/www.gruppoliturgico.com\/es\/wp-json\/wp\/v2\/product_tag?post=69895"}],"curies":[{"name":"wp","href":"https:\/\/api.w.org\/{rel}","templated":true}]}}