{"id":69618,"date":"2022-05-20T04:23:00","date_gmt":"2022-05-20T02:23:31","guid":{"rendered":"https:\/\/www.gruppoliturgico.com\/prodotto\/casulla-97\/"},"modified":"2022-09-13T11:56:13","modified_gmt":"2022-09-13T09:56:13","slug":"casulla-97","status":"publish","type":"product","link":"https:\/\/www.gruppoliturgico.com\/es\/producto\/casulla-97\/","title":{"rendered":"Casulla"},"content":{"rendered":"<html><body><p>Casulla hecha con un tejido muy ligero de poli\u00e9ster e lana.<br>\nEl precioso bordado con hilos de oro representa en la parte delantera el s\u00edmbolo IHS, adem\u00e1s de ornamentos barrocos.<br>\nEn la parte trasera los ornamentos barrocos.<br>\nDisponible en los cuatros colores lit\u00fargicos.<\/p>\n<\/body><\/html>","protected":false},"excerpt":{"rendered":"<p>Casulla hecha con un tejido muy ligero de poli\u00e9ster e lana.<br \/>\nEl precioso bordado con hilos de oro representa en la parte delantera el s\u00edmbolo IHS, adem\u00e1s de ornamentos barrocos.<br \/>\nEn la parte trasera los ornamentos barrocos.<br \/>\nDisponible en los cuatros colores lit\u00fargicos.<\/p>\n","protected":false},"featured_media":129019,"template":"","meta":[],"product_cat":[12247],"product_tag":[],"yoast_head":"<!-- This site is optimized with the Yoast SEO plugin v20.4 - https:\/\/yoast.com\/wordpress\/plugins\/seo\/ -->\n<title>Casulla - con estolon bordado y Laboratorio Gruppo Liturgico<\/title>\n<meta name=\"description\" content=\"Casulla hecha con un tejido muy ligero de poli\u00e9ster e lana. El precioso bordado con hilos de oro representa en la parte delantera el s\u00edmbolo IHS, adem\u00e1s de ornamentos barrocos. En la parte trasera los ornamentos barrocos. Disponible en los cuatros colores lit\u00fargicos.\" \/>\n<meta name=\"robots\" content=\"index, follow, max-snippet:-1, max-image-preview:large, max-video-preview:-1\" \/>\n<link rel=\"canonical\" href=\"https:\/\/www.gruppoliturgico.com\/es\/producto\/casulla-97\/\" \/>\n<meta property=\"og:locale\" content=\"es_ES\" \/>\n<meta property=\"og:type\" content=\"article\" \/>\n<meta property=\"og:title\" content=\"Casulla - con estolon bordado y Laboratorio Gruppo Liturgico\" \/>\n<meta property=\"og:description\" content=\"Casulla hecha con un tejido muy ligero de poli\u00e9ster e lana. El precioso bordado con hilos de oro representa en la parte delantera el s\u00edmbolo IHS, adem\u00e1s de ornamentos barrocos. En la parte trasera los ornamentos barrocos. Disponible en los cuatros colores lit\u00fargicos.\" \/>\n<meta property=\"og:url\" content=\"https:\/\/www.gruppoliturgico.com\/es\/producto\/casulla-97\/\" \/>\n<meta property=\"og:site_name\" content=\"Laboratorio Gruppo Liturgico\" \/>\n<meta property=\"article:modified_time\" content=\"2022-09-13T09:56:13+00:00\" \/>\n<meta property=\"og:image\" content=\"https:\/\/www.gruppoliturgico.com\/wp-content\/uploads\/2022\/05\/2756-casula-verde-1_inPixio.jpg\" \/>\n\t<meta property=\"og:image:width\" content=\"1259\" \/>\n\t<meta property=\"og:image:height\" content=\"2000\" \/>\n\t<meta property=\"og:image:type\" content=\"image\/jpeg\" \/>\n<meta name=\"twitter:card\" content=\"summary_large_image\" \/>\n<script type=\"application\/ld+json\" class=\"yoast-schema-graph\">{\"@context\":\"https:\/\/schema.org\",\"@graph\":[{\"@type\":\"WebPage\",\"@id\":\"https:\/\/www.gruppoliturgico.com\/es\/producto\/casulla-97\/\",\"url\":\"https:\/\/www.gruppoliturgico.com\/es\/producto\/casulla-97\/\",\"name\":\"Casulla - con estolon bordado y Laboratorio Gruppo Liturgico\",\"isPartOf\":{\"@id\":\"https:\/\/www.gruppoliturgico.com\/es\/#website\"},\"datePublished\":\"2022-05-20T02:23:31+00:00\",\"dateModified\":\"2022-09-13T09:56:13+00:00\",\"description\":\"Casulla hecha con un tejido muy ligero de poli\u00e9ster e lana. El precioso bordado con hilos de oro representa en la parte delantera el s\u00edmbolo IHS, adem\u00e1s de ornamentos barrocos. En la parte trasera los ornamentos barrocos. Disponible en los cuatros colores lit\u00fargicos.\",\"breadcrumb\":{\"@id\":\"https:\/\/www.gruppoliturgico.com\/es\/producto\/casulla-97\/#breadcrumb\"},\"inLanguage\":\"es\",\"potentialAction\":[{\"@type\":\"ReadAction\",\"target\":[\"https:\/\/www.gruppoliturgico.com\/es\/producto\/casulla-97\/\"]}]},{\"@type\":\"BreadcrumbList\",\"@id\":\"https:\/\/www.gruppoliturgico.com\/es\/producto\/casulla-97\/#breadcrumb\",\"itemListElement\":[{\"@type\":\"ListItem\",\"position\":1,\"name\":\"Home\",\"item\":\"https:\/\/www.gruppoliturgico.com\/es\/\"},{\"@type\":\"ListItem\",\"position\":2,\"name\":\"Tienda\",\"item\":\"https:\/\/www.gruppoliturgico.com\/es\/tienda\/\"},{\"@type\":\"ListItem\",\"position\":3,\"name\":\"Casulla\"}]},{\"@type\":\"WebSite\",\"@id\":\"https:\/\/www.gruppoliturgico.com\/es\/#website\",\"url\":\"https:\/\/www.gruppoliturgico.com\/es\/\",\"name\":\"Laboratorio Gruppo Liturgico\",\"description\":\"Articoli Religiosi online\",\"publisher\":{\"@id\":\"https:\/\/www.gruppoliturgico.com\/es\/#organization\"},\"potentialAction\":[{\"@type\":\"SearchAction\",\"target\":{\"@type\":\"EntryPoint\",\"urlTemplate\":\"https:\/\/www.gruppoliturgico.com\/es\/?s={search_term_string}\"},\"query-input\":\"required name=search_term_string\"}],\"inLanguage\":\"es\"},{\"@type\":\"Organization\",\"@id\":\"https:\/\/www.gruppoliturgico.com\/es\/#organization\",\"name\":\"Laboratorio Gruppo Liturgico\",\"url\":\"https:\/\/www.gruppoliturgico.com\/es\/\",\"logo\":{\"@type\":\"ImageObject\",\"inLanguage\":\"es\",\"@id\":\"https:\/\/www.gruppoliturgico.com\/es\/#\/schema\/logo\/image\/\",\"url\":\"https:\/\/www.gruppoliturgico.com\/wp-content\/uploads\/2022\/02\/logo-laboratoriogruppoliturgico.png\",\"contentUrl\":\"https:\/\/www.gruppoliturgico.com\/wp-content\/uploads\/2022\/02\/logo-laboratoriogruppoliturgico.png\",\"width\":400,\"height\":114,\"caption\":\"Laboratorio Gruppo Liturgico\"},\"image\":{\"@id\":\"https:\/\/www.gruppoliturgico.com\/es\/#\/schema\/logo\/image\/\"}}]}<\/script>\n<!-- \/ Yoast SEO plugin. -->","yoast_head_json":{"title":"Casulla - con estolon bordado y Laboratorio Gruppo Liturgico","description":"Casulla hecha con un tejido muy ligero de poli\u00e9ster e lana. El precioso bordado con hilos de oro representa en la parte delantera el s\u00edmbolo IHS, adem\u00e1s de ornamentos barrocos. En la parte trasera los ornamentos barrocos. Disponible en los cuatros colores lit\u00fargicos.","robots":{"index":"index","follow":"follow","max-snippet":"max-snippet:-1","max-image-preview":"max-image-preview:large","max-video-preview":"max-video-preview:-1"},"canonical":"https:\/\/www.gruppoliturgico.com\/es\/producto\/casulla-97\/","og_locale":"es_ES","og_type":"article","og_title":"Casulla - con estolon bordado y Laboratorio Gruppo Liturgico","og_description":"Casulla hecha con un tejido muy ligero de poli\u00e9ster e lana. El precioso bordado con hilos de oro representa en la parte delantera el s\u00edmbolo IHS, adem\u00e1s de ornamentos barrocos. En la parte trasera los ornamentos barrocos. Disponible en los cuatros colores lit\u00fargicos.","og_url":"https:\/\/www.gruppoliturgico.com\/es\/producto\/casulla-97\/","og_site_name":"Laboratorio Gruppo Liturgico","article_modified_time":"2022-09-13T09:56:13+00:00","og_image":[{"width":1259,"height":2000,"url":"https:\/\/www.gruppoliturgico.com\/wp-content\/uploads\/2022\/05\/2756-casula-verde-1_inPixio.jpg","type":"image\/jpeg"}],"twitter_card":"summary_large_image","schema":{"@context":"https:\/\/schema.org","@graph":[{"@type":"WebPage","@id":"https:\/\/www.gruppoliturgico.com\/es\/producto\/casulla-97\/","url":"https:\/\/www.gruppoliturgico.com\/es\/producto\/casulla-97\/","name":"Casulla - con estolon bordado y Laboratorio Gruppo Liturgico","isPartOf":{"@id":"https:\/\/www.gruppoliturgico.com\/es\/#website"},"datePublished":"2022-05-20T02:23:31+00:00","dateModified":"2022-09-13T09:56:13+00:00","description":"Casulla hecha con un tejido muy ligero de poli\u00e9ster e lana. El precioso bordado con hilos de oro representa en la parte delantera el s\u00edmbolo IHS, adem\u00e1s de ornamentos barrocos. En la parte trasera los ornamentos barrocos. Disponible en los cuatros colores lit\u00fargicos.","breadcrumb":{"@id":"https:\/\/www.gruppoliturgico.com\/es\/producto\/casulla-97\/#breadcrumb"},"inLanguage":"es","potentialAction":[{"@type":"ReadAction","target":["https:\/\/www.gruppoliturgico.com\/es\/producto\/casulla-97\/"]}]},{"@type":"BreadcrumbList","@id":"https:\/\/www.gruppoliturgico.com\/es\/producto\/casulla-97\/#breadcrumb","itemListElement":[{"@type":"ListItem","position":1,"name":"Home","item":"https:\/\/www.gruppoliturgico.com\/es\/"},{"@type":"ListItem","position":2,"name":"Tienda","item":"https:\/\/www.gruppoliturgico.com\/es\/tienda\/"},{"@type":"ListItem","position":3,"name":"Casulla"}]},{"@type":"WebSite","@id":"https:\/\/www.gruppoliturgico.com\/es\/#website","url":"https:\/\/www.gruppoliturgico.com\/es\/","name":"Laboratorio Gruppo Liturgico","description":"Articoli Religiosi online","publisher":{"@id":"https:\/\/www.gruppoliturgico.com\/es\/#organization"},"potentialAction":[{"@type":"SearchAction","target":{"@type":"EntryPoint","urlTemplate":"https:\/\/www.gruppoliturgico.com\/es\/?s={search_term_string}"},"query-input":"required name=search_term_string"}],"inLanguage":"es"},{"@type":"Organization","@id":"https:\/\/www.gruppoliturgico.com\/es\/#organization","name":"Laboratorio Gruppo Liturgico","url":"https:\/\/www.gruppoliturgico.com\/es\/","logo":{"@type":"ImageObject","inLanguage":"es","@id":"https:\/\/www.gruppoliturgico.com\/es\/#\/schema\/logo\/image\/","url":"https:\/\/www.gruppoliturgico.com\/wp-content\/uploads\/2022\/02\/logo-laboratoriogruppoliturgico.png","contentUrl":"https:\/\/www.gruppoliturgico.com\/wp-content\/uploads\/2022\/02\/logo-laboratoriogruppoliturgico.png","width":400,"height":114,"caption":"Laboratorio Gruppo Liturgico"},"image":{"@id":"https:\/\/www.gruppoliturgico.com\/es\/#\/schema\/logo\/image\/"}}]}},"_links":{"self":[{"href":"https:\/\/www.gruppoliturgico.com\/es\/wp-json\/wp\/v2\/product\/69618"}],"collection":[{"href":"https:\/\/www.gruppoliturgico.com\/es\/wp-json\/wp\/v2\/product"}],"about":[{"href":"https:\/\/www.gruppoliturgico.com\/es\/wp-json\/wp\/v2\/types\/product"}],"wp:featuredmedia":[{"embeddable":true,"href":"https:\/\/www.gruppoliturgico.com\/es\/wp-json\/wp\/v2\/media\/129019"}],"wp:attachment":[{"href":"https:\/\/www.gruppoliturgico.com\/es\/wp-json\/wp\/v2\/media?parent=69618"}],"wp:term":[{"taxonomy":"product_cat","embeddable":true,"href":"https:\/\/www.gruppoliturgico.com\/es\/wp-json\/wp\/v2\/product_cat?post=69618"},{"taxonomy":"product_tag","embeddable":true,"href":"https:\/\/www.gruppoliturgico.com\/es\/wp-json\/wp\/v2\/product_tag?post=69618"}],"curies":[{"name":"wp","href":"https:\/\/api.w.org\/{rel}","templated":true}]}}