{"id":69610,"date":"2022-05-20T04:22:59","date_gmt":"2022-05-20T02:23:08","guid":{"rendered":"https:\/\/www.gruppoliturgico.com\/prodotto\/portaviatico-eucaristico\/"},"modified":"2022-05-20T12:12:04","modified_gmt":"2022-05-20T10:12:04","slug":"portaviatico-eucaristico","status":"publish","type":"product","link":"https:\/\/www.gruppoliturgico.com\/es\/producto\/portaviatico-eucaristico\/","title":{"rendered":"Portavi\u00e1tico Eucar\u00edstico"},"content":{"rendered":"<html><body><p>Portavi\u00e1tico Eucar\u00edstico de lat\u00f3n dorado con grabado IHS. La tapa del relicario es abatible, para poder abrirlo f\u00e1cilmente. <\/p>\n<p>Altura cm 5,3<br>\nDiametro portavi\u00e1tico cm 5<\/p>\n<\/body><\/html>","protected":false},"excerpt":{"rendered":"<p>Portavi\u00e1tico Eucar\u00edstico de lat\u00f3n dorado con grabado IHS. La tapa del relicario es abatible, para poder abrirlo f\u00e1cilmente. <\/p>\n<p>Altura cm 5,3<br \/>\nDiametro portavi\u00e1tico cm 5<\/p>\n","protected":false},"featured_media":79935,"template":"","meta":[],"product_cat":[12427],"product_tag":[],"yoast_head":"<!-- This site is optimized with the Yoast SEO plugin v20.4 - https:\/\/yoast.com\/wordpress\/plugins\/seo\/ -->\n<title>Portavi\u00e1tico Eucar\u00edstico - portavi\u00e1ticos y Laboratorio Gruppo Liturgico<\/title>\n<meta name=\"description\" content=\"Portavi\u00e1tico Eucar\u00edstico de lat\u00f3n dorado con grabado IHS. La tapa del relicario es abatible, para poder abrirlo f\u00e1cilmente.   Altura cm 5,3 Diametro portavi\u00e1tico cm 5\" \/>\n<meta name=\"robots\" content=\"index, follow, max-snippet:-1, max-image-preview:large, max-video-preview:-1\" \/>\n<link rel=\"canonical\" href=\"https:\/\/www.gruppoliturgico.com\/es\/producto\/portaviatico-eucaristico\/\" \/>\n<meta property=\"og:locale\" content=\"es_ES\" \/>\n<meta property=\"og:type\" content=\"article\" \/>\n<meta property=\"og:title\" content=\"Portavi\u00e1tico Eucar\u00edstico - portavi\u00e1ticos y Laboratorio Gruppo Liturgico\" \/>\n<meta property=\"og:description\" content=\"Portavi\u00e1tico Eucar\u00edstico de lat\u00f3n dorado con grabado IHS. La tapa del relicario es abatible, para poder abrirlo f\u00e1cilmente.   Altura cm 5,3 Diametro portavi\u00e1tico cm 5\" \/>\n<meta property=\"og:url\" content=\"https:\/\/www.gruppoliturgico.com\/es\/producto\/portaviatico-eucaristico\/\" \/>\n<meta property=\"og:site_name\" content=\"Laboratorio Gruppo Liturgico\" \/>\n<meta property=\"article:modified_time\" content=\"2022-05-20T10:12:04+00:00\" \/>\n<meta property=\"og:image\" content=\"https:\/\/www.gruppoliturgico.com\/wp-content\/uploads\/2022\/05\/3041_0.jpg\" \/>\n\t<meta property=\"og:image:width\" content=\"1140\" \/>\n\t<meta property=\"og:image:height\" content=\"1500\" \/>\n\t<meta property=\"og:image:type\" content=\"image\/jpeg\" \/>\n<meta name=\"twitter:card\" content=\"summary_large_image\" \/>\n<script type=\"application\/ld+json\" class=\"yoast-schema-graph\">{\"@context\":\"https:\/\/schema.org\",\"@graph\":[{\"@type\":\"WebPage\",\"@id\":\"https:\/\/www.gruppoliturgico.com\/es\/producto\/portaviatico-eucaristico\/\",\"url\":\"https:\/\/www.gruppoliturgico.com\/es\/producto\/portaviatico-eucaristico\/\",\"name\":\"Portavi\u00e1tico Eucar\u00edstico - portavi\u00e1ticos y Laboratorio Gruppo Liturgico\",\"isPartOf\":{\"@id\":\"https:\/\/www.gruppoliturgico.com\/es\/#website\"},\"datePublished\":\"2022-05-20T02:23:08+00:00\",\"dateModified\":\"2022-05-20T10:12:04+00:00\",\"description\":\"Portavi\u00e1tico Eucar\u00edstico de lat\u00f3n dorado con grabado IHS. La tapa del relicario es abatible, para poder abrirlo f\u00e1cilmente. Altura cm 5,3 Diametro portavi\u00e1tico cm 5\",\"breadcrumb\":{\"@id\":\"https:\/\/www.gruppoliturgico.com\/es\/producto\/portaviatico-eucaristico\/#breadcrumb\"},\"inLanguage\":\"es\",\"potentialAction\":[{\"@type\":\"ReadAction\",\"target\":[\"https:\/\/www.gruppoliturgico.com\/es\/producto\/portaviatico-eucaristico\/\"]}]},{\"@type\":\"BreadcrumbList\",\"@id\":\"https:\/\/www.gruppoliturgico.com\/es\/producto\/portaviatico-eucaristico\/#breadcrumb\",\"itemListElement\":[{\"@type\":\"ListItem\",\"position\":1,\"name\":\"Home\",\"item\":\"https:\/\/www.gruppoliturgico.com\/es\/\"},{\"@type\":\"ListItem\",\"position\":2,\"name\":\"Tienda\",\"item\":\"https:\/\/www.gruppoliturgico.com\/es\/tienda\/\"},{\"@type\":\"ListItem\",\"position\":3,\"name\":\"Portavi\u00e1tico Eucar\u00edstico\"}]},{\"@type\":\"WebSite\",\"@id\":\"https:\/\/www.gruppoliturgico.com\/es\/#website\",\"url\":\"https:\/\/www.gruppoliturgico.com\/es\/\",\"name\":\"Laboratorio Gruppo Liturgico\",\"description\":\"Articoli Religiosi online\",\"publisher\":{\"@id\":\"https:\/\/www.gruppoliturgico.com\/es\/#organization\"},\"potentialAction\":[{\"@type\":\"SearchAction\",\"target\":{\"@type\":\"EntryPoint\",\"urlTemplate\":\"https:\/\/www.gruppoliturgico.com\/es\/?s={search_term_string}\"},\"query-input\":\"required name=search_term_string\"}],\"inLanguage\":\"es\"},{\"@type\":\"Organization\",\"@id\":\"https:\/\/www.gruppoliturgico.com\/es\/#organization\",\"name\":\"Laboratorio Gruppo Liturgico\",\"url\":\"https:\/\/www.gruppoliturgico.com\/es\/\",\"logo\":{\"@type\":\"ImageObject\",\"inLanguage\":\"es\",\"@id\":\"https:\/\/www.gruppoliturgico.com\/es\/#\/schema\/logo\/image\/\",\"url\":\"https:\/\/www.gruppoliturgico.com\/wp-content\/uploads\/2022\/02\/logo-laboratoriogruppoliturgico.png\",\"contentUrl\":\"https:\/\/www.gruppoliturgico.com\/wp-content\/uploads\/2022\/02\/logo-laboratoriogruppoliturgico.png\",\"width\":400,\"height\":114,\"caption\":\"Laboratorio Gruppo Liturgico\"},\"image\":{\"@id\":\"https:\/\/www.gruppoliturgico.com\/es\/#\/schema\/logo\/image\/\"}}]}<\/script>\n<!-- \/ Yoast SEO plugin. -->","yoast_head_json":{"title":"Portavi\u00e1tico Eucar\u00edstico - portavi\u00e1ticos y Laboratorio Gruppo Liturgico","description":"Portavi\u00e1tico Eucar\u00edstico de lat\u00f3n dorado con grabado IHS. La tapa del relicario es abatible, para poder abrirlo f\u00e1cilmente.   Altura cm 5,3 Diametro portavi\u00e1tico cm 5","robots":{"index":"index","follow":"follow","max-snippet":"max-snippet:-1","max-image-preview":"max-image-preview:large","max-video-preview":"max-video-preview:-1"},"canonical":"https:\/\/www.gruppoliturgico.com\/es\/producto\/portaviatico-eucaristico\/","og_locale":"es_ES","og_type":"article","og_title":"Portavi\u00e1tico Eucar\u00edstico - portavi\u00e1ticos y Laboratorio Gruppo Liturgico","og_description":"Portavi\u00e1tico Eucar\u00edstico de lat\u00f3n dorado con grabado IHS. La tapa del relicario es abatible, para poder abrirlo f\u00e1cilmente.   Altura cm 5,3 Diametro portavi\u00e1tico cm 5","og_url":"https:\/\/www.gruppoliturgico.com\/es\/producto\/portaviatico-eucaristico\/","og_site_name":"Laboratorio Gruppo Liturgico","article_modified_time":"2022-05-20T10:12:04+00:00","og_image":[{"width":1140,"height":1500,"url":"https:\/\/www.gruppoliturgico.com\/wp-content\/uploads\/2022\/05\/3041_0.jpg","type":"image\/jpeg"}],"twitter_card":"summary_large_image","schema":{"@context":"https:\/\/schema.org","@graph":[{"@type":"WebPage","@id":"https:\/\/www.gruppoliturgico.com\/es\/producto\/portaviatico-eucaristico\/","url":"https:\/\/www.gruppoliturgico.com\/es\/producto\/portaviatico-eucaristico\/","name":"Portavi\u00e1tico Eucar\u00edstico - portavi\u00e1ticos y Laboratorio Gruppo Liturgico","isPartOf":{"@id":"https:\/\/www.gruppoliturgico.com\/es\/#website"},"datePublished":"2022-05-20T02:23:08+00:00","dateModified":"2022-05-20T10:12:04+00:00","description":"Portavi\u00e1tico Eucar\u00edstico de lat\u00f3n dorado con grabado IHS. La tapa del relicario es abatible, para poder abrirlo f\u00e1cilmente. Altura cm 5,3 Diametro portavi\u00e1tico cm 5","breadcrumb":{"@id":"https:\/\/www.gruppoliturgico.com\/es\/producto\/portaviatico-eucaristico\/#breadcrumb"},"inLanguage":"es","potentialAction":[{"@type":"ReadAction","target":["https:\/\/www.gruppoliturgico.com\/es\/producto\/portaviatico-eucaristico\/"]}]},{"@type":"BreadcrumbList","@id":"https:\/\/www.gruppoliturgico.com\/es\/producto\/portaviatico-eucaristico\/#breadcrumb","itemListElement":[{"@type":"ListItem","position":1,"name":"Home","item":"https:\/\/www.gruppoliturgico.com\/es\/"},{"@type":"ListItem","position":2,"name":"Tienda","item":"https:\/\/www.gruppoliturgico.com\/es\/tienda\/"},{"@type":"ListItem","position":3,"name":"Portavi\u00e1tico Eucar\u00edstico"}]},{"@type":"WebSite","@id":"https:\/\/www.gruppoliturgico.com\/es\/#website","url":"https:\/\/www.gruppoliturgico.com\/es\/","name":"Laboratorio Gruppo Liturgico","description":"Articoli Religiosi online","publisher":{"@id":"https:\/\/www.gruppoliturgico.com\/es\/#organization"},"potentialAction":[{"@type":"SearchAction","target":{"@type":"EntryPoint","urlTemplate":"https:\/\/www.gruppoliturgico.com\/es\/?s={search_term_string}"},"query-input":"required name=search_term_string"}],"inLanguage":"es"},{"@type":"Organization","@id":"https:\/\/www.gruppoliturgico.com\/es\/#organization","name":"Laboratorio Gruppo Liturgico","url":"https:\/\/www.gruppoliturgico.com\/es\/","logo":{"@type":"ImageObject","inLanguage":"es","@id":"https:\/\/www.gruppoliturgico.com\/es\/#\/schema\/logo\/image\/","url":"https:\/\/www.gruppoliturgico.com\/wp-content\/uploads\/2022\/02\/logo-laboratoriogruppoliturgico.png","contentUrl":"https:\/\/www.gruppoliturgico.com\/wp-content\/uploads\/2022\/02\/logo-laboratoriogruppoliturgico.png","width":400,"height":114,"caption":"Laboratorio Gruppo Liturgico"},"image":{"@id":"https:\/\/www.gruppoliturgico.com\/es\/#\/schema\/logo\/image\/"}}]}},"_links":{"self":[{"href":"https:\/\/www.gruppoliturgico.com\/es\/wp-json\/wp\/v2\/product\/69610"}],"collection":[{"href":"https:\/\/www.gruppoliturgico.com\/es\/wp-json\/wp\/v2\/product"}],"about":[{"href":"https:\/\/www.gruppoliturgico.com\/es\/wp-json\/wp\/v2\/types\/product"}],"wp:featuredmedia":[{"embeddable":true,"href":"https:\/\/www.gruppoliturgico.com\/es\/wp-json\/wp\/v2\/media\/79935"}],"wp:attachment":[{"href":"https:\/\/www.gruppoliturgico.com\/es\/wp-json\/wp\/v2\/media?parent=69610"}],"wp:term":[{"taxonomy":"product_cat","embeddable":true,"href":"https:\/\/www.gruppoliturgico.com\/es\/wp-json\/wp\/v2\/product_cat?post=69610"},{"taxonomy":"product_tag","embeddable":true,"href":"https:\/\/www.gruppoliturgico.com\/es\/wp-json\/wp\/v2\/product_tag?post=69610"}],"curies":[{"name":"wp","href":"https:\/\/api.w.org\/{rel}","templated":true}]}}