{"id":69598,"date":"2022-05-20T04:22:00","date_gmt":"2022-05-20T02:22:36","guid":{"rendered":"https:\/\/www.gruppoliturgico.com\/prodotto\/casulla-96\/"},"modified":"2024-06-24T16:15:06","modified_gmt":"2024-06-24T14:15:06","slug":"casulla-96","status":"publish","type":"product","link":"https:\/\/www.gruppoliturgico.com\/es\/producto\/casulla-96\/","title":{"rendered":"Casulla"},"content":{"rendered":"<html><body><p>Casulla de tejido ligero de poli\u00e9ster, f\u00e1cil de lavar.<br>\nAdornada por un escapulario extra\u00edble tejido en el telar con un bordado de cruz estilizada.<br>\nEl escapulario se puede quitar para adaptarlo a otra casulla.<br>\nDisponible en los cuatros colores lit\u00fargicos.<\/p>\n<p>\u00a0<\/p>\n<p>A petici\u00f3n, tambi\u00e9n podemos suministrar el escapulario solo sin la casulla.<br>\nSolicite informaci\u00f3n en: &#105;&#x6e;&#102;&#x6f;&#64;&#x67;&#114;&#x75;&#112;&#x70;&#111;&#x6c;&#105;&#x74;&#117;&#x72;&#103;&#x69;&#99;&#x6f;&#46;&#x63;&#111;&#x6d;<\/p>\n<\/body><\/html>","protected":false},"excerpt":{"rendered":"<p>Casulla de tejido ligero de poli\u00e9ster, f\u00e1cil de lavar.<br \/>\nAdornada por un escapulario extra\u00edble tejido en el telar con un bordado de cruz estilizada.<br \/>\nEl escapulario se puede quitar para adaptarlo a otra casulla.<br \/>\nDisponible en los cuatros colores lit\u00fargicos.<\/p>\n<p>&nbsp;<\/p>\n<p>A petici\u00f3n, tambi\u00e9n podemos suministrar el escapulario solo sin la casulla.<br \/>\nSolicite informaci\u00f3n en: &#x69;&#x6e;&#x66;&#x6f;&#x40;&#x67;&#114;&#117;&#112;&#112;olit&#x75;&#x72;&#x67;&#x69;&#x63;&#x6f;&#46;&#99;&#111;&#109;<\/p>\n","protected":false},"featured_media":129225,"template":"","meta":[],"product_cat":[12255],"product_tag":[],"yoast_head":"<!-- This site is optimized with the Yoast SEO plugin v20.4 - https:\/\/yoast.com\/wordpress\/plugins\/seo\/ -->\n<title>Casulla - bordado en telar y Laboratorio Gruppo Liturgico<\/title>\n<meta name=\"description\" content=\"Casulla de tejido ligero de poli\u00e9ster, f\u00e1cil de lavar. Adornada por un escapulario extra\u00edble tejido en el telar con un bordado de cruz estilizada. El escapulario se puede quitar para adaptarlo a otra casulla. Disponible en los cuatros colores lit\u00fargicos.  &nbsp;  A petici\u00f3n, tambi\u00e9n podemos suministrar el escapulario solo sin la casulla. Solicite informaci\u00f3n en: info@gruppoliturgico.com\" \/>\n<meta name=\"robots\" content=\"index, follow, max-snippet:-1, max-image-preview:large, max-video-preview:-1\" \/>\n<link rel=\"canonical\" href=\"https:\/\/www.gruppoliturgico.com\/es\/producto\/casulla-96\/\" \/>\n<meta property=\"og:locale\" content=\"es_ES\" \/>\n<meta property=\"og:type\" content=\"article\" \/>\n<meta property=\"og:title\" content=\"Casulla - bordado en telar y Laboratorio Gruppo Liturgico\" \/>\n<meta property=\"og:description\" content=\"Casulla de tejido ligero de poli\u00e9ster, f\u00e1cil de lavar. Adornada por un escapulario extra\u00edble tejido en el telar con un bordado de cruz estilizada. El escapulario se puede quitar para adaptarlo a otra casulla. Disponible en los cuatros colores lit\u00fargicos.  &nbsp;  A petici\u00f3n, tambi\u00e9n podemos suministrar el escapulario solo sin la casulla. Solicite informaci\u00f3n en: info@gruppoliturgico.com\" \/>\n<meta property=\"og:url\" content=\"https:\/\/www.gruppoliturgico.com\/es\/producto\/casulla-96\/\" \/>\n<meta property=\"og:site_name\" content=\"Laboratorio Gruppo Liturgico\" \/>\n<meta property=\"article:modified_time\" content=\"2024-06-24T14:15:06+00:00\" \/>\n<meta property=\"og:image\" content=\"https:\/\/www.gruppoliturgico.com\/wp-content\/uploads\/2022\/09\/2489.bianca-1_0.jpg\" \/>\n\t<meta property=\"og:image:width\" content=\"1156\" \/>\n\t<meta property=\"og:image:height\" content=\"1500\" \/>\n\t<meta property=\"og:image:type\" content=\"image\/jpeg\" \/>\n<meta name=\"twitter:card\" content=\"summary_large_image\" \/>\n<script type=\"application\/ld+json\" class=\"yoast-schema-graph\">{\"@context\":\"https:\/\/schema.org\",\"@graph\":[{\"@type\":\"WebPage\",\"@id\":\"https:\/\/www.gruppoliturgico.com\/es\/producto\/casulla-96\/\",\"url\":\"https:\/\/www.gruppoliturgico.com\/es\/producto\/casulla-96\/\",\"name\":\"Casulla - bordado en telar y Laboratorio Gruppo Liturgico\",\"isPartOf\":{\"@id\":\"https:\/\/www.gruppoliturgico.com\/es\/#website\"},\"datePublished\":\"2022-05-20T02:22:36+00:00\",\"dateModified\":\"2024-06-24T14:15:06+00:00\",\"description\":\"Casulla de tejido ligero de poli\u00e9ster, f\u00e1cil de lavar. Adornada por un escapulario extra\u00edble tejido en el telar con un bordado de cruz estilizada. El escapulario se puede quitar para adaptarlo a otra casulla. Disponible en los cuatros colores lit\u00fargicos. &nbsp; A petici\u00f3n, tambi\u00e9n podemos suministrar el escapulario solo sin la casulla. Solicite informaci\u00f3n en: info@gruppoliturgico.com\",\"breadcrumb\":{\"@id\":\"https:\/\/www.gruppoliturgico.com\/es\/producto\/casulla-96\/#breadcrumb\"},\"inLanguage\":\"es\",\"potentialAction\":[{\"@type\":\"ReadAction\",\"target\":[\"https:\/\/www.gruppoliturgico.com\/es\/producto\/casulla-96\/\"]}]},{\"@type\":\"BreadcrumbList\",\"@id\":\"https:\/\/www.gruppoliturgico.com\/es\/producto\/casulla-96\/#breadcrumb\",\"itemListElement\":[{\"@type\":\"ListItem\",\"position\":1,\"name\":\"Home\",\"item\":\"https:\/\/www.gruppoliturgico.com\/es\/\"},{\"@type\":\"ListItem\",\"position\":2,\"name\":\"Tienda\",\"item\":\"https:\/\/www.gruppoliturgico.com\/es\/tienda\/\"},{\"@type\":\"ListItem\",\"position\":3,\"name\":\"Casulla\"}]},{\"@type\":\"WebSite\",\"@id\":\"https:\/\/www.gruppoliturgico.com\/es\/#website\",\"url\":\"https:\/\/www.gruppoliturgico.com\/es\/\",\"name\":\"Laboratorio Gruppo Liturgico\",\"description\":\"Articoli Religiosi online\",\"publisher\":{\"@id\":\"https:\/\/www.gruppoliturgico.com\/es\/#organization\"},\"potentialAction\":[{\"@type\":\"SearchAction\",\"target\":{\"@type\":\"EntryPoint\",\"urlTemplate\":\"https:\/\/www.gruppoliturgico.com\/es\/?s={search_term_string}\"},\"query-input\":\"required name=search_term_string\"}],\"inLanguage\":\"es\"},{\"@type\":\"Organization\",\"@id\":\"https:\/\/www.gruppoliturgico.com\/es\/#organization\",\"name\":\"Laboratorio Gruppo Liturgico\",\"url\":\"https:\/\/www.gruppoliturgico.com\/es\/\",\"logo\":{\"@type\":\"ImageObject\",\"inLanguage\":\"es\",\"@id\":\"https:\/\/www.gruppoliturgico.com\/es\/#\/schema\/logo\/image\/\",\"url\":\"https:\/\/www.gruppoliturgico.com\/wp-content\/uploads\/2022\/02\/logo-laboratoriogruppoliturgico.png\",\"contentUrl\":\"https:\/\/www.gruppoliturgico.com\/wp-content\/uploads\/2022\/02\/logo-laboratoriogruppoliturgico.png\",\"width\":400,\"height\":114,\"caption\":\"Laboratorio Gruppo Liturgico\"},\"image\":{\"@id\":\"https:\/\/www.gruppoliturgico.com\/es\/#\/schema\/logo\/image\/\"}}]}<\/script>\n<!-- \/ Yoast SEO plugin. -->","yoast_head_json":{"title":"Casulla - bordado en telar y Laboratorio Gruppo Liturgico","description":"Casulla de tejido ligero de poli\u00e9ster, f\u00e1cil de lavar. Adornada por un escapulario extra\u00edble tejido en el telar con un bordado de cruz estilizada. El escapulario se puede quitar para adaptarlo a otra casulla. Disponible en los cuatros colores lit\u00fargicos.  &nbsp;  A petici\u00f3n, tambi\u00e9n podemos suministrar el escapulario solo sin la casulla. Solicite informaci\u00f3n en: info@gruppoliturgico.com","robots":{"index":"index","follow":"follow","max-snippet":"max-snippet:-1","max-image-preview":"max-image-preview:large","max-video-preview":"max-video-preview:-1"},"canonical":"https:\/\/www.gruppoliturgico.com\/es\/producto\/casulla-96\/","og_locale":"es_ES","og_type":"article","og_title":"Casulla - bordado en telar y Laboratorio Gruppo Liturgico","og_description":"Casulla de tejido ligero de poli\u00e9ster, f\u00e1cil de lavar. Adornada por un escapulario extra\u00edble tejido en el telar con un bordado de cruz estilizada. El escapulario se puede quitar para adaptarlo a otra casulla. Disponible en los cuatros colores lit\u00fargicos.  &nbsp;  A petici\u00f3n, tambi\u00e9n podemos suministrar el escapulario solo sin la casulla. Solicite informaci\u00f3n en: info@gruppoliturgico.com","og_url":"https:\/\/www.gruppoliturgico.com\/es\/producto\/casulla-96\/","og_site_name":"Laboratorio Gruppo Liturgico","article_modified_time":"2024-06-24T14:15:06+00:00","og_image":[{"width":1156,"height":1500,"url":"https:\/\/www.gruppoliturgico.com\/wp-content\/uploads\/2022\/09\/2489.bianca-1_0.jpg","type":"image\/jpeg"}],"twitter_card":"summary_large_image","schema":{"@context":"https:\/\/schema.org","@graph":[{"@type":"WebPage","@id":"https:\/\/www.gruppoliturgico.com\/es\/producto\/casulla-96\/","url":"https:\/\/www.gruppoliturgico.com\/es\/producto\/casulla-96\/","name":"Casulla - bordado en telar y Laboratorio Gruppo Liturgico","isPartOf":{"@id":"https:\/\/www.gruppoliturgico.com\/es\/#website"},"datePublished":"2022-05-20T02:22:36+00:00","dateModified":"2024-06-24T14:15:06+00:00","description":"Casulla de tejido ligero de poli\u00e9ster, f\u00e1cil de lavar. Adornada por un escapulario extra\u00edble tejido en el telar con un bordado de cruz estilizada. El escapulario se puede quitar para adaptarlo a otra casulla. Disponible en los cuatros colores lit\u00fargicos. &nbsp; A petici\u00f3n, tambi\u00e9n podemos suministrar el escapulario solo sin la casulla. Solicite informaci\u00f3n en: info@gruppoliturgico.com","breadcrumb":{"@id":"https:\/\/www.gruppoliturgico.com\/es\/producto\/casulla-96\/#breadcrumb"},"inLanguage":"es","potentialAction":[{"@type":"ReadAction","target":["https:\/\/www.gruppoliturgico.com\/es\/producto\/casulla-96\/"]}]},{"@type":"BreadcrumbList","@id":"https:\/\/www.gruppoliturgico.com\/es\/producto\/casulla-96\/#breadcrumb","itemListElement":[{"@type":"ListItem","position":1,"name":"Home","item":"https:\/\/www.gruppoliturgico.com\/es\/"},{"@type":"ListItem","position":2,"name":"Tienda","item":"https:\/\/www.gruppoliturgico.com\/es\/tienda\/"},{"@type":"ListItem","position":3,"name":"Casulla"}]},{"@type":"WebSite","@id":"https:\/\/www.gruppoliturgico.com\/es\/#website","url":"https:\/\/www.gruppoliturgico.com\/es\/","name":"Laboratorio Gruppo Liturgico","description":"Articoli Religiosi online","publisher":{"@id":"https:\/\/www.gruppoliturgico.com\/es\/#organization"},"potentialAction":[{"@type":"SearchAction","target":{"@type":"EntryPoint","urlTemplate":"https:\/\/www.gruppoliturgico.com\/es\/?s={search_term_string}"},"query-input":"required name=search_term_string"}],"inLanguage":"es"},{"@type":"Organization","@id":"https:\/\/www.gruppoliturgico.com\/es\/#organization","name":"Laboratorio Gruppo Liturgico","url":"https:\/\/www.gruppoliturgico.com\/es\/","logo":{"@type":"ImageObject","inLanguage":"es","@id":"https:\/\/www.gruppoliturgico.com\/es\/#\/schema\/logo\/image\/","url":"https:\/\/www.gruppoliturgico.com\/wp-content\/uploads\/2022\/02\/logo-laboratoriogruppoliturgico.png","contentUrl":"https:\/\/www.gruppoliturgico.com\/wp-content\/uploads\/2022\/02\/logo-laboratoriogruppoliturgico.png","width":400,"height":114,"caption":"Laboratorio Gruppo Liturgico"},"image":{"@id":"https:\/\/www.gruppoliturgico.com\/es\/#\/schema\/logo\/image\/"}}]}},"_links":{"self":[{"href":"https:\/\/www.gruppoliturgico.com\/es\/wp-json\/wp\/v2\/product\/69598"}],"collection":[{"href":"https:\/\/www.gruppoliturgico.com\/es\/wp-json\/wp\/v2\/product"}],"about":[{"href":"https:\/\/www.gruppoliturgico.com\/es\/wp-json\/wp\/v2\/types\/product"}],"wp:featuredmedia":[{"embeddable":true,"href":"https:\/\/www.gruppoliturgico.com\/es\/wp-json\/wp\/v2\/media\/129225"}],"wp:attachment":[{"href":"https:\/\/www.gruppoliturgico.com\/es\/wp-json\/wp\/v2\/media?parent=69598"}],"wp:term":[{"taxonomy":"product_cat","embeddable":true,"href":"https:\/\/www.gruppoliturgico.com\/es\/wp-json\/wp\/v2\/product_cat?post=69598"},{"taxonomy":"product_tag","embeddable":true,"href":"https:\/\/www.gruppoliturgico.com\/es\/wp-json\/wp\/v2\/product_tag?post=69598"}],"curies":[{"name":"wp","href":"https:\/\/api.w.org\/{rel}","templated":true}]}}