{"id":69306,"date":"2022-05-20T04:08:38","date_gmt":"2022-05-20T02:08:47","guid":{"rendered":"https:\/\/www.gruppoliturgico.com\/prodotto\/lampara-de-mesa-9\/"},"modified":"2022-10-01T10:55:01","modified_gmt":"2022-10-01T08:55:01","slug":"lampara-de-mesa-9","status":"publish","type":"product","link":"https:\/\/www.gruppoliturgico.com\/es\/producto\/lampara-de-mesa-9\/","title":{"rendered":"L\u00e1mpara de mesa"},"content":{"rendered":"<html><body><p>L\u00e1mpara de mesa de fundici\u00f3n dorada plateada.<br>\nCuatro grupos de angelitos en adoraci\u00f3n hacen de soporte la vela del Sant\u00edsimo.<br>\nEl precio incluye el vidrio en rojo rubi decorado.<br>\nDimensiones cm  12 x 14 x 14.<\/p>\n<\/body><\/html>","protected":false},"excerpt":{"rendered":"<p>L\u00e1mpara de mesa de fundici\u00f3n dorada plateada.<br \/>\nCuatro grupos de angelitos en adoraci\u00f3n hacen de soporte la vela del Sant\u00edsimo.<br \/>\nEl precio incluye el vidrio en rojo rubi decorado.<br \/>\nDimensiones cm  12 x 14 x 14.<\/p>\n","protected":false},"featured_media":79635,"template":"","meta":[],"product_cat":[12103],"product_tag":[],"yoast_head":"<!-- This site is optimized with the Yoast SEO plugin v20.4 - https:\/\/yoast.com\/wordpress\/plugins\/seo\/ -->\n<title>L\u00e1mpara de mesa - de mesa y Laboratorio Gruppo Liturgico<\/title>\n<meta name=\"description\" content=\"L\u00e1mpara de mesa de fundici\u00f3n dorada plateada. Cuatro grupos de angelitos en adoraci\u00f3n hacen de soporte la vela del Sant\u00edsimo. El precio incluye el vidrio en rojo rubi decorado. Dimensiones cm 12 x 14 x 14.\" \/>\n<meta name=\"robots\" content=\"index, follow, max-snippet:-1, max-image-preview:large, max-video-preview:-1\" \/>\n<link rel=\"canonical\" href=\"https:\/\/www.gruppoliturgico.com\/es\/producto\/lampara-de-mesa-9\/\" \/>\n<meta property=\"og:locale\" content=\"es_ES\" \/>\n<meta property=\"og:type\" content=\"article\" \/>\n<meta property=\"og:title\" content=\"L\u00e1mpara de mesa - de mesa y Laboratorio Gruppo Liturgico\" \/>\n<meta property=\"og:description\" content=\"L\u00e1mpara de mesa de fundici\u00f3n dorada plateada. Cuatro grupos de angelitos en adoraci\u00f3n hacen de soporte la vela del Sant\u00edsimo. El precio incluye el vidrio en rojo rubi decorado. Dimensiones cm 12 x 14 x 14.\" \/>\n<meta property=\"og:url\" content=\"https:\/\/www.gruppoliturgico.com\/es\/producto\/lampara-de-mesa-9\/\" \/>\n<meta property=\"og:site_name\" content=\"Laboratorio Gruppo Liturgico\" \/>\n<meta property=\"article:modified_time\" content=\"2022-10-01T08:55:01+00:00\" \/>\n<meta property=\"og:image\" content=\"https:\/\/www.gruppoliturgico.com\/wp-content\/uploads\/2022\/05\/2692203.jpg\" \/>\n\t<meta property=\"og:image:width\" content=\"1000\" \/>\n\t<meta property=\"og:image:height\" content=\"1500\" \/>\n\t<meta property=\"og:image:type\" content=\"image\/jpeg\" \/>\n<meta name=\"twitter:card\" content=\"summary_large_image\" \/>\n<script type=\"application\/ld+json\" class=\"yoast-schema-graph\">{\"@context\":\"https:\/\/schema.org\",\"@graph\":[{\"@type\":\"WebPage\",\"@id\":\"https:\/\/www.gruppoliturgico.com\/es\/producto\/lampara-de-mesa-9\/\",\"url\":\"https:\/\/www.gruppoliturgico.com\/es\/producto\/lampara-de-mesa-9\/\",\"name\":\"L\u00e1mpara de mesa - de mesa y Laboratorio Gruppo Liturgico\",\"isPartOf\":{\"@id\":\"https:\/\/www.gruppoliturgico.com\/es\/#website\"},\"datePublished\":\"2022-05-20T02:08:47+00:00\",\"dateModified\":\"2022-10-01T08:55:01+00:00\",\"description\":\"L\u00e1mpara de mesa de fundici\u00f3n dorada plateada. Cuatro grupos de angelitos en adoraci\u00f3n hacen de soporte la vela del Sant\u00edsimo. El precio incluye el vidrio en rojo rubi decorado. Dimensiones cm 12 x 14 x 14.\",\"breadcrumb\":{\"@id\":\"https:\/\/www.gruppoliturgico.com\/es\/producto\/lampara-de-mesa-9\/#breadcrumb\"},\"inLanguage\":\"es\",\"potentialAction\":[{\"@type\":\"ReadAction\",\"target\":[\"https:\/\/www.gruppoliturgico.com\/es\/producto\/lampara-de-mesa-9\/\"]}]},{\"@type\":\"BreadcrumbList\",\"@id\":\"https:\/\/www.gruppoliturgico.com\/es\/producto\/lampara-de-mesa-9\/#breadcrumb\",\"itemListElement\":[{\"@type\":\"ListItem\",\"position\":1,\"name\":\"Home\",\"item\":\"https:\/\/www.gruppoliturgico.com\/es\/\"},{\"@type\":\"ListItem\",\"position\":2,\"name\":\"Tienda\",\"item\":\"https:\/\/www.gruppoliturgico.com\/es\/tienda\/\"},{\"@type\":\"ListItem\",\"position\":3,\"name\":\"L\u00e1mpara de mesa\"}]},{\"@type\":\"WebSite\",\"@id\":\"https:\/\/www.gruppoliturgico.com\/es\/#website\",\"url\":\"https:\/\/www.gruppoliturgico.com\/es\/\",\"name\":\"Laboratorio Gruppo Liturgico\",\"description\":\"Articoli Religiosi online\",\"publisher\":{\"@id\":\"https:\/\/www.gruppoliturgico.com\/es\/#organization\"},\"potentialAction\":[{\"@type\":\"SearchAction\",\"target\":{\"@type\":\"EntryPoint\",\"urlTemplate\":\"https:\/\/www.gruppoliturgico.com\/es\/?s={search_term_string}\"},\"query-input\":\"required name=search_term_string\"}],\"inLanguage\":\"es\"},{\"@type\":\"Organization\",\"@id\":\"https:\/\/www.gruppoliturgico.com\/es\/#organization\",\"name\":\"Laboratorio Gruppo Liturgico\",\"url\":\"https:\/\/www.gruppoliturgico.com\/es\/\",\"logo\":{\"@type\":\"ImageObject\",\"inLanguage\":\"es\",\"@id\":\"https:\/\/www.gruppoliturgico.com\/es\/#\/schema\/logo\/image\/\",\"url\":\"https:\/\/www.gruppoliturgico.com\/wp-content\/uploads\/2022\/02\/logo-laboratoriogruppoliturgico.png\",\"contentUrl\":\"https:\/\/www.gruppoliturgico.com\/wp-content\/uploads\/2022\/02\/logo-laboratoriogruppoliturgico.png\",\"width\":400,\"height\":114,\"caption\":\"Laboratorio Gruppo Liturgico\"},\"image\":{\"@id\":\"https:\/\/www.gruppoliturgico.com\/es\/#\/schema\/logo\/image\/\"}}]}<\/script>\n<!-- \/ Yoast SEO plugin. -->","yoast_head_json":{"title":"L\u00e1mpara de mesa - de mesa y Laboratorio Gruppo Liturgico","description":"L\u00e1mpara de mesa de fundici\u00f3n dorada plateada. Cuatro grupos de angelitos en adoraci\u00f3n hacen de soporte la vela del Sant\u00edsimo. El precio incluye el vidrio en rojo rubi decorado. Dimensiones cm 12 x 14 x 14.","robots":{"index":"index","follow":"follow","max-snippet":"max-snippet:-1","max-image-preview":"max-image-preview:large","max-video-preview":"max-video-preview:-1"},"canonical":"https:\/\/www.gruppoliturgico.com\/es\/producto\/lampara-de-mesa-9\/","og_locale":"es_ES","og_type":"article","og_title":"L\u00e1mpara de mesa - de mesa y Laboratorio Gruppo Liturgico","og_description":"L\u00e1mpara de mesa de fundici\u00f3n dorada plateada. Cuatro grupos de angelitos en adoraci\u00f3n hacen de soporte la vela del Sant\u00edsimo. El precio incluye el vidrio en rojo rubi decorado. Dimensiones cm 12 x 14 x 14.","og_url":"https:\/\/www.gruppoliturgico.com\/es\/producto\/lampara-de-mesa-9\/","og_site_name":"Laboratorio Gruppo Liturgico","article_modified_time":"2022-10-01T08:55:01+00:00","og_image":[{"width":1000,"height":1500,"url":"https:\/\/www.gruppoliturgico.com\/wp-content\/uploads\/2022\/05\/2692203.jpg","type":"image\/jpeg"}],"twitter_card":"summary_large_image","schema":{"@context":"https:\/\/schema.org","@graph":[{"@type":"WebPage","@id":"https:\/\/www.gruppoliturgico.com\/es\/producto\/lampara-de-mesa-9\/","url":"https:\/\/www.gruppoliturgico.com\/es\/producto\/lampara-de-mesa-9\/","name":"L\u00e1mpara de mesa - de mesa y Laboratorio Gruppo Liturgico","isPartOf":{"@id":"https:\/\/www.gruppoliturgico.com\/es\/#website"},"datePublished":"2022-05-20T02:08:47+00:00","dateModified":"2022-10-01T08:55:01+00:00","description":"L\u00e1mpara de mesa de fundici\u00f3n dorada plateada. Cuatro grupos de angelitos en adoraci\u00f3n hacen de soporte la vela del Sant\u00edsimo. El precio incluye el vidrio en rojo rubi decorado. Dimensiones cm 12 x 14 x 14.","breadcrumb":{"@id":"https:\/\/www.gruppoliturgico.com\/es\/producto\/lampara-de-mesa-9\/#breadcrumb"},"inLanguage":"es","potentialAction":[{"@type":"ReadAction","target":["https:\/\/www.gruppoliturgico.com\/es\/producto\/lampara-de-mesa-9\/"]}]},{"@type":"BreadcrumbList","@id":"https:\/\/www.gruppoliturgico.com\/es\/producto\/lampara-de-mesa-9\/#breadcrumb","itemListElement":[{"@type":"ListItem","position":1,"name":"Home","item":"https:\/\/www.gruppoliturgico.com\/es\/"},{"@type":"ListItem","position":2,"name":"Tienda","item":"https:\/\/www.gruppoliturgico.com\/es\/tienda\/"},{"@type":"ListItem","position":3,"name":"L\u00e1mpara de mesa"}]},{"@type":"WebSite","@id":"https:\/\/www.gruppoliturgico.com\/es\/#website","url":"https:\/\/www.gruppoliturgico.com\/es\/","name":"Laboratorio Gruppo Liturgico","description":"Articoli Religiosi online","publisher":{"@id":"https:\/\/www.gruppoliturgico.com\/es\/#organization"},"potentialAction":[{"@type":"SearchAction","target":{"@type":"EntryPoint","urlTemplate":"https:\/\/www.gruppoliturgico.com\/es\/?s={search_term_string}"},"query-input":"required name=search_term_string"}],"inLanguage":"es"},{"@type":"Organization","@id":"https:\/\/www.gruppoliturgico.com\/es\/#organization","name":"Laboratorio Gruppo Liturgico","url":"https:\/\/www.gruppoliturgico.com\/es\/","logo":{"@type":"ImageObject","inLanguage":"es","@id":"https:\/\/www.gruppoliturgico.com\/es\/#\/schema\/logo\/image\/","url":"https:\/\/www.gruppoliturgico.com\/wp-content\/uploads\/2022\/02\/logo-laboratoriogruppoliturgico.png","contentUrl":"https:\/\/www.gruppoliturgico.com\/wp-content\/uploads\/2022\/02\/logo-laboratoriogruppoliturgico.png","width":400,"height":114,"caption":"Laboratorio Gruppo Liturgico"},"image":{"@id":"https:\/\/www.gruppoliturgico.com\/es\/#\/schema\/logo\/image\/"}}]}},"_links":{"self":[{"href":"https:\/\/www.gruppoliturgico.com\/es\/wp-json\/wp\/v2\/product\/69306"}],"collection":[{"href":"https:\/\/www.gruppoliturgico.com\/es\/wp-json\/wp\/v2\/product"}],"about":[{"href":"https:\/\/www.gruppoliturgico.com\/es\/wp-json\/wp\/v2\/types\/product"}],"wp:featuredmedia":[{"embeddable":true,"href":"https:\/\/www.gruppoliturgico.com\/es\/wp-json\/wp\/v2\/media\/79635"}],"wp:attachment":[{"href":"https:\/\/www.gruppoliturgico.com\/es\/wp-json\/wp\/v2\/media?parent=69306"}],"wp:term":[{"taxonomy":"product_cat","embeddable":true,"href":"https:\/\/www.gruppoliturgico.com\/es\/wp-json\/wp\/v2\/product_cat?post=69306"},{"taxonomy":"product_tag","embeddable":true,"href":"https:\/\/www.gruppoliturgico.com\/es\/wp-json\/wp\/v2\/product_tag?post=69306"}],"curies":[{"name":"wp","href":"https:\/\/api.w.org\/{rel}","templated":true}]}}