{"id":69290,"date":"2022-05-20T04:07:53","date_gmt":"2022-05-20T02:08:01","guid":{"rendered":"https:\/\/www.gruppoliturgico.com\/prodotto\/sagrario-adoracion-permanente-4\/"},"modified":"2022-10-07T15:15:12","modified_gmt":"2022-10-07T13:15:12","slug":"sagrario-adoracion-permanente-4","status":"publish","type":"product","link":"https:\/\/www.gruppoliturgico.com\/es\/producto\/sagrario-adoracion-permanente-4\/","title":{"rendered":"Sagrario Adoraci\u00f3n Permanente"},"content":{"rendered":"<html><body><p>Sagrario con exterior revestido de madera macizo, de forma lineal, est\u00e1 decorado con la puerta de bronce fundido dorado.<br>\nEn el centro de la puerta se encuentra el relicario para la exposici\u00f3n del Sant\u00edsimo Sacramento.<br>\nInterior del tabern\u00e1culo dorado con oro fino.<br>\nDimensiones<br>\nexternas cm 30 x 30 x 43<br>\ninternas cm 34 x 17<\/p>\n<\/body><\/html>","protected":false},"excerpt":{"rendered":"<p>Sagrario con exterior revestido de madera macizo, de forma lineal, est\u00e1 decorado con la puerta de bronce fundido dorado.<br \/>\nEn el centro de la puerta se encuentra el relicario para la exposici\u00f3n del Sant\u00edsimo Sacramento.<br \/>\nInterior del tabern\u00e1culo dorado con oro fino.<br \/>\nDimensiones<br \/>\nexternas cm 30 x 30 x 43<br \/>\ninternas cm 34 x 17<\/p>\n","protected":false},"featured_media":79619,"template":"","meta":[],"product_cat":[12083],"product_tag":[],"yoast_head":"<!-- This site is optimized with the Yoast SEO plugin v20.4 - https:\/\/yoast.com\/wordpress\/plugins\/seo\/ -->\n<title>Sagrario Adoraci\u00f3n Permanente - Sagrario de metal y Laboratorio Gruppo Liturgico<\/title>\n<meta name=\"description\" content=\"Sagrario con exterior revestido de madera macizo, de forma lineal, est\u00e1 decorado con la puerta de bronce fundido dorado.  En el centro de la puerta se encuentra el relicario para la exposici\u00f3n del Sant\u00edsimo Sacramento.  Interior del tabern\u00e1culo dorado con oro fino. Dimensiones  externas cm 30 x 30 x 43 internas cm 34 x 17\" \/>\n<meta name=\"robots\" content=\"index, follow, max-snippet:-1, max-image-preview:large, max-video-preview:-1\" \/>\n<link rel=\"canonical\" href=\"https:\/\/www.gruppoliturgico.com\/es\/producto\/sagrario-adoracion-permanente-4\/\" \/>\n<meta property=\"og:locale\" content=\"es_ES\" \/>\n<meta property=\"og:type\" content=\"article\" \/>\n<meta property=\"og:title\" content=\"Sagrario Adoraci\u00f3n Permanente - Sagrario de metal y Laboratorio Gruppo Liturgico\" \/>\n<meta property=\"og:description\" content=\"Sagrario con exterior revestido de madera macizo, de forma lineal, est\u00e1 decorado con la puerta de bronce fundido dorado.  En el centro de la puerta se encuentra el relicario para la exposici\u00f3n del Sant\u00edsimo Sacramento.  Interior del tabern\u00e1culo dorado con oro fino. Dimensiones  externas cm 30 x 30 x 43 internas cm 34 x 17\" \/>\n<meta property=\"og:url\" content=\"https:\/\/www.gruppoliturgico.com\/es\/producto\/sagrario-adoracion-permanente-4\/\" \/>\n<meta property=\"og:site_name\" content=\"Laboratorio Gruppo Liturgico\" \/>\n<meta property=\"article:modified_time\" content=\"2022-10-07T13:15:12+00:00\" \/>\n<meta property=\"og:image\" content=\"https:\/\/www.gruppoliturgico.com\/wp-content\/uploads\/2022\/05\/3419.jpg\" \/>\n\t<meta property=\"og:image:width\" content=\"1355\" \/>\n\t<meta property=\"og:image:height\" content=\"1500\" \/>\n\t<meta property=\"og:image:type\" content=\"image\/jpeg\" \/>\n<meta name=\"twitter:card\" content=\"summary_large_image\" \/>\n<script type=\"application\/ld+json\" class=\"yoast-schema-graph\">{\"@context\":\"https:\/\/schema.org\",\"@graph\":[{\"@type\":\"WebPage\",\"@id\":\"https:\/\/www.gruppoliturgico.com\/es\/producto\/sagrario-adoracion-permanente-4\/\",\"url\":\"https:\/\/www.gruppoliturgico.com\/es\/producto\/sagrario-adoracion-permanente-4\/\",\"name\":\"Sagrario Adoraci\u00f3n Permanente - Sagrario de metal y Laboratorio Gruppo Liturgico\",\"isPartOf\":{\"@id\":\"https:\/\/www.gruppoliturgico.com\/es\/#website\"},\"datePublished\":\"2022-05-20T02:08:01+00:00\",\"dateModified\":\"2022-10-07T13:15:12+00:00\",\"description\":\"Sagrario con exterior revestido de madera macizo, de forma lineal, est\u00e1 decorado con la puerta de bronce fundido dorado. En el centro de la puerta se encuentra el relicario para la exposici\u00f3n del Sant\u00edsimo Sacramento. Interior del tabern\u00e1culo dorado con oro fino. Dimensiones externas cm 30 x 30 x 43 internas cm 34 x 17\",\"breadcrumb\":{\"@id\":\"https:\/\/www.gruppoliturgico.com\/es\/producto\/sagrario-adoracion-permanente-4\/#breadcrumb\"},\"inLanguage\":\"es\",\"potentialAction\":[{\"@type\":\"ReadAction\",\"target\":[\"https:\/\/www.gruppoliturgico.com\/es\/producto\/sagrario-adoracion-permanente-4\/\"]}]},{\"@type\":\"BreadcrumbList\",\"@id\":\"https:\/\/www.gruppoliturgico.com\/es\/producto\/sagrario-adoracion-permanente-4\/#breadcrumb\",\"itemListElement\":[{\"@type\":\"ListItem\",\"position\":1,\"name\":\"Home\",\"item\":\"https:\/\/www.gruppoliturgico.com\/es\/\"},{\"@type\":\"ListItem\",\"position\":2,\"name\":\"Tienda\",\"item\":\"https:\/\/www.gruppoliturgico.com\/es\/tienda\/\"},{\"@type\":\"ListItem\",\"position\":3,\"name\":\"Sagrario Adoraci\u00f3n Permanente\"}]},{\"@type\":\"WebSite\",\"@id\":\"https:\/\/www.gruppoliturgico.com\/es\/#website\",\"url\":\"https:\/\/www.gruppoliturgico.com\/es\/\",\"name\":\"Laboratorio Gruppo Liturgico\",\"description\":\"Articoli Religiosi online\",\"publisher\":{\"@id\":\"https:\/\/www.gruppoliturgico.com\/es\/#organization\"},\"potentialAction\":[{\"@type\":\"SearchAction\",\"target\":{\"@type\":\"EntryPoint\",\"urlTemplate\":\"https:\/\/www.gruppoliturgico.com\/es\/?s={search_term_string}\"},\"query-input\":\"required name=search_term_string\"}],\"inLanguage\":\"es\"},{\"@type\":\"Organization\",\"@id\":\"https:\/\/www.gruppoliturgico.com\/es\/#organization\",\"name\":\"Laboratorio Gruppo Liturgico\",\"url\":\"https:\/\/www.gruppoliturgico.com\/es\/\",\"logo\":{\"@type\":\"ImageObject\",\"inLanguage\":\"es\",\"@id\":\"https:\/\/www.gruppoliturgico.com\/es\/#\/schema\/logo\/image\/\",\"url\":\"https:\/\/www.gruppoliturgico.com\/wp-content\/uploads\/2022\/02\/logo-laboratoriogruppoliturgico.png\",\"contentUrl\":\"https:\/\/www.gruppoliturgico.com\/wp-content\/uploads\/2022\/02\/logo-laboratoriogruppoliturgico.png\",\"width\":400,\"height\":114,\"caption\":\"Laboratorio Gruppo Liturgico\"},\"image\":{\"@id\":\"https:\/\/www.gruppoliturgico.com\/es\/#\/schema\/logo\/image\/\"}}]}<\/script>\n<!-- \/ Yoast SEO plugin. -->","yoast_head_json":{"title":"Sagrario Adoraci\u00f3n Permanente - Sagrario de metal y Laboratorio Gruppo Liturgico","description":"Sagrario con exterior revestido de madera macizo, de forma lineal, est\u00e1 decorado con la puerta de bronce fundido dorado.  En el centro de la puerta se encuentra el relicario para la exposici\u00f3n del Sant\u00edsimo Sacramento.  Interior del tabern\u00e1culo dorado con oro fino. Dimensiones  externas cm 30 x 30 x 43 internas cm 34 x 17","robots":{"index":"index","follow":"follow","max-snippet":"max-snippet:-1","max-image-preview":"max-image-preview:large","max-video-preview":"max-video-preview:-1"},"canonical":"https:\/\/www.gruppoliturgico.com\/es\/producto\/sagrario-adoracion-permanente-4\/","og_locale":"es_ES","og_type":"article","og_title":"Sagrario Adoraci\u00f3n Permanente - Sagrario de metal y Laboratorio Gruppo Liturgico","og_description":"Sagrario con exterior revestido de madera macizo, de forma lineal, est\u00e1 decorado con la puerta de bronce fundido dorado.  En el centro de la puerta se encuentra el relicario para la exposici\u00f3n del Sant\u00edsimo Sacramento.  Interior del tabern\u00e1culo dorado con oro fino. Dimensiones  externas cm 30 x 30 x 43 internas cm 34 x 17","og_url":"https:\/\/www.gruppoliturgico.com\/es\/producto\/sagrario-adoracion-permanente-4\/","og_site_name":"Laboratorio Gruppo Liturgico","article_modified_time":"2022-10-07T13:15:12+00:00","og_image":[{"width":1355,"height":1500,"url":"https:\/\/www.gruppoliturgico.com\/wp-content\/uploads\/2022\/05\/3419.jpg","type":"image\/jpeg"}],"twitter_card":"summary_large_image","schema":{"@context":"https:\/\/schema.org","@graph":[{"@type":"WebPage","@id":"https:\/\/www.gruppoliturgico.com\/es\/producto\/sagrario-adoracion-permanente-4\/","url":"https:\/\/www.gruppoliturgico.com\/es\/producto\/sagrario-adoracion-permanente-4\/","name":"Sagrario Adoraci\u00f3n Permanente - Sagrario de metal y Laboratorio Gruppo Liturgico","isPartOf":{"@id":"https:\/\/www.gruppoliturgico.com\/es\/#website"},"datePublished":"2022-05-20T02:08:01+00:00","dateModified":"2022-10-07T13:15:12+00:00","description":"Sagrario con exterior revestido de madera macizo, de forma lineal, est\u00e1 decorado con la puerta de bronce fundido dorado. En el centro de la puerta se encuentra el relicario para la exposici\u00f3n del Sant\u00edsimo Sacramento. Interior del tabern\u00e1culo dorado con oro fino. Dimensiones externas cm 30 x 30 x 43 internas cm 34 x 17","breadcrumb":{"@id":"https:\/\/www.gruppoliturgico.com\/es\/producto\/sagrario-adoracion-permanente-4\/#breadcrumb"},"inLanguage":"es","potentialAction":[{"@type":"ReadAction","target":["https:\/\/www.gruppoliturgico.com\/es\/producto\/sagrario-adoracion-permanente-4\/"]}]},{"@type":"BreadcrumbList","@id":"https:\/\/www.gruppoliturgico.com\/es\/producto\/sagrario-adoracion-permanente-4\/#breadcrumb","itemListElement":[{"@type":"ListItem","position":1,"name":"Home","item":"https:\/\/www.gruppoliturgico.com\/es\/"},{"@type":"ListItem","position":2,"name":"Tienda","item":"https:\/\/www.gruppoliturgico.com\/es\/tienda\/"},{"@type":"ListItem","position":3,"name":"Sagrario Adoraci\u00f3n Permanente"}]},{"@type":"WebSite","@id":"https:\/\/www.gruppoliturgico.com\/es\/#website","url":"https:\/\/www.gruppoliturgico.com\/es\/","name":"Laboratorio Gruppo Liturgico","description":"Articoli Religiosi online","publisher":{"@id":"https:\/\/www.gruppoliturgico.com\/es\/#organization"},"potentialAction":[{"@type":"SearchAction","target":{"@type":"EntryPoint","urlTemplate":"https:\/\/www.gruppoliturgico.com\/es\/?s={search_term_string}"},"query-input":"required name=search_term_string"}],"inLanguage":"es"},{"@type":"Organization","@id":"https:\/\/www.gruppoliturgico.com\/es\/#organization","name":"Laboratorio Gruppo Liturgico","url":"https:\/\/www.gruppoliturgico.com\/es\/","logo":{"@type":"ImageObject","inLanguage":"es","@id":"https:\/\/www.gruppoliturgico.com\/es\/#\/schema\/logo\/image\/","url":"https:\/\/www.gruppoliturgico.com\/wp-content\/uploads\/2022\/02\/logo-laboratoriogruppoliturgico.png","contentUrl":"https:\/\/www.gruppoliturgico.com\/wp-content\/uploads\/2022\/02\/logo-laboratoriogruppoliturgico.png","width":400,"height":114,"caption":"Laboratorio Gruppo Liturgico"},"image":{"@id":"https:\/\/www.gruppoliturgico.com\/es\/#\/schema\/logo\/image\/"}}]}},"_links":{"self":[{"href":"https:\/\/www.gruppoliturgico.com\/es\/wp-json\/wp\/v2\/product\/69290"}],"collection":[{"href":"https:\/\/www.gruppoliturgico.com\/es\/wp-json\/wp\/v2\/product"}],"about":[{"href":"https:\/\/www.gruppoliturgico.com\/es\/wp-json\/wp\/v2\/types\/product"}],"wp:featuredmedia":[{"embeddable":true,"href":"https:\/\/www.gruppoliturgico.com\/es\/wp-json\/wp\/v2\/media\/79619"}],"wp:attachment":[{"href":"https:\/\/www.gruppoliturgico.com\/es\/wp-json\/wp\/v2\/media?parent=69290"}],"wp:term":[{"taxonomy":"product_cat","embeddable":true,"href":"https:\/\/www.gruppoliturgico.com\/es\/wp-json\/wp\/v2\/product_cat?post=69290"},{"taxonomy":"product_tag","embeddable":true,"href":"https:\/\/www.gruppoliturgico.com\/es\/wp-json\/wp\/v2\/product_tag?post=69290"}],"curies":[{"name":"wp","href":"https:\/\/api.w.org\/{rel}","templated":true}]}}