{"id":69262,"date":"2022-05-20T04:06:00","date_gmt":"2022-05-20T02:06:21","guid":{"rendered":"https:\/\/www.gruppoliturgico.com\/prodotto\/casulla-82\/"},"modified":"2022-09-03T10:51:17","modified_gmt":"2022-09-03T08:51:17","slug":"casulla-82","status":"publish","type":"product","link":"https:\/\/www.gruppoliturgico.com\/es\/producto\/casulla-82\/","title":{"rendered":"Casulla"},"content":{"rendered":"<html><body><p>En un tejido ligero de pura lana laminado en oro.<br>\nCasulla de corte medieval con estol\u00f3n central y cuello bordados en tejido dupion tono su tono.<br>\nEl especial tipo de bordado, realizado con varios hilos est\u00e1 enriquecido con estr\u00e1s perlados de dos matices aplicados a mano.<br>\nLa parte que une el cuello con el estol\u00f3n central delante est\u00e1 enriquecida con un estr\u00e1s dorado con piedras del mismo color que la casulla.<br>\nEl gal\u00f3n central se repite en la parte trasera de la casulla.<br>\nEst\u00e1 disponible en todos los colores Lit\u00fargicos.<\/p>\n<p>\u00ab<\/p>\n<\/body><\/html>","protected":false},"excerpt":{"rendered":"<p>En un tejido ligero de pura lana laminado en oro.<br \/>\nCasulla de corte medieval con estol\u00f3n central y cuello bordados en tejido dupion tono su tono.<br \/>\nEl especial tipo de bordado, realizado con varios hilos est\u00e1 enriquecido con estr\u00e1s perlados de dos matices aplicados a mano.<br \/>\nLa parte que une el cuello con el estol\u00f3n central delante est\u00e1 enriquecida con un estr\u00e1s dorado con piedras del mismo color que la casulla.<br \/>\nEl gal\u00f3n central se repite en la parte trasera de la casulla.<br \/>\nEst\u00e1 disponible en todos los colores Lit\u00fargicos.<\/p>\n<p>\u00ab<\/p>\n","protected":false},"featured_media":128875,"template":"","meta":[],"product_cat":[12243],"product_tag":[],"yoast_head":"<!-- This site is optimized with the Yoast SEO plugin v20.4 - https:\/\/yoast.com\/wordpress\/plugins\/seo\/ -->\n<title>Casulla - colecci\u00f3n cl\u00e1sica y Laboratorio Gruppo Liturgico<\/title>\n<meta name=\"description\" content=\"En un tejido ligero de pura lana laminado en oro. Casulla de corte medieval con estol\u00f3n central y cuello bordados en tejido dupion tono su tono. El especial tipo de bordado, realizado con varios hilos est\u00e1 enriquecido con estr\u00e1s perlados de dos matices aplicados a mano. La parte que une el cuello con el estol\u00f3n central delante est\u00e1 enriquecida con un estr\u00e1s dorado con piedras del mismo color que la casulla. El gal\u00f3n central se repite en la parte trasera de la casulla. Est\u00e1 disponible en todos los colores Lit\u00fargicos.  &quot;\" \/>\n<meta name=\"robots\" content=\"index, follow, max-snippet:-1, max-image-preview:large, max-video-preview:-1\" \/>\n<link rel=\"canonical\" href=\"https:\/\/www.gruppoliturgico.com\/es\/producto\/casulla-82\/\" \/>\n<meta property=\"og:locale\" content=\"es_ES\" \/>\n<meta property=\"og:type\" content=\"article\" \/>\n<meta property=\"og:title\" content=\"Casulla - colecci\u00f3n cl\u00e1sica y Laboratorio Gruppo Liturgico\" \/>\n<meta property=\"og:description\" content=\"En un tejido ligero de pura lana laminado en oro. Casulla de corte medieval con estol\u00f3n central y cuello bordados en tejido dupion tono su tono. El especial tipo de bordado, realizado con varios hilos est\u00e1 enriquecido con estr\u00e1s perlados de dos matices aplicados a mano. La parte que une el cuello con el estol\u00f3n central delante est\u00e1 enriquecida con un estr\u00e1s dorado con piedras del mismo color que la casulla. El gal\u00f3n central se repite en la parte trasera de la casulla. Est\u00e1 disponible en todos los colores Lit\u00fargicos.  &quot;\" \/>\n<meta property=\"og:url\" content=\"https:\/\/www.gruppoliturgico.com\/es\/producto\/casulla-82\/\" \/>\n<meta property=\"og:site_name\" content=\"Laboratorio Gruppo Liturgico\" \/>\n<meta property=\"article:modified_time\" content=\"2022-09-03T08:51:17+00:00\" \/>\n<meta property=\"og:image\" content=\"https:\/\/www.gruppoliturgico.com\/wp-content\/uploads\/2022\/05\/2700-bianca.jpg\" \/>\n\t<meta property=\"og:image:width\" content=\"1477\" \/>\n\t<meta property=\"og:image:height\" content=\"2000\" \/>\n\t<meta property=\"og:image:type\" content=\"image\/jpeg\" \/>\n<meta name=\"twitter:card\" content=\"summary_large_image\" \/>\n<script type=\"application\/ld+json\" class=\"yoast-schema-graph\">{\"@context\":\"https:\/\/schema.org\",\"@graph\":[{\"@type\":\"WebPage\",\"@id\":\"https:\/\/www.gruppoliturgico.com\/es\/producto\/casulla-82\/\",\"url\":\"https:\/\/www.gruppoliturgico.com\/es\/producto\/casulla-82\/\",\"name\":\"Casulla - colecci\u00f3n cl\u00e1sica y Laboratorio Gruppo Liturgico\",\"isPartOf\":{\"@id\":\"https:\/\/www.gruppoliturgico.com\/es\/#website\"},\"datePublished\":\"2022-05-20T02:06:21+00:00\",\"dateModified\":\"2022-09-03T08:51:17+00:00\",\"description\":\"En un tejido ligero de pura lana laminado en oro. Casulla de corte medieval con estol\u00f3n central y cuello bordados en tejido dupion tono su tono. El especial tipo de bordado, realizado con varios hilos est\u00e1 enriquecido con estr\u00e1s perlados de dos matices aplicados a mano. La parte que une el cuello con el estol\u00f3n central delante est\u00e1 enriquecida con un estr\u00e1s dorado con piedras del mismo color que la casulla. El gal\u00f3n central se repite en la parte trasera de la casulla. Est\u00e1 disponible en todos los colores Lit\u00fargicos. \\\"\",\"breadcrumb\":{\"@id\":\"https:\/\/www.gruppoliturgico.com\/es\/producto\/casulla-82\/#breadcrumb\"},\"inLanguage\":\"es\",\"potentialAction\":[{\"@type\":\"ReadAction\",\"target\":[\"https:\/\/www.gruppoliturgico.com\/es\/producto\/casulla-82\/\"]}]},{\"@type\":\"BreadcrumbList\",\"@id\":\"https:\/\/www.gruppoliturgico.com\/es\/producto\/casulla-82\/#breadcrumb\",\"itemListElement\":[{\"@type\":\"ListItem\",\"position\":1,\"name\":\"Home\",\"item\":\"https:\/\/www.gruppoliturgico.com\/es\/\"},{\"@type\":\"ListItem\",\"position\":2,\"name\":\"Tienda\",\"item\":\"https:\/\/www.gruppoliturgico.com\/es\/tienda\/\"},{\"@type\":\"ListItem\",\"position\":3,\"name\":\"Casulla\"}]},{\"@type\":\"WebSite\",\"@id\":\"https:\/\/www.gruppoliturgico.com\/es\/#website\",\"url\":\"https:\/\/www.gruppoliturgico.com\/es\/\",\"name\":\"Laboratorio Gruppo Liturgico\",\"description\":\"Articoli Religiosi online\",\"publisher\":{\"@id\":\"https:\/\/www.gruppoliturgico.com\/es\/#organization\"},\"potentialAction\":[{\"@type\":\"SearchAction\",\"target\":{\"@type\":\"EntryPoint\",\"urlTemplate\":\"https:\/\/www.gruppoliturgico.com\/es\/?s={search_term_string}\"},\"query-input\":\"required name=search_term_string\"}],\"inLanguage\":\"es\"},{\"@type\":\"Organization\",\"@id\":\"https:\/\/www.gruppoliturgico.com\/es\/#organization\",\"name\":\"Laboratorio Gruppo Liturgico\",\"url\":\"https:\/\/www.gruppoliturgico.com\/es\/\",\"logo\":{\"@type\":\"ImageObject\",\"inLanguage\":\"es\",\"@id\":\"https:\/\/www.gruppoliturgico.com\/es\/#\/schema\/logo\/image\/\",\"url\":\"https:\/\/www.gruppoliturgico.com\/wp-content\/uploads\/2022\/02\/logo-laboratoriogruppoliturgico.png\",\"contentUrl\":\"https:\/\/www.gruppoliturgico.com\/wp-content\/uploads\/2022\/02\/logo-laboratoriogruppoliturgico.png\",\"width\":400,\"height\":114,\"caption\":\"Laboratorio Gruppo Liturgico\"},\"image\":{\"@id\":\"https:\/\/www.gruppoliturgico.com\/es\/#\/schema\/logo\/image\/\"}}]}<\/script>\n<!-- \/ Yoast SEO plugin. -->","yoast_head_json":{"title":"Casulla - colecci\u00f3n cl\u00e1sica y Laboratorio Gruppo Liturgico","description":"En un tejido ligero de pura lana laminado en oro. Casulla de corte medieval con estol\u00f3n central y cuello bordados en tejido dupion tono su tono. El especial tipo de bordado, realizado con varios hilos est\u00e1 enriquecido con estr\u00e1s perlados de dos matices aplicados a mano. La parte que une el cuello con el estol\u00f3n central delante est\u00e1 enriquecida con un estr\u00e1s dorado con piedras del mismo color que la casulla. El gal\u00f3n central se repite en la parte trasera de la casulla. Est\u00e1 disponible en todos los colores Lit\u00fargicos.  \"","robots":{"index":"index","follow":"follow","max-snippet":"max-snippet:-1","max-image-preview":"max-image-preview:large","max-video-preview":"max-video-preview:-1"},"canonical":"https:\/\/www.gruppoliturgico.com\/es\/producto\/casulla-82\/","og_locale":"es_ES","og_type":"article","og_title":"Casulla - colecci\u00f3n cl\u00e1sica y Laboratorio Gruppo Liturgico","og_description":"En un tejido ligero de pura lana laminado en oro. Casulla de corte medieval con estol\u00f3n central y cuello bordados en tejido dupion tono su tono. El especial tipo de bordado, realizado con varios hilos est\u00e1 enriquecido con estr\u00e1s perlados de dos matices aplicados a mano. La parte que une el cuello con el estol\u00f3n central delante est\u00e1 enriquecida con un estr\u00e1s dorado con piedras del mismo color que la casulla. El gal\u00f3n central se repite en la parte trasera de la casulla. Est\u00e1 disponible en todos los colores Lit\u00fargicos.  \"","og_url":"https:\/\/www.gruppoliturgico.com\/es\/producto\/casulla-82\/","og_site_name":"Laboratorio Gruppo Liturgico","article_modified_time":"2022-09-03T08:51:17+00:00","og_image":[{"width":1477,"height":2000,"url":"https:\/\/www.gruppoliturgico.com\/wp-content\/uploads\/2022\/05\/2700-bianca.jpg","type":"image\/jpeg"}],"twitter_card":"summary_large_image","schema":{"@context":"https:\/\/schema.org","@graph":[{"@type":"WebPage","@id":"https:\/\/www.gruppoliturgico.com\/es\/producto\/casulla-82\/","url":"https:\/\/www.gruppoliturgico.com\/es\/producto\/casulla-82\/","name":"Casulla - colecci\u00f3n cl\u00e1sica y Laboratorio Gruppo Liturgico","isPartOf":{"@id":"https:\/\/www.gruppoliturgico.com\/es\/#website"},"datePublished":"2022-05-20T02:06:21+00:00","dateModified":"2022-09-03T08:51:17+00:00","description":"En un tejido ligero de pura lana laminado en oro. Casulla de corte medieval con estol\u00f3n central y cuello bordados en tejido dupion tono su tono. El especial tipo de bordado, realizado con varios hilos est\u00e1 enriquecido con estr\u00e1s perlados de dos matices aplicados a mano. La parte que une el cuello con el estol\u00f3n central delante est\u00e1 enriquecida con un estr\u00e1s dorado con piedras del mismo color que la casulla. El gal\u00f3n central se repite en la parte trasera de la casulla. Est\u00e1 disponible en todos los colores Lit\u00fargicos. \"","breadcrumb":{"@id":"https:\/\/www.gruppoliturgico.com\/es\/producto\/casulla-82\/#breadcrumb"},"inLanguage":"es","potentialAction":[{"@type":"ReadAction","target":["https:\/\/www.gruppoliturgico.com\/es\/producto\/casulla-82\/"]}]},{"@type":"BreadcrumbList","@id":"https:\/\/www.gruppoliturgico.com\/es\/producto\/casulla-82\/#breadcrumb","itemListElement":[{"@type":"ListItem","position":1,"name":"Home","item":"https:\/\/www.gruppoliturgico.com\/es\/"},{"@type":"ListItem","position":2,"name":"Tienda","item":"https:\/\/www.gruppoliturgico.com\/es\/tienda\/"},{"@type":"ListItem","position":3,"name":"Casulla"}]},{"@type":"WebSite","@id":"https:\/\/www.gruppoliturgico.com\/es\/#website","url":"https:\/\/www.gruppoliturgico.com\/es\/","name":"Laboratorio Gruppo Liturgico","description":"Articoli Religiosi online","publisher":{"@id":"https:\/\/www.gruppoliturgico.com\/es\/#organization"},"potentialAction":[{"@type":"SearchAction","target":{"@type":"EntryPoint","urlTemplate":"https:\/\/www.gruppoliturgico.com\/es\/?s={search_term_string}"},"query-input":"required name=search_term_string"}],"inLanguage":"es"},{"@type":"Organization","@id":"https:\/\/www.gruppoliturgico.com\/es\/#organization","name":"Laboratorio Gruppo Liturgico","url":"https:\/\/www.gruppoliturgico.com\/es\/","logo":{"@type":"ImageObject","inLanguage":"es","@id":"https:\/\/www.gruppoliturgico.com\/es\/#\/schema\/logo\/image\/","url":"https:\/\/www.gruppoliturgico.com\/wp-content\/uploads\/2022\/02\/logo-laboratoriogruppoliturgico.png","contentUrl":"https:\/\/www.gruppoliturgico.com\/wp-content\/uploads\/2022\/02\/logo-laboratoriogruppoliturgico.png","width":400,"height":114,"caption":"Laboratorio Gruppo Liturgico"},"image":{"@id":"https:\/\/www.gruppoliturgico.com\/es\/#\/schema\/logo\/image\/"}}]}},"_links":{"self":[{"href":"https:\/\/www.gruppoliturgico.com\/es\/wp-json\/wp\/v2\/product\/69262"}],"collection":[{"href":"https:\/\/www.gruppoliturgico.com\/es\/wp-json\/wp\/v2\/product"}],"about":[{"href":"https:\/\/www.gruppoliturgico.com\/es\/wp-json\/wp\/v2\/types\/product"}],"wp:featuredmedia":[{"embeddable":true,"href":"https:\/\/www.gruppoliturgico.com\/es\/wp-json\/wp\/v2\/media\/128875"}],"wp:attachment":[{"href":"https:\/\/www.gruppoliturgico.com\/es\/wp-json\/wp\/v2\/media?parent=69262"}],"wp:term":[{"taxonomy":"product_cat","embeddable":true,"href":"https:\/\/www.gruppoliturgico.com\/es\/wp-json\/wp\/v2\/product_cat?post=69262"},{"taxonomy":"product_tag","embeddable":true,"href":"https:\/\/www.gruppoliturgico.com\/es\/wp-json\/wp\/v2\/product_tag?post=69262"}],"curies":[{"name":"wp","href":"https:\/\/api.w.org\/{rel}","templated":true}]}}